{"id":285,"date":"2017-02-14T13:22:12","date_gmt":"2017-02-14T12:22:12","guid":{"rendered":"http:\/\/dresden-nazifrei.com\/?p=285"},"modified":"2022-03-03T19:20:39","modified_gmt":"2022-03-03T18:20:39","slug":"buecherverbrennung-wettiner-platz","status":"publish","type":"page","link":"https:\/\/dresden-nazifrei.com\/kampa\/erinnerungskultur\/mahngang-taeterspuren-2017\/buecherverbrennung-wettiner-platz\/","title":{"rendered":"Station 1 [Haus der Presse]: B\u00fccherverbrennung auf dem Wettiner Platz"},"content":{"rendered":"\n<p>Am 7. M\u00e4rz 1933 wurde die Volksbuchhandlung auf der Gro\u00dfen Mei\u00dfner Stra\u00dfe und am 8. M\u00e4rz 1933 die Redaktionsr\u00e4ume der sozialdemokratischen \u201eDresdner Volkszeitung\u201c gest\u00fcrmt und ger\u00e4umt. Ausf\u00fchrende waren SA-Truppen unter Polizeischutz. Hier, auf dem Wettiner Platz, wurden anschlie\u00dfend B\u00fccher und Schriften \u00f6ffentlich verbrannt. Es war die erste \u00f6ffentliche B\u00fccherverbrennung im nationalsozialistischen Deutschland.<\/p>\n\n\n\n<p>Dieses Ereignis machte sich die rechte Dresdner Studentenschaft zunutze. Am 1. April riefen sie zusammen mit dem NS-Studentenbund dazu auf, allen j\u00fcdischen Menschen den Zutritt zum \u201eStudentenhaus\u201c zu verbieten. Zusammen organisierten sie auch die darauffolgenden reichsweiten B\u00fccherverbrennungen am 10. Mai 1933. Sie erstellten \u201eschwarze Listen\u201c, mit denen B\u00fccher in Bibliotheken zum Verbrennen aussortiert wurden. So fungierten beispielsweise die damalige S\u00e4chsische Landesbibliothek sowie stadtweit weitere Bibliotheken als Anlaufstellen. Es erschien ein Pamphlet mit 12 Thesen in den Dresdner Neuen Nachrichten, im Rundfunk und auf Plakaten. Es rief zu einem \u201eAufkl\u00e4rungsfeldzug wider den undeutschen Geist\u201c auf. Ihre Forderung war es, sogenannte \u201eundeutsche Sprache und Schriften auszumerzen\u201c.<\/p>\n\n\n\n<p>Infolgedessen verbrannten am 10. Mai 1933 an der Bismarcks\u00e4ule in R\u00e4cknitz rechtsorientierte Studierende und Lehrkr\u00e4fte der TH Dresden systematisch Literatur, welche nicht der NS-Ideologie entsprach.<\/p>\n\n\n\n<p>Die Wichtigkeit der Presse zur Beeinflussung der \u00f6ffentlichen Meinung war den Nazis, und insbesondere dem promovierten Germanisten Josef Goebbels, wohl bewusst. Als Reichspropagandaleiter war es ma\u00dfgeblich ihm geschuldet, dass es gelang, die Bev\u00f6lkerung ideologisch zu indoktrinieren, und Kommunisten und Juden auszugrenzen und zu diffamieren. Die stetige, alle \u00f6ffentlichen Kan\u00e4le beherrschende, rassistische, antisemitische und menschenverachtende Propaganda der Nazis sorgte daf\u00fcr, dass viele ihrer schlimmsten Verbrechen \u2013 von der Euthanasie bis zum Holocaust \u2013 von gro\u00dfen Teilen der Bev\u00f6lkerung mindestens ignoriert, geduldet, wenn nicht gar unterst\u00fctzt wurden.<\/p>\n\n\n\n<p>In diesem Zusammenhang tauchte auch der Begriff der \u201eL\u00fcgenpresse\u201c auf. Schon im ersten Weltkrieg als diffamierende Bezeichnung f\u00fcr die alliierte Presse verwendet, wurde er auch im Nationalsozialismus anfangs f\u00fcr die inl\u00e4ndische und j\u00fcdische, sowie sp\u00e4ter, als die inl\u00e4ndische Presse vollst\u00e4ndig gleichgeschaltet war, f\u00fcr die ausl\u00e4ndische Literatur und Presse verwendet.<\/p>\n\n\n\n<p>Dies stellte einen Angriff auf die Deutungs- und Verteilungshoheit von Information und Wissen dar. Aktuell ist der Vorwurf der L\u00fcgenpresse erneut ein Problem. Immer mehr Medienverdrossene radikalisieren sich ideologisch gegen freien Journalismus. Die von den Nazis mit dem Begriff verbundene pauschale Diffamierung der freien Presse ist auch heute wieder erkennbar. Damals zeichnete der Begriff \u201eL\u00fcgenpresse\u201c das Bild einer vom sogenannten Weltjudentum beherrschten \u00f6ffentlichen Meinungsbildung. Heute taucht es in der Verschw\u00f6rungstheorie einer von der Regierung oder pauschal von \u201eden da oben\u201c gelenkten \u201eSystempresse\u201c wieder auf.<\/p>\n\n\n\n<p>Die Kritik wandelt sich immer deutlicher in eine Pauschalisierung der Massenmedien um. Es bleibt keine Zeit f\u00fcr die Er\u00f6rterung von Fakten oder Argumenten \u2013 stattdessen vertraut man seinem eigenen Bauchgef\u00fchl. Ein Pegida-Teilnehmer erz\u00e4hlt im Interview mit dem MDR: \u201eIch bin ja nicht voreingenommen in diesen Dingen, solange es, wie gesagt, der Realit\u00e4t so entspricht, wie man das als B\u00fcrger auch selbst empfindet.\u201c Man ist offen, solange es ins eigene Weltbild passt. Im Vorwurf der \u201eL\u00fcgenpresse\u201c ist der Versuch enthalten, unabh\u00e4ngige Berichterstattung zu desavouieren und auf die gleiche Ebene zu stellen, wie pers\u00f6nliche Befindlichkeiten, Vorurteile oder Stereotypen.<\/p>\n\n\n\n<p>Besonders im Netz wird der Vorwurf der L\u00fcgenpresse verbreitet. Menschen vernetzen sich mit Gleichgesinnten, tauschen Informationen aus, kommentieren, hetzen und radikalisieren sich durch das Verharren in einer Echokammer aus Hass und Propaganda zusehends. Pegida beispielsweise bildet eine Mikro\u00f6ffentlichkeit, in der die eigene Realit\u00e4t \u00fcber Fakten gestellt wird. Es wird auf der B\u00fchne sogar davor gewarnt, mit der Presse zu sprechen. Der abwertende Vorwurf der \u201eL\u00fcgenpresse\u201c und \u201eVolksverr\u00e4ter\u201c sind weitere Merkmale der Argumentationsstruktur von rechts.<\/p>\n\n\n\n<p>In der NS-Zeit trug die nazistische Propaganda dazu bei, die greulichen Verbrechen der Nazis argumentativ vorzubereiten. Heute ist erneut die Radikalisierung der sogenannten gesellschaftlichen Mitte zu beobachten. Die Geschichte mahnt uns: Es muss eine Sensibilisierung f\u00fcr ein mediales und dialogisches Miteinander und eine Aufkl\u00e4rung \u00fcber Information und Wissen stattfinden. Rechter und rechtsspopulistischer Hetze muss Einhalt geboten werden.<\/p>\n","protected":false},"excerpt":{"rendered":"<p>Am 7. M\u00e4rz 1933 wurde die Volksbuchhandlung auf der Gro\u00dfen Mei\u00dfner Stra\u00dfe und am 8. M\u00e4rz 1933 die Redaktionsr\u00e4ume der sozialdemokratischen \u201eDresdner Volkszeitung\u201c gest\u00fcrmt und ger\u00e4umt. Ausf\u00fchrende waren SA-Truppen unter Polizeischutz. Hier, auf dem&#46;&#46;&#46;<\/p>\n","protected":false},"author":1,"featured_media":0,"parent":299,"menu_order":1,"comment_status":"closed","ping_status":"closed","template":"","meta":{"_monsterinsights_skip_tracking":false,"_monsterinsights_sitenote_active":false,"_monsterinsights_sitenote_note":"","_monsterinsights_sitenote_category":0,"footnotes":""},"class_list":["post-285","page","type-page","status-publish","hentry"],"yoast_head":"<!-- This site is optimized with the Yoast SEO plugin v27.2 - https:\/\/yoast.com\/product\/yoast-seo-wordpress\/ -->\n<title>B\u00fccherverbrennung auf dem Wettiner Platz in Dresden - Dresden WiEdersetzen<\/title>\n<meta name=\"robots\" content=\"index, follow, max-snippet:-1, max-image-preview:large, max-video-preview:-1\" \/>\n<link rel=\"canonical\" href=\"https:\/\/dresden-nazifrei.com\/kampa\/erinnerungskultur\/mahngang-taeterspuren-2017\/buecherverbrennung-wettiner-platz\/\" \/>\n<meta property=\"og:locale\" content=\"de_DE\" \/>\n<meta property=\"og:type\" content=\"article\" \/>\n<meta property=\"og:title\" content=\"B\u00fccherverbrennung auf dem Wettiner Platz in Dresden - Dresden WiEdersetzen\" \/>\n<meta property=\"og:description\" content=\"Am 7. M\u00e4rz 1933 wurde die Volksbuchhandlung auf der Gro\u00dfen Mei\u00dfner Stra\u00dfe und am 8. M\u00e4rz 1933 die Redaktionsr\u00e4ume der sozialdemokratischen \u201eDresdner Volkszeitung\u201c gest\u00fcrmt und ger\u00e4umt. Ausf\u00fchrende waren SA-Truppen unter Polizeischutz. Hier, auf dem&#046;&#046;&#046;\" \/>\n<meta property=\"og:url\" content=\"https:\/\/dresden-nazifrei.com\/kampa\/erinnerungskultur\/mahngang-taeterspuren-2017\/buecherverbrennung-wettiner-platz\/\" \/>\n<meta property=\"og:site_name\" content=\"Dresden WiEdersetzen\" \/>\n<meta property=\"article:publisher\" content=\"https:\/\/www.facebook.com\/dresden.stellt.sich.quer\/\" \/>\n<meta property=\"article:modified_time\" content=\"2022-03-03T18:20:39+00:00\" \/>\n<meta property=\"og:image\" content=\"https:\/\/dresden-nazifrei.com\/kampa\/wp-content\/uploads\/2021\/01\/Stadt-FB-Rot.png\" \/>\n\t<meta property=\"og:image:width\" content=\"1600\" \/>\n\t<meta property=\"og:image:height\" content=\"900\" \/>\n\t<meta property=\"og:image:type\" content=\"image\/png\" \/>\n<meta name=\"twitter:card\" content=\"summary_large_image\" \/>\n<meta name=\"twitter:site\" content=\"@dd_nazifrei\" \/>\n<meta name=\"twitter:label1\" content=\"Gesch\u00e4tzte Lesezeit\" \/>\n\t<meta name=\"twitter:data1\" content=\"4\u00a0Minuten\" \/>\n<script type=\"application\/ld+json\" class=\"yoast-schema-graph\">{\"@context\":\"https:\/\/schema.org\",\"@graph\":[{\"@type\":\"WebPage\",\"@id\":\"https:\/\/dresden-nazifrei.com\/kampa\/erinnerungskultur\/mahngang-taeterspuren-2017\/buecherverbrennung-wettiner-platz\/\",\"url\":\"https:\/\/dresden-nazifrei.com\/kampa\/erinnerungskultur\/mahngang-taeterspuren-2017\/buecherverbrennung-wettiner-platz\/\",\"name\":\"B\u00fccherverbrennung auf dem Wettiner Platz in Dresden - Dresden WiEdersetzen\",\"isPartOf\":{\"@id\":\"https:\/\/dresden-nazifrei.com\/kampa\/#website\"},\"datePublished\":\"2017-02-14T12:22:12+00:00\",\"dateModified\":\"2022-03-03T18:20:39+00:00\",\"breadcrumb\":{\"@id\":\"https:\/\/dresden-nazifrei.com\/kampa\/erinnerungskultur\/mahngang-taeterspuren-2017\/buecherverbrennung-wettiner-platz\/#breadcrumb\"},\"inLanguage\":\"de\",\"potentialAction\":[{\"@type\":\"ReadAction\",\"target\":[\"https:\/\/dresden-nazifrei.com\/kampa\/erinnerungskultur\/mahngang-taeterspuren-2017\/buecherverbrennung-wettiner-platz\/\"]}]},{\"@type\":\"BreadcrumbList\",\"@id\":\"https:\/\/dresden-nazifrei.com\/kampa\/erinnerungskultur\/mahngang-taeterspuren-2017\/buecherverbrennung-wettiner-platz\/#breadcrumb\",\"itemListElement\":[{\"@type\":\"ListItem\",\"position\":1,\"name\":\"Startseite\",\"item\":\"https:\/\/dresden-nazifrei.com\/kampa\/\"},{\"@type\":\"ListItem\",\"position\":2,\"name\":\"Erinnerungskultur\",\"item\":\"https:\/\/dresden-nazifrei.com\/kampa\/erinnerungskultur\/\"},{\"@type\":\"ListItem\",\"position\":3,\"name\":\"Mahngang T\u00e4terspuren 2017\",\"item\":\"https:\/\/dresden-nazifrei.com\/kampa\/erinnerungskultur\/mahngang-taeterspuren-2017\/\"},{\"@type\":\"ListItem\",\"position\":4,\"name\":\"Station 1 [Haus der Presse]: B\u00fccherverbrennung auf dem Wettiner Platz\"}]},{\"@type\":\"WebSite\",\"@id\":\"https:\/\/dresden-nazifrei.com\/kampa\/#website\",\"url\":\"https:\/\/dresden-nazifrei.com\/kampa\/\",\"name\":\"Dresden WiEdersetzen\",\"description\":\"Dresden stellt sich quer\",\"publisher\":{\"@id\":\"https:\/\/dresden-nazifrei.com\/kampa\/#organization\"},\"potentialAction\":[{\"@type\":\"SearchAction\",\"target\":{\"@type\":\"EntryPoint\",\"urlTemplate\":\"https:\/\/dresden-nazifrei.com\/kampa\/?s={search_term_string}\"},\"query-input\":{\"@type\":\"PropertyValueSpecification\",\"valueRequired\":true,\"valueName\":\"search_term_string\"}}],\"inLanguage\":\"de\"},{\"@type\":\"Organization\",\"@id\":\"https:\/\/dresden-nazifrei.com\/kampa\/#organization\",\"name\":\"Dresden Nazifrei\",\"url\":\"https:\/\/dresden-nazifrei.com\/kampa\/\",\"logo\":{\"@type\":\"ImageObject\",\"inLanguage\":\"de\",\"@id\":\"https:\/\/dresden-nazifrei.com\/kampa\/#\/schema\/logo\/image\/\",\"url\":\"https:\/\/dresden-nazifrei.com\/kampa\/wp-content\/uploads\/2021\/03\/Logo-Schwarz-Rot.png\",\"contentUrl\":\"https:\/\/dresden-nazifrei.com\/kampa\/wp-content\/uploads\/2021\/03\/Logo-Schwarz-Rot.png\",\"width\":500,\"height\":500,\"caption\":\"Dresden Nazifrei\"},\"image\":{\"@id\":\"https:\/\/dresden-nazifrei.com\/kampa\/#\/schema\/logo\/image\/\"},\"sameAs\":[\"https:\/\/www.facebook.com\/dresden.stellt.sich.quer\/\",\"https:\/\/x.com\/dd_nazifrei\",\"https:\/\/www.instagram.com\/dd_nazifrei\/\",\"https:\/\/www.youtube.com\/channel\/UC2w1_etudyqY1XziVPgba8Q\"]}]}<\/script>\n<!-- \/ Yoast SEO plugin. -->","yoast_head_json":{"title":"B\u00fccherverbrennung auf dem Wettiner Platz in Dresden - Dresden WiEdersetzen","robots":{"index":"index","follow":"follow","max-snippet":"max-snippet:-1","max-image-preview":"max-image-preview:large","max-video-preview":"max-video-preview:-1"},"canonical":"https:\/\/dresden-nazifrei.com\/kampa\/erinnerungskultur\/mahngang-taeterspuren-2017\/buecherverbrennung-wettiner-platz\/","og_locale":"de_DE","og_type":"article","og_title":"B\u00fccherverbrennung auf dem Wettiner Platz in Dresden - Dresden WiEdersetzen","og_description":"Am 7. M\u00e4rz 1933 wurde die Volksbuchhandlung auf der Gro\u00dfen Mei\u00dfner Stra\u00dfe und am 8. M\u00e4rz 1933 die Redaktionsr\u00e4ume der sozialdemokratischen \u201eDresdner Volkszeitung\u201c gest\u00fcrmt und ger\u00e4umt. Ausf\u00fchrende waren SA-Truppen unter Polizeischutz. Hier, auf dem&#46;&#46;&#46;","og_url":"https:\/\/dresden-nazifrei.com\/kampa\/erinnerungskultur\/mahngang-taeterspuren-2017\/buecherverbrennung-wettiner-platz\/","og_site_name":"Dresden WiEdersetzen","article_publisher":"https:\/\/www.facebook.com\/dresden.stellt.sich.quer\/","article_modified_time":"2022-03-03T18:20:39+00:00","og_image":[{"width":1600,"height":900,"url":"https:\/\/dresden-nazifrei.com\/kampa\/wp-content\/uploads\/2021\/01\/Stadt-FB-Rot.png","type":"image\/png"}],"twitter_card":"summary_large_image","twitter_site":"@dd_nazifrei","twitter_misc":{"Gesch\u00e4tzte Lesezeit":"4\u00a0Minuten"},"schema":{"@context":"https:\/\/schema.org","@graph":[{"@type":"WebPage","@id":"https:\/\/dresden-nazifrei.com\/kampa\/erinnerungskultur\/mahngang-taeterspuren-2017\/buecherverbrennung-wettiner-platz\/","url":"https:\/\/dresden-nazifrei.com\/kampa\/erinnerungskultur\/mahngang-taeterspuren-2017\/buecherverbrennung-wettiner-platz\/","name":"B\u00fccherverbrennung auf dem Wettiner Platz in Dresden - Dresden WiEdersetzen","isPartOf":{"@id":"https:\/\/dresden-nazifrei.com\/kampa\/#website"},"datePublished":"2017-02-14T12:22:12+00:00","dateModified":"2022-03-03T18:20:39+00:00","breadcrumb":{"@id":"https:\/\/dresden-nazifrei.com\/kampa\/erinnerungskultur\/mahngang-taeterspuren-2017\/buecherverbrennung-wettiner-platz\/#breadcrumb"},"inLanguage":"de","potentialAction":[{"@type":"ReadAction","target":["https:\/\/dresden-nazifrei.com\/kampa\/erinnerungskultur\/mahngang-taeterspuren-2017\/buecherverbrennung-wettiner-platz\/"]}]},{"@type":"BreadcrumbList","@id":"https:\/\/dresden-nazifrei.com\/kampa\/erinnerungskultur\/mahngang-taeterspuren-2017\/buecherverbrennung-wettiner-platz\/#breadcrumb","itemListElement":[{"@type":"ListItem","position":1,"name":"Startseite","item":"https:\/\/dresden-nazifrei.com\/kampa\/"},{"@type":"ListItem","position":2,"name":"Erinnerungskultur","item":"https:\/\/dresden-nazifrei.com\/kampa\/erinnerungskultur\/"},{"@type":"ListItem","position":3,"name":"Mahngang T\u00e4terspuren 2017","item":"https:\/\/dresden-nazifrei.com\/kampa\/erinnerungskultur\/mahngang-taeterspuren-2017\/"},{"@type":"ListItem","position":4,"name":"Station 1 [Haus der Presse]: B\u00fccherverbrennung auf dem Wettiner Platz"}]},{"@type":"WebSite","@id":"https:\/\/dresden-nazifrei.com\/kampa\/#website","url":"https:\/\/dresden-nazifrei.com\/kampa\/","name":"Dresden WiEdersetzen","description":"Dresden stellt sich quer","publisher":{"@id":"https:\/\/dresden-nazifrei.com\/kampa\/#organization"},"potentialAction":[{"@type":"SearchAction","target":{"@type":"EntryPoint","urlTemplate":"https:\/\/dresden-nazifrei.com\/kampa\/?s={search_term_string}"},"query-input":{"@type":"PropertyValueSpecification","valueRequired":true,"valueName":"search_term_string"}}],"inLanguage":"de"},{"@type":"Organization","@id":"https:\/\/dresden-nazifrei.com\/kampa\/#organization","name":"Dresden Nazifrei","url":"https:\/\/dresden-nazifrei.com\/kampa\/","logo":{"@type":"ImageObject","inLanguage":"de","@id":"https:\/\/dresden-nazifrei.com\/kampa\/#\/schema\/logo\/image\/","url":"https:\/\/dresden-nazifrei.com\/kampa\/wp-content\/uploads\/2021\/03\/Logo-Schwarz-Rot.png","contentUrl":"https:\/\/dresden-nazifrei.com\/kampa\/wp-content\/uploads\/2021\/03\/Logo-Schwarz-Rot.png","width":500,"height":500,"caption":"Dresden Nazifrei"},"image":{"@id":"https:\/\/dresden-nazifrei.com\/kampa\/#\/schema\/logo\/image\/"},"sameAs":["https:\/\/www.facebook.com\/dresden.stellt.sich.quer\/","https:\/\/x.com\/dd_nazifrei","https:\/\/www.instagram.com\/dd_nazifrei\/","https:\/\/www.youtube.com\/channel\/UC2w1_etudyqY1XziVPgba8Q"]}]}},"_links":{"self":[{"href":"https:\/\/dresden-nazifrei.com\/kampa\/wp-json\/wp\/v2\/pages\/285","targetHints":{"allow":["GET"]}}],"collection":[{"href":"https:\/\/dresden-nazifrei.com\/kampa\/wp-json\/wp\/v2\/pages"}],"about":[{"href":"https:\/\/dresden-nazifrei.com\/kampa\/wp-json\/wp\/v2\/types\/page"}],"author":[{"embeddable":true,"href":"https:\/\/dresden-nazifrei.com\/kampa\/wp-json\/wp\/v2\/users\/1"}],"replies":[{"embeddable":true,"href":"https:\/\/dresden-nazifrei.com\/kampa\/wp-json\/wp\/v2\/comments?post=285"}],"version-history":[{"count":5,"href":"https:\/\/dresden-nazifrei.com\/kampa\/wp-json\/wp\/v2\/pages\/285\/revisions"}],"predecessor-version":[{"id":8458,"href":"https:\/\/dresden-nazifrei.com\/kampa\/wp-json\/wp\/v2\/pages\/285\/revisions\/8458"}],"up":[{"embeddable":true,"href":"https:\/\/dresden-nazifrei.com\/kampa\/wp-json\/wp\/v2\/pages\/299"}],"wp:attachment":[{"href":"https:\/\/dresden-nazifrei.com\/kampa\/wp-json\/wp\/v2\/media?parent=285"}],"curies":[{"name":"wp","href":"https:\/\/api.w.org\/{rel}","templated":true}]}}