{"id":287,"date":"2017-02-14T13:25:28","date_gmt":"2017-02-14T12:25:28","guid":{"rendered":"http:\/\/dresden-nazifrei.com\/?p=287"},"modified":"2022-03-03T19:20:20","modified_gmt":"2022-03-03T18:20:20","slug":"theaterstrasse-gesundheitspolizei","status":"publish","type":"page","link":"https:\/\/dresden-nazifrei.com\/kampa\/erinnerungskultur\/mahngang-taeterspuren-2017\/theaterstrasse-gesundheitspolizei\/","title":{"rendered":"Station 2 [Theaterstra\u00dfe]: Gesundheitsbeh\u00f6rde und Gesundheitspolizei"},"content":{"rendered":"\n<p>An dieser Stelle befanden sich im st\u00e4dtischen Geb\u00e4ude Theaterstra\u00dfe die Gesundheitspolizei der Stadt Dresden, die Gesundheitsbeh\u00f6rde und die Abteilung Erb- und Rassenpflege. Hier wurde \u00fcber die Ehetauglichkeit eines angehenden Paares entschieden.<\/p>\n\n\n\n<p>Im nationalsozialistischen Deutschland durften nach dem Ehegesundheitsgesetz Ehen nicht geschlossen werden, wenn einer der Verlobten \u201ean einer mit Ansteckungsgefahr verbundenen Krankheit oder an eine geistigen St\u00f6rung litt oder eine Erbkrankheit im Sinne des Gesetzes zur Verh\u00fctung erbkranken Nachwuchses vorlag.\u201c Eine Ehe sollte f\u00fcr die Volksgemeinschaft w\u00fcnschenswert sein, ansonsten hatte sie keine Berechtigung. Das Gesetz zur Verh\u00fctung erbkranken Nachwuchses vom 14.Juli 1933 schloss dabei neben Schizophrenie, sogenannten \u201eangeboren Schwachsinn\u201c und bipolaren St\u00f6rungen auch Epilepsie, die Huntington-Krankheit, erbliche Blind- und Taubheit sowie k\u00f6rperliche Missbildungen ein. Das Gesetz lieferte die juristische Grundlage f\u00fcr die Zwangssterilisation von etwa 400.000 M\u00e4nner und Frauen mit vermeintlichen erblichen Krankheiten. Dabei kamen 6.000 Menschen zu Tode.<\/p>\n\n\n\n<p>Begleitet wurde die Einf\u00fchrung des Gesetzes von der Gleichschaltung der deutschen \u00c4rzteschaft. Mit Hilfe des Gesetzes zur Wiederherstellung des Berufsbeamtentums wurden an wichtigen Stellen besonders linientreue und mit der Rassenhygiene besonders vertraute \u00c4rzte eingesetzt.<\/p>\n\n\n\n<p>Heinrich Eufinger, seit 1933 Mitglied der SA und NSDAP, ab 1935 auch in der SS, war einer dieser \u00c4rzte. Ein Arzt, der von den rassenhygienischen Theorien des Nationalsozialismus \u00fcberzeugt war und diese mit gestaltete und ausf\u00fchrte. Im Laufe seiner Karriere stieg er bis zum SS-Obersturmbannf\u00fchrer auf, erhielt mehrere Auszeichnungen und trug diese mit Stolz zur Schau.<\/p>\n\n\n\n<p>Zwischen 1937 und 1945 war Eufinger Chefarzt in der gyn\u00e4kologischen Abteilung des Friedrichst\u00e4dter Krankhauses. Dieses geh\u00f6rte ab 1933 zu den ersten Kliniken in Dresden, die die Berechtigung zur Zwangssterilisation f\u00fcr Frauen erhielten. Unter der Leitung Eufingers wurden insgesamt 708 Frauen zwangssterilisiert. Obwohl die Unterlagen unvollst\u00e4ndigen sind, lag Dresden in Ausma\u00df und Anzahl immer mit an der Spitze bei der Durchf\u00fchrung der Zwangssterilisationen im Reichsgebiet.<\/p>\n\n\n\n<p>Bis zum Ende des Krieges blieb Eufinger Chefarzt in der Frauenklinik Friedrichstadt und ist somit Hauptverantwortlicher der dort stattgefundenen Zwangsterilisationen. Aufgrund seiner SS-Zugeh\u00f6rigkeit kam er von November 1945 bis 1948 in Internierungshaft ins Lager M\u00fchlberg, etwa 25km n\u00f6rdlich von Riesa. Dort erhielt er den Posten des Hauptarztes. Durch sein \u00e4rztliches K\u00f6nnen genoss er hohes Ansehen bei den Besatzer*innen, was ihn sp\u00e4ter vor einer Verurteilung als Naziverbrecher sch\u00fctzte. So konnte er sp\u00e4ter unbehelligt in seiner Villa auf der Wiener Stra\u00dfe weiterleben und seine Karriere als angesehener Arzt wieder aufnehmen. Eufinger erhielt 1953 die Auszeichnung zum \u201eVerdienten Arzt des Volkes\u201c, trotz seiner NSDAP, SA und SS Mitgliedschaft sowie die Verantwortung \u00fcber die Zwangssterilisation von 700 Frauen in Dresden.<\/p>\n\n\n\n<p>Als seine Ernennung zum au\u00dferplanm\u00e4\u00dfigen Professor an der Medizinischen Akademie Dresden scheiterte, siedelte die Familie Eufinger 1956 nach Wilhelmshaven \u00fcber. Am 1. Januar 1957 wurde Eufinger Chefarzt der Frauenklinik Sanderbusch bei Oldenburg. Bis zu seinem Tod im Jahr 1988 war Eufinger ein angesehener Arzt, der sich nie f\u00fcr seine Verbrechen verantworten musste.<\/p>\n\n\n\n<p>Auch andere wichtige Protagonist*innen der sogenannten Rassenhygiene mussten sich nie f\u00fcr ihre Verbrechen verantworten. So auch der ranghohe s\u00e4chsische Ministerialbeamte und somit ma\u00dfgebliche Organisator der nationalsozialistischen Krankenmorde Alfred Fernholz. Dieser trieb die Ausgrenzung und Ermordung von als lebensunwert stigmatisierte Psychatriepatient*innen und Menschen mit Behinderung zwischen 1939 und 1945 ideologisch und organisatorisch voran. Dabei trug er ma\u00dfgeblich zur Ermordung von 700 Dresdner B\u00fcrger*innen bei, die ihr Leben verloren, weil sie psychisch krank oder behindert waren. Er war ma\u00dfgeblich an der Aktion T4 beteiligt, so versuchte seine Abteilung die Gas-Morde an Psychiatriepatient*innen zu bef\u00f6rdern in dem die Todestransporte zum Sonnenstein in Pirna intensiviert werden sollten. Nach der Einstellung der Gasmorde im August 1941 bef\u00f6rderte er und leitende Mitarbeiter seiner Abteilung, die Fortf\u00fchrung mit anderen Mitteln. So wurden die Krankenmorde ab diesen Zeitpunkt durch Medikamente und systematischem Nahrungsentzug weitergef\u00fchrt.<\/p>\n\n\n\n<p>Insgesamt wurden in der Zeit von 1939-1945 in Deutschland 200.000 wehrlose Menschen, durch die \u201eAktion-T4\u201c umgebracht. Ihre Leben wurden als \u201elebensunwert\u201c bezeichnet, ihre Ermordung nannte man \u201eEuthanasie\u201c. Die T\u00e4ter*innen waren Wissenschaftler*innen, \u00c4rzte, Pfleger*innen und Angeh\u00f6rige der Polizei. Die Opfer waren hilfebed\u00fcrftig, arm, verzweifelt oder aufs\u00e4ssig. Verwaltungsangestellte befanden \u00fcber die Daseinsberechtigung von Menschen.<\/p>\n\n\n\n<p>Die Zahl der Opfer ist gro\u00df, gering die Zahl der verurteilten T\u00e4ter.<\/p>\n\n\n\n<p>Umso wichtiger ist es, an die oftmals vergessenen Opfer zu erinnern, die Orte der Verbrechen offenzulegen und sozialdarwinistische und sozialchauvinistischste Ideen in der Gegenwart zu bek\u00e4mpfen.<\/p>\n","protected":false},"excerpt":{"rendered":"<p>An dieser Stelle befanden sich im st\u00e4dtischen Geb\u00e4ude Theaterstra\u00dfe die Gesundheitspolizei der Stadt Dresden, die Gesundheitsbeh\u00f6rde und die Abteilung Erb- und Rassenpflege. Hier wurde \u00fcber die Ehetauglichkeit eines angehenden Paares entschieden. Im nationalsozialistischen Deutschland&#46;&#46;&#46;<\/p>\n","protected":false},"author":1,"featured_media":0,"parent":299,"menu_order":2,"comment_status":"closed","ping_status":"closed","template":"","meta":{"_monsterinsights_skip_tracking":false,"_monsterinsights_sitenote_active":false,"_monsterinsights_sitenote_note":"","_monsterinsights_sitenote_category":0,"footnotes":""},"class_list":["post-287","page","type-page","status-publish","hentry"],"yoast_head":"<!-- This site is optimized with the Yoast SEO plugin v27.2 - https:\/\/yoast.com\/product\/yoast-seo-wordpress\/ -->\n<title>Station 2 [Theaterstra\u00dfe]: Gesundheitsbeh\u00f6rde und Gesundheitspolizei - Dresden WiEdersetzen<\/title>\n<meta name=\"robots\" content=\"index, follow, max-snippet:-1, max-image-preview:large, max-video-preview:-1\" \/>\n<link rel=\"canonical\" href=\"https:\/\/dresden-nazifrei.com\/kampa\/erinnerungskultur\/mahngang-taeterspuren-2017\/theaterstrasse-gesundheitspolizei\/\" \/>\n<meta property=\"og:locale\" content=\"de_DE\" \/>\n<meta property=\"og:type\" content=\"article\" \/>\n<meta property=\"og:title\" content=\"Station 2 [Theaterstra\u00dfe]: Gesundheitsbeh\u00f6rde und Gesundheitspolizei - Dresden WiEdersetzen\" \/>\n<meta property=\"og:description\" content=\"An dieser Stelle befanden sich im st\u00e4dtischen Geb\u00e4ude Theaterstra\u00dfe die Gesundheitspolizei der Stadt Dresden, die Gesundheitsbeh\u00f6rde und die Abteilung Erb- und Rassenpflege. Hier wurde \u00fcber die Ehetauglichkeit eines angehenden Paares entschieden. Im nationalsozialistischen Deutschland&#046;&#046;&#046;\" \/>\n<meta property=\"og:url\" content=\"https:\/\/dresden-nazifrei.com\/kampa\/erinnerungskultur\/mahngang-taeterspuren-2017\/theaterstrasse-gesundheitspolizei\/\" \/>\n<meta property=\"og:site_name\" content=\"Dresden WiEdersetzen\" \/>\n<meta property=\"article:publisher\" content=\"https:\/\/www.facebook.com\/dresden.stellt.sich.quer\/\" \/>\n<meta property=\"article:modified_time\" content=\"2022-03-03T18:20:20+00:00\" \/>\n<meta property=\"og:image\" content=\"https:\/\/dresden-nazifrei.com\/kampa\/wp-content\/uploads\/2021\/01\/Stadt-FB-Rot.png\" \/>\n\t<meta property=\"og:image:width\" content=\"1600\" \/>\n\t<meta property=\"og:image:height\" content=\"900\" \/>\n\t<meta property=\"og:image:type\" content=\"image\/png\" \/>\n<meta name=\"twitter:card\" content=\"summary_large_image\" \/>\n<meta name=\"twitter:site\" content=\"@dd_nazifrei\" \/>\n<meta name=\"twitter:label1\" content=\"Gesch\u00e4tzte Lesezeit\" \/>\n\t<meta name=\"twitter:data1\" content=\"4\u00a0Minuten\" \/>\n<script type=\"application\/ld+json\" class=\"yoast-schema-graph\">{\"@context\":\"https:\/\/schema.org\",\"@graph\":[{\"@type\":\"WebPage\",\"@id\":\"https:\/\/dresden-nazifrei.com\/kampa\/erinnerungskultur\/mahngang-taeterspuren-2017\/theaterstrasse-gesundheitspolizei\/\",\"url\":\"https:\/\/dresden-nazifrei.com\/kampa\/erinnerungskultur\/mahngang-taeterspuren-2017\/theaterstrasse-gesundheitspolizei\/\",\"name\":\"Station 2 [Theaterstra\u00dfe]: Gesundheitsbeh\u00f6rde und Gesundheitspolizei - Dresden WiEdersetzen\",\"isPartOf\":{\"@id\":\"https:\/\/dresden-nazifrei.com\/kampa\/#website\"},\"datePublished\":\"2017-02-14T12:25:28+00:00\",\"dateModified\":\"2022-03-03T18:20:20+00:00\",\"breadcrumb\":{\"@id\":\"https:\/\/dresden-nazifrei.com\/kampa\/erinnerungskultur\/mahngang-taeterspuren-2017\/theaterstrasse-gesundheitspolizei\/#breadcrumb\"},\"inLanguage\":\"de\",\"potentialAction\":[{\"@type\":\"ReadAction\",\"target\":[\"https:\/\/dresden-nazifrei.com\/kampa\/erinnerungskultur\/mahngang-taeterspuren-2017\/theaterstrasse-gesundheitspolizei\/\"]}]},{\"@type\":\"BreadcrumbList\",\"@id\":\"https:\/\/dresden-nazifrei.com\/kampa\/erinnerungskultur\/mahngang-taeterspuren-2017\/theaterstrasse-gesundheitspolizei\/#breadcrumb\",\"itemListElement\":[{\"@type\":\"ListItem\",\"position\":1,\"name\":\"Startseite\",\"item\":\"https:\/\/dresden-nazifrei.com\/kampa\/\"},{\"@type\":\"ListItem\",\"position\":2,\"name\":\"Erinnerungskultur\",\"item\":\"https:\/\/dresden-nazifrei.com\/kampa\/erinnerungskultur\/\"},{\"@type\":\"ListItem\",\"position\":3,\"name\":\"Mahngang T\u00e4terspuren 2017\",\"item\":\"https:\/\/dresden-nazifrei.com\/kampa\/erinnerungskultur\/mahngang-taeterspuren-2017\/\"},{\"@type\":\"ListItem\",\"position\":4,\"name\":\"Station 2 [Theaterstra\u00dfe]: Gesundheitsbeh\u00f6rde und Gesundheitspolizei\"}]},{\"@type\":\"WebSite\",\"@id\":\"https:\/\/dresden-nazifrei.com\/kampa\/#website\",\"url\":\"https:\/\/dresden-nazifrei.com\/kampa\/\",\"name\":\"Dresden WiEdersetzen\",\"description\":\"Dresden stellt sich quer\",\"publisher\":{\"@id\":\"https:\/\/dresden-nazifrei.com\/kampa\/#organization\"},\"potentialAction\":[{\"@type\":\"SearchAction\",\"target\":{\"@type\":\"EntryPoint\",\"urlTemplate\":\"https:\/\/dresden-nazifrei.com\/kampa\/?s={search_term_string}\"},\"query-input\":{\"@type\":\"PropertyValueSpecification\",\"valueRequired\":true,\"valueName\":\"search_term_string\"}}],\"inLanguage\":\"de\"},{\"@type\":\"Organization\",\"@id\":\"https:\/\/dresden-nazifrei.com\/kampa\/#organization\",\"name\":\"Dresden Nazifrei\",\"url\":\"https:\/\/dresden-nazifrei.com\/kampa\/\",\"logo\":{\"@type\":\"ImageObject\",\"inLanguage\":\"de\",\"@id\":\"https:\/\/dresden-nazifrei.com\/kampa\/#\/schema\/logo\/image\/\",\"url\":\"https:\/\/dresden-nazifrei.com\/kampa\/wp-content\/uploads\/2021\/03\/Logo-Schwarz-Rot.png\",\"contentUrl\":\"https:\/\/dresden-nazifrei.com\/kampa\/wp-content\/uploads\/2021\/03\/Logo-Schwarz-Rot.png\",\"width\":500,\"height\":500,\"caption\":\"Dresden Nazifrei\"},\"image\":{\"@id\":\"https:\/\/dresden-nazifrei.com\/kampa\/#\/schema\/logo\/image\/\"},\"sameAs\":[\"https:\/\/www.facebook.com\/dresden.stellt.sich.quer\/\",\"https:\/\/x.com\/dd_nazifrei\",\"https:\/\/www.instagram.com\/dd_nazifrei\/\",\"https:\/\/www.youtube.com\/channel\/UC2w1_etudyqY1XziVPgba8Q\"]}]}<\/script>\n<!-- \/ Yoast SEO plugin. -->","yoast_head_json":{"title":"Station 2 [Theaterstra\u00dfe]: Gesundheitsbeh\u00f6rde und Gesundheitspolizei - Dresden WiEdersetzen","robots":{"index":"index","follow":"follow","max-snippet":"max-snippet:-1","max-image-preview":"max-image-preview:large","max-video-preview":"max-video-preview:-1"},"canonical":"https:\/\/dresden-nazifrei.com\/kampa\/erinnerungskultur\/mahngang-taeterspuren-2017\/theaterstrasse-gesundheitspolizei\/","og_locale":"de_DE","og_type":"article","og_title":"Station 2 [Theaterstra\u00dfe]: Gesundheitsbeh\u00f6rde und Gesundheitspolizei - Dresden WiEdersetzen","og_description":"An dieser Stelle befanden sich im st\u00e4dtischen Geb\u00e4ude Theaterstra\u00dfe die Gesundheitspolizei der Stadt Dresden, die Gesundheitsbeh\u00f6rde und die Abteilung Erb- und Rassenpflege. Hier wurde \u00fcber die Ehetauglichkeit eines angehenden Paares entschieden. Im nationalsozialistischen Deutschland&#46;&#46;&#46;","og_url":"https:\/\/dresden-nazifrei.com\/kampa\/erinnerungskultur\/mahngang-taeterspuren-2017\/theaterstrasse-gesundheitspolizei\/","og_site_name":"Dresden WiEdersetzen","article_publisher":"https:\/\/www.facebook.com\/dresden.stellt.sich.quer\/","article_modified_time":"2022-03-03T18:20:20+00:00","og_image":[{"width":1600,"height":900,"url":"https:\/\/dresden-nazifrei.com\/kampa\/wp-content\/uploads\/2021\/01\/Stadt-FB-Rot.png","type":"image\/png"}],"twitter_card":"summary_large_image","twitter_site":"@dd_nazifrei","twitter_misc":{"Gesch\u00e4tzte Lesezeit":"4\u00a0Minuten"},"schema":{"@context":"https:\/\/schema.org","@graph":[{"@type":"WebPage","@id":"https:\/\/dresden-nazifrei.com\/kampa\/erinnerungskultur\/mahngang-taeterspuren-2017\/theaterstrasse-gesundheitspolizei\/","url":"https:\/\/dresden-nazifrei.com\/kampa\/erinnerungskultur\/mahngang-taeterspuren-2017\/theaterstrasse-gesundheitspolizei\/","name":"Station 2 [Theaterstra\u00dfe]: Gesundheitsbeh\u00f6rde und Gesundheitspolizei - Dresden WiEdersetzen","isPartOf":{"@id":"https:\/\/dresden-nazifrei.com\/kampa\/#website"},"datePublished":"2017-02-14T12:25:28+00:00","dateModified":"2022-03-03T18:20:20+00:00","breadcrumb":{"@id":"https:\/\/dresden-nazifrei.com\/kampa\/erinnerungskultur\/mahngang-taeterspuren-2017\/theaterstrasse-gesundheitspolizei\/#breadcrumb"},"inLanguage":"de","potentialAction":[{"@type":"ReadAction","target":["https:\/\/dresden-nazifrei.com\/kampa\/erinnerungskultur\/mahngang-taeterspuren-2017\/theaterstrasse-gesundheitspolizei\/"]}]},{"@type":"BreadcrumbList","@id":"https:\/\/dresden-nazifrei.com\/kampa\/erinnerungskultur\/mahngang-taeterspuren-2017\/theaterstrasse-gesundheitspolizei\/#breadcrumb","itemListElement":[{"@type":"ListItem","position":1,"name":"Startseite","item":"https:\/\/dresden-nazifrei.com\/kampa\/"},{"@type":"ListItem","position":2,"name":"Erinnerungskultur","item":"https:\/\/dresden-nazifrei.com\/kampa\/erinnerungskultur\/"},{"@type":"ListItem","position":3,"name":"Mahngang T\u00e4terspuren 2017","item":"https:\/\/dresden-nazifrei.com\/kampa\/erinnerungskultur\/mahngang-taeterspuren-2017\/"},{"@type":"ListItem","position":4,"name":"Station 2 [Theaterstra\u00dfe]: Gesundheitsbeh\u00f6rde und Gesundheitspolizei"}]},{"@type":"WebSite","@id":"https:\/\/dresden-nazifrei.com\/kampa\/#website","url":"https:\/\/dresden-nazifrei.com\/kampa\/","name":"Dresden WiEdersetzen","description":"Dresden stellt sich quer","publisher":{"@id":"https:\/\/dresden-nazifrei.com\/kampa\/#organization"},"potentialAction":[{"@type":"SearchAction","target":{"@type":"EntryPoint","urlTemplate":"https:\/\/dresden-nazifrei.com\/kampa\/?s={search_term_string}"},"query-input":{"@type":"PropertyValueSpecification","valueRequired":true,"valueName":"search_term_string"}}],"inLanguage":"de"},{"@type":"Organization","@id":"https:\/\/dresden-nazifrei.com\/kampa\/#organization","name":"Dresden Nazifrei","url":"https:\/\/dresden-nazifrei.com\/kampa\/","logo":{"@type":"ImageObject","inLanguage":"de","@id":"https:\/\/dresden-nazifrei.com\/kampa\/#\/schema\/logo\/image\/","url":"https:\/\/dresden-nazifrei.com\/kampa\/wp-content\/uploads\/2021\/03\/Logo-Schwarz-Rot.png","contentUrl":"https:\/\/dresden-nazifrei.com\/kampa\/wp-content\/uploads\/2021\/03\/Logo-Schwarz-Rot.png","width":500,"height":500,"caption":"Dresden Nazifrei"},"image":{"@id":"https:\/\/dresden-nazifrei.com\/kampa\/#\/schema\/logo\/image\/"},"sameAs":["https:\/\/www.facebook.com\/dresden.stellt.sich.quer\/","https:\/\/x.com\/dd_nazifrei","https:\/\/www.instagram.com\/dd_nazifrei\/","https:\/\/www.youtube.com\/channel\/UC2w1_etudyqY1XziVPgba8Q"]}]}},"_links":{"self":[{"href":"https:\/\/dresden-nazifrei.com\/kampa\/wp-json\/wp\/v2\/pages\/287","targetHints":{"allow":["GET"]}}],"collection":[{"href":"https:\/\/dresden-nazifrei.com\/kampa\/wp-json\/wp\/v2\/pages"}],"about":[{"href":"https:\/\/dresden-nazifrei.com\/kampa\/wp-json\/wp\/v2\/types\/page"}],"author":[{"embeddable":true,"href":"https:\/\/dresden-nazifrei.com\/kampa\/wp-json\/wp\/v2\/users\/1"}],"replies":[{"embeddable":true,"href":"https:\/\/dresden-nazifrei.com\/kampa\/wp-json\/wp\/v2\/comments?post=287"}],"version-history":[{"count":5,"href":"https:\/\/dresden-nazifrei.com\/kampa\/wp-json\/wp\/v2\/pages\/287\/revisions"}],"predecessor-version":[{"id":8457,"href":"https:\/\/dresden-nazifrei.com\/kampa\/wp-json\/wp\/v2\/pages\/287\/revisions\/8457"}],"up":[{"embeddable":true,"href":"https:\/\/dresden-nazifrei.com\/kampa\/wp-json\/wp\/v2\/pages\/299"}],"wp:attachment":[{"href":"https:\/\/dresden-nazifrei.com\/kampa\/wp-json\/wp\/v2\/media?parent=287"}],"curies":[{"name":"wp","href":"https:\/\/api.w.org\/{rel}","templated":true}]}}