{"id":289,"date":"2017-02-14T13:25:15","date_gmt":"2017-02-14T12:25:15","guid":{"rendered":"http:\/\/dresden-nazifrei.com\/?p=289"},"modified":"2022-03-03T19:21:22","modified_gmt":"2022-03-03T18:21:22","slug":"der-theaterplatz","status":"publish","type":"page","link":"https:\/\/dresden-nazifrei.com\/kampa\/erinnerungskultur\/mahngang-taeterspuren-2017\/der-theaterplatz\/","title":{"rendered":"Station 3 [Sophienstra\u00dfe\/Ecke Taschenberg]:\u00a0Der Theaterplatz"},"content":{"rendered":"\n<p>Unter den Fotos, die aus Dresden 1933 bis 1945 \u00fcberliefert sind, befindet sich auch ein Luftbild des Adolf-Hitler-Platzes, dem heutigen Theaterplatz. Aufgenommen wurde es am 1. Mai 1933, dem ersten \u201eTag der nationalen Arbeit\u201c. Der Fotograf befand sich etwa \u00fcber der Hofkirche, wahrscheinlich in einem Zeppelin. Er richtete das Objektiv auf die Semperoper.<\/p>\n\n\n\n<p>Der 1. Mai 1933 war \u2013 ein Montag. Der Platz war brechend voller Menschen, die Zeitung der s\u00e4chsischen NSDAP \u201cDer Freiheitskampf\u201c schrieb von 100 000 Teilnehmer*innen. Am Portal der Semperoper war eine gro\u00dfe Hakenkreuzfahne befestigt. N\u00f6rdlich des Operngeb\u00e4udes standen Polizei und Sanit\u00e4tswagen bereit. Das war nur eine von drei gro\u00dfen Kundgebungen in Dresden an diesem Tag, sp\u00e4ter versammelten sich die Massen auch auf der Vogelwiese an der Elbe und auf der Illgen-Kampfbahn in der N\u00e4he des heutigen Dynamostadions. Obwohl die Aufm\u00e4rsche dort noch weit gr\u00f6\u00dfer waren, blieb besonders das Bild des Theaterplatzes im kollektiven Ged\u00e4chtnis und der Platz in den folgenden 80 Jahren von hohem Symbolwert.<\/p>\n\n\n\n<p>Anhand des Fotos und der Zeitungen vom 1. Mai 1933 erfahren wir, wer die Teilnehmer der Kundgebung auf dem Theaterplatz waren. Ganz \u00fcberwiegend standen hier M\u00e4nner, denn Frauen waren auf die Nachmittagsveranstaltungen verwiesen worden, da sie, so hie\u00df es, \u201e\u00fcberfordert\u201c seien. In der N\u00e4he des Italienischen D\u00f6rfchens und auch auf der Zwingerseite zeigt das Bild milit\u00e4risch aufgestellte Reihen. Die Dresdner Neuesten Nachrichten druckte die Stellpl\u00e4ne ab, daher wissen wir: hier standen SA, SS, Polizei und Stahlhelm.<\/p>\n\n\n\n<p>Von der Stelle, an der wir hier stehen, marschierten Sportverb\u00e4nde und Handwerker-Innungen auf den Platz. In der Gegend der Hofkirche, um die Gr\u00fcnanlagen des Zwingers sowie am Rand beim Italienischen D\u00f6rfchen dr\u00e4ngten sich die Schaulustigen.<\/p>\n\n\n\n<p>In der Mitte des Platzes befindet sich auf dem Foto eine weitere gro\u00dfe Menschenmenge. Dieser Raum war den Nationalsozialistischen Betriebszellenorganisationen zugeteilt, der nationalsozialistischen Konkurrenz zu den Gewerkschaften. Ihre Mitgliederzahl reichte bei weitem nicht aus, um ihn zu f\u00fcllen. Die Journalisten der Dresdner Neuesten Nachrichten berichteten im Nachhinein, dass ganze Belegschaften von Betrieben geschlossen an der Kundgebung teilnahmen.<\/p>\n\n\n\n<p>Auch der Bundesausschuss des Allgemeinen Deutschen Gewerkschaftsbundes rief zur Teilnahme an den Aufm\u00e4rschen am 1. Mai 1933 auf. Ebenso die christlichen Gewerkschaften, die bis dahin den traditionell marxistisch orientierten Maifeiertag nicht begangen hatten. Die Leitungen der Gewerkschaften versprachen sich von der Regierung Hitler, ebenso wie viele Lohnabh\u00e4ngige, in erster Linie ein Programm gegen die Arbeitslosigkeit. Anpassung sollte ein Weiterbestehen der Gewerkschaftsbewegung erm\u00f6glichen. Diese Hoffnung wurde schon am Tag darauf mit der Besetzung der Gewerkschaftsh\u00e4user \u2013 u.a. am Sch\u00fctzenplatz \u2013 zerschlagen.<\/p>\n\n\n\n<p>Wozu dieser Aufwand? Der Historiker R\u00fcdiger Hachtmann bewertete den 1. Mai 1933 vor einigen Jahren so: <em>\u201eRepressionen allein reichen nicht aus, um \u00fcber einen l\u00e4ngeren Zeitraum ein neues Regime zu etablieren. Es braucht Anreizsysteme, Integration, positive Identifikationspunkte. Hitler war sich des suggestiven und psychologisch vergemeinschaftenden Charakters solcher Massenkundgebungen bewusst. Die Inszenierung \u2026 hatte damit eine Doppelfunktion: Sie sch\u00fcchterte zum einen ein, das hei\u00dft, sie symbolisierte die Macht und die Gr\u00f6\u00dfe der NS-Bewegung. Zum anderen kam der integrierend wirkende Mechanismus zum Tragen, sich pl\u00f6tzlich innerhalb der Massen selbst stark zu f\u00fchlen. Dadurch gewannen vermutlich auch die neuen NS-Ideen an Attraktivit\u00e4t, insbesondere der Radikalnationalismus der Nazis.\u201c<\/em><\/p>\n\n\n\n<p>Die Dresdner Neuesten Nachrichten berichteten am 1. Mai 1933 weiterhin von Sondersendungen des Rundfunks \u00fcber den ganzen Tag.\u2026&nbsp; \u00dcber 300 politische Gefangene sa\u00dfen im Gef\u00e4ngnis Mathildenstra\u00dfe. \u2026 Der Theaterplatz wurde umbenannt in Adolf-Hitler-Platz. \u2026 Die Stimmung an der B\u00f6rse blieb zuversichtlich.<\/p>\n","protected":false},"excerpt":{"rendered":"<p>Unter den Fotos, die aus Dresden 1933 bis 1945 \u00fcberliefert sind, befindet sich auch ein Luftbild des Adolf-Hitler-Platzes, dem heutigen Theaterplatz. Aufgenommen wurde es am 1. Mai 1933, dem ersten \u201eTag der nationalen Arbeit\u201c.&#46;&#46;&#46;<\/p>\n","protected":false},"author":1,"featured_media":0,"parent":299,"menu_order":3,"comment_status":"closed","ping_status":"closed","template":"","meta":{"_monsterinsights_skip_tracking":false,"_monsterinsights_sitenote_active":false,"_monsterinsights_sitenote_note":"","_monsterinsights_sitenote_category":0,"footnotes":""},"class_list":["post-289","page","type-page","status-publish","hentry"],"yoast_head":"<!-- This site is optimized with the Yoast SEO plugin v27.2 - https:\/\/yoast.com\/product\/yoast-seo-wordpress\/ -->\n<title>Station 3 [Sophienstra\u00dfe\/Ecke Taschenberg]:\u00a0Der Theaterplatz - Dresden WiEdersetzen<\/title>\n<meta name=\"robots\" content=\"index, follow, max-snippet:-1, max-image-preview:large, max-video-preview:-1\" \/>\n<link rel=\"canonical\" href=\"https:\/\/dresden-nazifrei.com\/kampa\/erinnerungskultur\/mahngang-taeterspuren-2017\/der-theaterplatz\/\" \/>\n<meta property=\"og:locale\" content=\"de_DE\" \/>\n<meta property=\"og:type\" content=\"article\" \/>\n<meta property=\"og:title\" content=\"Station 3 [Sophienstra\u00dfe\/Ecke Taschenberg]:\u00a0Der Theaterplatz - Dresden WiEdersetzen\" \/>\n<meta property=\"og:description\" content=\"Unter den Fotos, die aus Dresden 1933 bis 1945 \u00fcberliefert sind, befindet sich auch ein Luftbild des Adolf-Hitler-Platzes, dem heutigen Theaterplatz. Aufgenommen wurde es am 1. Mai 1933, dem ersten \u201eTag der nationalen Arbeit\u201c.&#046;&#046;&#046;\" \/>\n<meta property=\"og:url\" content=\"https:\/\/dresden-nazifrei.com\/kampa\/erinnerungskultur\/mahngang-taeterspuren-2017\/der-theaterplatz\/\" \/>\n<meta property=\"og:site_name\" content=\"Dresden WiEdersetzen\" \/>\n<meta property=\"article:publisher\" content=\"https:\/\/www.facebook.com\/dresden.stellt.sich.quer\/\" \/>\n<meta property=\"article:modified_time\" content=\"2022-03-03T18:21:22+00:00\" \/>\n<meta property=\"og:image\" content=\"https:\/\/dresden-nazifrei.com\/kampa\/wp-content\/uploads\/2021\/01\/Stadt-FB-Rot.png\" \/>\n\t<meta property=\"og:image:width\" content=\"1600\" \/>\n\t<meta property=\"og:image:height\" content=\"900\" \/>\n\t<meta property=\"og:image:type\" content=\"image\/png\" \/>\n<meta name=\"twitter:card\" content=\"summary_large_image\" \/>\n<meta name=\"twitter:site\" content=\"@dd_nazifrei\" \/>\n<meta name=\"twitter:label1\" content=\"Gesch\u00e4tzte Lesezeit\" \/>\n\t<meta name=\"twitter:data1\" content=\"4\u00a0Minuten\" \/>\n<script type=\"application\/ld+json\" class=\"yoast-schema-graph\">{\"@context\":\"https:\/\/schema.org\",\"@graph\":[{\"@type\":\"WebPage\",\"@id\":\"https:\/\/dresden-nazifrei.com\/kampa\/erinnerungskultur\/mahngang-taeterspuren-2017\/der-theaterplatz\/\",\"url\":\"https:\/\/dresden-nazifrei.com\/kampa\/erinnerungskultur\/mahngang-taeterspuren-2017\/der-theaterplatz\/\",\"name\":\"Station 3 [Sophienstra\u00dfe\/Ecke Taschenberg]:\u00a0Der Theaterplatz - Dresden WiEdersetzen\",\"isPartOf\":{\"@id\":\"https:\/\/dresden-nazifrei.com\/kampa\/#website\"},\"datePublished\":\"2017-02-14T12:25:15+00:00\",\"dateModified\":\"2022-03-03T18:21:22+00:00\",\"breadcrumb\":{\"@id\":\"https:\/\/dresden-nazifrei.com\/kampa\/erinnerungskultur\/mahngang-taeterspuren-2017\/der-theaterplatz\/#breadcrumb\"},\"inLanguage\":\"de\",\"potentialAction\":[{\"@type\":\"ReadAction\",\"target\":[\"https:\/\/dresden-nazifrei.com\/kampa\/erinnerungskultur\/mahngang-taeterspuren-2017\/der-theaterplatz\/\"]}]},{\"@type\":\"BreadcrumbList\",\"@id\":\"https:\/\/dresden-nazifrei.com\/kampa\/erinnerungskultur\/mahngang-taeterspuren-2017\/der-theaterplatz\/#breadcrumb\",\"itemListElement\":[{\"@type\":\"ListItem\",\"position\":1,\"name\":\"Startseite\",\"item\":\"https:\/\/dresden-nazifrei.com\/kampa\/\"},{\"@type\":\"ListItem\",\"position\":2,\"name\":\"Erinnerungskultur\",\"item\":\"https:\/\/dresden-nazifrei.com\/kampa\/erinnerungskultur\/\"},{\"@type\":\"ListItem\",\"position\":3,\"name\":\"Mahngang T\u00e4terspuren 2017\",\"item\":\"https:\/\/dresden-nazifrei.com\/kampa\/erinnerungskultur\/mahngang-taeterspuren-2017\/\"},{\"@type\":\"ListItem\",\"position\":4,\"name\":\"Station 3 [Sophienstra\u00dfe\/Ecke Taschenberg]:\u00a0Der Theaterplatz\"}]},{\"@type\":\"WebSite\",\"@id\":\"https:\/\/dresden-nazifrei.com\/kampa\/#website\",\"url\":\"https:\/\/dresden-nazifrei.com\/kampa\/\",\"name\":\"Dresden WiEdersetzen\",\"description\":\"Dresden stellt sich quer\",\"publisher\":{\"@id\":\"https:\/\/dresden-nazifrei.com\/kampa\/#organization\"},\"potentialAction\":[{\"@type\":\"SearchAction\",\"target\":{\"@type\":\"EntryPoint\",\"urlTemplate\":\"https:\/\/dresden-nazifrei.com\/kampa\/?s={search_term_string}\"},\"query-input\":{\"@type\":\"PropertyValueSpecification\",\"valueRequired\":true,\"valueName\":\"search_term_string\"}}],\"inLanguage\":\"de\"},{\"@type\":\"Organization\",\"@id\":\"https:\/\/dresden-nazifrei.com\/kampa\/#organization\",\"name\":\"Dresden Nazifrei\",\"url\":\"https:\/\/dresden-nazifrei.com\/kampa\/\",\"logo\":{\"@type\":\"ImageObject\",\"inLanguage\":\"de\",\"@id\":\"https:\/\/dresden-nazifrei.com\/kampa\/#\/schema\/logo\/image\/\",\"url\":\"https:\/\/dresden-nazifrei.com\/kampa\/wp-content\/uploads\/2021\/03\/Logo-Schwarz-Rot.png\",\"contentUrl\":\"https:\/\/dresden-nazifrei.com\/kampa\/wp-content\/uploads\/2021\/03\/Logo-Schwarz-Rot.png\",\"width\":500,\"height\":500,\"caption\":\"Dresden Nazifrei\"},\"image\":{\"@id\":\"https:\/\/dresden-nazifrei.com\/kampa\/#\/schema\/logo\/image\/\"},\"sameAs\":[\"https:\/\/www.facebook.com\/dresden.stellt.sich.quer\/\",\"https:\/\/x.com\/dd_nazifrei\",\"https:\/\/www.instagram.com\/dd_nazifrei\/\",\"https:\/\/www.youtube.com\/channel\/UC2w1_etudyqY1XziVPgba8Q\"]}]}<\/script>\n<!-- \/ Yoast SEO plugin. -->","yoast_head_json":{"title":"Station 3 [Sophienstra\u00dfe\/Ecke Taschenberg]:\u00a0Der Theaterplatz - Dresden WiEdersetzen","robots":{"index":"index","follow":"follow","max-snippet":"max-snippet:-1","max-image-preview":"max-image-preview:large","max-video-preview":"max-video-preview:-1"},"canonical":"https:\/\/dresden-nazifrei.com\/kampa\/erinnerungskultur\/mahngang-taeterspuren-2017\/der-theaterplatz\/","og_locale":"de_DE","og_type":"article","og_title":"Station 3 [Sophienstra\u00dfe\/Ecke Taschenberg]:\u00a0Der Theaterplatz - Dresden WiEdersetzen","og_description":"Unter den Fotos, die aus Dresden 1933 bis 1945 \u00fcberliefert sind, befindet sich auch ein Luftbild des Adolf-Hitler-Platzes, dem heutigen Theaterplatz. Aufgenommen wurde es am 1. Mai 1933, dem ersten \u201eTag der nationalen Arbeit\u201c.&#46;&#46;&#46;","og_url":"https:\/\/dresden-nazifrei.com\/kampa\/erinnerungskultur\/mahngang-taeterspuren-2017\/der-theaterplatz\/","og_site_name":"Dresden WiEdersetzen","article_publisher":"https:\/\/www.facebook.com\/dresden.stellt.sich.quer\/","article_modified_time":"2022-03-03T18:21:22+00:00","og_image":[{"width":1600,"height":900,"url":"https:\/\/dresden-nazifrei.com\/kampa\/wp-content\/uploads\/2021\/01\/Stadt-FB-Rot.png","type":"image\/png"}],"twitter_card":"summary_large_image","twitter_site":"@dd_nazifrei","twitter_misc":{"Gesch\u00e4tzte Lesezeit":"4\u00a0Minuten"},"schema":{"@context":"https:\/\/schema.org","@graph":[{"@type":"WebPage","@id":"https:\/\/dresden-nazifrei.com\/kampa\/erinnerungskultur\/mahngang-taeterspuren-2017\/der-theaterplatz\/","url":"https:\/\/dresden-nazifrei.com\/kampa\/erinnerungskultur\/mahngang-taeterspuren-2017\/der-theaterplatz\/","name":"Station 3 [Sophienstra\u00dfe\/Ecke Taschenberg]:\u00a0Der Theaterplatz - Dresden WiEdersetzen","isPartOf":{"@id":"https:\/\/dresden-nazifrei.com\/kampa\/#website"},"datePublished":"2017-02-14T12:25:15+00:00","dateModified":"2022-03-03T18:21:22+00:00","breadcrumb":{"@id":"https:\/\/dresden-nazifrei.com\/kampa\/erinnerungskultur\/mahngang-taeterspuren-2017\/der-theaterplatz\/#breadcrumb"},"inLanguage":"de","potentialAction":[{"@type":"ReadAction","target":["https:\/\/dresden-nazifrei.com\/kampa\/erinnerungskultur\/mahngang-taeterspuren-2017\/der-theaterplatz\/"]}]},{"@type":"BreadcrumbList","@id":"https:\/\/dresden-nazifrei.com\/kampa\/erinnerungskultur\/mahngang-taeterspuren-2017\/der-theaterplatz\/#breadcrumb","itemListElement":[{"@type":"ListItem","position":1,"name":"Startseite","item":"https:\/\/dresden-nazifrei.com\/kampa\/"},{"@type":"ListItem","position":2,"name":"Erinnerungskultur","item":"https:\/\/dresden-nazifrei.com\/kampa\/erinnerungskultur\/"},{"@type":"ListItem","position":3,"name":"Mahngang T\u00e4terspuren 2017","item":"https:\/\/dresden-nazifrei.com\/kampa\/erinnerungskultur\/mahngang-taeterspuren-2017\/"},{"@type":"ListItem","position":4,"name":"Station 3 [Sophienstra\u00dfe\/Ecke Taschenberg]:\u00a0Der Theaterplatz"}]},{"@type":"WebSite","@id":"https:\/\/dresden-nazifrei.com\/kampa\/#website","url":"https:\/\/dresden-nazifrei.com\/kampa\/","name":"Dresden WiEdersetzen","description":"Dresden stellt sich quer","publisher":{"@id":"https:\/\/dresden-nazifrei.com\/kampa\/#organization"},"potentialAction":[{"@type":"SearchAction","target":{"@type":"EntryPoint","urlTemplate":"https:\/\/dresden-nazifrei.com\/kampa\/?s={search_term_string}"},"query-input":{"@type":"PropertyValueSpecification","valueRequired":true,"valueName":"search_term_string"}}],"inLanguage":"de"},{"@type":"Organization","@id":"https:\/\/dresden-nazifrei.com\/kampa\/#organization","name":"Dresden Nazifrei","url":"https:\/\/dresden-nazifrei.com\/kampa\/","logo":{"@type":"ImageObject","inLanguage":"de","@id":"https:\/\/dresden-nazifrei.com\/kampa\/#\/schema\/logo\/image\/","url":"https:\/\/dresden-nazifrei.com\/kampa\/wp-content\/uploads\/2021\/03\/Logo-Schwarz-Rot.png","contentUrl":"https:\/\/dresden-nazifrei.com\/kampa\/wp-content\/uploads\/2021\/03\/Logo-Schwarz-Rot.png","width":500,"height":500,"caption":"Dresden Nazifrei"},"image":{"@id":"https:\/\/dresden-nazifrei.com\/kampa\/#\/schema\/logo\/image\/"},"sameAs":["https:\/\/www.facebook.com\/dresden.stellt.sich.quer\/","https:\/\/x.com\/dd_nazifrei","https:\/\/www.instagram.com\/dd_nazifrei\/","https:\/\/www.youtube.com\/channel\/UC2w1_etudyqY1XziVPgba8Q"]}]}},"_links":{"self":[{"href":"https:\/\/dresden-nazifrei.com\/kampa\/wp-json\/wp\/v2\/pages\/289","targetHints":{"allow":["GET"]}}],"collection":[{"href":"https:\/\/dresden-nazifrei.com\/kampa\/wp-json\/wp\/v2\/pages"}],"about":[{"href":"https:\/\/dresden-nazifrei.com\/kampa\/wp-json\/wp\/v2\/types\/page"}],"author":[{"embeddable":true,"href":"https:\/\/dresden-nazifrei.com\/kampa\/wp-json\/wp\/v2\/users\/1"}],"replies":[{"embeddable":true,"href":"https:\/\/dresden-nazifrei.com\/kampa\/wp-json\/wp\/v2\/comments?post=289"}],"version-history":[{"count":3,"href":"https:\/\/dresden-nazifrei.com\/kampa\/wp-json\/wp\/v2\/pages\/289\/revisions"}],"predecessor-version":[{"id":8459,"href":"https:\/\/dresden-nazifrei.com\/kampa\/wp-json\/wp\/v2\/pages\/289\/revisions\/8459"}],"up":[{"embeddable":true,"href":"https:\/\/dresden-nazifrei.com\/kampa\/wp-json\/wp\/v2\/pages\/299"}],"wp:attachment":[{"href":"https:\/\/dresden-nazifrei.com\/kampa\/wp-json\/wp\/v2\/media?parent=289"}],"curies":[{"name":"wp","href":"https:\/\/api.w.org\/{rel}","templated":true}]}}