{"id":291,"date":"2017-02-14T13:24:31","date_gmt":"2017-02-14T12:24:31","guid":{"rendered":"http:\/\/dresden-nazifrei.com\/?p=291"},"modified":"2022-03-03T19:24:25","modified_gmt":"2022-03-03T18:24:25","slug":"polizeipraesidium","status":"publish","type":"page","link":"https:\/\/dresden-nazifrei.com\/kampa\/erinnerungskultur\/mahngang-taeterspuren-2017\/polizeipraesidium\/","title":{"rendered":"Station 5 [Tschirnerplatz 1\/Ecke Schie\u00dfgasse]:\u00a0Polizeipr\u00e4sidium und Polizeigef\u00e4ngnis"},"content":{"rendered":"\n<p>In der heutigen Polizeidirektion Dresden befanden sich seit Anfang des 20. Jahrhunderts das Polizeipr\u00e4sidium und das Polizeigef\u00e4ngnis. In diesem Geb\u00e4ude, das von au\u00dfen an eine Festung erinnert, befanden sich damals 250 Haftpl\u00e4tze. Zwei Gefangene mussten sich eine Zelle von sechs Quadratmetern teilen.<\/p>\n\n\n\n<p>In der Reichspogromnacht wurden hier 151 j\u00fcdische M\u00e4nner interniert und anschlie\u00dfend in die Konzentrationslager Buchenwald und Sachsenhausen deportiert. W\u00e4hrend der Novemberpogrome 1938 erhielt die Polizei die Anweisung nicht einzugreifen, der sie auch nachkam.<\/p>\n\n\n\n<p>Polizei und Strafvollzugsbeh\u00f6rden setzen geltendes Recht durch. Ihr Wirken ist im w\u00f6rtlichen Sinne konservativ \u2013 bewahrend. Zugleich ist die Polizei ein Abbild der Gesellschaft. Polizist*innen haben Vorurteile und Schw\u00e4chen, sie haben politische Ansichten. Trifft eine Beh\u00f6rde, die autorit\u00e4r strukturiert und vom Wesen her konservativ ist, und eine ohnehin schon nach rechts driftende Gesellschaft aufeinander, ist die Konsequenz naheliegend: Wie im Rest der Gesellschaft nehmen auch bei einzelnen Polizist*innen Vorurteile und Ressentiments zu, hat nationalistisches, fremdenfeindliches und rechtes Gedankengut Erfolg.<\/p>\n\n\n\n<p>Mit einem wichtigen Unterschied: Polizist*innen \u00fcben das Gewaltmonopol des Staates aus. Wenn unter ihnen Rassist*innen und Nazis sind, geht es Unschuldigen schnell an den wortw\u00f6rtlichen an den Kragen.<\/p>\n\n\n\n<p>Schon vor der Macht\u00fcbernahme der Nationalsozialist*innen, am 30.Januar 1933, war in weiten Teilen Deutschlands und speziell in den Reihen der Polizei eine antikommunistische Haltung weit verbreitet. Dieser Antikommunismus war ein verbindendes Element von NSDAP \u00fcber rechte Parteien bis zur Mitte. Was dies in der Realit\u00e4t bedeutete, konnte man auch in Dresden erleben. So fand am 25. Januar 1933, also noch vor der Macht\u00fcbernahme der Nazis, ein Protestzug von Arbeiter*innen gegen den faschistischen Terror statt. Die Polizei versuchte mehrfach, die Demonstration aufzul\u00f6sen. Bei einer anschlie\u00dfenden Versammlung im Keglerheim, in der N\u00e4he der Yenidze, st\u00fcrmte die Polizei die Veranstaltung und erschoss dabei neun Arbeiter.<\/p>\n\n\n\n<p>Schon kurz nach der Machtergreifung, im Februar 1933, ordnete der damalige Reichsminister Hermann G\u00f6ring an, dass SS, SA, Stahlhelm und die Polizei \u201ein gutem Einvernehmen\u201c zusammenarbeiten sollen. Soweit dies keine Anordnung war, beschrieb es fortan die g\u00e4ngige Praxis, die unter anderem dadurch garantiert wurde, dass mit dem sogenannten Schie\u00dferlass vom 17. Februar 1933 Polizisten, die gegen Staatsfeinde zur Waffe griffen, Straffreiheit zugesichert wurde. Polizeiliche Willk\u00fcr gegen den politischen Gegner wurde damit de facto legalisiert.<\/p>\n\n\n\n<p>Noch im gleichen Monat wurden wesentliche Artikel der Weimarer Verfassung au\u00dfer Kraft gesetzt. Dazu geh\u00f6rten die Aufhebung oder Einschr\u00e4nkung pers\u00f6nlicher Freiheitsrechte wie die des Rechtes auf freie Meinungs\u00e4u\u00dferung, Einschr\u00e4nkungen des Versammlungsrechtes und die Einf\u00fchrung der Schutzhaft ohne jedes Rechtsverfahren. Diese neuen Regelungen wurden mit Hilfe der Polizei durchgesetzt \u2013 die Polizei entwickelte sich zu einem Terrorinstrument der Nazis.<\/p>\n\n\n\n<p>Im Juni 1936 wurden Polizei und SS institutionell verbunden. Somit war Heinrich Himmler auch Chef der Polizei, die dadurch endg\u00fcltig ein Instrument der NSDAP und somit Adolf Hitlers wurde.<\/p>\n\n\n\n<p>Terror und Verfolgung Andersdenkender waren von 1933-1945 g\u00e4ngige Praxis \u2013 und die Polizei hatte hieran ma\u00dfgeblichen Anteil. Auch im Polizeipr\u00e4sidium und Polizeigef\u00e4ngnis Dresden wurden Menschen gefoltert, gedem\u00fctigt und starben. Als zwei Beispiele unter vielen:<\/p>\n\n\n\n<ul class=\"wp-block-list\"><li>Am 23. April 1943 wurde Professor Dr. med. Heinrich Conradi verhaftet, da er in einer Dresdner Markthalle Radieschen gekauft hatte. Als Jude war ihm dies ebenso verboten, wie das Betreten der Markthalle. Zudem wurde ihm vorgeworfen, den Judenstern verdeckt getragen zu haben. Drei Tage sp\u00e4ter wurde er tot in seiner Zelle gefunden. Seiner Frau wurde mitgeteilt, er habe sich vergiftet.<\/li><li>Horst Weigmann war Halbjude. Seine j\u00fcdische Mutter, Toni Weigmann, wurde 1944 zur Deportation vor\u00fcbergehend in das Polizeigef\u00e4ngnis Schie\u00dfgasse gebracht. In einer tollk\u00fchnen Aktion versucht Horst Weigmann, seine Mutter und andere H\u00e4ftlinge zu befreien. Der Versuch misslingt, er wird gefasst. Er wird in der Nacht so schwer misshandelt, dass er schon am n\u00e4chsten Tag tot in seiner Zelle aufgefunden wurde. Die Gestapo gibt seinen Tod als Selbstmord aus.<\/li><\/ul>\n\n\n\n<p>Die Rolle der Polizei bei der Durchsetzung des NS-Terrors macht deutlich, wie gef\u00e4hrlich es ist, wenn eine Beh\u00f6rde mit dem Mandat, Gewalt anzuwenden, von der Leine gelassen wird. Es ist daher wichtig, rassistische und rechtsnationale Entwicklungen bei den Polizeibeh\u00f6rden konsequent zu benennen.<\/p>\n\n\n\n<ul class=\"wp-block-list\"><li>September 2014: Ein Bundespolizist in Hannover qu\u00e4lt und misshandelt Fl\u00fcchtlinge, zwingt sie, vergammeltes Schweinefleisch zu essen und prahlt damit vor seinen Kolleg*innen. Diese schauen weg. Es dauert ein halbes Jahr, bis aus dem Kreis seiner Kolleg*innen Anzeige erstattet wird.<\/li><li>Ebenfalls September 2014: In Aachen wird eine 23j\u00e4hrige Polizeisch\u00fclerin mit Migrationshintergrund durch einige Ihrer Mitsch\u00fcler*innen monatelang online mit rassistischen und neonazistischen Inhalten gemobbt. Zur Aufkl\u00e4rung des Falles stellen 30 ihrer Mitsch\u00fcler*innen ihre Handys zur Verf\u00fcgung. Keine*r dieser Polizeisch\u00fcler*innen hatte dem Opfer vorher beigestanden.<\/li><\/ul>\n\n\n\n<p>Die Liste rassistische Vorf\u00e4lle oder der Relativierung rechter Gewalt durch Polizeibeamt*innen lie\u00dfe sich fortsetzen \u2013 Beispiele kennen wir auch aus Sachsen. Sei es Uwe Kilz, der Polizeichef von Bautzen, der eine Gruppe Nazis, die Fl\u00fcchtlinge durch die Stadt jagen, als \u201eeventbetonte Jugendliche\u201c verharmlost, sei es der Polizeipr\u00e4sident von Chemnitz, Uwe Rei\u00dfmann, der Gefl\u00fcchteten die Schuld daran gibt, dass ein rassistischer Mob sie daran hindert, eine Fl\u00fcchtlingsunterkunft zu beziehen, sei es der Revierchef von Dresden-Prohlis, Uwe Waurich, der nach rechten Ausschreitungen vor einer Gefl\u00fcchtetenunterkunft ausgerechnet eine Willkommensinitiative daf\u00fcr verantwortlich machte, dass Nazis sich durch ihre blo\u00dfe Pr\u00e4senz \u201eprovoziert\u201c f\u00fchlten.<\/p>\n\n\n\n<p>Der Eindruck dr\u00e4ngt sich auf: In der Polizei gibt es rassistische Tendenzen, denen konsequent entgegengewirkt werden muss, damit diese nicht zum strukturellen Problem werden. Und damit das Problembewusstsein dar\u00fcber auch bei der Polizei w\u00e4chst, ist es an uns, Missst\u00e4nde anzuprangern und auf die inh\u00e4renten Gef\u00e4hrdungen des Polizeiberufes hinzuweisen.<\/p>\n","protected":false},"excerpt":{"rendered":"<p>In der heutigen Polizeidirektion Dresden befanden sich seit Anfang des 20. Jahrhunderts das Polizeipr\u00e4sidium und das Polizeigef\u00e4ngnis. In diesem Geb\u00e4ude, das von au\u00dfen an eine Festung erinnert, befanden sich damals 250 Haftpl\u00e4tze. Zwei Gefangene&#46;&#46;&#46;<\/p>\n","protected":false},"author":1,"featured_media":0,"parent":299,"menu_order":5,"comment_status":"closed","ping_status":"closed","template":"","meta":{"_monsterinsights_skip_tracking":false,"_monsterinsights_sitenote_active":false,"_monsterinsights_sitenote_note":"","_monsterinsights_sitenote_category":0,"footnotes":""},"class_list":["post-291","page","type-page","status-publish","hentry"],"yoast_head":"<!-- This site is optimized with the Yoast SEO plugin v27.2 - https:\/\/yoast.com\/product\/yoast-seo-wordpress\/ -->\n<title>Station 5 [Tschirnerplatz 1\/Ecke Schie\u00dfgasse]:\u00a0Polizeipr\u00e4sidium und Polizeigef\u00e4ngnis - Dresden WiEdersetzen<\/title>\n<meta name=\"robots\" content=\"index, follow, max-snippet:-1, max-image-preview:large, max-video-preview:-1\" \/>\n<link rel=\"canonical\" href=\"https:\/\/dresden-nazifrei.com\/kampa\/erinnerungskultur\/mahngang-taeterspuren-2017\/polizeipraesidium\/\" \/>\n<meta property=\"og:locale\" content=\"de_DE\" \/>\n<meta property=\"og:type\" content=\"article\" \/>\n<meta property=\"og:title\" content=\"Station 5 [Tschirnerplatz 1\/Ecke Schie\u00dfgasse]:\u00a0Polizeipr\u00e4sidium und Polizeigef\u00e4ngnis - Dresden WiEdersetzen\" \/>\n<meta property=\"og:description\" content=\"In der heutigen Polizeidirektion Dresden befanden sich seit Anfang des 20. Jahrhunderts das Polizeipr\u00e4sidium und das Polizeigef\u00e4ngnis. In diesem Geb\u00e4ude, das von au\u00dfen an eine Festung erinnert, befanden sich damals 250 Haftpl\u00e4tze. Zwei Gefangene&#046;&#046;&#046;\" \/>\n<meta property=\"og:url\" content=\"https:\/\/dresden-nazifrei.com\/kampa\/erinnerungskultur\/mahngang-taeterspuren-2017\/polizeipraesidium\/\" \/>\n<meta property=\"og:site_name\" content=\"Dresden WiEdersetzen\" \/>\n<meta property=\"article:publisher\" content=\"https:\/\/www.facebook.com\/dresden.stellt.sich.quer\/\" \/>\n<meta property=\"article:modified_time\" content=\"2022-03-03T18:24:25+00:00\" \/>\n<meta property=\"og:image\" content=\"https:\/\/dresden-nazifrei.com\/kampa\/wp-content\/uploads\/2021\/01\/Stadt-FB-Rot.png\" \/>\n\t<meta property=\"og:image:width\" content=\"1600\" \/>\n\t<meta property=\"og:image:height\" content=\"900\" \/>\n\t<meta property=\"og:image:type\" content=\"image\/png\" \/>\n<meta name=\"twitter:card\" content=\"summary_large_image\" \/>\n<meta name=\"twitter:site\" content=\"@dd_nazifrei\" \/>\n<meta name=\"twitter:label1\" content=\"Gesch\u00e4tzte Lesezeit\" \/>\n\t<meta name=\"twitter:data1\" content=\"5\u00a0Minuten\" \/>\n<script type=\"application\/ld+json\" class=\"yoast-schema-graph\">{\"@context\":\"https:\/\/schema.org\",\"@graph\":[{\"@type\":\"WebPage\",\"@id\":\"https:\/\/dresden-nazifrei.com\/kampa\/erinnerungskultur\/mahngang-taeterspuren-2017\/polizeipraesidium\/\",\"url\":\"https:\/\/dresden-nazifrei.com\/kampa\/erinnerungskultur\/mahngang-taeterspuren-2017\/polizeipraesidium\/\",\"name\":\"Station 5 [Tschirnerplatz 1\/Ecke Schie\u00dfgasse]:\u00a0Polizeipr\u00e4sidium und Polizeigef\u00e4ngnis - Dresden WiEdersetzen\",\"isPartOf\":{\"@id\":\"https:\/\/dresden-nazifrei.com\/kampa\/#website\"},\"datePublished\":\"2017-02-14T12:24:31+00:00\",\"dateModified\":\"2022-03-03T18:24:25+00:00\",\"breadcrumb\":{\"@id\":\"https:\/\/dresden-nazifrei.com\/kampa\/erinnerungskultur\/mahngang-taeterspuren-2017\/polizeipraesidium\/#breadcrumb\"},\"inLanguage\":\"de\",\"potentialAction\":[{\"@type\":\"ReadAction\",\"target\":[\"https:\/\/dresden-nazifrei.com\/kampa\/erinnerungskultur\/mahngang-taeterspuren-2017\/polizeipraesidium\/\"]}]},{\"@type\":\"BreadcrumbList\",\"@id\":\"https:\/\/dresden-nazifrei.com\/kampa\/erinnerungskultur\/mahngang-taeterspuren-2017\/polizeipraesidium\/#breadcrumb\",\"itemListElement\":[{\"@type\":\"ListItem\",\"position\":1,\"name\":\"Startseite\",\"item\":\"https:\/\/dresden-nazifrei.com\/kampa\/\"},{\"@type\":\"ListItem\",\"position\":2,\"name\":\"Erinnerungskultur\",\"item\":\"https:\/\/dresden-nazifrei.com\/kampa\/erinnerungskultur\/\"},{\"@type\":\"ListItem\",\"position\":3,\"name\":\"Mahngang T\u00e4terspuren 2017\",\"item\":\"https:\/\/dresden-nazifrei.com\/kampa\/erinnerungskultur\/mahngang-taeterspuren-2017\/\"},{\"@type\":\"ListItem\",\"position\":4,\"name\":\"Station 5 [Tschirnerplatz 1\/Ecke Schie\u00dfgasse]:\u00a0Polizeipr\u00e4sidium und Polizeigef\u00e4ngnis\"}]},{\"@type\":\"WebSite\",\"@id\":\"https:\/\/dresden-nazifrei.com\/kampa\/#website\",\"url\":\"https:\/\/dresden-nazifrei.com\/kampa\/\",\"name\":\"Dresden WiEdersetzen\",\"description\":\"Dresden stellt sich quer\",\"publisher\":{\"@id\":\"https:\/\/dresden-nazifrei.com\/kampa\/#organization\"},\"potentialAction\":[{\"@type\":\"SearchAction\",\"target\":{\"@type\":\"EntryPoint\",\"urlTemplate\":\"https:\/\/dresden-nazifrei.com\/kampa\/?s={search_term_string}\"},\"query-input\":{\"@type\":\"PropertyValueSpecification\",\"valueRequired\":true,\"valueName\":\"search_term_string\"}}],\"inLanguage\":\"de\"},{\"@type\":\"Organization\",\"@id\":\"https:\/\/dresden-nazifrei.com\/kampa\/#organization\",\"name\":\"Dresden Nazifrei\",\"url\":\"https:\/\/dresden-nazifrei.com\/kampa\/\",\"logo\":{\"@type\":\"ImageObject\",\"inLanguage\":\"de\",\"@id\":\"https:\/\/dresden-nazifrei.com\/kampa\/#\/schema\/logo\/image\/\",\"url\":\"https:\/\/dresden-nazifrei.com\/kampa\/wp-content\/uploads\/2021\/03\/Logo-Schwarz-Rot.png\",\"contentUrl\":\"https:\/\/dresden-nazifrei.com\/kampa\/wp-content\/uploads\/2021\/03\/Logo-Schwarz-Rot.png\",\"width\":500,\"height\":500,\"caption\":\"Dresden Nazifrei\"},\"image\":{\"@id\":\"https:\/\/dresden-nazifrei.com\/kampa\/#\/schema\/logo\/image\/\"},\"sameAs\":[\"https:\/\/www.facebook.com\/dresden.stellt.sich.quer\/\",\"https:\/\/x.com\/dd_nazifrei\",\"https:\/\/www.instagram.com\/dd_nazifrei\/\",\"https:\/\/www.youtube.com\/channel\/UC2w1_etudyqY1XziVPgba8Q\"]}]}<\/script>\n<!-- \/ Yoast SEO plugin. -->","yoast_head_json":{"title":"Station 5 [Tschirnerplatz 1\/Ecke Schie\u00dfgasse]:\u00a0Polizeipr\u00e4sidium und Polizeigef\u00e4ngnis - Dresden WiEdersetzen","robots":{"index":"index","follow":"follow","max-snippet":"max-snippet:-1","max-image-preview":"max-image-preview:large","max-video-preview":"max-video-preview:-1"},"canonical":"https:\/\/dresden-nazifrei.com\/kampa\/erinnerungskultur\/mahngang-taeterspuren-2017\/polizeipraesidium\/","og_locale":"de_DE","og_type":"article","og_title":"Station 5 [Tschirnerplatz 1\/Ecke Schie\u00dfgasse]:\u00a0Polizeipr\u00e4sidium und Polizeigef\u00e4ngnis - Dresden WiEdersetzen","og_description":"In der heutigen Polizeidirektion Dresden befanden sich seit Anfang des 20. Jahrhunderts das Polizeipr\u00e4sidium und das Polizeigef\u00e4ngnis. In diesem Geb\u00e4ude, das von au\u00dfen an eine Festung erinnert, befanden sich damals 250 Haftpl\u00e4tze. Zwei Gefangene&#46;&#46;&#46;","og_url":"https:\/\/dresden-nazifrei.com\/kampa\/erinnerungskultur\/mahngang-taeterspuren-2017\/polizeipraesidium\/","og_site_name":"Dresden WiEdersetzen","article_publisher":"https:\/\/www.facebook.com\/dresden.stellt.sich.quer\/","article_modified_time":"2022-03-03T18:24:25+00:00","og_image":[{"width":1600,"height":900,"url":"https:\/\/dresden-nazifrei.com\/kampa\/wp-content\/uploads\/2021\/01\/Stadt-FB-Rot.png","type":"image\/png"}],"twitter_card":"summary_large_image","twitter_site":"@dd_nazifrei","twitter_misc":{"Gesch\u00e4tzte Lesezeit":"5\u00a0Minuten"},"schema":{"@context":"https:\/\/schema.org","@graph":[{"@type":"WebPage","@id":"https:\/\/dresden-nazifrei.com\/kampa\/erinnerungskultur\/mahngang-taeterspuren-2017\/polizeipraesidium\/","url":"https:\/\/dresden-nazifrei.com\/kampa\/erinnerungskultur\/mahngang-taeterspuren-2017\/polizeipraesidium\/","name":"Station 5 [Tschirnerplatz 1\/Ecke Schie\u00dfgasse]:\u00a0Polizeipr\u00e4sidium und Polizeigef\u00e4ngnis - Dresden WiEdersetzen","isPartOf":{"@id":"https:\/\/dresden-nazifrei.com\/kampa\/#website"},"datePublished":"2017-02-14T12:24:31+00:00","dateModified":"2022-03-03T18:24:25+00:00","breadcrumb":{"@id":"https:\/\/dresden-nazifrei.com\/kampa\/erinnerungskultur\/mahngang-taeterspuren-2017\/polizeipraesidium\/#breadcrumb"},"inLanguage":"de","potentialAction":[{"@type":"ReadAction","target":["https:\/\/dresden-nazifrei.com\/kampa\/erinnerungskultur\/mahngang-taeterspuren-2017\/polizeipraesidium\/"]}]},{"@type":"BreadcrumbList","@id":"https:\/\/dresden-nazifrei.com\/kampa\/erinnerungskultur\/mahngang-taeterspuren-2017\/polizeipraesidium\/#breadcrumb","itemListElement":[{"@type":"ListItem","position":1,"name":"Startseite","item":"https:\/\/dresden-nazifrei.com\/kampa\/"},{"@type":"ListItem","position":2,"name":"Erinnerungskultur","item":"https:\/\/dresden-nazifrei.com\/kampa\/erinnerungskultur\/"},{"@type":"ListItem","position":3,"name":"Mahngang T\u00e4terspuren 2017","item":"https:\/\/dresden-nazifrei.com\/kampa\/erinnerungskultur\/mahngang-taeterspuren-2017\/"},{"@type":"ListItem","position":4,"name":"Station 5 [Tschirnerplatz 1\/Ecke Schie\u00dfgasse]:\u00a0Polizeipr\u00e4sidium und Polizeigef\u00e4ngnis"}]},{"@type":"WebSite","@id":"https:\/\/dresden-nazifrei.com\/kampa\/#website","url":"https:\/\/dresden-nazifrei.com\/kampa\/","name":"Dresden WiEdersetzen","description":"Dresden stellt sich quer","publisher":{"@id":"https:\/\/dresden-nazifrei.com\/kampa\/#organization"},"potentialAction":[{"@type":"SearchAction","target":{"@type":"EntryPoint","urlTemplate":"https:\/\/dresden-nazifrei.com\/kampa\/?s={search_term_string}"},"query-input":{"@type":"PropertyValueSpecification","valueRequired":true,"valueName":"search_term_string"}}],"inLanguage":"de"},{"@type":"Organization","@id":"https:\/\/dresden-nazifrei.com\/kampa\/#organization","name":"Dresden Nazifrei","url":"https:\/\/dresden-nazifrei.com\/kampa\/","logo":{"@type":"ImageObject","inLanguage":"de","@id":"https:\/\/dresden-nazifrei.com\/kampa\/#\/schema\/logo\/image\/","url":"https:\/\/dresden-nazifrei.com\/kampa\/wp-content\/uploads\/2021\/03\/Logo-Schwarz-Rot.png","contentUrl":"https:\/\/dresden-nazifrei.com\/kampa\/wp-content\/uploads\/2021\/03\/Logo-Schwarz-Rot.png","width":500,"height":500,"caption":"Dresden Nazifrei"},"image":{"@id":"https:\/\/dresden-nazifrei.com\/kampa\/#\/schema\/logo\/image\/"},"sameAs":["https:\/\/www.facebook.com\/dresden.stellt.sich.quer\/","https:\/\/x.com\/dd_nazifrei","https:\/\/www.instagram.com\/dd_nazifrei\/","https:\/\/www.youtube.com\/channel\/UC2w1_etudyqY1XziVPgba8Q"]}]}},"_links":{"self":[{"href":"https:\/\/dresden-nazifrei.com\/kampa\/wp-json\/wp\/v2\/pages\/291","targetHints":{"allow":["GET"]}}],"collection":[{"href":"https:\/\/dresden-nazifrei.com\/kampa\/wp-json\/wp\/v2\/pages"}],"about":[{"href":"https:\/\/dresden-nazifrei.com\/kampa\/wp-json\/wp\/v2\/types\/page"}],"author":[{"embeddable":true,"href":"https:\/\/dresden-nazifrei.com\/kampa\/wp-json\/wp\/v2\/users\/1"}],"replies":[{"embeddable":true,"href":"https:\/\/dresden-nazifrei.com\/kampa\/wp-json\/wp\/v2\/comments?post=291"}],"version-history":[{"count":3,"href":"https:\/\/dresden-nazifrei.com\/kampa\/wp-json\/wp\/v2\/pages\/291\/revisions"}],"predecessor-version":[{"id":8465,"href":"https:\/\/dresden-nazifrei.com\/kampa\/wp-json\/wp\/v2\/pages\/291\/revisions\/8465"}],"up":[{"embeddable":true,"href":"https:\/\/dresden-nazifrei.com\/kampa\/wp-json\/wp\/v2\/pages\/299"}],"wp:attachment":[{"href":"https:\/\/dresden-nazifrei.com\/kampa\/wp-json\/wp\/v2\/media?parent=291"}],"curies":[{"name":"wp","href":"https:\/\/api.w.org\/{rel}","templated":true}]}}