{"id":293,"date":"2017-02-14T13:24:14","date_gmt":"2017-02-14T12:24:14","guid":{"rendered":"http:\/\/dresden-nazifrei.com\/?p=293"},"modified":"2022-03-03T19:26:37","modified_gmt":"2022-03-03T18:26:37","slug":"verfolgung-homosexueller-im-3-reich","status":"publish","type":"page","link":"https:\/\/dresden-nazifrei.com\/kampa\/erinnerungskultur\/mahngang-taeterspuren-2017\/verfolgung-homosexueller-im-3-reich\/","title":{"rendered":"Station 6 [Pillnitzer Stra\u00dfe 34]: Verfolgung Homosexueller im 3. Reich"},"content":{"rendered":"\n<p>175 Strafgesetzbuch: <em>\u201eEin Mann, der mit einem anderen Mann Unzucht treibt oder sich von ihm zur Unzucht mi\u00dfbrauchen l\u00e4\u00dft, wird mit Gef\u00e4ngnis bestraft.\u201c G\u00fcltig von 1935 bis 1962<\/em><\/p>\n\n\n\n<p>Hans Nagelstock wurde am 1. August 1906 in Dresden geboren. Da er Jude war zwangen die Nazis ihn den zweiten Vornamen \u201eIsrael\u201c anzunehmen. Er war ein Kaufmann wie sein Vater. Aufgrund seiner Homosexualit\u00e4t wurde er mehrfach nach \u00a7 175 Strafgesetzbuch verhaftet. Unter anderem sa\u00df Hans Nagelstock eine Zeit lang im Jugend- und Strafgef\u00e4ngnis Bautzen ein.<\/p>\n\n\n\n<p>Seine letzte freiwillig gew\u00e4hlte Anschrift war die Pillnitzer Stra\u00dfe 60. Sie war am Ort der heutigen Nummer 34, vor der wir gerade stehen.<\/p>\n\n\n\n<p>Es war im Januar 1941, vielleicht an einem ebenso kalten Tag wie heute, als die Nazis den 34-j\u00e4hrigen Hans Nagelstock genau hier festnahmen. Sie deportierten ihn in das KZ Sachsenhausen, wo er in zwei H\u00e4ftlingskategorien eingeteilt wurde: \u201eHomosexuell\u201c und \u201eJude\u201c. Als stigmatisierendes Symbol daf\u00fcr, musste er einen rosafarbenen Davidsstern als Aufn\u00e4her auf der linken Brust seiner H\u00e4ftlingskleidung tragen.<\/p>\n\n\n\n<p>Er wurde mit anderen Homosexuellen in einem Block untergebracht. Dieser Bereich war durch Z\u00e4une von dem restlichen Lager abgetrennt. Der damalige Schutzhaftlagerf\u00fchrer von Sachsenhausen und sp\u00e4terer Auschwitz-Kommandant Rudolf H\u00f6\u00df erkl\u00e4rte, dass die Lagerleitung durch die Isolierung verhindern wollte, dass sich die sogenannte \u201eSeuche\u201c der Homosexualit\u00e4t im Lager ausbreite.<\/p>\n\n\n\n<p>Homosexuelle H\u00e4ftlinge waren mit besonders gro\u00dfem Hass konfrontiert. Sie wurden auch von den anderen Mitgefangenen ausgegrenzt, verachtet und sexuell ausgebeutet. So waren sie darauf angewiesen in ihrer eigenen H\u00e4ftlingsgruppe so weit wie m\u00f6glich Vertrauen und Solidarit\u00e4t zu entwickeln. Das war sehr schwer, denn sie hatten ganz unterschiedliche soziale, berufliche und politische Hintergr\u00fcnde. Ihre sexuelle Orientierung war oftmals kein identit\u00e4tsstiftender Aspekt ihres Lebens. Manchmal wussten nicht einmal ihre Familienangeh\u00f6rigen davon. Im KZ aber waren sie nur auf ihre Homosexualit\u00e4t reduziert.<\/p>\n\n\n\n<p>In Block 36 mussten sie besonders schwere Arbeit verrichten. Au\u00dferdem wurden sie von den Blockf\u00fchrern der SS gequ\u00e4lt und gefoltert. Die Oberscharf\u00fchrer Knittler und Ficker zwangen die H\u00e4ftlinge l\u00e4ngere Zeit in der Kniebeuge zu hocken und verbrannten ihnen dabei mit einer Zigarette Nase, Stirn oder Bart. Oder sie legte die H\u00e4ftlinge \u00fcber einen Tisch, traktierten sie mit Kn\u00fcppeln und Peitschen und lie\u00dfen sie dabei die Hiebe z\u00e4hlen.<\/p>\n\n\n\n<p>Diese Qu\u00e4lereien und die mangelnde Ern\u00e4hrung m\u00f6gen der Grund gewesen sein, warum Hans Nagelstock mehrere Male in das Krankenrevier gebracht wurde.<\/p>\n\n\n\n<p>Dass er die Folter immer wieder \u00fcberlebte scheint wundersam. Vielleicht wurde er von seinen Mith\u00e4ftlingen gemocht, sodass sie ihn unterst\u00fctzten und sch\u00fctzten.<\/p>\n\n\n\n<p>Am 16. Februar 1942 qu\u00e4lten die Nazis Hans Nagelstock dann doch zu Tode, mit ihrer Folter, der Haft, der Zwangsarbeit und der chronischen Unterversorgung.<\/p>\n\n\n\n<p>Heute, fast auf den Tag genau 75 Jahre nach seinem Tod stehen wir hier und erfahren einen kleinen Bruchteil seiner Geschichte.&nbsp;Lange Zeit waren die homosexuellen Opfer der NS-Zeit nicht Teil der kollektiven Gedenkkultur. Doch seit f\u00fcnf Monaten erinnert hier nun ein Stolperstein an das Schicksal von Hans Nagelstock.<\/p>\n\n\n\n<p>Schon lange vor der Machtergreifung Hitlers waren Homosexuelle \u00ad\u2013 Repressalien, Diskriminierungen und Verfolgungen ausgesetzt. Sp\u00e4testens seit Herbst 1934 wurden sie von den Nazis systematisch verfolgt. Etwa 10.000 schwule M\u00e4nner wurden in Konzentrationslager deportiert. Viele homo-, inter- und transsexuelle Menschen erlitten schwere k\u00f6rperliche und seelische Verletzungen und tausende starben im Nationalsozialismus.<\/p>\n\n\n\n<p>Doch auch danach setze es sich fort, dass Homosexuelle strafrechtlich verfolgt und von der Gesellschaft ausgegrenzt wurden.<\/p>\n\n\n\n<p>Erst 1994 wurde der \u00a7175 in der gesamten Bundesrepublik ersatzlos und uneingeschr\u00e4nkt aufgehoben.<\/p>\n\n\n\n<p>Nun stehen wir hier und gedenken Hans Nagelstock. Wir erkl\u00e4ren unsere Solidarit\u00e4t mit allen Menschen, die wegen ihrer Sexualit\u00e4t zu Opfern wurden und immer noch werden.<\/p>\n","protected":false},"excerpt":{"rendered":"<p>175 Strafgesetzbuch: \u201eEin Mann, der mit einem anderen Mann Unzucht treibt oder sich von ihm zur Unzucht mi\u00dfbrauchen l\u00e4\u00dft, wird mit Gef\u00e4ngnis bestraft.\u201c G\u00fcltig von 1935 bis 1962 Hans Nagelstock wurde am 1. August&#46;&#46;&#46;<\/p>\n","protected":false},"author":1,"featured_media":0,"parent":299,"menu_order":6,"comment_status":"closed","ping_status":"closed","template":"","meta":{"_monsterinsights_skip_tracking":false,"_monsterinsights_sitenote_active":false,"_monsterinsights_sitenote_note":"","_monsterinsights_sitenote_category":0,"footnotes":""},"class_list":["post-293","page","type-page","status-publish","hentry"],"yoast_head":"<!-- This site is optimized with the Yoast SEO plugin v27.2 - https:\/\/yoast.com\/product\/yoast-seo-wordpress\/ -->\n<title>Station 6 [Pillnitzer Stra\u00dfe 34]: Verfolgung Homosexueller im 3. Reich - Dresden WiEdersetzen<\/title>\n<meta name=\"robots\" content=\"index, follow, max-snippet:-1, max-image-preview:large, max-video-preview:-1\" \/>\n<link rel=\"canonical\" href=\"https:\/\/dresden-nazifrei.com\/kampa\/erinnerungskultur\/mahngang-taeterspuren-2017\/verfolgung-homosexueller-im-3-reich\/\" \/>\n<meta property=\"og:locale\" content=\"de_DE\" \/>\n<meta property=\"og:type\" content=\"article\" \/>\n<meta property=\"og:title\" content=\"Station 6 [Pillnitzer Stra\u00dfe 34]: Verfolgung Homosexueller im 3. Reich - Dresden WiEdersetzen\" \/>\n<meta property=\"og:description\" content=\"175 Strafgesetzbuch: \u201eEin Mann, der mit einem anderen Mann Unzucht treibt oder sich von ihm zur Unzucht mi\u00dfbrauchen l\u00e4\u00dft, wird mit Gef\u00e4ngnis bestraft.\u201c G\u00fcltig von 1935 bis 1962 Hans Nagelstock wurde am 1. August&#046;&#046;&#046;\" \/>\n<meta property=\"og:url\" content=\"https:\/\/dresden-nazifrei.com\/kampa\/erinnerungskultur\/mahngang-taeterspuren-2017\/verfolgung-homosexueller-im-3-reich\/\" \/>\n<meta property=\"og:site_name\" content=\"Dresden WiEdersetzen\" \/>\n<meta property=\"article:publisher\" content=\"https:\/\/www.facebook.com\/dresden.stellt.sich.quer\/\" \/>\n<meta property=\"article:modified_time\" content=\"2022-03-03T18:26:37+00:00\" \/>\n<meta property=\"og:image\" content=\"https:\/\/dresden-nazifrei.com\/kampa\/wp-content\/uploads\/2021\/01\/Stadt-FB-Rot.png\" \/>\n\t<meta property=\"og:image:width\" content=\"1600\" \/>\n\t<meta property=\"og:image:height\" content=\"900\" \/>\n\t<meta property=\"og:image:type\" content=\"image\/png\" \/>\n<meta name=\"twitter:card\" content=\"summary_large_image\" \/>\n<meta name=\"twitter:site\" content=\"@dd_nazifrei\" \/>\n<meta name=\"twitter:label1\" content=\"Gesch\u00e4tzte Lesezeit\" \/>\n\t<meta name=\"twitter:data1\" content=\"4\u00a0Minuten\" \/>\n<script type=\"application\/ld+json\" class=\"yoast-schema-graph\">{\"@context\":\"https:\/\/schema.org\",\"@graph\":[{\"@type\":\"WebPage\",\"@id\":\"https:\/\/dresden-nazifrei.com\/kampa\/erinnerungskultur\/mahngang-taeterspuren-2017\/verfolgung-homosexueller-im-3-reich\/\",\"url\":\"https:\/\/dresden-nazifrei.com\/kampa\/erinnerungskultur\/mahngang-taeterspuren-2017\/verfolgung-homosexueller-im-3-reich\/\",\"name\":\"Station 6 [Pillnitzer Stra\u00dfe 34]: Verfolgung Homosexueller im 3. Reich - Dresden WiEdersetzen\",\"isPartOf\":{\"@id\":\"https:\/\/dresden-nazifrei.com\/kampa\/#website\"},\"datePublished\":\"2017-02-14T12:24:14+00:00\",\"dateModified\":\"2022-03-03T18:26:37+00:00\",\"breadcrumb\":{\"@id\":\"https:\/\/dresden-nazifrei.com\/kampa\/erinnerungskultur\/mahngang-taeterspuren-2017\/verfolgung-homosexueller-im-3-reich\/#breadcrumb\"},\"inLanguage\":\"de\",\"potentialAction\":[{\"@type\":\"ReadAction\",\"target\":[\"https:\/\/dresden-nazifrei.com\/kampa\/erinnerungskultur\/mahngang-taeterspuren-2017\/verfolgung-homosexueller-im-3-reich\/\"]}]},{\"@type\":\"BreadcrumbList\",\"@id\":\"https:\/\/dresden-nazifrei.com\/kampa\/erinnerungskultur\/mahngang-taeterspuren-2017\/verfolgung-homosexueller-im-3-reich\/#breadcrumb\",\"itemListElement\":[{\"@type\":\"ListItem\",\"position\":1,\"name\":\"Startseite\",\"item\":\"https:\/\/dresden-nazifrei.com\/kampa\/\"},{\"@type\":\"ListItem\",\"position\":2,\"name\":\"Erinnerungskultur\",\"item\":\"https:\/\/dresden-nazifrei.com\/kampa\/erinnerungskultur\/\"},{\"@type\":\"ListItem\",\"position\":3,\"name\":\"Mahngang T\u00e4terspuren 2017\",\"item\":\"https:\/\/dresden-nazifrei.com\/kampa\/erinnerungskultur\/mahngang-taeterspuren-2017\/\"},{\"@type\":\"ListItem\",\"position\":4,\"name\":\"Station 6 [Pillnitzer Stra\u00dfe 34]: Verfolgung Homosexueller im 3. Reich\"}]},{\"@type\":\"WebSite\",\"@id\":\"https:\/\/dresden-nazifrei.com\/kampa\/#website\",\"url\":\"https:\/\/dresden-nazifrei.com\/kampa\/\",\"name\":\"Dresden WiEdersetzen\",\"description\":\"Dresden stellt sich quer\",\"publisher\":{\"@id\":\"https:\/\/dresden-nazifrei.com\/kampa\/#organization\"},\"potentialAction\":[{\"@type\":\"SearchAction\",\"target\":{\"@type\":\"EntryPoint\",\"urlTemplate\":\"https:\/\/dresden-nazifrei.com\/kampa\/?s={search_term_string}\"},\"query-input\":{\"@type\":\"PropertyValueSpecification\",\"valueRequired\":true,\"valueName\":\"search_term_string\"}}],\"inLanguage\":\"de\"},{\"@type\":\"Organization\",\"@id\":\"https:\/\/dresden-nazifrei.com\/kampa\/#organization\",\"name\":\"Dresden Nazifrei\",\"url\":\"https:\/\/dresden-nazifrei.com\/kampa\/\",\"logo\":{\"@type\":\"ImageObject\",\"inLanguage\":\"de\",\"@id\":\"https:\/\/dresden-nazifrei.com\/kampa\/#\/schema\/logo\/image\/\",\"url\":\"https:\/\/dresden-nazifrei.com\/kampa\/wp-content\/uploads\/2021\/03\/Logo-Schwarz-Rot.png\",\"contentUrl\":\"https:\/\/dresden-nazifrei.com\/kampa\/wp-content\/uploads\/2021\/03\/Logo-Schwarz-Rot.png\",\"width\":500,\"height\":500,\"caption\":\"Dresden Nazifrei\"},\"image\":{\"@id\":\"https:\/\/dresden-nazifrei.com\/kampa\/#\/schema\/logo\/image\/\"},\"sameAs\":[\"https:\/\/www.facebook.com\/dresden.stellt.sich.quer\/\",\"https:\/\/x.com\/dd_nazifrei\",\"https:\/\/www.instagram.com\/dd_nazifrei\/\",\"https:\/\/www.youtube.com\/channel\/UC2w1_etudyqY1XziVPgba8Q\"]}]}<\/script>\n<!-- \/ Yoast SEO plugin. -->","yoast_head_json":{"title":"Station 6 [Pillnitzer Stra\u00dfe 34]: Verfolgung Homosexueller im 3. Reich - Dresden WiEdersetzen","robots":{"index":"index","follow":"follow","max-snippet":"max-snippet:-1","max-image-preview":"max-image-preview:large","max-video-preview":"max-video-preview:-1"},"canonical":"https:\/\/dresden-nazifrei.com\/kampa\/erinnerungskultur\/mahngang-taeterspuren-2017\/verfolgung-homosexueller-im-3-reich\/","og_locale":"de_DE","og_type":"article","og_title":"Station 6 [Pillnitzer Stra\u00dfe 34]: Verfolgung Homosexueller im 3. Reich - Dresden WiEdersetzen","og_description":"175 Strafgesetzbuch: \u201eEin Mann, der mit einem anderen Mann Unzucht treibt oder sich von ihm zur Unzucht mi\u00dfbrauchen l\u00e4\u00dft, wird mit Gef\u00e4ngnis bestraft.\u201c G\u00fcltig von 1935 bis 1962 Hans Nagelstock wurde am 1. August&#46;&#46;&#46;","og_url":"https:\/\/dresden-nazifrei.com\/kampa\/erinnerungskultur\/mahngang-taeterspuren-2017\/verfolgung-homosexueller-im-3-reich\/","og_site_name":"Dresden WiEdersetzen","article_publisher":"https:\/\/www.facebook.com\/dresden.stellt.sich.quer\/","article_modified_time":"2022-03-03T18:26:37+00:00","og_image":[{"width":1600,"height":900,"url":"https:\/\/dresden-nazifrei.com\/kampa\/wp-content\/uploads\/2021\/01\/Stadt-FB-Rot.png","type":"image\/png"}],"twitter_card":"summary_large_image","twitter_site":"@dd_nazifrei","twitter_misc":{"Gesch\u00e4tzte Lesezeit":"4\u00a0Minuten"},"schema":{"@context":"https:\/\/schema.org","@graph":[{"@type":"WebPage","@id":"https:\/\/dresden-nazifrei.com\/kampa\/erinnerungskultur\/mahngang-taeterspuren-2017\/verfolgung-homosexueller-im-3-reich\/","url":"https:\/\/dresden-nazifrei.com\/kampa\/erinnerungskultur\/mahngang-taeterspuren-2017\/verfolgung-homosexueller-im-3-reich\/","name":"Station 6 [Pillnitzer Stra\u00dfe 34]: Verfolgung Homosexueller im 3. Reich - Dresden WiEdersetzen","isPartOf":{"@id":"https:\/\/dresden-nazifrei.com\/kampa\/#website"},"datePublished":"2017-02-14T12:24:14+00:00","dateModified":"2022-03-03T18:26:37+00:00","breadcrumb":{"@id":"https:\/\/dresden-nazifrei.com\/kampa\/erinnerungskultur\/mahngang-taeterspuren-2017\/verfolgung-homosexueller-im-3-reich\/#breadcrumb"},"inLanguage":"de","potentialAction":[{"@type":"ReadAction","target":["https:\/\/dresden-nazifrei.com\/kampa\/erinnerungskultur\/mahngang-taeterspuren-2017\/verfolgung-homosexueller-im-3-reich\/"]}]},{"@type":"BreadcrumbList","@id":"https:\/\/dresden-nazifrei.com\/kampa\/erinnerungskultur\/mahngang-taeterspuren-2017\/verfolgung-homosexueller-im-3-reich\/#breadcrumb","itemListElement":[{"@type":"ListItem","position":1,"name":"Startseite","item":"https:\/\/dresden-nazifrei.com\/kampa\/"},{"@type":"ListItem","position":2,"name":"Erinnerungskultur","item":"https:\/\/dresden-nazifrei.com\/kampa\/erinnerungskultur\/"},{"@type":"ListItem","position":3,"name":"Mahngang T\u00e4terspuren 2017","item":"https:\/\/dresden-nazifrei.com\/kampa\/erinnerungskultur\/mahngang-taeterspuren-2017\/"},{"@type":"ListItem","position":4,"name":"Station 6 [Pillnitzer Stra\u00dfe 34]: Verfolgung Homosexueller im 3. Reich"}]},{"@type":"WebSite","@id":"https:\/\/dresden-nazifrei.com\/kampa\/#website","url":"https:\/\/dresden-nazifrei.com\/kampa\/","name":"Dresden WiEdersetzen","description":"Dresden stellt sich quer","publisher":{"@id":"https:\/\/dresden-nazifrei.com\/kampa\/#organization"},"potentialAction":[{"@type":"SearchAction","target":{"@type":"EntryPoint","urlTemplate":"https:\/\/dresden-nazifrei.com\/kampa\/?s={search_term_string}"},"query-input":{"@type":"PropertyValueSpecification","valueRequired":true,"valueName":"search_term_string"}}],"inLanguage":"de"},{"@type":"Organization","@id":"https:\/\/dresden-nazifrei.com\/kampa\/#organization","name":"Dresden Nazifrei","url":"https:\/\/dresden-nazifrei.com\/kampa\/","logo":{"@type":"ImageObject","inLanguage":"de","@id":"https:\/\/dresden-nazifrei.com\/kampa\/#\/schema\/logo\/image\/","url":"https:\/\/dresden-nazifrei.com\/kampa\/wp-content\/uploads\/2021\/03\/Logo-Schwarz-Rot.png","contentUrl":"https:\/\/dresden-nazifrei.com\/kampa\/wp-content\/uploads\/2021\/03\/Logo-Schwarz-Rot.png","width":500,"height":500,"caption":"Dresden Nazifrei"},"image":{"@id":"https:\/\/dresden-nazifrei.com\/kampa\/#\/schema\/logo\/image\/"},"sameAs":["https:\/\/www.facebook.com\/dresden.stellt.sich.quer\/","https:\/\/x.com\/dd_nazifrei","https:\/\/www.instagram.com\/dd_nazifrei\/","https:\/\/www.youtube.com\/channel\/UC2w1_etudyqY1XziVPgba8Q"]}]}},"_links":{"self":[{"href":"https:\/\/dresden-nazifrei.com\/kampa\/wp-json\/wp\/v2\/pages\/293","targetHints":{"allow":["GET"]}}],"collection":[{"href":"https:\/\/dresden-nazifrei.com\/kampa\/wp-json\/wp\/v2\/pages"}],"about":[{"href":"https:\/\/dresden-nazifrei.com\/kampa\/wp-json\/wp\/v2\/types\/page"}],"author":[{"embeddable":true,"href":"https:\/\/dresden-nazifrei.com\/kampa\/wp-json\/wp\/v2\/users\/1"}],"replies":[{"embeddable":true,"href":"https:\/\/dresden-nazifrei.com\/kampa\/wp-json\/wp\/v2\/comments?post=293"}],"version-history":[{"count":3,"href":"https:\/\/dresden-nazifrei.com\/kampa\/wp-json\/wp\/v2\/pages\/293\/revisions"}],"predecessor-version":[{"id":8470,"href":"https:\/\/dresden-nazifrei.com\/kampa\/wp-json\/wp\/v2\/pages\/293\/revisions\/8470"}],"up":[{"embeddable":true,"href":"https:\/\/dresden-nazifrei.com\/kampa\/wp-json\/wp\/v2\/pages\/299"}],"wp:attachment":[{"href":"https:\/\/dresden-nazifrei.com\/kampa\/wp-json\/wp\/v2\/media?parent=293"}],"curies":[{"name":"wp","href":"https:\/\/api.w.org\/{rel}","templated":true}]}}