{"id":295,"date":"2017-02-14T13:24:02","date_gmt":"2017-02-14T12:24:02","guid":{"rendered":"http:\/\/dresden-nazifrei.com\/?p=295"},"modified":"2022-03-03T19:30:03","modified_gmt":"2022-03-03T18:30:03","slug":"recht-und-gewalt","status":"publish","type":"page","link":"https:\/\/dresden-nazifrei.com\/kampa\/erinnerungskultur\/mahngang-taeterspuren-2017\/recht-und-gewalt\/","title":{"rendered":"Station 7 [Landgericht Dresden]: Recht und Gewalt"},"content":{"rendered":"\n<p>Wir stehen hier am Geb\u00e4ude des Landgerichts. Seit 1892 war in diesem Geb\u00e4ude das Amtsgericht Dresden untergebracht. Das Landgericht Dresden befand sich bis 1945 nicht weit von hier in einem Geb\u00e4ude in der Pillnitzer Stra\u00dfe.<\/p>\n\n\n\n<p>Am 15. Januar 1936 ereignete sich hier ein Festakt, mit dem Dr. Heinz Jung in sein Amt als Generalstaatsanwalt eingef\u00fchrt wurde, dass er bis 1945 aus\u00fcbte. Bereits in den 1920er Jahren hatte Heinz Jung als Untersuchungsrichter antidemokratische Kr\u00e4fte mit juristischen Kniffen beg\u00fcnstigt. Ein Verfahren gegen Befehlshaber der \u201eSchwarzen Reichswehr\u201c zum Beispiel, die zahlreiche Morde ver\u00fcbte, dehnte er bis zur Wirksamkeit einer Amnestie in die L\u00e4nge.<\/p>\n\n\n\n<p>Seine Intention war es, die s\u00e4chsische Justiz nationalsozialistisch zu gestalten. Das hei\u00dft, dass die Inhalte von Recht und Gerechtigkeit von der nationalsozialistischen Weltanschauung bestimmt waren und sich das Recht als Vollzug des \u201eF\u00fchrerwillens\u201c darstellte. Heinz Jung ist vor allem die Versch\u00e4rfung der Anklageseite bei politischen Prozessen anzulasten. Besonders viele Anklagen verfasste er gegen Verst\u00f6\u00dfe der Rationierung von G\u00fctern und nach dem Tatbestand der sogenannten &#8222;Wehrkraftzersetzung\u201c, f\u00fcr die ab 1938 die Todesstrafe verh\u00e4ngt wurde. Die ab 1941 gef\u00fchrten Prozesse wegen Hochverrats gegen tschechische Angeklagte aus den besetzten Gebieten trugen seine Handschrift und endeten mit vielen Todesurteilen. Jung forderte von seinen Kollegen und in der Presse mehr Urteile mit Todesstrafe und l\u00e4ngere Zuchthausstrafen. Vorhandene gesetzliche Grenzen sollten das seiner Meinung nach nicht behindern.<\/p>\n\n\n\n<p>Heinz Jung tauchte nach Kriegsende unter, findet sich jedoch ab 1958 in einem K\u00f6lner Adressbuch als &#8222;Heinz Jung GenStaatsanwalt a.D.\u201c Er starb am 30.Oktober 1959 in K\u00f6ln ohne das je eine Anklage gegen ihn erhoben wurde.<\/p>\n\n\n\n<p>Jung war kein Einzelfall. Im Gegenteil! Der Justizapparat der NS-Zeit war nach 1949 in personeller Hinsicht fast vollst\u00e4ndig wiederhergestellt. Trotz der unvorstellbaren Zahl von etwa 50 000 Todesurteilen deutscher Gerichte im Nationalsozialismus ist kein einziger der beteiligten Richter oder Staatsanw\u00e4lte von der Justiz der Bundesrepublik Deutschland strafrechtlich zur Verantwortung gezogen worden. In wenigen anderen Bereichen war die Kontinuit\u00e4t zu den Jahren vor 1945 so frappierend und folgenreich wie in der Justiz. Die ehemaligen Nazirichter betrieben Rechtsprechung in eigener Sache und nahmen Einfluss auf die Auffassung und Umsetzung der Gesetze in der Bundesrepublik Deutschland.<\/p>\n\n\n\n<p>So konnte \u00fcber Jahrzehnte eine \u00bbUmdeutung der NS-Diktatur in einen Rechtsstaat\u00ab stattfinden. Der ber\u00fcchtigte Milit\u00e4rrichter Hans Filbinger fasste diese Tendenz 1978 als baden-w\u00fcrttembergischer Ministerpr\u00e4sident in die Worte: \u201eWas damals Rechtens war, kann heute nicht Unrecht sein!\u201c<\/p>\n\n\n\n<p>Die personellen Kontinuit\u00e4ten fanden statt, trotzdem in bewusster Abkehr von nationalsozialistischen Vorstellungen schon mit dem Grundgesetz 1949 eine grunds\u00e4tzliche Wertentscheidung deutlich wurde: Der Staat ist um des Menschen willen da. Deshalb stehen im Grundgesetz die Grundrechte als zwingendes und f\u00fcr alle Bereiche der Staatsgewalt unmittelbar geltendes Recht im Vordergrund. Diese k\u00f6nnen von den Staatsorganen nicht nach Belieben angewendet oder beiseitegeschoben werden.<\/p>\n\n\n\n<p>Gerichte sind als dritte Gewalt im Staatsgef\u00fcge f\u00fcr die Entscheidungen von Streitigkeiten zwischen B\u00fcrger_innen und Staat oder B\u00fcrger_innen untereinander am Ma\u00dfstab des Rechts zust\u00e4ndig. Nach dem in Art. 20 Abs. 3 GG verankerten Rechtsstaatsprinzip sind Gerichte an \u201eRecht und Gesetz\u201c gebunden und damit zuallererst an das Grundgesetz. Diese Bindung soll vor staatlicher Willk\u00fcr durch einzelne Funktionstr\u00e4ger_innen in der Justiz sch\u00fctzen. Die Wahrung des Schutzes, die die Grundrechte den Menschen als Freiheits- und Gleichheitsrechte bieten, soll durch die Gerichte gew\u00e4hrt sein.<\/p>\n\n\n\n<p>Eingriffe in Grundrechte sind daher nur innerhalb des von Parlamentsgesetzen gesteckten Rahmens zul\u00e4ssig.<\/p>\n\n\n\n<p>Wir sehen allerdings auch heute noch regelm\u00e4\u00dfig, nicht zuletzt auch in Dresden, und trotz des theoretischen Schutzes durch die Grundrechte, dass Gesetze durch einzelne Richter_innen weit ausgedehnt werden k\u00f6nnen. Und wie schon im Fall der Polizei ist es wichtig, an diesen Stellen genauer hinzusehen und fr\u00fchzeitig eine kritische Gegen\u00f6ffentlichkeit zu schaffen.<\/p>\n\n\n\n<ul class=\"wp-block-list\"><li>So ordnete das Amtsgericht Dresden mit Beschluss vom 25.02.2011 eine nichtindividualisierte Funkzellenabfrage f\u00fcr alle Handydaten in der Dresdner S\u00fcdvorstadt am 19.02.2011 von 7:00-19:00 Uhr an. Das Landgericht Dresden erkl\u00e4rte diesen Beschluss 2013 f\u00fcr rechtswidrig, da die tats\u00e4chlichen Voraussetzungen, die eine solche \u00dcberwachungsma\u00dfnahme gesetzlich rechtfertigen k\u00f6nnen, vom Amtsgericht gar nicht aufgef\u00fchrt wurden.<\/li><li>Mit einem Urteil aus dem Jahr 2013 wurde ein mutma\u00dflicher Teilnehmer der Blockaden des Naziaufmarsches vom Februar 2011 zu einer fast zweij\u00e4hrigen Haftstrafe verurteilt, obwohl &#8211; wie letztlich 4 Jahre sp\u00e4ter durch das Landgericht Dresden festgestellt wurde \u2013 keine Beweise f\u00fcr die Erf\u00fcllung der ihm vorgeworfenen Straftatbest\u00e4nde vorlagen.<\/li><\/ul>\n\n\n\n<p>Weitere Beispiele dieser Art lie\u00dfen sich anf\u00fchren. Sie zeigen, dass Gesetze nach wie vor mit einem gro\u00dfen individuellen Spielraum von den jeweiligen Richter_innen angewandt werden k\u00f6nnen. Sie \u00fcben so erhebliche Macht aus. Selbst wenn strittige Entscheidungen Jahre sp\u00e4ter von h\u00f6herinstanzlichen Gerichten ge\u00e4ndert oder aufgehoben werden \u2013 die daraus entstehende Belastung und damit die Grundrechtsbetroffenheit f\u00fcr die beteiligten Menschen ist nicht mehr r\u00fcckg\u00e4ngig zu machen.<\/p>\n\n\n\n<p>Dass gerade politische Haltungen so an einer Stelle machtvoll zum Ausdruck gebracht werden k\u00f6nnen, zeigt m\u00f6glicherweise auch ein Beschluss von Mai 2015, in dem ein Richter am LG Dresden eine einstweilige Verf\u00fcgung gegen&nbsp; Extremismusforscher Dr. Steffen Kailitz erlie\u00df, nach der dieser nicht mehr in der \u00d6ffentlichkeit behaupten durfte, dass die NPD &#8222;acht bis elf millionen Menschen aus Deutschland verteiben&#8220; wolle, darunter auch &#8222;mehrere Millionen deutscher Staatsb\u00fcrger mit Migrationshintergrund&#8220;. Der gleiche Richter erkl\u00e4rte in einer Rede am 17.01.2017 in seiner Funktion als AfD Bundestagskandidat den &#8222;Schuldkult&#8220; der Deutschen f\u00fcr &#8222;endg\u00fcltig beendet&#8220;.<\/p>\n","protected":false},"excerpt":{"rendered":"<p>Wir stehen hier am Geb\u00e4ude des Landgerichts. Seit 1892 war in diesem Geb\u00e4ude das Amtsgericht Dresden untergebracht. Das Landgericht Dresden befand sich bis 1945 nicht weit von hier in einem Geb\u00e4ude in der Pillnitzer&#46;&#46;&#46;<\/p>\n","protected":false},"author":1,"featured_media":0,"parent":299,"menu_order":7,"comment_status":"closed","ping_status":"closed","template":"","meta":{"_monsterinsights_skip_tracking":false,"_monsterinsights_sitenote_active":false,"_monsterinsights_sitenote_note":"","_monsterinsights_sitenote_category":0,"footnotes":""},"class_list":["post-295","page","type-page","status-publish","hentry"],"yoast_head":"<!-- This site is optimized with the Yoast SEO plugin v27.2 - https:\/\/yoast.com\/product\/yoast-seo-wordpress\/ -->\n<title>Station 7 [Landgericht Dresden]: Recht und Gewalt - Dresden WiEdersetzen<\/title>\n<meta name=\"robots\" content=\"index, follow, max-snippet:-1, max-image-preview:large, max-video-preview:-1\" \/>\n<link rel=\"canonical\" href=\"https:\/\/dresden-nazifrei.com\/kampa\/erinnerungskultur\/mahngang-taeterspuren-2017\/recht-und-gewalt\/\" \/>\n<meta property=\"og:locale\" content=\"de_DE\" \/>\n<meta property=\"og:type\" content=\"article\" \/>\n<meta property=\"og:title\" content=\"Station 7 [Landgericht Dresden]: Recht und Gewalt - Dresden WiEdersetzen\" \/>\n<meta property=\"og:description\" content=\"Wir stehen hier am Geb\u00e4ude des Landgerichts. Seit 1892 war in diesem Geb\u00e4ude das Amtsgericht Dresden untergebracht. Das Landgericht Dresden befand sich bis 1945 nicht weit von hier in einem Geb\u00e4ude in der Pillnitzer&#046;&#046;&#046;\" \/>\n<meta property=\"og:url\" content=\"https:\/\/dresden-nazifrei.com\/kampa\/erinnerungskultur\/mahngang-taeterspuren-2017\/recht-und-gewalt\/\" \/>\n<meta property=\"og:site_name\" content=\"Dresden WiEdersetzen\" \/>\n<meta property=\"article:publisher\" content=\"https:\/\/www.facebook.com\/dresden.stellt.sich.quer\/\" \/>\n<meta property=\"article:modified_time\" content=\"2022-03-03T18:30:03+00:00\" \/>\n<meta property=\"og:image\" content=\"https:\/\/dresden-nazifrei.com\/kampa\/wp-content\/uploads\/2021\/01\/Stadt-FB-Rot.png\" \/>\n\t<meta property=\"og:image:width\" content=\"1600\" \/>\n\t<meta property=\"og:image:height\" content=\"900\" \/>\n\t<meta property=\"og:image:type\" content=\"image\/png\" \/>\n<meta name=\"twitter:card\" content=\"summary_large_image\" \/>\n<meta name=\"twitter:site\" content=\"@dd_nazifrei\" \/>\n<meta name=\"twitter:label1\" content=\"Gesch\u00e4tzte Lesezeit\" \/>\n\t<meta name=\"twitter:data1\" content=\"5\u00a0Minuten\" \/>\n<script type=\"application\/ld+json\" class=\"yoast-schema-graph\">{\"@context\":\"https:\/\/schema.org\",\"@graph\":[{\"@type\":\"WebPage\",\"@id\":\"https:\/\/dresden-nazifrei.com\/kampa\/erinnerungskultur\/mahngang-taeterspuren-2017\/recht-und-gewalt\/\",\"url\":\"https:\/\/dresden-nazifrei.com\/kampa\/erinnerungskultur\/mahngang-taeterspuren-2017\/recht-und-gewalt\/\",\"name\":\"Station 7 [Landgericht Dresden]: Recht und Gewalt - Dresden WiEdersetzen\",\"isPartOf\":{\"@id\":\"https:\/\/dresden-nazifrei.com\/kampa\/#website\"},\"datePublished\":\"2017-02-14T12:24:02+00:00\",\"dateModified\":\"2022-03-03T18:30:03+00:00\",\"breadcrumb\":{\"@id\":\"https:\/\/dresden-nazifrei.com\/kampa\/erinnerungskultur\/mahngang-taeterspuren-2017\/recht-und-gewalt\/#breadcrumb\"},\"inLanguage\":\"de\",\"potentialAction\":[{\"@type\":\"ReadAction\",\"target\":[\"https:\/\/dresden-nazifrei.com\/kampa\/erinnerungskultur\/mahngang-taeterspuren-2017\/recht-und-gewalt\/\"]}]},{\"@type\":\"BreadcrumbList\",\"@id\":\"https:\/\/dresden-nazifrei.com\/kampa\/erinnerungskultur\/mahngang-taeterspuren-2017\/recht-und-gewalt\/#breadcrumb\",\"itemListElement\":[{\"@type\":\"ListItem\",\"position\":1,\"name\":\"Startseite\",\"item\":\"https:\/\/dresden-nazifrei.com\/kampa\/\"},{\"@type\":\"ListItem\",\"position\":2,\"name\":\"Erinnerungskultur\",\"item\":\"https:\/\/dresden-nazifrei.com\/kampa\/erinnerungskultur\/\"},{\"@type\":\"ListItem\",\"position\":3,\"name\":\"Mahngang T\u00e4terspuren 2017\",\"item\":\"https:\/\/dresden-nazifrei.com\/kampa\/erinnerungskultur\/mahngang-taeterspuren-2017\/\"},{\"@type\":\"ListItem\",\"position\":4,\"name\":\"Station 7 [Landgericht Dresden]: Recht und Gewalt\"}]},{\"@type\":\"WebSite\",\"@id\":\"https:\/\/dresden-nazifrei.com\/kampa\/#website\",\"url\":\"https:\/\/dresden-nazifrei.com\/kampa\/\",\"name\":\"Dresden WiEdersetzen\",\"description\":\"Dresden stellt sich quer\",\"publisher\":{\"@id\":\"https:\/\/dresden-nazifrei.com\/kampa\/#organization\"},\"potentialAction\":[{\"@type\":\"SearchAction\",\"target\":{\"@type\":\"EntryPoint\",\"urlTemplate\":\"https:\/\/dresden-nazifrei.com\/kampa\/?s={search_term_string}\"},\"query-input\":{\"@type\":\"PropertyValueSpecification\",\"valueRequired\":true,\"valueName\":\"search_term_string\"}}],\"inLanguage\":\"de\"},{\"@type\":\"Organization\",\"@id\":\"https:\/\/dresden-nazifrei.com\/kampa\/#organization\",\"name\":\"Dresden Nazifrei\",\"url\":\"https:\/\/dresden-nazifrei.com\/kampa\/\",\"logo\":{\"@type\":\"ImageObject\",\"inLanguage\":\"de\",\"@id\":\"https:\/\/dresden-nazifrei.com\/kampa\/#\/schema\/logo\/image\/\",\"url\":\"https:\/\/dresden-nazifrei.com\/kampa\/wp-content\/uploads\/2021\/03\/Logo-Schwarz-Rot.png\",\"contentUrl\":\"https:\/\/dresden-nazifrei.com\/kampa\/wp-content\/uploads\/2021\/03\/Logo-Schwarz-Rot.png\",\"width\":500,\"height\":500,\"caption\":\"Dresden Nazifrei\"},\"image\":{\"@id\":\"https:\/\/dresden-nazifrei.com\/kampa\/#\/schema\/logo\/image\/\"},\"sameAs\":[\"https:\/\/www.facebook.com\/dresden.stellt.sich.quer\/\",\"https:\/\/x.com\/dd_nazifrei\",\"https:\/\/www.instagram.com\/dd_nazifrei\/\",\"https:\/\/www.youtube.com\/channel\/UC2w1_etudyqY1XziVPgba8Q\"]}]}<\/script>\n<!-- \/ Yoast SEO plugin. -->","yoast_head_json":{"title":"Station 7 [Landgericht Dresden]: Recht und Gewalt - Dresden WiEdersetzen","robots":{"index":"index","follow":"follow","max-snippet":"max-snippet:-1","max-image-preview":"max-image-preview:large","max-video-preview":"max-video-preview:-1"},"canonical":"https:\/\/dresden-nazifrei.com\/kampa\/erinnerungskultur\/mahngang-taeterspuren-2017\/recht-und-gewalt\/","og_locale":"de_DE","og_type":"article","og_title":"Station 7 [Landgericht Dresden]: Recht und Gewalt - Dresden WiEdersetzen","og_description":"Wir stehen hier am Geb\u00e4ude des Landgerichts. Seit 1892 war in diesem Geb\u00e4ude das Amtsgericht Dresden untergebracht. Das Landgericht Dresden befand sich bis 1945 nicht weit von hier in einem Geb\u00e4ude in der Pillnitzer&#46;&#46;&#46;","og_url":"https:\/\/dresden-nazifrei.com\/kampa\/erinnerungskultur\/mahngang-taeterspuren-2017\/recht-und-gewalt\/","og_site_name":"Dresden WiEdersetzen","article_publisher":"https:\/\/www.facebook.com\/dresden.stellt.sich.quer\/","article_modified_time":"2022-03-03T18:30:03+00:00","og_image":[{"width":1600,"height":900,"url":"https:\/\/dresden-nazifrei.com\/kampa\/wp-content\/uploads\/2021\/01\/Stadt-FB-Rot.png","type":"image\/png"}],"twitter_card":"summary_large_image","twitter_site":"@dd_nazifrei","twitter_misc":{"Gesch\u00e4tzte Lesezeit":"5\u00a0Minuten"},"schema":{"@context":"https:\/\/schema.org","@graph":[{"@type":"WebPage","@id":"https:\/\/dresden-nazifrei.com\/kampa\/erinnerungskultur\/mahngang-taeterspuren-2017\/recht-und-gewalt\/","url":"https:\/\/dresden-nazifrei.com\/kampa\/erinnerungskultur\/mahngang-taeterspuren-2017\/recht-und-gewalt\/","name":"Station 7 [Landgericht Dresden]: Recht und Gewalt - Dresden WiEdersetzen","isPartOf":{"@id":"https:\/\/dresden-nazifrei.com\/kampa\/#website"},"datePublished":"2017-02-14T12:24:02+00:00","dateModified":"2022-03-03T18:30:03+00:00","breadcrumb":{"@id":"https:\/\/dresden-nazifrei.com\/kampa\/erinnerungskultur\/mahngang-taeterspuren-2017\/recht-und-gewalt\/#breadcrumb"},"inLanguage":"de","potentialAction":[{"@type":"ReadAction","target":["https:\/\/dresden-nazifrei.com\/kampa\/erinnerungskultur\/mahngang-taeterspuren-2017\/recht-und-gewalt\/"]}]},{"@type":"BreadcrumbList","@id":"https:\/\/dresden-nazifrei.com\/kampa\/erinnerungskultur\/mahngang-taeterspuren-2017\/recht-und-gewalt\/#breadcrumb","itemListElement":[{"@type":"ListItem","position":1,"name":"Startseite","item":"https:\/\/dresden-nazifrei.com\/kampa\/"},{"@type":"ListItem","position":2,"name":"Erinnerungskultur","item":"https:\/\/dresden-nazifrei.com\/kampa\/erinnerungskultur\/"},{"@type":"ListItem","position":3,"name":"Mahngang T\u00e4terspuren 2017","item":"https:\/\/dresden-nazifrei.com\/kampa\/erinnerungskultur\/mahngang-taeterspuren-2017\/"},{"@type":"ListItem","position":4,"name":"Station 7 [Landgericht Dresden]: Recht und Gewalt"}]},{"@type":"WebSite","@id":"https:\/\/dresden-nazifrei.com\/kampa\/#website","url":"https:\/\/dresden-nazifrei.com\/kampa\/","name":"Dresden WiEdersetzen","description":"Dresden stellt sich quer","publisher":{"@id":"https:\/\/dresden-nazifrei.com\/kampa\/#organization"},"potentialAction":[{"@type":"SearchAction","target":{"@type":"EntryPoint","urlTemplate":"https:\/\/dresden-nazifrei.com\/kampa\/?s={search_term_string}"},"query-input":{"@type":"PropertyValueSpecification","valueRequired":true,"valueName":"search_term_string"}}],"inLanguage":"de"},{"@type":"Organization","@id":"https:\/\/dresden-nazifrei.com\/kampa\/#organization","name":"Dresden Nazifrei","url":"https:\/\/dresden-nazifrei.com\/kampa\/","logo":{"@type":"ImageObject","inLanguage":"de","@id":"https:\/\/dresden-nazifrei.com\/kampa\/#\/schema\/logo\/image\/","url":"https:\/\/dresden-nazifrei.com\/kampa\/wp-content\/uploads\/2021\/03\/Logo-Schwarz-Rot.png","contentUrl":"https:\/\/dresden-nazifrei.com\/kampa\/wp-content\/uploads\/2021\/03\/Logo-Schwarz-Rot.png","width":500,"height":500,"caption":"Dresden Nazifrei"},"image":{"@id":"https:\/\/dresden-nazifrei.com\/kampa\/#\/schema\/logo\/image\/"},"sameAs":["https:\/\/www.facebook.com\/dresden.stellt.sich.quer\/","https:\/\/x.com\/dd_nazifrei","https:\/\/www.instagram.com\/dd_nazifrei\/","https:\/\/www.youtube.com\/channel\/UC2w1_etudyqY1XziVPgba8Q"]}]}},"_links":{"self":[{"href":"https:\/\/dresden-nazifrei.com\/kampa\/wp-json\/wp\/v2\/pages\/295","targetHints":{"allow":["GET"]}}],"collection":[{"href":"https:\/\/dresden-nazifrei.com\/kampa\/wp-json\/wp\/v2\/pages"}],"about":[{"href":"https:\/\/dresden-nazifrei.com\/kampa\/wp-json\/wp\/v2\/types\/page"}],"author":[{"embeddable":true,"href":"https:\/\/dresden-nazifrei.com\/kampa\/wp-json\/wp\/v2\/users\/1"}],"replies":[{"embeddable":true,"href":"https:\/\/dresden-nazifrei.com\/kampa\/wp-json\/wp\/v2\/comments?post=295"}],"version-history":[{"count":4,"href":"https:\/\/dresden-nazifrei.com\/kampa\/wp-json\/wp\/v2\/pages\/295\/revisions"}],"predecessor-version":[{"id":8473,"href":"https:\/\/dresden-nazifrei.com\/kampa\/wp-json\/wp\/v2\/pages\/295\/revisions\/8473"}],"up":[{"embeddable":true,"href":"https:\/\/dresden-nazifrei.com\/kampa\/wp-json\/wp\/v2\/pages\/299"}],"wp:attachment":[{"href":"https:\/\/dresden-nazifrei.com\/kampa\/wp-json\/wp\/v2\/media?parent=295"}],"curies":[{"name":"wp","href":"https:\/\/api.w.org\/{rel}","templated":true}]}}