{"id":297,"date":"2017-02-14T13:23:42","date_gmt":"2017-02-14T12:23:42","guid":{"rendered":"http:\/\/dresden-nazifrei.com\/?p=297"},"modified":"2022-03-03T19:31:11","modified_gmt":"2022-03-03T18:31:11","slug":"soziale-arbeit-im-3-reich","status":"publish","type":"page","link":"https:\/\/dresden-nazifrei.com\/kampa\/erinnerungskultur\/mahngang-taeterspuren-2017\/soziale-arbeit-im-3-reich\/","title":{"rendered":"Station 8 [D\u00fcrer Stra\u00dfe 25]: Soziale Arbeit im 3. Reich"},"content":{"rendered":"\n<p>Wir stehen jetzt vor den ehemaligen Technischen Lehranstalten der Stadt Dresden. Heute befindet sich in dem 1958 neu errichteten Geb\u00e4ude die Evangelische Hochschule Dresden mit ihren Studienbereichen f\u00fcr Soziale Arbeit, fr\u00fchkindliche Erziehung und Pflegewissenschaft. Wir haben diesen Ort bewusst als letzte Station des diesj\u00e4hrigen Mahnganges gew\u00e4hlt um uns mit der Sozialpolitik im Nationalsozialismus, aber auch den aktuellen sozialpolitischen Forderungen der Neuen Rechten zu besch\u00e4ftigen. Beide verbindet, dass ein vordergr\u00fcndig von F\u00fcrsorge geleitetes Handeln menschenfeindliche Einstellungen, sozialdarwinistische Ideologeme und rassistisches Gedankengut transportiert. &nbsp;Da Menschen in helfenden Berufen oft besonderes Vertrauen genie\u00dfen, kann reaktion\u00e4res Gedankengut durch sie salonf\u00e4hig werden.<\/p>\n\n\n\n<p>Die Sozialpolitik im Dritten Reich war gepr\u00e4gt von den Ideen der Sozialhygiene und der Erbgesundheitslehre, der Eugenik. Im Laufe des 19. Jahrhunderts setzte sich in der \u00d6ffentlichkeit der modernen, westlichen Staaten die Vorstellung durch, Armut, Elend und Kriminalit\u00e4t seien auf sittlich-moralische Verdorbenheit bzw. auf genetische Veranlagung zur\u00fcckzuf\u00fchren. Nicht soziale Ungleichheit und gesellschaftliche Verh\u00e4ltnisse, sondern die Betroffenen selbst waren somit f\u00fcr ihre defizit\u00e4re Lage verantwortlich. Durch Absonderung, autorit\u00e4re Erziehung und Sterilisierung sollte ihr \u201esch\u00e4dlicher Einfluss auf die Gesellschaft\u201c unterbunden werden. Die Nazis \u00fcbernahmen diese damals weitgehend anerkannten Erkl\u00e4rungen und trieben sie weiter. Durch F\u00f6rderung und Schutz sogenannter \u201eerbgesunder\u201c und \u201erassisch wertvoller\u201c Familien sollte eine auf Leistung basierende Volksgemeinschaft geschaffen werden. Grundlage der sogenannten der Volksgemeinschaft war die geschickte aber t\u00e4uschende Forderung \u201eGemeinnutz vor Eigennutz\u201c aus dem 25-Punkte-Programm der NSDAP. Zum Zwecke des Gemeinnutzes sollten \u201e &#8230; geistig besonders veranlagte \u2026 Kinder armer Eltern \u2026 auf Staatskosten\u201c ausgebildet werden um ihnen das \u201e \u2026 Einr\u00fccken in f\u00fchrende Stellungen zu erm\u00f6glichen \u2026\u201c. Kehrseite dieser Politik der F\u00f6rderung war die systematische Ausgrenzung, Verfolgung und letztlich Vernichtung derjenigen, die von den Nazis und ihren Mitl\u00e4ufer_innen als \u201eNichtleistungsf\u00e4hige\u201c und \u201eVolkssch\u00e4dlinge\u201c angesehen wurden. Dies betraf vor allem geistig und k\u00f6rperlich Behinderte, Homosexuelle, Sinti, Roma, sogenannte \u201eAsoziale\u201c, unangepasste Jugendliche und auch politische Gegner_innen.<\/p>\n\n\n\n<p>Eine der ersten juristischen Grundlagen dieser Verfolgung bildete das \u201eGesetz zur Verh\u00fctung erbkranken Nachwuchses\u201c von 1934. Als \u201eerbkrank im Sinne dieses Gesetzes\u201c galt unter anderem, wer an \u201eangeborenem Schwachsinn, Schizophrenie, oder schwerem Alkoholismus\u201c litt. Der vage Begriff des \u201eangeborenen Schwachsinns\u201c wurde in einem \u201eFragebogen f\u00fcr Erbrankheiten\u201c genauer definiert als \u201eEinstellung gegen die Arbeit, Unf\u00e4higkeit zur F\u00fchrung eines geordneten Haushalts, \u2026, Sinnlosigkeit in geschlechtlichen Dingen, \u2026 [und] asoziales Verhalten gegen\u00fcber Familie, Gemeinde, Polizei\u201c. Durch diese Definition wurde es m\u00f6glich, neben physisch oder psychisch Kranken auch unliebsame Personen und politische Gegner_innen als \u201eschwachsinnig\u201c zwangsweise zu sterilisieren, sie zu entm\u00fcndigen und sie in Pflege- oder Arbeitsanstalten verschwinden zu lassen, wo etliche von ihnen an Mangelern\u00e4hrung starben.<\/p>\n\n\n\n<p>Mit der Vorbereitung und dem Beginn des Zweiten Weltkriegs versch\u00e4rfte sich die selektive Sozialpolitik der Nazis weiter. Immer mehr vermeintliche \u201eAsoziale\u201c und auch Homosexuelle wurden in den Konzentrationslagern durch Zwangsarbeit f\u00fcr die Kriegf\u00fchrung ausgebeutet und vernichtet. Tausende Menschen mit geistigen oder k\u00f6rperlichen Behinderungen wurden in den T\u00f6tungsanstalten des Euthanasie-Programms der Nazis ermordet. Sinti und Roma, die als \u201eZigeuner\u201c und \u201efahrendes Volk\u201c stigmatisiert wurden, vergasten die Nazis in den Vernichtungslagern im besetzten Osteuropa.<\/p>\n\n\n\n<p>Heute, 70 Jahre nach dem Ende der nationalsozialistischen Herrschaft, erleben wir erneut ein Erstarken rechter und autorit\u00e4rer Ideologien. Dabei versuchen PEGIDA, AfD und Co., sich als K\u00fcmmerer und \u201eAnw\u00e4lte des kleinen Mannes\u201c darzustellen. Eines der markantesten Dresdner Beispiele dieser Selbstinszenierung ist der Verein \u201eDresdner B\u00fcrger helfen Dresdner Obdachlosen und Bed\u00fcrftigen e.V.\u201c. Gegr\u00fcndet wurde der Verein am 21. Juli 2016 von dem PEGIDA-Anh\u00e4nger Ingolf Knajder. Doch was hier auf den ersten Blick als sozial und wohlt\u00e4tig daherkommt, offenbart sich ziemlich schnell als rassistische Stimmungsmache auf Kosten von Bed\u00fcrftigen. In einem Interview beklagte Knajder, die Wohlt\u00e4tigkeitsvereine Tafel e.V. w\u00fcrden sich nicht mehr um Obdachlose und Bed\u00fcrftige k\u00fcmmern, sondern \u201e\u2026 Asylanten, illegale Einwanderer ohne Ausweispapiere, Asylmissbraucher und Scheinasylanten, kriminelle Migranten und islamistische Terroristen \u2026 bek\u00f6stigen\u201c. \u00c4hnliches ist auch bei der AfD zu beobachten. In Interviews oder Redebeitr\u00e4gen werden v\u00f6llig zurecht Missst\u00e4nde wie drohende Altersarmut oder die N\u00f6te alleinerziehender Eltern angeprangert. Bei einer genaueren Lekt\u00fcre des AfD-Parteiprogramms wird aber schnell klar, dass durch die geforderten Ma\u00dfnahmen nicht nur der neoliberale Sozialabbau versch\u00e4rft wird, sondern auch v\u00f6lkischer Nationalismus und andere ausgrenzenden Ideen propagiert werden. In ihrem Programm fordert die AfD unter anderem, \u201enicht therapierbare alkohol- und drogenabh\u00e4ngige, sowie psychisch kranke T\u00e4ter, von denen erhebliche Gefahren f\u00fcr die Allgemeinheit ausgehen, nicht in psychiatrischen Krankenh\u00e4usern, sondern in der Sicherungsverwahrung unterzubringen\u201c. Das Hartz-IV-System soll durch eine noch restriktivere \u201eAktivierende Grundsicherung\u201c ersetzt werden. Die Inklusion von Behinderten ins regul\u00e4re Schulsystem wird abgelehnt, da sie Lernerfolge hemmen w\u00fcrde. Vor allem soll aber die \u201eindividuelle h\u00e4usliche Pflege \u2026 zu einem Hauptbestandteil der sozialen Sicherungssysteme\u201c ausgebaut werden. Frauen sollen damit wieder aus der Lohnarbeit zur\u00fcck in die unentlohnten Bereiche der Reproduktions- und Pflegearbeit gedr\u00e4ngt werden.<\/p>\n\n\n\n<p>Demokratie wird hier verstanden als Privileg einer selbstinszenierten Mehrheit, die sich mit allen Mitteln gegen Teilhabeanspr\u00fcche \u201elauter Minderheiten\u201c zur Wehr setzten muss.<\/p>\n\n\n\n<p>All diese Forderungen, die momentan mehr und mehr gesellschaftliche Zustimmung erfahren, erinnern auf fatale Weise an die Ideen, die in Europa am Vorabend des Nationalsozialismus allgemein anerkannt waren und auf die verschiedenste faschistische Gruppierungen erfolgreich bauen konnten.<\/p>\n\n\n\n<p>Aufgabe von Wissenschaft und demokratischer \u00d6ffentlichkeit w\u00e4re es, die kritischen und warnenden Stimmen, die es damals gab und die es heute gibt, zu h\u00f6ren und zu st\u00e4rken. Damals wurden die Warner von den Nazis verfolgt. Unser heutiger Mahngang ist ein Aufruf \u201eDresden &#8230; wir m\u00fcssen reden!\u201c<\/p>\n","protected":false},"excerpt":{"rendered":"<p>Wir stehen jetzt vor den ehemaligen Technischen Lehranstalten der Stadt Dresden. Heute befindet sich in dem 1958 neu errichteten Geb\u00e4ude die Evangelische Hochschule Dresden mit ihren Studienbereichen f\u00fcr Soziale Arbeit, fr\u00fchkindliche Erziehung und Pflegewissenschaft.&#46;&#46;&#46;<\/p>\n","protected":false},"author":1,"featured_media":0,"parent":299,"menu_order":8,"comment_status":"closed","ping_status":"closed","template":"","meta":{"_monsterinsights_skip_tracking":false,"_monsterinsights_sitenote_active":false,"_monsterinsights_sitenote_note":"","_monsterinsights_sitenote_category":0,"footnotes":""},"class_list":["post-297","page","type-page","status-publish","hentry"],"yoast_head":"<!-- This site is optimized with the Yoast SEO plugin v27.2 - https:\/\/yoast.com\/product\/yoast-seo-wordpress\/ -->\n<title>Station 8 [D\u00fcrer Stra\u00dfe 25]: Soziale Arbeit im 3. Reich - Dresden WiEdersetzen<\/title>\n<meta name=\"robots\" content=\"index, follow, max-snippet:-1, max-image-preview:large, max-video-preview:-1\" \/>\n<link rel=\"canonical\" href=\"https:\/\/dresden-nazifrei.com\/kampa\/erinnerungskultur\/mahngang-taeterspuren-2017\/soziale-arbeit-im-3-reich\/\" \/>\n<meta property=\"og:locale\" content=\"de_DE\" \/>\n<meta property=\"og:type\" content=\"article\" \/>\n<meta property=\"og:title\" content=\"Station 8 [D\u00fcrer Stra\u00dfe 25]: Soziale Arbeit im 3. Reich - Dresden WiEdersetzen\" \/>\n<meta property=\"og:description\" content=\"Wir stehen jetzt vor den ehemaligen Technischen Lehranstalten der Stadt Dresden. Heute befindet sich in dem 1958 neu errichteten Geb\u00e4ude die Evangelische Hochschule Dresden mit ihren Studienbereichen f\u00fcr Soziale Arbeit, fr\u00fchkindliche Erziehung und Pflegewissenschaft.&#046;&#046;&#046;\" \/>\n<meta property=\"og:url\" content=\"https:\/\/dresden-nazifrei.com\/kampa\/erinnerungskultur\/mahngang-taeterspuren-2017\/soziale-arbeit-im-3-reich\/\" \/>\n<meta property=\"og:site_name\" content=\"Dresden WiEdersetzen\" \/>\n<meta property=\"article:publisher\" content=\"https:\/\/www.facebook.com\/dresden.stellt.sich.quer\/\" \/>\n<meta property=\"article:modified_time\" content=\"2022-03-03T18:31:11+00:00\" \/>\n<meta property=\"og:image\" content=\"https:\/\/dresden-nazifrei.com\/kampa\/wp-content\/uploads\/2021\/01\/Stadt-FB-Rot.png\" \/>\n\t<meta property=\"og:image:width\" content=\"1600\" \/>\n\t<meta property=\"og:image:height\" content=\"900\" \/>\n\t<meta property=\"og:image:type\" content=\"image\/png\" \/>\n<meta name=\"twitter:card\" content=\"summary_large_image\" \/>\n<meta name=\"twitter:site\" content=\"@dd_nazifrei\" \/>\n<meta name=\"twitter:label1\" content=\"Gesch\u00e4tzte Lesezeit\" \/>\n\t<meta name=\"twitter:data1\" content=\"5\u00a0Minuten\" \/>\n<script type=\"application\/ld+json\" class=\"yoast-schema-graph\">{\"@context\":\"https:\/\/schema.org\",\"@graph\":[{\"@type\":\"WebPage\",\"@id\":\"https:\/\/dresden-nazifrei.com\/kampa\/erinnerungskultur\/mahngang-taeterspuren-2017\/soziale-arbeit-im-3-reich\/\",\"url\":\"https:\/\/dresden-nazifrei.com\/kampa\/erinnerungskultur\/mahngang-taeterspuren-2017\/soziale-arbeit-im-3-reich\/\",\"name\":\"Station 8 [D\u00fcrer Stra\u00dfe 25]: Soziale Arbeit im 3. Reich - Dresden WiEdersetzen\",\"isPartOf\":{\"@id\":\"https:\/\/dresden-nazifrei.com\/kampa\/#website\"},\"datePublished\":\"2017-02-14T12:23:42+00:00\",\"dateModified\":\"2022-03-03T18:31:11+00:00\",\"breadcrumb\":{\"@id\":\"https:\/\/dresden-nazifrei.com\/kampa\/erinnerungskultur\/mahngang-taeterspuren-2017\/soziale-arbeit-im-3-reich\/#breadcrumb\"},\"inLanguage\":\"de\",\"potentialAction\":[{\"@type\":\"ReadAction\",\"target\":[\"https:\/\/dresden-nazifrei.com\/kampa\/erinnerungskultur\/mahngang-taeterspuren-2017\/soziale-arbeit-im-3-reich\/\"]}]},{\"@type\":\"BreadcrumbList\",\"@id\":\"https:\/\/dresden-nazifrei.com\/kampa\/erinnerungskultur\/mahngang-taeterspuren-2017\/soziale-arbeit-im-3-reich\/#breadcrumb\",\"itemListElement\":[{\"@type\":\"ListItem\",\"position\":1,\"name\":\"Startseite\",\"item\":\"https:\/\/dresden-nazifrei.com\/kampa\/\"},{\"@type\":\"ListItem\",\"position\":2,\"name\":\"Erinnerungskultur\",\"item\":\"https:\/\/dresden-nazifrei.com\/kampa\/erinnerungskultur\/\"},{\"@type\":\"ListItem\",\"position\":3,\"name\":\"Mahngang T\u00e4terspuren 2017\",\"item\":\"https:\/\/dresden-nazifrei.com\/kampa\/erinnerungskultur\/mahngang-taeterspuren-2017\/\"},{\"@type\":\"ListItem\",\"position\":4,\"name\":\"Station 8 [D\u00fcrer Stra\u00dfe 25]: Soziale Arbeit im 3. Reich\"}]},{\"@type\":\"WebSite\",\"@id\":\"https:\/\/dresden-nazifrei.com\/kampa\/#website\",\"url\":\"https:\/\/dresden-nazifrei.com\/kampa\/\",\"name\":\"Dresden WiEdersetzen\",\"description\":\"Dresden stellt sich quer\",\"publisher\":{\"@id\":\"https:\/\/dresden-nazifrei.com\/kampa\/#organization\"},\"potentialAction\":[{\"@type\":\"SearchAction\",\"target\":{\"@type\":\"EntryPoint\",\"urlTemplate\":\"https:\/\/dresden-nazifrei.com\/kampa\/?s={search_term_string}\"},\"query-input\":{\"@type\":\"PropertyValueSpecification\",\"valueRequired\":true,\"valueName\":\"search_term_string\"}}],\"inLanguage\":\"de\"},{\"@type\":\"Organization\",\"@id\":\"https:\/\/dresden-nazifrei.com\/kampa\/#organization\",\"name\":\"Dresden Nazifrei\",\"url\":\"https:\/\/dresden-nazifrei.com\/kampa\/\",\"logo\":{\"@type\":\"ImageObject\",\"inLanguage\":\"de\",\"@id\":\"https:\/\/dresden-nazifrei.com\/kampa\/#\/schema\/logo\/image\/\",\"url\":\"https:\/\/dresden-nazifrei.com\/kampa\/wp-content\/uploads\/2021\/03\/Logo-Schwarz-Rot.png\",\"contentUrl\":\"https:\/\/dresden-nazifrei.com\/kampa\/wp-content\/uploads\/2021\/03\/Logo-Schwarz-Rot.png\",\"width\":500,\"height\":500,\"caption\":\"Dresden Nazifrei\"},\"image\":{\"@id\":\"https:\/\/dresden-nazifrei.com\/kampa\/#\/schema\/logo\/image\/\"},\"sameAs\":[\"https:\/\/www.facebook.com\/dresden.stellt.sich.quer\/\",\"https:\/\/x.com\/dd_nazifrei\",\"https:\/\/www.instagram.com\/dd_nazifrei\/\",\"https:\/\/www.youtube.com\/channel\/UC2w1_etudyqY1XziVPgba8Q\"]}]}<\/script>\n<!-- \/ Yoast SEO plugin. -->","yoast_head_json":{"title":"Station 8 [D\u00fcrer Stra\u00dfe 25]: Soziale Arbeit im 3. Reich - Dresden WiEdersetzen","robots":{"index":"index","follow":"follow","max-snippet":"max-snippet:-1","max-image-preview":"max-image-preview:large","max-video-preview":"max-video-preview:-1"},"canonical":"https:\/\/dresden-nazifrei.com\/kampa\/erinnerungskultur\/mahngang-taeterspuren-2017\/soziale-arbeit-im-3-reich\/","og_locale":"de_DE","og_type":"article","og_title":"Station 8 [D\u00fcrer Stra\u00dfe 25]: Soziale Arbeit im 3. Reich - Dresden WiEdersetzen","og_description":"Wir stehen jetzt vor den ehemaligen Technischen Lehranstalten der Stadt Dresden. Heute befindet sich in dem 1958 neu errichteten Geb\u00e4ude die Evangelische Hochschule Dresden mit ihren Studienbereichen f\u00fcr Soziale Arbeit, fr\u00fchkindliche Erziehung und Pflegewissenschaft.&#46;&#46;&#46;","og_url":"https:\/\/dresden-nazifrei.com\/kampa\/erinnerungskultur\/mahngang-taeterspuren-2017\/soziale-arbeit-im-3-reich\/","og_site_name":"Dresden WiEdersetzen","article_publisher":"https:\/\/www.facebook.com\/dresden.stellt.sich.quer\/","article_modified_time":"2022-03-03T18:31:11+00:00","og_image":[{"width":1600,"height":900,"url":"https:\/\/dresden-nazifrei.com\/kampa\/wp-content\/uploads\/2021\/01\/Stadt-FB-Rot.png","type":"image\/png"}],"twitter_card":"summary_large_image","twitter_site":"@dd_nazifrei","twitter_misc":{"Gesch\u00e4tzte Lesezeit":"5\u00a0Minuten"},"schema":{"@context":"https:\/\/schema.org","@graph":[{"@type":"WebPage","@id":"https:\/\/dresden-nazifrei.com\/kampa\/erinnerungskultur\/mahngang-taeterspuren-2017\/soziale-arbeit-im-3-reich\/","url":"https:\/\/dresden-nazifrei.com\/kampa\/erinnerungskultur\/mahngang-taeterspuren-2017\/soziale-arbeit-im-3-reich\/","name":"Station 8 [D\u00fcrer Stra\u00dfe 25]: Soziale Arbeit im 3. Reich - Dresden WiEdersetzen","isPartOf":{"@id":"https:\/\/dresden-nazifrei.com\/kampa\/#website"},"datePublished":"2017-02-14T12:23:42+00:00","dateModified":"2022-03-03T18:31:11+00:00","breadcrumb":{"@id":"https:\/\/dresden-nazifrei.com\/kampa\/erinnerungskultur\/mahngang-taeterspuren-2017\/soziale-arbeit-im-3-reich\/#breadcrumb"},"inLanguage":"de","potentialAction":[{"@type":"ReadAction","target":["https:\/\/dresden-nazifrei.com\/kampa\/erinnerungskultur\/mahngang-taeterspuren-2017\/soziale-arbeit-im-3-reich\/"]}]},{"@type":"BreadcrumbList","@id":"https:\/\/dresden-nazifrei.com\/kampa\/erinnerungskultur\/mahngang-taeterspuren-2017\/soziale-arbeit-im-3-reich\/#breadcrumb","itemListElement":[{"@type":"ListItem","position":1,"name":"Startseite","item":"https:\/\/dresden-nazifrei.com\/kampa\/"},{"@type":"ListItem","position":2,"name":"Erinnerungskultur","item":"https:\/\/dresden-nazifrei.com\/kampa\/erinnerungskultur\/"},{"@type":"ListItem","position":3,"name":"Mahngang T\u00e4terspuren 2017","item":"https:\/\/dresden-nazifrei.com\/kampa\/erinnerungskultur\/mahngang-taeterspuren-2017\/"},{"@type":"ListItem","position":4,"name":"Station 8 [D\u00fcrer Stra\u00dfe 25]: Soziale Arbeit im 3. Reich"}]},{"@type":"WebSite","@id":"https:\/\/dresden-nazifrei.com\/kampa\/#website","url":"https:\/\/dresden-nazifrei.com\/kampa\/","name":"Dresden WiEdersetzen","description":"Dresden stellt sich quer","publisher":{"@id":"https:\/\/dresden-nazifrei.com\/kampa\/#organization"},"potentialAction":[{"@type":"SearchAction","target":{"@type":"EntryPoint","urlTemplate":"https:\/\/dresden-nazifrei.com\/kampa\/?s={search_term_string}"},"query-input":{"@type":"PropertyValueSpecification","valueRequired":true,"valueName":"search_term_string"}}],"inLanguage":"de"},{"@type":"Organization","@id":"https:\/\/dresden-nazifrei.com\/kampa\/#organization","name":"Dresden Nazifrei","url":"https:\/\/dresden-nazifrei.com\/kampa\/","logo":{"@type":"ImageObject","inLanguage":"de","@id":"https:\/\/dresden-nazifrei.com\/kampa\/#\/schema\/logo\/image\/","url":"https:\/\/dresden-nazifrei.com\/kampa\/wp-content\/uploads\/2021\/03\/Logo-Schwarz-Rot.png","contentUrl":"https:\/\/dresden-nazifrei.com\/kampa\/wp-content\/uploads\/2021\/03\/Logo-Schwarz-Rot.png","width":500,"height":500,"caption":"Dresden Nazifrei"},"image":{"@id":"https:\/\/dresden-nazifrei.com\/kampa\/#\/schema\/logo\/image\/"},"sameAs":["https:\/\/www.facebook.com\/dresden.stellt.sich.quer\/","https:\/\/x.com\/dd_nazifrei","https:\/\/www.instagram.com\/dd_nazifrei\/","https:\/\/www.youtube.com\/channel\/UC2w1_etudyqY1XziVPgba8Q"]}]}},"_links":{"self":[{"href":"https:\/\/dresden-nazifrei.com\/kampa\/wp-json\/wp\/v2\/pages\/297","targetHints":{"allow":["GET"]}}],"collection":[{"href":"https:\/\/dresden-nazifrei.com\/kampa\/wp-json\/wp\/v2\/pages"}],"about":[{"href":"https:\/\/dresden-nazifrei.com\/kampa\/wp-json\/wp\/v2\/types\/page"}],"author":[{"embeddable":true,"href":"https:\/\/dresden-nazifrei.com\/kampa\/wp-json\/wp\/v2\/users\/1"}],"replies":[{"embeddable":true,"href":"https:\/\/dresden-nazifrei.com\/kampa\/wp-json\/wp\/v2\/comments?post=297"}],"version-history":[{"count":3,"href":"https:\/\/dresden-nazifrei.com\/kampa\/wp-json\/wp\/v2\/pages\/297\/revisions"}],"predecessor-version":[{"id":8475,"href":"https:\/\/dresden-nazifrei.com\/kampa\/wp-json\/wp\/v2\/pages\/297\/revisions\/8475"}],"up":[{"embeddable":true,"href":"https:\/\/dresden-nazifrei.com\/kampa\/wp-json\/wp\/v2\/pages\/299"}],"wp:attachment":[{"href":"https:\/\/dresden-nazifrei.com\/kampa\/wp-json\/wp\/v2\/media?parent=297"}],"curies":[{"name":"wp","href":"https:\/\/api.w.org\/{rel}","templated":true}]}}