{"id":299,"date":"2017-02-14T13:27:06","date_gmt":"2017-02-14T12:27:06","guid":{"rendered":"http:\/\/dresden-nazifrei.com\/?p=299"},"modified":"2022-03-04T11:37:23","modified_gmt":"2022-03-04T10:37:23","slug":"mahngang-taeterspuren-2017","status":"publish","type":"page","link":"https:\/\/dresden-nazifrei.com\/kampa\/erinnerungskultur\/mahngang-taeterspuren-2017\/","title":{"rendered":"Mahngang T\u00e4terspuren 2017"},"content":{"rendered":"\n<p><em>Der Mahngang T\u00e4terspuren war in diesem Jahr ein Teil der Kampagne des B\u00fcndnisses \u201eNazifrei! \u2013 Dresden stellt sich quer\u201c. In der Kampagne wollen wir zeigen, dass Menschenfeindlichkeit und Ausgrenzung in Dresden eine besonders gef\u00e4hrliche Entwicklung genommen haben und dass die Stadtgesellschaft dem nach wie vor nicht entschlossen genug entgegenwirkt.<\/em><\/p>\n\n\n\n<p><em>Unsere Recherchen zu den Dresdner T\u00e4ter*innen des Nationalsozialismus haben gezeigt, wie der Gedanke der Ungleichwertigkeit von Menschen zum industriellen Massenmord f\u00fchren kann. Der 13. Februar ist f\u00fcr uns deshalb Anlass, ein weiteres Mal \u00f6ffentlich zu machen, was geschehen kann, wenn Rassist*innen nicht genug Gegenwind und Ablehnung erfahren.&nbsp;Wie gef\u00e4hrlich der Mythos der vermeintlichen Opferrolle Dresdens als \u201eunschuldige Kunst- und Kulturstadt\u201c ist, zeigt sich daran, wie anschlussf\u00e4hig er bis heute ist.&nbsp;Damit werden die T\u00e4ter*innen zu Opfern und die Geschichte wird verf\u00e4lscht.<\/em><\/p>\n\n\n\n<p><em>Wir haben in den letzten Mahng\u00e4ngen gezeigt, dass Dresden eine wichtige Stadt im faschistischen Deutschland war und der Mythos eine L\u00fcge ist. Trotzdem ist dieser heute noch in vielen K\u00f6pfen und bietet den Rassist*innen und Nazis von heute die Grundlage f\u00fcr ihre Geschichtsverf\u00e4lschung.<\/em><\/p>\n\n\n\n<p><em>In diesem Jahr haben Studierende der Evangelischen Hochschule den Mahngang erarbeitet. Daf\u00fcr danken wir ganz herzlich.<\/em><\/p>\n\n\n\n<p><em>Wie in jedem Jahr, so werden auch heute Schauspieler*innen unsere Texte lesen, in denen die Rolle Dresdens im NS Staat deutlich wird.&nbsp;Damit wird auch deutlich, dass die Dresdner Theaterschaffenden unser Anliegen teilen.&nbsp;Besonders das Staatschauspiel Dresden hat mit seinen Inszenierungen und Aktionen in der letzten und aktuellen Spielzeit deutlich Position bezogen.&nbsp;<\/em><\/p>\n\n\n\n<p><em>Nun ist es an uns allen, der Menschenfeindlichkeit und Ausgrenzung entschlossener als bisher entgegen zu wirken und gemeinsam zu handeln.<\/em><\/p>\n\n\n\n<p>14:15 Uhr &#8211; Station 1 [Haus der Presse]:&nbsp;<a href=\"https:\/\/dresden-nazifrei.com\/erinnerungskultur\/mahngang-taeterspuren-2017\/buecherverbrennung-wettiner-platz\/\" target=\"_blank\" rel=\"noreferrer noopener\">B\u00fccherverbrennung auf dem Wettiner Platz<\/a><\/p>\n\n\n\n<p>14:40 Uhr &#8211; Station 2 [Theaterstra\u00dfe\/Ecke Herta-Linder-Str.]:&nbsp;<a href=\"https:\/\/dresden-nazifrei.com\/erinnerungskultur\/mahngang-taeterspuren-2017\/theaterstrasse-gesundheitspolizei\/\" target=\"_blank\" rel=\"noreferrer noopener\">Gesundheitsbeh\u00f6rde und Gesundheitspolizei<\/a><\/p>\n\n\n\n<p>15:00 Uhr &#8211; Station 3 [Sophienstra\u00dfe\/Ecke Taschenberg]:\u00a0<a href=\"https:\/\/dresden-nazifrei.com\/erinnerungskultur\/mahngang-taeterspuren-2017\/der-theaterplatz\/\" target=\"_blank\" rel=\"noreferrer noopener\">Der Theaterplatz<\/a><\/p>\n\n\n\n<p>15:20 Uhr &#8211; Station 4 [Neumarkt\/Frauenkirche]: <a href=\"https:\/\/dresden-nazifrei.com\/erinnerungskultur\/mahngang-taeterspuren-2017\/deutsche-christen\/\" target=\"_blank\" rel=\"noreferrer noopener\">Deutsche Christen<\/a><\/p>\n\n\n\n<p>15:35 Uhr &#8211; Station 5 [Tschirnerplatz 1\/Ecke Schie\u00dfgasse]:&nbsp;<a href=\"https:\/\/dresden-nazifrei.com\/erinnerungskultur\/mahngang-taeterspuren-2017\/polizeipraesidium\/\" target=\"_blank\" rel=\"noreferrer noopener\">Polizeipr\u00e4sidium und Polizeigef\u00e4ngnis<\/a><\/p>\n\n\n\n<p>16:00 Uhr &#8211; Station 6 [Pillnitzer Stra\u00dfe 34]: <a href=\"https:\/\/dresden-nazifrei.com\/erinnerungskultur\/mahngang-taeterspuren-2017\/verfolgung-homosexueller-im-3-reich\/\" target=\"_blank\" rel=\"noreferrer noopener\">Verfolgung Homosexueller im 3. Reich<\/a><\/p>\n\n\n\n<p>16:20 Uhr &#8211; Station 7 [Landgericht Dresden]: <a href=\"https:\/\/dresden-nazifrei.com\/erinnerungskultur\/mahngang-taeterspuren-2017\/recht-und-gewalt\/\" target=\"_blank\" rel=\"noreferrer noopener\">Recht und Gewalt<\/a><\/p>\n\n\n\n<p>16:40 Uhr &#8211; Station 8 [D\u00fcrerstra\u00dfe 25]:&nbsp;<a href=\"https:\/\/dresden-nazifrei.com\/erinnerungskultur\/mahngang-taeterspuren-2017\/soziale-arbeit-im-3-reich\/\" target=\"_blank\" rel=\"noreferrer noopener\">Soziale Arbeit im 3. Reich<\/a><\/p>\n","protected":false},"excerpt":{"rendered":"<p>Der Mahngang T\u00e4terspuren war in diesem Jahr ein Teil der Kampagne des B\u00fcndnisses \u201eNazifrei! \u2013 Dresden stellt sich quer\u201c. In der Kampagne wollen wir zeigen, dass Menschenfeindlichkeit und Ausgrenzung in Dresden eine besonders gef\u00e4hrliche&#46;&#46;&#46;<\/p>\n","protected":false},"author":1,"featured_media":0,"parent":6843,"menu_order":7,"comment_status":"closed","ping_status":"closed","template":"","meta":{"_monsterinsights_skip_tracking":false,"_monsterinsights_sitenote_active":false,"_monsterinsights_sitenote_note":"","_monsterinsights_sitenote_category":0,"footnotes":""},"class_list":["post-299","page","type-page","status-publish","hentry"],"yoast_head":"<!-- This site is optimized with the Yoast SEO plugin v27.2 - https:\/\/yoast.com\/product\/yoast-seo-wordpress\/ -->\n<title>Mahngang T\u00e4terspuren 2017 - Dresden WiEdersetzen<\/title>\n<meta name=\"robots\" content=\"index, follow, max-snippet:-1, max-image-preview:large, max-video-preview:-1\" \/>\n<link rel=\"canonical\" href=\"https:\/\/dresden-nazifrei.com\/kampa\/erinnerungskultur\/mahngang-taeterspuren-2017\/\" \/>\n<meta property=\"og:locale\" content=\"de_DE\" \/>\n<meta property=\"og:type\" content=\"article\" \/>\n<meta property=\"og:title\" content=\"Mahngang T\u00e4terspuren 2017 - Dresden WiEdersetzen\" \/>\n<meta property=\"og:description\" content=\"Der Mahngang T\u00e4terspuren war in diesem Jahr ein Teil der Kampagne des B\u00fcndnisses \u201eNazifrei! \u2013 Dresden stellt sich quer\u201c. In der Kampagne wollen wir zeigen, dass Menschenfeindlichkeit und Ausgrenzung in Dresden eine besonders gef\u00e4hrliche&#046;&#046;&#046;\" \/>\n<meta property=\"og:url\" content=\"https:\/\/dresden-nazifrei.com\/kampa\/erinnerungskultur\/mahngang-taeterspuren-2017\/\" \/>\n<meta property=\"og:site_name\" content=\"Dresden WiEdersetzen\" \/>\n<meta property=\"article:publisher\" content=\"https:\/\/www.facebook.com\/dresden.stellt.sich.quer\/\" \/>\n<meta property=\"article:modified_time\" content=\"2022-03-04T10:37:23+00:00\" \/>\n<meta property=\"og:image\" content=\"https:\/\/dresden-nazifrei.com\/kampa\/wp-content\/uploads\/2021\/01\/Stadt-FB-Rot.png\" \/>\n\t<meta property=\"og:image:width\" content=\"1600\" \/>\n\t<meta property=\"og:image:height\" content=\"900\" \/>\n\t<meta property=\"og:image:type\" content=\"image\/png\" \/>\n<meta name=\"twitter:card\" content=\"summary_large_image\" \/>\n<meta name=\"twitter:site\" content=\"@dd_nazifrei\" \/>\n<meta name=\"twitter:label1\" content=\"Gesch\u00e4tzte Lesezeit\" \/>\n\t<meta name=\"twitter:data1\" content=\"2\u00a0Minuten\" \/>\n<script type=\"application\/ld+json\" class=\"yoast-schema-graph\">{\"@context\":\"https:\/\/schema.org\",\"@graph\":[{\"@type\":\"WebPage\",\"@id\":\"https:\/\/dresden-nazifrei.com\/kampa\/erinnerungskultur\/mahngang-taeterspuren-2017\/\",\"url\":\"https:\/\/dresden-nazifrei.com\/kampa\/erinnerungskultur\/mahngang-taeterspuren-2017\/\",\"name\":\"Mahngang T\u00e4terspuren 2017 - Dresden WiEdersetzen\",\"isPartOf\":{\"@id\":\"https:\/\/dresden-nazifrei.com\/kampa\/#website\"},\"datePublished\":\"2017-02-14T12:27:06+00:00\",\"dateModified\":\"2022-03-04T10:37:23+00:00\",\"breadcrumb\":{\"@id\":\"https:\/\/dresden-nazifrei.com\/kampa\/erinnerungskultur\/mahngang-taeterspuren-2017\/#breadcrumb\"},\"inLanguage\":\"de\",\"potentialAction\":[{\"@type\":\"ReadAction\",\"target\":[\"https:\/\/dresden-nazifrei.com\/kampa\/erinnerungskultur\/mahngang-taeterspuren-2017\/\"]}]},{\"@type\":\"BreadcrumbList\",\"@id\":\"https:\/\/dresden-nazifrei.com\/kampa\/erinnerungskultur\/mahngang-taeterspuren-2017\/#breadcrumb\",\"itemListElement\":[{\"@type\":\"ListItem\",\"position\":1,\"name\":\"Startseite\",\"item\":\"https:\/\/dresden-nazifrei.com\/kampa\/\"},{\"@type\":\"ListItem\",\"position\":2,\"name\":\"Erinnerungskultur\",\"item\":\"https:\/\/dresden-nazifrei.com\/kampa\/erinnerungskultur\/\"},{\"@type\":\"ListItem\",\"position\":3,\"name\":\"Mahngang T\u00e4terspuren 2017\"}]},{\"@type\":\"WebSite\",\"@id\":\"https:\/\/dresden-nazifrei.com\/kampa\/#website\",\"url\":\"https:\/\/dresden-nazifrei.com\/kampa\/\",\"name\":\"Dresden WiEdersetzen\",\"description\":\"Dresden stellt sich quer\",\"publisher\":{\"@id\":\"https:\/\/dresden-nazifrei.com\/kampa\/#organization\"},\"potentialAction\":[{\"@type\":\"SearchAction\",\"target\":{\"@type\":\"EntryPoint\",\"urlTemplate\":\"https:\/\/dresden-nazifrei.com\/kampa\/?s={search_term_string}\"},\"query-input\":{\"@type\":\"PropertyValueSpecification\",\"valueRequired\":true,\"valueName\":\"search_term_string\"}}],\"inLanguage\":\"de\"},{\"@type\":\"Organization\",\"@id\":\"https:\/\/dresden-nazifrei.com\/kampa\/#organization\",\"name\":\"Dresden Nazifrei\",\"url\":\"https:\/\/dresden-nazifrei.com\/kampa\/\",\"logo\":{\"@type\":\"ImageObject\",\"inLanguage\":\"de\",\"@id\":\"https:\/\/dresden-nazifrei.com\/kampa\/#\/schema\/logo\/image\/\",\"url\":\"https:\/\/dresden-nazifrei.com\/kampa\/wp-content\/uploads\/2021\/03\/Logo-Schwarz-Rot.png\",\"contentUrl\":\"https:\/\/dresden-nazifrei.com\/kampa\/wp-content\/uploads\/2021\/03\/Logo-Schwarz-Rot.png\",\"width\":500,\"height\":500,\"caption\":\"Dresden Nazifrei\"},\"image\":{\"@id\":\"https:\/\/dresden-nazifrei.com\/kampa\/#\/schema\/logo\/image\/\"},\"sameAs\":[\"https:\/\/www.facebook.com\/dresden.stellt.sich.quer\/\",\"https:\/\/x.com\/dd_nazifrei\",\"https:\/\/www.instagram.com\/dd_nazifrei\/\",\"https:\/\/www.youtube.com\/channel\/UC2w1_etudyqY1XziVPgba8Q\"]}]}<\/script>\n<!-- \/ Yoast SEO plugin. -->","yoast_head_json":{"title":"Mahngang T\u00e4terspuren 2017 - Dresden WiEdersetzen","robots":{"index":"index","follow":"follow","max-snippet":"max-snippet:-1","max-image-preview":"max-image-preview:large","max-video-preview":"max-video-preview:-1"},"canonical":"https:\/\/dresden-nazifrei.com\/kampa\/erinnerungskultur\/mahngang-taeterspuren-2017\/","og_locale":"de_DE","og_type":"article","og_title":"Mahngang T\u00e4terspuren 2017 - Dresden WiEdersetzen","og_description":"Der Mahngang T\u00e4terspuren war in diesem Jahr ein Teil der Kampagne des B\u00fcndnisses \u201eNazifrei! \u2013 Dresden stellt sich quer\u201c. In der Kampagne wollen wir zeigen, dass Menschenfeindlichkeit und Ausgrenzung in Dresden eine besonders gef\u00e4hrliche&#46;&#46;&#46;","og_url":"https:\/\/dresden-nazifrei.com\/kampa\/erinnerungskultur\/mahngang-taeterspuren-2017\/","og_site_name":"Dresden WiEdersetzen","article_publisher":"https:\/\/www.facebook.com\/dresden.stellt.sich.quer\/","article_modified_time":"2022-03-04T10:37:23+00:00","og_image":[{"width":1600,"height":900,"url":"https:\/\/dresden-nazifrei.com\/kampa\/wp-content\/uploads\/2021\/01\/Stadt-FB-Rot.png","type":"image\/png"}],"twitter_card":"summary_large_image","twitter_site":"@dd_nazifrei","twitter_misc":{"Gesch\u00e4tzte Lesezeit":"2\u00a0Minuten"},"schema":{"@context":"https:\/\/schema.org","@graph":[{"@type":"WebPage","@id":"https:\/\/dresden-nazifrei.com\/kampa\/erinnerungskultur\/mahngang-taeterspuren-2017\/","url":"https:\/\/dresden-nazifrei.com\/kampa\/erinnerungskultur\/mahngang-taeterspuren-2017\/","name":"Mahngang T\u00e4terspuren 2017 - Dresden WiEdersetzen","isPartOf":{"@id":"https:\/\/dresden-nazifrei.com\/kampa\/#website"},"datePublished":"2017-02-14T12:27:06+00:00","dateModified":"2022-03-04T10:37:23+00:00","breadcrumb":{"@id":"https:\/\/dresden-nazifrei.com\/kampa\/erinnerungskultur\/mahngang-taeterspuren-2017\/#breadcrumb"},"inLanguage":"de","potentialAction":[{"@type":"ReadAction","target":["https:\/\/dresden-nazifrei.com\/kampa\/erinnerungskultur\/mahngang-taeterspuren-2017\/"]}]},{"@type":"BreadcrumbList","@id":"https:\/\/dresden-nazifrei.com\/kampa\/erinnerungskultur\/mahngang-taeterspuren-2017\/#breadcrumb","itemListElement":[{"@type":"ListItem","position":1,"name":"Startseite","item":"https:\/\/dresden-nazifrei.com\/kampa\/"},{"@type":"ListItem","position":2,"name":"Erinnerungskultur","item":"https:\/\/dresden-nazifrei.com\/kampa\/erinnerungskultur\/"},{"@type":"ListItem","position":3,"name":"Mahngang T\u00e4terspuren 2017"}]},{"@type":"WebSite","@id":"https:\/\/dresden-nazifrei.com\/kampa\/#website","url":"https:\/\/dresden-nazifrei.com\/kampa\/","name":"Dresden WiEdersetzen","description":"Dresden stellt sich quer","publisher":{"@id":"https:\/\/dresden-nazifrei.com\/kampa\/#organization"},"potentialAction":[{"@type":"SearchAction","target":{"@type":"EntryPoint","urlTemplate":"https:\/\/dresden-nazifrei.com\/kampa\/?s={search_term_string}"},"query-input":{"@type":"PropertyValueSpecification","valueRequired":true,"valueName":"search_term_string"}}],"inLanguage":"de"},{"@type":"Organization","@id":"https:\/\/dresden-nazifrei.com\/kampa\/#organization","name":"Dresden Nazifrei","url":"https:\/\/dresden-nazifrei.com\/kampa\/","logo":{"@type":"ImageObject","inLanguage":"de","@id":"https:\/\/dresden-nazifrei.com\/kampa\/#\/schema\/logo\/image\/","url":"https:\/\/dresden-nazifrei.com\/kampa\/wp-content\/uploads\/2021\/03\/Logo-Schwarz-Rot.png","contentUrl":"https:\/\/dresden-nazifrei.com\/kampa\/wp-content\/uploads\/2021\/03\/Logo-Schwarz-Rot.png","width":500,"height":500,"caption":"Dresden Nazifrei"},"image":{"@id":"https:\/\/dresden-nazifrei.com\/kampa\/#\/schema\/logo\/image\/"},"sameAs":["https:\/\/www.facebook.com\/dresden.stellt.sich.quer\/","https:\/\/x.com\/dd_nazifrei","https:\/\/www.instagram.com\/dd_nazifrei\/","https:\/\/www.youtube.com\/channel\/UC2w1_etudyqY1XziVPgba8Q"]}]}},"_links":{"self":[{"href":"https:\/\/dresden-nazifrei.com\/kampa\/wp-json\/wp\/v2\/pages\/299","targetHints":{"allow":["GET"]}}],"collection":[{"href":"https:\/\/dresden-nazifrei.com\/kampa\/wp-json\/wp\/v2\/pages"}],"about":[{"href":"https:\/\/dresden-nazifrei.com\/kampa\/wp-json\/wp\/v2\/types\/page"}],"author":[{"embeddable":true,"href":"https:\/\/dresden-nazifrei.com\/kampa\/wp-json\/wp\/v2\/users\/1"}],"replies":[{"embeddable":true,"href":"https:\/\/dresden-nazifrei.com\/kampa\/wp-json\/wp\/v2\/comments?post=299"}],"version-history":[{"count":28,"href":"https:\/\/dresden-nazifrei.com\/kampa\/wp-json\/wp\/v2\/pages\/299\/revisions"}],"predecessor-version":[{"id":8478,"href":"https:\/\/dresden-nazifrei.com\/kampa\/wp-json\/wp\/v2\/pages\/299\/revisions\/8478"}],"up":[{"embeddable":true,"href":"https:\/\/dresden-nazifrei.com\/kampa\/wp-json\/wp\/v2\/pages\/6843"}],"wp:attachment":[{"href":"https:\/\/dresden-nazifrei.com\/kampa\/wp-json\/wp\/v2\/media?parent=299"}],"curies":[{"name":"wp","href":"https:\/\/api.w.org\/{rel}","templated":true}]}}