{"id":305,"date":"2017-02-14T14:46:32","date_gmt":"2017-02-14T13:46:32","guid":{"rendered":"http:\/\/dresden-nazifrei.com\/?p=305"},"modified":"2022-03-03T19:22:55","modified_gmt":"2022-03-03T18:22:55","slug":"deutsche-christen","status":"publish","type":"page","link":"https:\/\/dresden-nazifrei.com\/kampa\/erinnerungskultur\/mahngang-taeterspuren-2017\/deutsche-christen\/","title":{"rendered":"Station 4 [Neumarkt\/Frauenkirche]: Deutsche Christen"},"content":{"rendered":"\n<p>Gegen\u00fcber der Frauenkirche steht \u00fcberlebensgro\u00df ein Martin-Luther-Standbild auf seinem Sockel. In der Hand h\u00e4lt er eine Bibel, das Buch, das f\u00fcr ihn wichtig war, das er ins Deutsche \u00fcbersetzt hat. Luther, ein Mensch mit bedeutenden Erkenntnissen und Irrt\u00fcmern. Ein gro\u00dfer Mann, \u00fcber die Jahrhunderte hinweg verehrt, in jeder Zeit mit unterschiedlichen Schwerpunkten. Diese bronzene Skulptur, von Adolf von Donndorf entworfen, wurde 1885 an dieser Stelle errichtet, als der 400ste Geburtstag von Martin Luther gefeiert wurde. Damals war er l\u00e4ngst zur Symbolgestalt des deutschen Nationalismus gemacht geworden. Mit der Gr\u00fcndung des Deutschen Reichs 1871 entwickelte sich der Nationalismus ungehemmt. Wer geh\u00f6rt zur Nation, wer geh\u00f6rt nicht dazu? Das Nationalbewusstsein st\u00fctzte sich auf \u00dcberheblichkeit und auf Abgrenzung von denen, die nicht dazu geh\u00f6ren sollten. So erstarkte mit ihm der Antisemitismus, wie siamesische Zwillinge geh\u00f6rten Nationalismus und Antisemitismus zusammen.<\/p>\n\n\n\n<p>Das nationalistische Gedankengut, das nur die Volksgemeinschaft im Blick hatte, aber nicht den einzelnen Menschen in seiner W\u00fcrde und Einmaligkeit, bahnte den Weg zur Bewegung der Deutschen Christen nach dem Wahlsieg Hitlers 1933. Diese Deutschen Christen wollten die Kirchen in ganz Deutschland neu organisieren als Teil der v\u00f6lkischen Bewegung, sie wollten die eigentliche Volkskirche sein. Damit missachteten sie die Grundlagen ihres eigenen Glaubens. In manchen Landeskirchen hatten sie damit Erfolg, so auch in Sachsen. Die sogenannte \u201ebraune Synode\u201c w\u00e4hlte im August 1933 Friedrich Coch, der NSDAP-Mitglied war und zur Bewegung der Deutschen Christen geh\u00f6rte, zum s\u00e4chsischen Landesbischof. Er f\u00fchrte sich am 10. Dezember 1933 in der Frauenkirche selbst ein. W\u00e4hrend seiner Amtseinf\u00fchrung wehte oben auf der Kuppel der Kirche die Hakenkreuzfahne. Am selben Tag beschloss die Synode \u201e28 Thesen der S\u00e4chsischen Volkskirche zum inneren Aufbau der Deutschen Evangelischen Kirche\u201c. Darin hei\u00dft These 1: \u201eDie Volkskirche bekennt sich zu Blut und Rasse, weil das Volk eine Blut- und Wesensgemeinschaft ist.\u201c Damit schloss sie sich dem totalit\u00e4ren Anspruch des nationalsozialistischen Staates und seiner Rassenideologie an und erkl\u00e4rte ihn als den Willen Gottes. Schon vorher, im September 1933 wurde im Staat und auch in der S\u00e4chsischen Landeskirche das Gesetz zur Wiederherstellung des Berufsbeamtentums und damit der Arierparagraph eingef\u00fchrt, Pfarrer j\u00fcdischer Herkunft und andere, die den Nationalsozialismus ablehnten, wurden nach und nach aus dem Amt gedr\u00e4ngt, beurlaubt, entlassen.<\/p>\n\n\n\n<p>Was jedem Menschen mit seiner Taufe gilt, seit es Christen gibt, wurde verraten. Christen, die aufgrund der Rassengesetze als Juden z\u00e4hlten, verloren schrittweise jegliche Unterst\u00fctzung durch weite Teile der Kirche. Sp\u00e4testens seit Anfang 1934 wurden j\u00fcdische Taufantr\u00e4ge nicht mehr bearbeitet, am 22.2.1939 wurde die Aufnahme von Juden in die Landeskirche offiziell untersagt, Christen j\u00fcdischer Herkunft waren nicht mehr kirchensteuerpflichtig, Pfarrer waren zu Amtshandlungen an ihnen nicht mehr verpflichtet, kirchliche R\u00e4ume durften daf\u00fcr nicht mehr benutzt werden, am 17. Dezember 1941 wurden sie aus der&nbsp; Landeskirche ausgeschlossen.<\/p>\n\n\n\n<p>Als Deutschland aus dem V\u00f6lkerbund austrat, erkl\u00e4rte die s\u00e4chsische Kirchenleitung dazu: \u201eLutherischer Geist will in Freiheit wachsen. Er kann nicht in Knechtschaft gedeihen.\u201c Vertragsbeziehungen zwischen V\u00f6lkern wurden also als belastende Einschr\u00e4nkung verstanden. Politische Schritte wurden religi\u00f6s interpretiert.<\/p>\n\n\n\n<p>Die Frauenkirche, urspr\u00fcnglich errichtet als evangelisch-lutherische B\u00fcrgerkirche, erhielt am Reformationstag 1934 die Bezeichnung \u201eDom der Deutschen Christen\u201c. Einzelne Pfarrer widersetzten sich der Ideologie der Deutschen Christen, so auch Hugo Hahn, der ab 1930 Pfarrer an der Frauenkirche war. Mit anderen Pfarrern engagierte er sich ab 1933 im Pfarrernotbund, sp\u00e4ter in der Bekennenden Kirche. Daf\u00fcr wurde Hugo Hahn beurlaubt und 1938 wegen seines Widerstands aus Sachsen ausgewiesen. In der Frauenkirche jedoch wurde von deutsch-christlichen Pfarrern in ideologischer Verblendung gepredigt.<\/p>\n\n\n\n<p>Der Nationalismus ist bis heute ebenso verlockend wie gef\u00e4hrlich. Auch Christen finden sich in nationalistischen Bewegungen, auch hier in Dresden, sie ignorieren dabei, dass das Christentum die Gleichheit aller Menschen lehrt.<\/p>\n\n\n\n<p>\u201eDen anderen nur als den anderen wahrzunehmen, ist der Beginn von Gewalt\u201c, so formulierte es Ilija Trojanow am 29.1. 17 im Schauspielhaus in seiner Dresdner Rede. Wer sich nur in seiner Gruppe stark f\u00fchlt und auf andere herabblickt, die anders leben, anders glauben oder woanders her sind, der vergisst die N\u00e4chstenliebe, widerspricht der christlichen Lehre, l\u00e4sst sich verf\u00fchren zu Hass und Menschenfeindlichkeit. Ein wirksames Mittel dagegen w\u00e4re die Aufmerksamkeit f\u00fcr die Menschen in Not. Wichtig ist es, im andern zuerst den Menschen zu sehen.<\/p>\n","protected":false},"excerpt":{"rendered":"<p>Gegen\u00fcber der Frauenkirche steht \u00fcberlebensgro\u00df ein Martin-Luther-Standbild auf seinem Sockel. In der Hand h\u00e4lt er eine Bibel, das Buch, das f\u00fcr ihn wichtig war, das er ins Deutsche \u00fcbersetzt hat. Luther, ein Mensch mit&#46;&#46;&#46;<\/p>\n","protected":false},"author":1,"featured_media":0,"parent":299,"menu_order":4,"comment_status":"closed","ping_status":"closed","template":"","meta":{"_monsterinsights_skip_tracking":false,"_monsterinsights_sitenote_active":false,"_monsterinsights_sitenote_note":"","_monsterinsights_sitenote_category":0,"footnotes":""},"class_list":["post-305","page","type-page","status-publish","hentry"],"yoast_head":"<!-- This site is optimized with the Yoast SEO plugin v27.2 - https:\/\/yoast.com\/product\/yoast-seo-wordpress\/ -->\n<title>Station 4 [Neumarkt\/Frauenkirche]: Deutsche Christen - Dresden WiEdersetzen<\/title>\n<meta name=\"robots\" content=\"index, follow, max-snippet:-1, max-image-preview:large, max-video-preview:-1\" \/>\n<link rel=\"canonical\" href=\"https:\/\/dresden-nazifrei.com\/kampa\/erinnerungskultur\/mahngang-taeterspuren-2017\/deutsche-christen\/\" \/>\n<meta property=\"og:locale\" content=\"de_DE\" \/>\n<meta property=\"og:type\" content=\"article\" \/>\n<meta property=\"og:title\" content=\"Station 4 [Neumarkt\/Frauenkirche]: Deutsche Christen - Dresden WiEdersetzen\" \/>\n<meta property=\"og:description\" content=\"Gegen\u00fcber der Frauenkirche steht \u00fcberlebensgro\u00df ein Martin-Luther-Standbild auf seinem Sockel. In der Hand h\u00e4lt er eine Bibel, das Buch, das f\u00fcr ihn wichtig war, das er ins Deutsche \u00fcbersetzt hat. Luther, ein Mensch mit&#046;&#046;&#046;\" \/>\n<meta property=\"og:url\" content=\"https:\/\/dresden-nazifrei.com\/kampa\/erinnerungskultur\/mahngang-taeterspuren-2017\/deutsche-christen\/\" \/>\n<meta property=\"og:site_name\" content=\"Dresden WiEdersetzen\" \/>\n<meta property=\"article:publisher\" content=\"https:\/\/www.facebook.com\/dresden.stellt.sich.quer\/\" \/>\n<meta property=\"article:modified_time\" content=\"2022-03-03T18:22:55+00:00\" \/>\n<meta property=\"og:image\" content=\"https:\/\/dresden-nazifrei.com\/kampa\/wp-content\/uploads\/2021\/01\/Stadt-FB-Rot.png\" \/>\n\t<meta property=\"og:image:width\" content=\"1600\" \/>\n\t<meta property=\"og:image:height\" content=\"900\" \/>\n\t<meta property=\"og:image:type\" content=\"image\/png\" \/>\n<meta name=\"twitter:card\" content=\"summary_large_image\" \/>\n<meta name=\"twitter:site\" content=\"@dd_nazifrei\" \/>\n<meta name=\"twitter:label1\" content=\"Gesch\u00e4tzte Lesezeit\" \/>\n\t<meta name=\"twitter:data1\" content=\"4\u00a0Minuten\" \/>\n<script type=\"application\/ld+json\" class=\"yoast-schema-graph\">{\"@context\":\"https:\/\/schema.org\",\"@graph\":[{\"@type\":\"WebPage\",\"@id\":\"https:\/\/dresden-nazifrei.com\/kampa\/erinnerungskultur\/mahngang-taeterspuren-2017\/deutsche-christen\/\",\"url\":\"https:\/\/dresden-nazifrei.com\/kampa\/erinnerungskultur\/mahngang-taeterspuren-2017\/deutsche-christen\/\",\"name\":\"Station 4 [Neumarkt\/Frauenkirche]: Deutsche Christen - Dresden WiEdersetzen\",\"isPartOf\":{\"@id\":\"https:\/\/dresden-nazifrei.com\/kampa\/#website\"},\"datePublished\":\"2017-02-14T13:46:32+00:00\",\"dateModified\":\"2022-03-03T18:22:55+00:00\",\"breadcrumb\":{\"@id\":\"https:\/\/dresden-nazifrei.com\/kampa\/erinnerungskultur\/mahngang-taeterspuren-2017\/deutsche-christen\/#breadcrumb\"},\"inLanguage\":\"de\",\"potentialAction\":[{\"@type\":\"ReadAction\",\"target\":[\"https:\/\/dresden-nazifrei.com\/kampa\/erinnerungskultur\/mahngang-taeterspuren-2017\/deutsche-christen\/\"]}]},{\"@type\":\"BreadcrumbList\",\"@id\":\"https:\/\/dresden-nazifrei.com\/kampa\/erinnerungskultur\/mahngang-taeterspuren-2017\/deutsche-christen\/#breadcrumb\",\"itemListElement\":[{\"@type\":\"ListItem\",\"position\":1,\"name\":\"Startseite\",\"item\":\"https:\/\/dresden-nazifrei.com\/kampa\/\"},{\"@type\":\"ListItem\",\"position\":2,\"name\":\"Erinnerungskultur\",\"item\":\"https:\/\/dresden-nazifrei.com\/kampa\/erinnerungskultur\/\"},{\"@type\":\"ListItem\",\"position\":3,\"name\":\"Mahngang T\u00e4terspuren 2017\",\"item\":\"https:\/\/dresden-nazifrei.com\/kampa\/erinnerungskultur\/mahngang-taeterspuren-2017\/\"},{\"@type\":\"ListItem\",\"position\":4,\"name\":\"Station 4 [Neumarkt\/Frauenkirche]: Deutsche Christen\"}]},{\"@type\":\"WebSite\",\"@id\":\"https:\/\/dresden-nazifrei.com\/kampa\/#website\",\"url\":\"https:\/\/dresden-nazifrei.com\/kampa\/\",\"name\":\"Dresden WiEdersetzen\",\"description\":\"Dresden stellt sich quer\",\"publisher\":{\"@id\":\"https:\/\/dresden-nazifrei.com\/kampa\/#organization\"},\"potentialAction\":[{\"@type\":\"SearchAction\",\"target\":{\"@type\":\"EntryPoint\",\"urlTemplate\":\"https:\/\/dresden-nazifrei.com\/kampa\/?s={search_term_string}\"},\"query-input\":{\"@type\":\"PropertyValueSpecification\",\"valueRequired\":true,\"valueName\":\"search_term_string\"}}],\"inLanguage\":\"de\"},{\"@type\":\"Organization\",\"@id\":\"https:\/\/dresden-nazifrei.com\/kampa\/#organization\",\"name\":\"Dresden Nazifrei\",\"url\":\"https:\/\/dresden-nazifrei.com\/kampa\/\",\"logo\":{\"@type\":\"ImageObject\",\"inLanguage\":\"de\",\"@id\":\"https:\/\/dresden-nazifrei.com\/kampa\/#\/schema\/logo\/image\/\",\"url\":\"https:\/\/dresden-nazifrei.com\/kampa\/wp-content\/uploads\/2021\/03\/Logo-Schwarz-Rot.png\",\"contentUrl\":\"https:\/\/dresden-nazifrei.com\/kampa\/wp-content\/uploads\/2021\/03\/Logo-Schwarz-Rot.png\",\"width\":500,\"height\":500,\"caption\":\"Dresden Nazifrei\"},\"image\":{\"@id\":\"https:\/\/dresden-nazifrei.com\/kampa\/#\/schema\/logo\/image\/\"},\"sameAs\":[\"https:\/\/www.facebook.com\/dresden.stellt.sich.quer\/\",\"https:\/\/x.com\/dd_nazifrei\",\"https:\/\/www.instagram.com\/dd_nazifrei\/\",\"https:\/\/www.youtube.com\/channel\/UC2w1_etudyqY1XziVPgba8Q\"]}]}<\/script>\n<!-- \/ Yoast SEO plugin. -->","yoast_head_json":{"title":"Station 4 [Neumarkt\/Frauenkirche]: Deutsche Christen - Dresden WiEdersetzen","robots":{"index":"index","follow":"follow","max-snippet":"max-snippet:-1","max-image-preview":"max-image-preview:large","max-video-preview":"max-video-preview:-1"},"canonical":"https:\/\/dresden-nazifrei.com\/kampa\/erinnerungskultur\/mahngang-taeterspuren-2017\/deutsche-christen\/","og_locale":"de_DE","og_type":"article","og_title":"Station 4 [Neumarkt\/Frauenkirche]: Deutsche Christen - Dresden WiEdersetzen","og_description":"Gegen\u00fcber der Frauenkirche steht \u00fcberlebensgro\u00df ein Martin-Luther-Standbild auf seinem Sockel. In der Hand h\u00e4lt er eine Bibel, das Buch, das f\u00fcr ihn wichtig war, das er ins Deutsche \u00fcbersetzt hat. Luther, ein Mensch mit&#46;&#46;&#46;","og_url":"https:\/\/dresden-nazifrei.com\/kampa\/erinnerungskultur\/mahngang-taeterspuren-2017\/deutsche-christen\/","og_site_name":"Dresden WiEdersetzen","article_publisher":"https:\/\/www.facebook.com\/dresden.stellt.sich.quer\/","article_modified_time":"2022-03-03T18:22:55+00:00","og_image":[{"width":1600,"height":900,"url":"https:\/\/dresden-nazifrei.com\/kampa\/wp-content\/uploads\/2021\/01\/Stadt-FB-Rot.png","type":"image\/png"}],"twitter_card":"summary_large_image","twitter_site":"@dd_nazifrei","twitter_misc":{"Gesch\u00e4tzte Lesezeit":"4\u00a0Minuten"},"schema":{"@context":"https:\/\/schema.org","@graph":[{"@type":"WebPage","@id":"https:\/\/dresden-nazifrei.com\/kampa\/erinnerungskultur\/mahngang-taeterspuren-2017\/deutsche-christen\/","url":"https:\/\/dresden-nazifrei.com\/kampa\/erinnerungskultur\/mahngang-taeterspuren-2017\/deutsche-christen\/","name":"Station 4 [Neumarkt\/Frauenkirche]: Deutsche Christen - Dresden WiEdersetzen","isPartOf":{"@id":"https:\/\/dresden-nazifrei.com\/kampa\/#website"},"datePublished":"2017-02-14T13:46:32+00:00","dateModified":"2022-03-03T18:22:55+00:00","breadcrumb":{"@id":"https:\/\/dresden-nazifrei.com\/kampa\/erinnerungskultur\/mahngang-taeterspuren-2017\/deutsche-christen\/#breadcrumb"},"inLanguage":"de","potentialAction":[{"@type":"ReadAction","target":["https:\/\/dresden-nazifrei.com\/kampa\/erinnerungskultur\/mahngang-taeterspuren-2017\/deutsche-christen\/"]}]},{"@type":"BreadcrumbList","@id":"https:\/\/dresden-nazifrei.com\/kampa\/erinnerungskultur\/mahngang-taeterspuren-2017\/deutsche-christen\/#breadcrumb","itemListElement":[{"@type":"ListItem","position":1,"name":"Startseite","item":"https:\/\/dresden-nazifrei.com\/kampa\/"},{"@type":"ListItem","position":2,"name":"Erinnerungskultur","item":"https:\/\/dresden-nazifrei.com\/kampa\/erinnerungskultur\/"},{"@type":"ListItem","position":3,"name":"Mahngang T\u00e4terspuren 2017","item":"https:\/\/dresden-nazifrei.com\/kampa\/erinnerungskultur\/mahngang-taeterspuren-2017\/"},{"@type":"ListItem","position":4,"name":"Station 4 [Neumarkt\/Frauenkirche]: Deutsche Christen"}]},{"@type":"WebSite","@id":"https:\/\/dresden-nazifrei.com\/kampa\/#website","url":"https:\/\/dresden-nazifrei.com\/kampa\/","name":"Dresden WiEdersetzen","description":"Dresden stellt sich quer","publisher":{"@id":"https:\/\/dresden-nazifrei.com\/kampa\/#organization"},"potentialAction":[{"@type":"SearchAction","target":{"@type":"EntryPoint","urlTemplate":"https:\/\/dresden-nazifrei.com\/kampa\/?s={search_term_string}"},"query-input":{"@type":"PropertyValueSpecification","valueRequired":true,"valueName":"search_term_string"}}],"inLanguage":"de"},{"@type":"Organization","@id":"https:\/\/dresden-nazifrei.com\/kampa\/#organization","name":"Dresden Nazifrei","url":"https:\/\/dresden-nazifrei.com\/kampa\/","logo":{"@type":"ImageObject","inLanguage":"de","@id":"https:\/\/dresden-nazifrei.com\/kampa\/#\/schema\/logo\/image\/","url":"https:\/\/dresden-nazifrei.com\/kampa\/wp-content\/uploads\/2021\/03\/Logo-Schwarz-Rot.png","contentUrl":"https:\/\/dresden-nazifrei.com\/kampa\/wp-content\/uploads\/2021\/03\/Logo-Schwarz-Rot.png","width":500,"height":500,"caption":"Dresden Nazifrei"},"image":{"@id":"https:\/\/dresden-nazifrei.com\/kampa\/#\/schema\/logo\/image\/"},"sameAs":["https:\/\/www.facebook.com\/dresden.stellt.sich.quer\/","https:\/\/x.com\/dd_nazifrei","https:\/\/www.instagram.com\/dd_nazifrei\/","https:\/\/www.youtube.com\/channel\/UC2w1_etudyqY1XziVPgba8Q"]}]}},"_links":{"self":[{"href":"https:\/\/dresden-nazifrei.com\/kampa\/wp-json\/wp\/v2\/pages\/305","targetHints":{"allow":["GET"]}}],"collection":[{"href":"https:\/\/dresden-nazifrei.com\/kampa\/wp-json\/wp\/v2\/pages"}],"about":[{"href":"https:\/\/dresden-nazifrei.com\/kampa\/wp-json\/wp\/v2\/types\/page"}],"author":[{"embeddable":true,"href":"https:\/\/dresden-nazifrei.com\/kampa\/wp-json\/wp\/v2\/users\/1"}],"replies":[{"embeddable":true,"href":"https:\/\/dresden-nazifrei.com\/kampa\/wp-json\/wp\/v2\/comments?post=305"}],"version-history":[{"count":3,"href":"https:\/\/dresden-nazifrei.com\/kampa\/wp-json\/wp\/v2\/pages\/305\/revisions"}],"predecessor-version":[{"id":8462,"href":"https:\/\/dresden-nazifrei.com\/kampa\/wp-json\/wp\/v2\/pages\/305\/revisions\/8462"}],"up":[{"embeddable":true,"href":"https:\/\/dresden-nazifrei.com\/kampa\/wp-json\/wp\/v2\/pages\/299"}],"wp:attachment":[{"href":"https:\/\/dresden-nazifrei.com\/kampa\/wp-json\/wp\/v2\/media?parent=305"}],"curies":[{"name":"wp","href":"https:\/\/api.w.org\/{rel}","templated":true}]}}