{"id":3119,"date":"2020-01-10T16:49:53","date_gmt":"2020-01-10T15:49:53","guid":{"rendered":"https:\/\/dresden-nazifrei.com\/?page_id=3119"},"modified":"2022-04-14T16:46:17","modified_gmt":"2022-04-14T14:46:17","slug":"aufruf2020","status":"publish","type":"page","link":"https:\/\/dresden-nazifrei.com\/kampa\/13februar-dresden\/13februar-2020\/aufruf2020\/","title":{"rendered":"Aufruf 13. Februar 2020: Nazis st\u00f6ren!"},"content":{"rendered":"\n<p>Am 13. Februar 2020 j\u00e4hrt sich die Bombardierung des nationalsozialistischen Dresdens zum 75. Mal. Seit nunmehr 20 Jahren  nutzen Nazis diesen Tag f\u00fcr ihre Geschichtsklitterung und Dresden als  B\u00fchne, um ihr rechtes Gedankengut auf die Stra\u00dfe zu tragen. Auf Initiative der Gruppe \u201eDresden Nazifrei\u201c haben sich zivilgesellschaftliche Initiativen aus ganz Sachsen zusammengefunden und gestalten gemeinsam unter dem Motto \u201eNazis st\u00f6ren\u201c eine Aktionswoche rund um das brisante Datum. <\/p>\n\n\n\n<figure class=\"wp-block-image size-large\"><img loading=\"lazy\" decoding=\"async\" width=\"1024\" height=\"576\" src=\"https:\/\/dresden-nazifrei.com\/kampa\/wp-content\/uploads\/2020\/01\/DD-NF-Web-Farbspielerei4-1024x576.png\" alt=\"\" class=\"wp-image-3120\" srcset=\"https:\/\/dresden-nazifrei.com\/kampa\/wp-content\/uploads\/2020\/01\/DD-NF-Web-Farbspielerei4-1024x576.png 1024w, https:\/\/dresden-nazifrei.com\/kampa\/wp-content\/uploads\/2020\/01\/DD-NF-Web-Farbspielerei4-300x169.png 300w, https:\/\/dresden-nazifrei.com\/kampa\/wp-content\/uploads\/2020\/01\/DD-NF-Web-Farbspielerei4-150x84.png 150w, https:\/\/dresden-nazifrei.com\/kampa\/wp-content\/uploads\/2020\/01\/DD-NF-Web-Farbspielerei4-768x432.png 768w, https:\/\/dresden-nazifrei.com\/kampa\/wp-content\/uploads\/2020\/01\/DD-NF-Web-Farbspielerei4.png 1366w\" sizes=\"auto, (max-width: 1024px) 100vw, 1024px\" \/><\/figure>\n\n\n\n<p>Das gemeinsame Ziel ist es, den Nazis die Deutungshoheit \u00fcber den 13. Februar zu nehmen, ihren Aktionsradius so weit wie m\u00f6glich einzuschr\u00e4nken und sie nicht marschieren zu lassen. Neben Dresdener Initiativen wie&nbsp;HOPE,&nbsp;WHAT, \u201eNationalismus raus aus den K\u00f6pfen und \u201eBlack Wok\u201c sind mit \u201eLeipzig nimmt Platz\u201c und \u201eChemnitz nazifrei\u201c auch Initiativen aus anderen s\u00e4chsischen St\u00e4dten Teil des frisch gegr\u00fcndeten <a href=\"https:\/\/dresden-nazifrei.com\/aktionsbuendnis2020\/\" target=\"_blank\" rel=\"noreferrer noopener\" aria-label=\" (\u00f6ffnet in neuem Tab)\">Aktionsb\u00fcndnisses<\/a>. <\/p>\n\n\n\n<p>Wie schon in den letzten Jahren, wird es aus dem B\u00fcndnis heraus mehrere Aktionen und Veranstaltungen in der Aktionswoche und in der Vorbereitungszeit darauf geben. Die erste gr\u00f6\u00dfere Veranstaltung innerhalb der Woche wird der \u201eMahngang T\u00e4terspuren\u201c von \u201eDresden Nazifrei\u201c sein. Er wird am Sonntag, den 9. Februar 2020, um 13 Uhr an der \u201eVilla Mutschmann\u201c (Comeniusstra\u00dfe 32) starten. Ziel des \u201eMahngangs T\u00e4terspuren\u201c ist es zentrale Orte und Akteur*innen des Nationalsozialismus in Dresden zu benennen und so die Legende der \u201eunschuldigen Kunst- und Kulturstadt\u201c zu widerlegen. <\/p>\n\n\n\n<p>Am 13. Februar 2020 selbst wird das Aktionsb\u00fcndnis an unterschiedlichen Stellen im Stadtgebiet Mahnwachen abhalten, so etwa am Obelisken in Nickern. Die Vereinnahmung des Denkmals als nationalsozialistischer Pilgerort soll so verhindert werden. Zudem hat die Gruppe&nbsp;HOPE&nbsp;f\u00fcr diesen Tag eine Kundgebung auf dem Altmarkt angemeldet, an der sich das gesamte Aktionsb\u00fcndnis beteiligen wird. <\/p>\n\n\n\n<p>Unter <a href=\"https:\/\/dresden-nazifrei.com\/veranstaltungen13feb2020\/\">https:\/\/dresden-nazifrei.com\/veranstaltungen\/13feb2020\/<\/a> wird ein Veranstaltungskalender erscheinen, der alle geplanten Veranstaltungen auff\u00fchrt. Zudem informieren wir \u00fcber Facebook und Twitter \u00fcber aktuelle Entwicklungen und Aktionen. <\/p>\n\n\n\n<p>Beim Demogeschehen liegt unser Fokus wie in den letzten Jahren vor allem beim \u201eTrauermarsch\u201c, der von der \u00f6rtlichen Nazi-Szene seit nunmehr 20 Jahren mit breiter Unterst\u00fctzung von Nazis aus ganz Deutschland und angrenzender L\u00e4nder durchgef\u00fchrt wird. Wir wollen es nicht zulassen, dass dieser geschichtsrevisionistische Nazi-Aufmarsch, der in den letzten Jahren regelm\u00e4\u00dfig vom Landesvorsitzenden der JN und Vorsitzenden des&nbsp;NPD-Kreisverbandes Dresden, Maik M\u00fcller, angemeldet wird, seine NS-Propaganda ungest\u00f6rt verbreiten kann. Zur Verhinderung dieses Nazi-Aufmarschs werden wir wie bereits in der Vergangenheit auch die Mittel des zivilen Ungehorsams einsetzen. <\/p>\n\n\n\n<p>Bis in das Jahr 2018 war es gelungen, den ehemals gr\u00f6\u00dften Nazi-Aufmarsch Europas mit vielen tausend Teilnehmern seine Bedeutung zu nehmen und weitgehend aus dem Zentrum Dresdens zu verdr\u00e4ngen. Die Nazis mussten sich die letzten Jahre mit Aufm\u00e4rschen in den Randgebieten Dresdens und mit deutlich niedrigerer Beteiligung zufriedengeben. <\/p>\n\n\n\n<p> Da weite Teilen der b\u00fcrgerlichen Zivilgesellschaft in der Region Dresden im letzten Jahr kein Bewusstsein f\u00fcr diese neuerliche Problematik entwickelten, oder schlicht keine Notwendigkeit sahen, sich dem entgegen zu stellen, konnten 2019 erstmals wieder \u00fcber 1.000 Nazis in der Innenstadt laufen. Zwar konnte den Nazis durch Gegenaktionen eine attraktive Strecke genommen und ihr Weg deutlich verk\u00fcrzt werden. Leider war es aber nicht gelungen, den Aufmarsch in der Innenstadt Dresdens verhindern. <\/p>\n\n\n\n<p>Diesen gelungenen Testlauf werden die Nazis sicher als Einladung verstehen, um ihren diesj\u00e4hrigen Jubil\u00e4umsmarsch \u2013 75. Jahrestag der  Bombardierung und 20. Jahrestag der Nazi-Aufm\u00e4rsche \u2013 mit einer massiven Mobilisierung, einen neuen Vorsto\u00df in die Innenstadt Dresdens zu wagen. Das oberste Ziel des \u201eAktionsb\u00fcndnisses 13. Februar 2020\u201c ist es daher, den als \u201eTrauermarsch\u201c getarnten Nazi-Aufmarsch in der Woche des 13. Februar 2020 zu verhindern. <\/p>\n\n\n\n<p> Wir rufen die Menschen in Dresden und Sachsen dringend dazu auf, sich mit uns den Nazis im Februar in Dresden in den Weg zu stellen. Egal ob ihr euch an unseren Aktionen beteiligt oder eigene Ideen entwickelt. Egal ob ihr als Gruppe oder als Einzelpersonen aktiv werdet. Wer diese Jahr unt\u00e4tig bleibt, muss sich nicht wundern, wenn wir die Zust\u00e4nde von vor 2010 wieder bekommen, wo mehrere Tausend Nazis durch Dresden marschierten. Jeder einzelne ist wichtig! Lasst uns gemeinsam die Nazis st\u00f6ren und ihren Aufmarsch\u00a0unm\u00f6glich machen!<\/p>\n\n\n\n<p>Alle wichtigen Infos zu den Aktionstagen <a rel=\"noreferrer noopener\" aria-label=\"13. Februar (\u00f6ffnet in neuem Tab)\" href=\"https:\/\/dresden-nazifrei.com\/aktionstag-13-februar-2020\/\" target=\"_blank\">13. Februar<\/a> und <a rel=\"noreferrer noopener\" aria-label=\" (\u00f6ffnet in neuem Tab)\" href=\"https:\/\/dresden-nazifrei.com\/aktionstag-15-februar-2020\/\" target=\"_blank\">15. Februar (Nazi-Aufmarsch verhindern)!<\/a><\/p>\n","protected":false},"excerpt":{"rendered":"<p>Am 13. Februar 2020 j\u00e4hrt sich die Bombardierung des nationalsozialistischen Dresdens zum 75. Mal. Seit nunmehr 20 Jahren nutzen Nazis diesen Tag f\u00fcr ihre Geschichtsklitterung und Dresden als B\u00fchne, um ihr rechtes Gedankengut auf&#46;&#46;&#46;<\/p>\n","protected":false},"author":3,"featured_media":3120,"parent":8791,"menu_order":1,"comment_status":"closed","ping_status":"closed","template":"","meta":{"_monsterinsights_skip_tracking":false,"_monsterinsights_sitenote_active":false,"_monsterinsights_sitenote_note":"","_monsterinsights_sitenote_category":0,"footnotes":""},"class_list":["post-3119","page","type-page","status-publish","has-post-thumbnail","hentry"],"yoast_head":"<!-- This site is optimized with the Yoast SEO plugin v27.2 - https:\/\/yoast.com\/product\/yoast-seo-wordpress\/ -->\n<title>Aufruf 13. Februar 2020: Nazis st\u00f6ren! - Dresden WiEdersetzen<\/title>\n<meta name=\"robots\" content=\"index, follow, max-snippet:-1, max-image-preview:large, max-video-preview:-1\" \/>\n<link rel=\"canonical\" href=\"https:\/\/dresden-nazifrei.com\/kampa\/13februar-dresden\/13februar-2020\/aufruf2020\/\" \/>\n<meta property=\"og:locale\" content=\"de_DE\" \/>\n<meta property=\"og:type\" content=\"article\" \/>\n<meta property=\"og:title\" content=\"Aufruf 13. Februar 2020: Nazis st\u00f6ren! - Dresden WiEdersetzen\" \/>\n<meta property=\"og:description\" content=\"Am 13. Februar 2020 j\u00e4hrt sich die Bombardierung des nationalsozialistischen Dresdens zum 75. Mal. Seit nunmehr 20 Jahren nutzen Nazis diesen Tag f\u00fcr ihre Geschichtsklitterung und Dresden als B\u00fchne, um ihr rechtes Gedankengut auf&#046;&#046;&#046;\" \/>\n<meta property=\"og:url\" content=\"https:\/\/dresden-nazifrei.com\/kampa\/13februar-dresden\/13februar-2020\/aufruf2020\/\" \/>\n<meta property=\"og:site_name\" content=\"Dresden WiEdersetzen\" \/>\n<meta property=\"article:publisher\" content=\"https:\/\/www.facebook.com\/dresden.stellt.sich.quer\/\" \/>\n<meta property=\"article:modified_time\" content=\"2022-04-14T14:46:17+00:00\" \/>\n<meta property=\"og:image\" content=\"https:\/\/dresden-nazifrei.com\/kampa\/wp-content\/uploads\/2020\/01\/DD-NF-Web-Farbspielerei4.png\" \/>\n\t<meta property=\"og:image:width\" content=\"1366\" \/>\n\t<meta property=\"og:image:height\" content=\"768\" \/>\n\t<meta property=\"og:image:type\" content=\"image\/png\" \/>\n<meta name=\"twitter:card\" content=\"summary_large_image\" \/>\n<meta name=\"twitter:site\" content=\"@dd_nazifrei\" \/>\n<meta name=\"twitter:label1\" content=\"Gesch\u00e4tzte Lesezeit\" \/>\n\t<meta name=\"twitter:data1\" content=\"3\u00a0Minuten\" \/>\n<script type=\"application\/ld+json\" class=\"yoast-schema-graph\">{\"@context\":\"https:\/\/schema.org\",\"@graph\":[{\"@type\":\"WebPage\",\"@id\":\"https:\/\/dresden-nazifrei.com\/kampa\/13februar-dresden\/13februar-2020\/aufruf2020\/\",\"url\":\"https:\/\/dresden-nazifrei.com\/kampa\/13februar-dresden\/13februar-2020\/aufruf2020\/\",\"name\":\"Aufruf 13. Februar 2020: Nazis st\u00f6ren! - Dresden WiEdersetzen\",\"isPartOf\":{\"@id\":\"https:\/\/dresden-nazifrei.com\/kampa\/#website\"},\"primaryImageOfPage\":{\"@id\":\"https:\/\/dresden-nazifrei.com\/kampa\/13februar-dresden\/13februar-2020\/aufruf2020\/#primaryimage\"},\"image\":{\"@id\":\"https:\/\/dresden-nazifrei.com\/kampa\/13februar-dresden\/13februar-2020\/aufruf2020\/#primaryimage\"},\"thumbnailUrl\":\"https:\/\/dresden-nazifrei.com\/kampa\/wp-content\/uploads\/2020\/01\/DD-NF-Web-Farbspielerei4.png\",\"datePublished\":\"2020-01-10T15:49:53+00:00\",\"dateModified\":\"2022-04-14T14:46:17+00:00\",\"breadcrumb\":{\"@id\":\"https:\/\/dresden-nazifrei.com\/kampa\/13februar-dresden\/13februar-2020\/aufruf2020\/#breadcrumb\"},\"inLanguage\":\"de\",\"potentialAction\":[{\"@type\":\"ReadAction\",\"target\":[\"https:\/\/dresden-nazifrei.com\/kampa\/13februar-dresden\/13februar-2020\/aufruf2020\/\"]}]},{\"@type\":\"ImageObject\",\"inLanguage\":\"de\",\"@id\":\"https:\/\/dresden-nazifrei.com\/kampa\/13februar-dresden\/13februar-2020\/aufruf2020\/#primaryimage\",\"url\":\"https:\/\/dresden-nazifrei.com\/kampa\/wp-content\/uploads\/2020\/01\/DD-NF-Web-Farbspielerei4.png\",\"contentUrl\":\"https:\/\/dresden-nazifrei.com\/kampa\/wp-content\/uploads\/2020\/01\/DD-NF-Web-Farbspielerei4.png\",\"width\":1366,\"height\":768},{\"@type\":\"BreadcrumbList\",\"@id\":\"https:\/\/dresden-nazifrei.com\/kampa\/13februar-dresden\/13februar-2020\/aufruf2020\/#breadcrumb\",\"itemListElement\":[{\"@type\":\"ListItem\",\"position\":1,\"name\":\"Startseite\",\"item\":\"https:\/\/dresden-nazifrei.com\/kampa\/\"},{\"@type\":\"ListItem\",\"position\":2,\"name\":\"Der 13. Februar in Dresden\",\"item\":\"https:\/\/dresden-nazifrei.com\/kampa\/13februar-dresden\/\"},{\"@type\":\"ListItem\",\"position\":3,\"name\":\"Der 13. Februar 2020\",\"item\":\"https:\/\/dresden-nazifrei.com\/kampa\/13februar-dresden\/13februar-2020\/\"},{\"@type\":\"ListItem\",\"position\":4,\"name\":\"Aufruf 13. Februar 2020: Nazis st\u00f6ren!\"}]},{\"@type\":\"WebSite\",\"@id\":\"https:\/\/dresden-nazifrei.com\/kampa\/#website\",\"url\":\"https:\/\/dresden-nazifrei.com\/kampa\/\",\"name\":\"Dresden WiEdersetzen\",\"description\":\"Dresden stellt sich quer\",\"publisher\":{\"@id\":\"https:\/\/dresden-nazifrei.com\/kampa\/#organization\"},\"potentialAction\":[{\"@type\":\"SearchAction\",\"target\":{\"@type\":\"EntryPoint\",\"urlTemplate\":\"https:\/\/dresden-nazifrei.com\/kampa\/?s={search_term_string}\"},\"query-input\":{\"@type\":\"PropertyValueSpecification\",\"valueRequired\":true,\"valueName\":\"search_term_string\"}}],\"inLanguage\":\"de\"},{\"@type\":\"Organization\",\"@id\":\"https:\/\/dresden-nazifrei.com\/kampa\/#organization\",\"name\":\"Dresden Nazifrei\",\"url\":\"https:\/\/dresden-nazifrei.com\/kampa\/\",\"logo\":{\"@type\":\"ImageObject\",\"inLanguage\":\"de\",\"@id\":\"https:\/\/dresden-nazifrei.com\/kampa\/#\/schema\/logo\/image\/\",\"url\":\"https:\/\/dresden-nazifrei.com\/kampa\/wp-content\/uploads\/2021\/03\/Logo-Schwarz-Rot.png\",\"contentUrl\":\"https:\/\/dresden-nazifrei.com\/kampa\/wp-content\/uploads\/2021\/03\/Logo-Schwarz-Rot.png\",\"width\":500,\"height\":500,\"caption\":\"Dresden Nazifrei\"},\"image\":{\"@id\":\"https:\/\/dresden-nazifrei.com\/kampa\/#\/schema\/logo\/image\/\"},\"sameAs\":[\"https:\/\/www.facebook.com\/dresden.stellt.sich.quer\/\",\"https:\/\/x.com\/dd_nazifrei\",\"https:\/\/www.instagram.com\/dd_nazifrei\/\",\"https:\/\/www.youtube.com\/channel\/UC2w1_etudyqY1XziVPgba8Q\"]}]}<\/script>\n<!-- \/ Yoast SEO plugin. -->","yoast_head_json":{"title":"Aufruf 13. Februar 2020: Nazis st\u00f6ren! - Dresden WiEdersetzen","robots":{"index":"index","follow":"follow","max-snippet":"max-snippet:-1","max-image-preview":"max-image-preview:large","max-video-preview":"max-video-preview:-1"},"canonical":"https:\/\/dresden-nazifrei.com\/kampa\/13februar-dresden\/13februar-2020\/aufruf2020\/","og_locale":"de_DE","og_type":"article","og_title":"Aufruf 13. Februar 2020: Nazis st\u00f6ren! - Dresden WiEdersetzen","og_description":"Am 13. Februar 2020 j\u00e4hrt sich die Bombardierung des nationalsozialistischen Dresdens zum 75. Mal. Seit nunmehr 20 Jahren nutzen Nazis diesen Tag f\u00fcr ihre Geschichtsklitterung und Dresden als B\u00fchne, um ihr rechtes Gedankengut auf&#46;&#46;&#46;","og_url":"https:\/\/dresden-nazifrei.com\/kampa\/13februar-dresden\/13februar-2020\/aufruf2020\/","og_site_name":"Dresden WiEdersetzen","article_publisher":"https:\/\/www.facebook.com\/dresden.stellt.sich.quer\/","article_modified_time":"2022-04-14T14:46:17+00:00","og_image":[{"width":1366,"height":768,"url":"https:\/\/dresden-nazifrei.com\/kampa\/wp-content\/uploads\/2020\/01\/DD-NF-Web-Farbspielerei4.png","type":"image\/png"}],"twitter_card":"summary_large_image","twitter_site":"@dd_nazifrei","twitter_misc":{"Gesch\u00e4tzte Lesezeit":"3\u00a0Minuten"},"schema":{"@context":"https:\/\/schema.org","@graph":[{"@type":"WebPage","@id":"https:\/\/dresden-nazifrei.com\/kampa\/13februar-dresden\/13februar-2020\/aufruf2020\/","url":"https:\/\/dresden-nazifrei.com\/kampa\/13februar-dresden\/13februar-2020\/aufruf2020\/","name":"Aufruf 13. Februar 2020: Nazis st\u00f6ren! - Dresden WiEdersetzen","isPartOf":{"@id":"https:\/\/dresden-nazifrei.com\/kampa\/#website"},"primaryImageOfPage":{"@id":"https:\/\/dresden-nazifrei.com\/kampa\/13februar-dresden\/13februar-2020\/aufruf2020\/#primaryimage"},"image":{"@id":"https:\/\/dresden-nazifrei.com\/kampa\/13februar-dresden\/13februar-2020\/aufruf2020\/#primaryimage"},"thumbnailUrl":"https:\/\/dresden-nazifrei.com\/kampa\/wp-content\/uploads\/2020\/01\/DD-NF-Web-Farbspielerei4.png","datePublished":"2020-01-10T15:49:53+00:00","dateModified":"2022-04-14T14:46:17+00:00","breadcrumb":{"@id":"https:\/\/dresden-nazifrei.com\/kampa\/13februar-dresden\/13februar-2020\/aufruf2020\/#breadcrumb"},"inLanguage":"de","potentialAction":[{"@type":"ReadAction","target":["https:\/\/dresden-nazifrei.com\/kampa\/13februar-dresden\/13februar-2020\/aufruf2020\/"]}]},{"@type":"ImageObject","inLanguage":"de","@id":"https:\/\/dresden-nazifrei.com\/kampa\/13februar-dresden\/13februar-2020\/aufruf2020\/#primaryimage","url":"https:\/\/dresden-nazifrei.com\/kampa\/wp-content\/uploads\/2020\/01\/DD-NF-Web-Farbspielerei4.png","contentUrl":"https:\/\/dresden-nazifrei.com\/kampa\/wp-content\/uploads\/2020\/01\/DD-NF-Web-Farbspielerei4.png","width":1366,"height":768},{"@type":"BreadcrumbList","@id":"https:\/\/dresden-nazifrei.com\/kampa\/13februar-dresden\/13februar-2020\/aufruf2020\/#breadcrumb","itemListElement":[{"@type":"ListItem","position":1,"name":"Startseite","item":"https:\/\/dresden-nazifrei.com\/kampa\/"},{"@type":"ListItem","position":2,"name":"Der 13. Februar in Dresden","item":"https:\/\/dresden-nazifrei.com\/kampa\/13februar-dresden\/"},{"@type":"ListItem","position":3,"name":"Der 13. Februar 2020","item":"https:\/\/dresden-nazifrei.com\/kampa\/13februar-dresden\/13februar-2020\/"},{"@type":"ListItem","position":4,"name":"Aufruf 13. Februar 2020: Nazis st\u00f6ren!"}]},{"@type":"WebSite","@id":"https:\/\/dresden-nazifrei.com\/kampa\/#website","url":"https:\/\/dresden-nazifrei.com\/kampa\/","name":"Dresden WiEdersetzen","description":"Dresden stellt sich quer","publisher":{"@id":"https:\/\/dresden-nazifrei.com\/kampa\/#organization"},"potentialAction":[{"@type":"SearchAction","target":{"@type":"EntryPoint","urlTemplate":"https:\/\/dresden-nazifrei.com\/kampa\/?s={search_term_string}"},"query-input":{"@type":"PropertyValueSpecification","valueRequired":true,"valueName":"search_term_string"}}],"inLanguage":"de"},{"@type":"Organization","@id":"https:\/\/dresden-nazifrei.com\/kampa\/#organization","name":"Dresden Nazifrei","url":"https:\/\/dresden-nazifrei.com\/kampa\/","logo":{"@type":"ImageObject","inLanguage":"de","@id":"https:\/\/dresden-nazifrei.com\/kampa\/#\/schema\/logo\/image\/","url":"https:\/\/dresden-nazifrei.com\/kampa\/wp-content\/uploads\/2021\/03\/Logo-Schwarz-Rot.png","contentUrl":"https:\/\/dresden-nazifrei.com\/kampa\/wp-content\/uploads\/2021\/03\/Logo-Schwarz-Rot.png","width":500,"height":500,"caption":"Dresden Nazifrei"},"image":{"@id":"https:\/\/dresden-nazifrei.com\/kampa\/#\/schema\/logo\/image\/"},"sameAs":["https:\/\/www.facebook.com\/dresden.stellt.sich.quer\/","https:\/\/x.com\/dd_nazifrei","https:\/\/www.instagram.com\/dd_nazifrei\/","https:\/\/www.youtube.com\/channel\/UC2w1_etudyqY1XziVPgba8Q"]}]}},"_links":{"self":[{"href":"https:\/\/dresden-nazifrei.com\/kampa\/wp-json\/wp\/v2\/pages\/3119","targetHints":{"allow":["GET"]}}],"collection":[{"href":"https:\/\/dresden-nazifrei.com\/kampa\/wp-json\/wp\/v2\/pages"}],"about":[{"href":"https:\/\/dresden-nazifrei.com\/kampa\/wp-json\/wp\/v2\/types\/page"}],"author":[{"embeddable":true,"href":"https:\/\/dresden-nazifrei.com\/kampa\/wp-json\/wp\/v2\/users\/3"}],"replies":[{"embeddable":true,"href":"https:\/\/dresden-nazifrei.com\/kampa\/wp-json\/wp\/v2\/comments?post=3119"}],"version-history":[{"count":9,"href":"https:\/\/dresden-nazifrei.com\/kampa\/wp-json\/wp\/v2\/pages\/3119\/revisions"}],"predecessor-version":[{"id":3590,"href":"https:\/\/dresden-nazifrei.com\/kampa\/wp-json\/wp\/v2\/pages\/3119\/revisions\/3590"}],"up":[{"embeddable":true,"href":"https:\/\/dresden-nazifrei.com\/kampa\/wp-json\/wp\/v2\/pages\/8791"}],"wp:featuredmedia":[{"embeddable":true,"href":"https:\/\/dresden-nazifrei.com\/kampa\/wp-json\/wp\/v2\/media\/3120"}],"wp:attachment":[{"href":"https:\/\/dresden-nazifrei.com\/kampa\/wp-json\/wp\/v2\/media?parent=3119"}],"curies":[{"name":"wp","href":"https:\/\/api.w.org\/{rel}","templated":true}]}}