{"id":3168,"date":"2020-01-11T17:51:40","date_gmt":"2020-01-11T16:51:40","guid":{"rendered":"https:\/\/dresden-nazifrei.com\/?page_id=3168"},"modified":"2022-04-14T16:48:07","modified_gmt":"2022-04-14T14:48:07","slug":"presse-aktionswoche-13-februar-2020","status":"publish","type":"page","link":"https:\/\/dresden-nazifrei.com\/kampa\/13februar-dresden\/13februar-2020\/presse-aktionswoche-13-februar-2020\/","title":{"rendered":"Presse &#8222;Aktionswoche 13. Februar 2020&#8220;"},"content":{"rendered":"\n<p>Auf dieser Seite Stellen wir f\u00fcr Medienvertreter*innen relevante Informationen zur \u201eAktionswoche 13.&nbsp;Februar 2020\u201c zusammen. Sie werden hier Pressemitteilungen finden, aber auch Bilder, die die Presse verwenden darf. Der Bereich wird in den n\u00e4chsten Wochen kontinuierlich aufgebaut. F\u00fcr Anfragen sind wir jederzeit unter <a href=\"mailto:presse@dresden-nazifrei.com\"><strong>presse@dresden-nazifrei.com<\/strong><\/a> und <strong>017650644110<\/strong> zu erreichen. <\/p>\n\n\n\n<p>Eine Pressekonferenz des Aktionsb\u00fcndnisses wird am Dienstag, den 4.&nbsp;Februar 2020 um 11&nbsp;Uhr stattfinden. Den Ort geben wir interessierten Journalist*innen rechtzeitig bekannt.<\/p>\n\n\n\n<p><strong>Pressemitteilungen:<\/strong><\/p>\n\n\n\n<p><a href=\"https:\/\/radiocorax.de\/gegenprotest-zum-naziaufmarsch-anlaesslich-des-13-februars-in-dresden-gespraech-mit-annalena-schmidt-vom-dresdner-buendnis-nazifrei\/\" target=\"_blank\" rel=\"noreferrer noopener\" aria-label=\"Radiointerview mit Annalena Schmidt (\u00f6ffnet in neuem Tab)\">Radiointerview mit Annalena Schmidt<\/a> bei <a href=\"https:\/\/radiocorax.de\/\" target=\"_blank\" rel=\"noreferrer noopener\" aria-label=\"Radio Corax (\u00f6ffnet in neuem Tab)\">Radio Corax<\/a><\/p>\n\n\n\n<p><strong>11. Februar 2020:<\/strong><\/p>\n\n\n\n<p><a rel=\"noreferrer noopener\" aria-label=\"\u201eDresden Nazifrei&quot; \u00e4u\u00dfert sich zu vergangenem und anstehenden Polizeieins\u00e4tzen im Rahmen der Aktionswoche&nbsp; (\u00f6ffnet in neuem Tab)\" href=\"https:\/\/dresden-nazifrei.com\/problematisches-polizeiverhalten-und-fragwuerdige-ankuendigungen-lassen-uebles-fuer-kommenden-samstag-erahnen\/\" target=\"_blank\">\u201eDresden Nazifrei&#8220; \u00e4u\u00dfert sich zu vergangenem und anstehenden Polizeieins\u00e4tzen im Rahmen der Aktionswoche&nbsp;<\/a><\/p>\n\n\n\n<hr class=\"wp-block-separator\"\/>\n\n\n\n<div class=\"wp-block-group\"><div class=\"wp-block-group__inner-container is-layout-flow wp-block-group-is-layout-flow\">\n<p><strong>23. Januar 2020<\/strong>:<br>\u201eIrritiert haben wir als \u201eDresden Nazifrei\u201c den Artikel in der \u201eS\u00e4chsischen Zeitung\u201c zur Kenntnis genommen, in dem Dr. Joachim Klose sich zu den Protesten rund um den 13. Februar \u00e4u\u00dfert. Auf <a href=\"cid:part1.60187C0F.9163A2B3@dresden-nazifrei.com\">unserer Homepage haben wir eine Entgegnung<\/a> ver\u00f6ffentlicht, da wir uns in Teilen durch die \u00c4u\u00dferungen von Herrn Klose verunglimpft sehen. So werden wir den Nazis nichts entgegen setzen k\u00f6nnen.<br>     <br>Wir rufen alle Menschen in Dresden und Sachsen auf, gemeinsam auf     die Stra\u00dfe zu gehen. Am 13. Februar, am 15. Februar und allen anderen Tagen, an denen es notwendig ist Nazis die R\u00e4ume zu nehmen!\u201c<\/p>\n<\/div><\/div>\n\n\n\n<hr class=\"wp-block-separator\"\/>\n\n\n\n<p><strong>11. Januar 2020<\/strong>:<br><a rel=\"noreferrer noopener\" aria-label=\"\u201eAktionsb\u00fcndnis 13. Februar 2020\u201c in Dresden gegr\u00fcndet \u2013 Nazi-Aufmarsch zum 13.&nbsp;Februar soll verhindert werden (\u00f6ffnet in neuem Tab)\" href=\"https:\/\/dresden-nazifrei.com\/aktionsbuendnis-13-februar-2020-in-dresden-gegruendet-nazi-aufmarsch-zum-13-februar-soll-verhindert-werden\/\" target=\"_blank\">\u201eAktionsb\u00fcndnis 13. Februar 2020\u201c in Dresden gegr\u00fcndet \u2013 Nazi-Aufmarsch zum 13.&nbsp;Februar soll verhindert werden<\/a><\/p>\n\n\n\n<hr class=\"wp-block-separator\"\/>\n\n\n\n<p>Im <strong>Bereich <a rel=\"noreferrer noopener\" aria-label=\"Download  (\u00f6ffnet in neuem Tab)\" href=\"https:\/\/dresden-nazifrei.com\/materialien\/\" target=\"_blank\">Download<\/a><\/strong> stehen zudem Materialien zur Aktionswoche zur Verf\u00fcgung. <\/p>\n","protected":false},"excerpt":{"rendered":"<p>Auf dieser Seite Stellen wir f\u00fcr Medienvertreter*innen relevante Informationen zur \u201eAktionswoche 13.&nbsp;Februar 2020\u201c zusammen. Sie werden hier Pressemitteilungen finden, aber auch Bilder, die die Presse verwenden darf. Der Bereich wird in den n\u00e4chsten Wochen&#46;&#46;&#46;<\/p>\n","protected":false},"author":3,"featured_media":0,"parent":8791,"menu_order":6,"comment_status":"closed","ping_status":"closed","template":"","meta":{"_monsterinsights_skip_tracking":false,"_monsterinsights_sitenote_active":false,"_monsterinsights_sitenote_note":"","_monsterinsights_sitenote_category":0,"footnotes":""},"class_list":["post-3168","page","type-page","status-publish","hentry"],"yoast_head":"<!-- This site is optimized with the Yoast SEO plugin v27.2 - https:\/\/yoast.com\/product\/yoast-seo-wordpress\/ -->\n<title>Presse &quot;Aktionswoche 13. Februar 2020&quot; - Dresden WiEdersetzen<\/title>\n<meta name=\"robots\" content=\"index, follow, max-snippet:-1, max-image-preview:large, max-video-preview:-1\" \/>\n<link rel=\"canonical\" href=\"https:\/\/dresden-nazifrei.com\/kampa\/13februar-dresden\/13februar-2020\/presse-aktionswoche-13-februar-2020\/\" \/>\n<meta property=\"og:locale\" content=\"de_DE\" \/>\n<meta property=\"og:type\" content=\"article\" \/>\n<meta property=\"og:title\" content=\"Presse &quot;Aktionswoche 13. Februar 2020&quot; - Dresden WiEdersetzen\" \/>\n<meta property=\"og:description\" content=\"Auf dieser Seite Stellen wir f\u00fcr Medienvertreter*innen relevante Informationen zur \u201eAktionswoche 13.&nbsp;Februar 2020\u201c zusammen. Sie werden hier Pressemitteilungen finden, aber auch Bilder, die die Presse verwenden darf. Der Bereich wird in den n\u00e4chsten Wochen&#046;&#046;&#046;\" \/>\n<meta property=\"og:url\" content=\"https:\/\/dresden-nazifrei.com\/kampa\/13februar-dresden\/13februar-2020\/presse-aktionswoche-13-februar-2020\/\" \/>\n<meta property=\"og:site_name\" content=\"Dresden WiEdersetzen\" \/>\n<meta property=\"article:publisher\" content=\"https:\/\/www.facebook.com\/dresden.stellt.sich.quer\/\" \/>\n<meta property=\"article:modified_time\" content=\"2022-04-14T14:48:07+00:00\" \/>\n<meta property=\"og:image\" content=\"https:\/\/dresden-nazifrei.com\/kampa\/wp-content\/uploads\/2021\/01\/Stadt-FB-Rot.png\" \/>\n\t<meta property=\"og:image:width\" content=\"1600\" \/>\n\t<meta property=\"og:image:height\" content=\"900\" \/>\n\t<meta property=\"og:image:type\" content=\"image\/png\" \/>\n<meta name=\"twitter:card\" content=\"summary_large_image\" \/>\n<meta name=\"twitter:site\" content=\"@dd_nazifrei\" \/>\n<meta name=\"twitter:label1\" content=\"Gesch\u00e4tzte Lesezeit\" \/>\n\t<meta name=\"twitter:data1\" content=\"2\u00a0Minuten\" \/>\n<script type=\"application\/ld+json\" class=\"yoast-schema-graph\">{\"@context\":\"https:\/\/schema.org\",\"@graph\":[{\"@type\":\"WebPage\",\"@id\":\"https:\/\/dresden-nazifrei.com\/kampa\/13februar-dresden\/13februar-2020\/presse-aktionswoche-13-februar-2020\/\",\"url\":\"https:\/\/dresden-nazifrei.com\/kampa\/13februar-dresden\/13februar-2020\/presse-aktionswoche-13-februar-2020\/\",\"name\":\"Presse \\\"Aktionswoche 13. Februar 2020\\\" - Dresden WiEdersetzen\",\"isPartOf\":{\"@id\":\"https:\/\/dresden-nazifrei.com\/kampa\/#website\"},\"datePublished\":\"2020-01-11T16:51:40+00:00\",\"dateModified\":\"2022-04-14T14:48:07+00:00\",\"breadcrumb\":{\"@id\":\"https:\/\/dresden-nazifrei.com\/kampa\/13februar-dresden\/13februar-2020\/presse-aktionswoche-13-februar-2020\/#breadcrumb\"},\"inLanguage\":\"de\",\"potentialAction\":[{\"@type\":\"ReadAction\",\"target\":[\"https:\/\/dresden-nazifrei.com\/kampa\/13februar-dresden\/13februar-2020\/presse-aktionswoche-13-februar-2020\/\"]}]},{\"@type\":\"BreadcrumbList\",\"@id\":\"https:\/\/dresden-nazifrei.com\/kampa\/13februar-dresden\/13februar-2020\/presse-aktionswoche-13-februar-2020\/#breadcrumb\",\"itemListElement\":[{\"@type\":\"ListItem\",\"position\":1,\"name\":\"Startseite\",\"item\":\"https:\/\/dresden-nazifrei.com\/kampa\/\"},{\"@type\":\"ListItem\",\"position\":2,\"name\":\"Der 13. Februar in Dresden\",\"item\":\"https:\/\/dresden-nazifrei.com\/kampa\/13februar-dresden\/\"},{\"@type\":\"ListItem\",\"position\":3,\"name\":\"Der 13. Februar 2020\",\"item\":\"https:\/\/dresden-nazifrei.com\/kampa\/13februar-dresden\/13februar-2020\/\"},{\"@type\":\"ListItem\",\"position\":4,\"name\":\"Presse &#8222;Aktionswoche 13. Februar 2020&#8220;\"}]},{\"@type\":\"WebSite\",\"@id\":\"https:\/\/dresden-nazifrei.com\/kampa\/#website\",\"url\":\"https:\/\/dresden-nazifrei.com\/kampa\/\",\"name\":\"Dresden WiEdersetzen\",\"description\":\"Dresden stellt sich quer\",\"publisher\":{\"@id\":\"https:\/\/dresden-nazifrei.com\/kampa\/#organization\"},\"potentialAction\":[{\"@type\":\"SearchAction\",\"target\":{\"@type\":\"EntryPoint\",\"urlTemplate\":\"https:\/\/dresden-nazifrei.com\/kampa\/?s={search_term_string}\"},\"query-input\":{\"@type\":\"PropertyValueSpecification\",\"valueRequired\":true,\"valueName\":\"search_term_string\"}}],\"inLanguage\":\"de\"},{\"@type\":\"Organization\",\"@id\":\"https:\/\/dresden-nazifrei.com\/kampa\/#organization\",\"name\":\"Dresden Nazifrei\",\"url\":\"https:\/\/dresden-nazifrei.com\/kampa\/\",\"logo\":{\"@type\":\"ImageObject\",\"inLanguage\":\"de\",\"@id\":\"https:\/\/dresden-nazifrei.com\/kampa\/#\/schema\/logo\/image\/\",\"url\":\"https:\/\/dresden-nazifrei.com\/kampa\/wp-content\/uploads\/2021\/03\/Logo-Schwarz-Rot.png\",\"contentUrl\":\"https:\/\/dresden-nazifrei.com\/kampa\/wp-content\/uploads\/2021\/03\/Logo-Schwarz-Rot.png\",\"width\":500,\"height\":500,\"caption\":\"Dresden Nazifrei\"},\"image\":{\"@id\":\"https:\/\/dresden-nazifrei.com\/kampa\/#\/schema\/logo\/image\/\"},\"sameAs\":[\"https:\/\/www.facebook.com\/dresden.stellt.sich.quer\/\",\"https:\/\/x.com\/dd_nazifrei\",\"https:\/\/www.instagram.com\/dd_nazifrei\/\",\"https:\/\/www.youtube.com\/channel\/UC2w1_etudyqY1XziVPgba8Q\"]}]}<\/script>\n<!-- \/ Yoast SEO plugin. -->","yoast_head_json":{"title":"Presse \"Aktionswoche 13. Februar 2020\" - Dresden WiEdersetzen","robots":{"index":"index","follow":"follow","max-snippet":"max-snippet:-1","max-image-preview":"max-image-preview:large","max-video-preview":"max-video-preview:-1"},"canonical":"https:\/\/dresden-nazifrei.com\/kampa\/13februar-dresden\/13februar-2020\/presse-aktionswoche-13-februar-2020\/","og_locale":"de_DE","og_type":"article","og_title":"Presse \"Aktionswoche 13. Februar 2020\" - Dresden WiEdersetzen","og_description":"Auf dieser Seite Stellen wir f\u00fcr Medienvertreter*innen relevante Informationen zur \u201eAktionswoche 13.&nbsp;Februar 2020\u201c zusammen. Sie werden hier Pressemitteilungen finden, aber auch Bilder, die die Presse verwenden darf. Der Bereich wird in den n\u00e4chsten Wochen&#46;&#46;&#46;","og_url":"https:\/\/dresden-nazifrei.com\/kampa\/13februar-dresden\/13februar-2020\/presse-aktionswoche-13-februar-2020\/","og_site_name":"Dresden WiEdersetzen","article_publisher":"https:\/\/www.facebook.com\/dresden.stellt.sich.quer\/","article_modified_time":"2022-04-14T14:48:07+00:00","og_image":[{"width":1600,"height":900,"url":"https:\/\/dresden-nazifrei.com\/kampa\/wp-content\/uploads\/2021\/01\/Stadt-FB-Rot.png","type":"image\/png"}],"twitter_card":"summary_large_image","twitter_site":"@dd_nazifrei","twitter_misc":{"Gesch\u00e4tzte Lesezeit":"2\u00a0Minuten"},"schema":{"@context":"https:\/\/schema.org","@graph":[{"@type":"WebPage","@id":"https:\/\/dresden-nazifrei.com\/kampa\/13februar-dresden\/13februar-2020\/presse-aktionswoche-13-februar-2020\/","url":"https:\/\/dresden-nazifrei.com\/kampa\/13februar-dresden\/13februar-2020\/presse-aktionswoche-13-februar-2020\/","name":"Presse \"Aktionswoche 13. Februar 2020\" - Dresden WiEdersetzen","isPartOf":{"@id":"https:\/\/dresden-nazifrei.com\/kampa\/#website"},"datePublished":"2020-01-11T16:51:40+00:00","dateModified":"2022-04-14T14:48:07+00:00","breadcrumb":{"@id":"https:\/\/dresden-nazifrei.com\/kampa\/13februar-dresden\/13februar-2020\/presse-aktionswoche-13-februar-2020\/#breadcrumb"},"inLanguage":"de","potentialAction":[{"@type":"ReadAction","target":["https:\/\/dresden-nazifrei.com\/kampa\/13februar-dresden\/13februar-2020\/presse-aktionswoche-13-februar-2020\/"]}]},{"@type":"BreadcrumbList","@id":"https:\/\/dresden-nazifrei.com\/kampa\/13februar-dresden\/13februar-2020\/presse-aktionswoche-13-februar-2020\/#breadcrumb","itemListElement":[{"@type":"ListItem","position":1,"name":"Startseite","item":"https:\/\/dresden-nazifrei.com\/kampa\/"},{"@type":"ListItem","position":2,"name":"Der 13. Februar in Dresden","item":"https:\/\/dresden-nazifrei.com\/kampa\/13februar-dresden\/"},{"@type":"ListItem","position":3,"name":"Der 13. Februar 2020","item":"https:\/\/dresden-nazifrei.com\/kampa\/13februar-dresden\/13februar-2020\/"},{"@type":"ListItem","position":4,"name":"Presse &#8222;Aktionswoche 13. Februar 2020&#8220;"}]},{"@type":"WebSite","@id":"https:\/\/dresden-nazifrei.com\/kampa\/#website","url":"https:\/\/dresden-nazifrei.com\/kampa\/","name":"Dresden WiEdersetzen","description":"Dresden stellt sich quer","publisher":{"@id":"https:\/\/dresden-nazifrei.com\/kampa\/#organization"},"potentialAction":[{"@type":"SearchAction","target":{"@type":"EntryPoint","urlTemplate":"https:\/\/dresden-nazifrei.com\/kampa\/?s={search_term_string}"},"query-input":{"@type":"PropertyValueSpecification","valueRequired":true,"valueName":"search_term_string"}}],"inLanguage":"de"},{"@type":"Organization","@id":"https:\/\/dresden-nazifrei.com\/kampa\/#organization","name":"Dresden Nazifrei","url":"https:\/\/dresden-nazifrei.com\/kampa\/","logo":{"@type":"ImageObject","inLanguage":"de","@id":"https:\/\/dresden-nazifrei.com\/kampa\/#\/schema\/logo\/image\/","url":"https:\/\/dresden-nazifrei.com\/kampa\/wp-content\/uploads\/2021\/03\/Logo-Schwarz-Rot.png","contentUrl":"https:\/\/dresden-nazifrei.com\/kampa\/wp-content\/uploads\/2021\/03\/Logo-Schwarz-Rot.png","width":500,"height":500,"caption":"Dresden Nazifrei"},"image":{"@id":"https:\/\/dresden-nazifrei.com\/kampa\/#\/schema\/logo\/image\/"},"sameAs":["https:\/\/www.facebook.com\/dresden.stellt.sich.quer\/","https:\/\/x.com\/dd_nazifrei","https:\/\/www.instagram.com\/dd_nazifrei\/","https:\/\/www.youtube.com\/channel\/UC2w1_etudyqY1XziVPgba8Q"]}]}},"_links":{"self":[{"href":"https:\/\/dresden-nazifrei.com\/kampa\/wp-json\/wp\/v2\/pages\/3168","targetHints":{"allow":["GET"]}}],"collection":[{"href":"https:\/\/dresden-nazifrei.com\/kampa\/wp-json\/wp\/v2\/pages"}],"about":[{"href":"https:\/\/dresden-nazifrei.com\/kampa\/wp-json\/wp\/v2\/types\/page"}],"author":[{"embeddable":true,"href":"https:\/\/dresden-nazifrei.com\/kampa\/wp-json\/wp\/v2\/users\/3"}],"replies":[{"embeddable":true,"href":"https:\/\/dresden-nazifrei.com\/kampa\/wp-json\/wp\/v2\/comments?post=3168"}],"version-history":[{"count":15,"href":"https:\/\/dresden-nazifrei.com\/kampa\/wp-json\/wp\/v2\/pages\/3168\/revisions"}],"predecessor-version":[{"id":7000,"href":"https:\/\/dresden-nazifrei.com\/kampa\/wp-json\/wp\/v2\/pages\/3168\/revisions\/7000"}],"up":[{"embeddable":true,"href":"https:\/\/dresden-nazifrei.com\/kampa\/wp-json\/wp\/v2\/pages\/8791"}],"wp:attachment":[{"href":"https:\/\/dresden-nazifrei.com\/kampa\/wp-json\/wp\/v2\/media?parent=3168"}],"curies":[{"name":"wp","href":"https:\/\/api.w.org\/{rel}","templated":true}]}}