{"id":3172,"date":"2020-01-11T17:56:32","date_gmt":"2020-01-11T16:56:32","guid":{"rendered":"https:\/\/dresden-nazifrei.com\/?page_id=3172"},"modified":"2022-04-14T16:43:09","modified_gmt":"2022-04-14T14:43:09","slug":"aktionsbuendnis-13-februar-2020-in-dresden-gegruendet-nazi-aufmarsch-zum-13-februar-soll-verhindert-werden","status":"publish","type":"page","link":"https:\/\/dresden-nazifrei.com\/kampa\/13februar-dresden\/13februar-2020\/presse-aktionswoche-13-februar-2020\/aktionsbuendnis-13-februar-2020-in-dresden-gegruendet-nazi-aufmarsch-zum-13-februar-soll-verhindert-werden\/","title":{"rendered":"\u201eAktionsb\u00fcndnis 13. Februar 2020\u201c in Dresden gegr\u00fcndet \u2013 Nazi-Aufmarsch zum 13. Februar soll verhindert werden"},"content":{"rendered":"\n<p>Auf Initiative der Gruppe \u201eDresden Nazifrei\u201c haben sich am vergangenen\nWochenende zivilgesellschaftliche Initiativen zusammengefunden, um gemeinsam\neine Aktionswoche rund um das brisante Datum der Bombardierung Dresdens zu\ngestalten. Das gemeinsame Ziel ist es, den Nazis keine Deutungshoheit \u00fcber den\n13. Februar zu \u00fcberlassen, ihren Aktionsradius so weit wie m\u00f6glich\neinzuschr\u00e4nken und sie nicht marschieren zu lassen. Neben Dresdener Initiativen\nwie HOPE, WHAT,\n\u201eNationalismus raus aus den K\u00f6pfen\u201c, \u201eBlack Wok\u201c sind mit \u201eLeipzig nimmt Platz\u201c\nund \u201eChemnitz nazifrei\u201c auch Initiativen aus anderen s\u00e4chsischen St\u00e4dten Teil\ndes frisch gegr\u00fcndeten Aktionsb\u00fcndnisses.<\/p>\n\n\n\n<p>Wie schon in den letzten Jahren wird es mehrere Aktionen und Veranstaltungen in der Aktionswoche geben. Die erste gr\u00f6\u00dfere wird am Sonntag, den 9. Februar 2020 der \u201eMahngang T\u00e4terspuren\u201c sein. Ziel des Mahngangs ist es, zentrale Orte und Akteur*innen des Nationalsozialismus in Dresden zu benennen und so die Legende der \u201eunschuldigen Kunst- und Kulturstadt\u201c zu widerlegen. Unter  <a href=\"https:\/\/dresden-nazifrei.com\/veranstaltungen13feb2020\/\">https:\/\/dresden-nazifrei.com\/veranstaltungen13feb2020\/<\/a> <s>https:\/\/dresden-nazifrei.com\/veranstaltungen\/<\/s> erscheint ein Veranstaltungs\u00adkalender, der Aktionen und Veranstaltungen in der Aktionswoche sowie zu deren Vorbereitung auff\u00fchrt.<\/p>\n\n\n\n<p>Margot Gaitzsch bekr\u00e4ftigt f\u00fcr das Aktionsb\u00fcndnis: \u201eWir werden es nicht\nzulassen, dass der geschichtsrevisionistische Aufmarsch seine NS-Propaganda\nungest\u00f6rt verbreiten kann. Zur Verhinderung dieses Nazi-Aufmarschs werden wir\nwie in der Vergangenheit auch Mittel des zivilen Ungehorsams einsetzen.\u201c<\/p>\n\n\n\n<p>Am 13. Februar 2020 j\u00e4hrt sich die Bombardierung des nationalsozialistischen\nDresdens zum 75. Mal. Seit nunmehr 20 Jahren versuchen Nazis, diesen Tag f\u00fcr\nihre Geschichtsklitterung und Dresden als B\u00fchne nutzen, um rechtes Gedankengut\nauf die Stra\u00dfe zu tragen. In den letzten Jahren wurde der Aufmarsch regelm\u00e4\u00dfig\nvom Landesvorsitzenden der JN und Vorsitzenden des NPD-Kreisverbandes\nDresden, Maik M\u00fcller, angemeldet.<\/p>\n\n\n\n<p>Der Aufruf des B\u00fcndnisses wurde unter <a href=\"http:\/\/www.dresden-nazifrei.com\/aufruf2020\">www.dresden-nazifrei.com\/aufruf2020<\/a>\nver\u00f6ffentlicht.<\/p>\n\n\n\n<p>Pressekontakt:<br>\n<a href=\"mailto:presse@dresden-nazifrei.com\">presse@dresden-nazifrei.com<\/a><\/p>\n\n\n\n<p>017650644110<\/p>\n\n\n\n<p>Eine Pressekonferenz des Aktionsb\u00fcndnisses wird am Dienstag, den 4.&nbsp;Februar 2020 um 11&nbsp;Uhr stattfinden. Den Ort geben wir interessierten Journalist*innen rechtzeitig bekannt. <\/p>\n","protected":false},"excerpt":{"rendered":"<p>Auf Initiative der Gruppe \u201eDresden Nazifrei\u201c haben sich am vergangenen Wochenende zivilgesellschaftliche Initiativen zusammengefunden, um gemeinsam eine Aktionswoche rund um das brisante Datum der Bombardierung Dresdens zu gestalten. Das gemeinsame Ziel ist es, den&#46;&#46;&#46;<\/p>\n","protected":false},"author":3,"featured_media":0,"parent":3168,"menu_order":1,"comment_status":"closed","ping_status":"closed","template":"","meta":{"_monsterinsights_skip_tracking":false,"_monsterinsights_sitenote_active":false,"_monsterinsights_sitenote_note":"","_monsterinsights_sitenote_category":0,"footnotes":""},"class_list":["post-3172","page","type-page","status-publish","hentry"],"yoast_head":"<!-- This site is optimized with the Yoast SEO plugin v27.2 - https:\/\/yoast.com\/product\/yoast-seo-wordpress\/ -->\n<title>\u201eAktionsb\u00fcndnis 13. Februar 2020\u201c in Dresden gegr\u00fcndet \u2013 Nazi-Aufmarsch zum 13. Februar soll verhindert werden - Dresden WiEdersetzen<\/title>\n<meta name=\"robots\" content=\"index, follow, max-snippet:-1, max-image-preview:large, max-video-preview:-1\" \/>\n<link rel=\"canonical\" href=\"https:\/\/dresden-nazifrei.com\/kampa\/13februar-dresden\/13februar-2020\/presse-aktionswoche-13-februar-2020\/aktionsbuendnis-13-februar-2020-in-dresden-gegruendet-nazi-aufmarsch-zum-13-februar-soll-verhindert-werden\/\" \/>\n<meta property=\"og:locale\" content=\"de_DE\" \/>\n<meta property=\"og:type\" content=\"article\" \/>\n<meta property=\"og:title\" content=\"\u201eAktionsb\u00fcndnis 13. Februar 2020\u201c in Dresden gegr\u00fcndet \u2013 Nazi-Aufmarsch zum 13. Februar soll verhindert werden - Dresden WiEdersetzen\" \/>\n<meta property=\"og:description\" content=\"Auf Initiative der Gruppe \u201eDresden Nazifrei\u201c haben sich am vergangenen Wochenende zivilgesellschaftliche Initiativen zusammengefunden, um gemeinsam eine Aktionswoche rund um das brisante Datum der Bombardierung Dresdens zu gestalten. Das gemeinsame Ziel ist es, den&#046;&#046;&#046;\" \/>\n<meta property=\"og:url\" content=\"https:\/\/dresden-nazifrei.com\/kampa\/13februar-dresden\/13februar-2020\/presse-aktionswoche-13-februar-2020\/aktionsbuendnis-13-februar-2020-in-dresden-gegruendet-nazi-aufmarsch-zum-13-februar-soll-verhindert-werden\/\" \/>\n<meta property=\"og:site_name\" content=\"Dresden WiEdersetzen\" \/>\n<meta property=\"article:publisher\" content=\"https:\/\/www.facebook.com\/dresden.stellt.sich.quer\/\" \/>\n<meta property=\"article:modified_time\" content=\"2022-04-14T14:43:09+00:00\" \/>\n<meta property=\"og:image\" content=\"https:\/\/dresden-nazifrei.com\/kampa\/wp-content\/uploads\/2021\/01\/Stadt-FB-Rot.png\" \/>\n\t<meta property=\"og:image:width\" content=\"1600\" \/>\n\t<meta property=\"og:image:height\" content=\"900\" \/>\n\t<meta property=\"og:image:type\" content=\"image\/png\" \/>\n<meta name=\"twitter:card\" content=\"summary_large_image\" \/>\n<meta name=\"twitter:site\" content=\"@dd_nazifrei\" \/>\n<meta name=\"twitter:label1\" content=\"Gesch\u00e4tzte Lesezeit\" \/>\n\t<meta name=\"twitter:data1\" content=\"2\u00a0Minuten\" \/>\n<script type=\"application\/ld+json\" class=\"yoast-schema-graph\">{\"@context\":\"https:\/\/schema.org\",\"@graph\":[{\"@type\":\"WebPage\",\"@id\":\"https:\/\/dresden-nazifrei.com\/kampa\/13februar-dresden\/13februar-2020\/presse-aktionswoche-13-februar-2020\/aktionsbuendnis-13-februar-2020-in-dresden-gegruendet-nazi-aufmarsch-zum-13-februar-soll-verhindert-werden\/\",\"url\":\"https:\/\/dresden-nazifrei.com\/kampa\/13februar-dresden\/13februar-2020\/presse-aktionswoche-13-februar-2020\/aktionsbuendnis-13-februar-2020-in-dresden-gegruendet-nazi-aufmarsch-zum-13-februar-soll-verhindert-werden\/\",\"name\":\"\u201eAktionsb\u00fcndnis 13. Februar 2020\u201c in Dresden gegr\u00fcndet \u2013 Nazi-Aufmarsch zum 13. Februar soll verhindert werden - Dresden WiEdersetzen\",\"isPartOf\":{\"@id\":\"https:\/\/dresden-nazifrei.com\/kampa\/#website\"},\"datePublished\":\"2020-01-11T16:56:32+00:00\",\"dateModified\":\"2022-04-14T14:43:09+00:00\",\"breadcrumb\":{\"@id\":\"https:\/\/dresden-nazifrei.com\/kampa\/13februar-dresden\/13februar-2020\/presse-aktionswoche-13-februar-2020\/aktionsbuendnis-13-februar-2020-in-dresden-gegruendet-nazi-aufmarsch-zum-13-februar-soll-verhindert-werden\/#breadcrumb\"},\"inLanguage\":\"de\",\"potentialAction\":[{\"@type\":\"ReadAction\",\"target\":[\"https:\/\/dresden-nazifrei.com\/kampa\/13februar-dresden\/13februar-2020\/presse-aktionswoche-13-februar-2020\/aktionsbuendnis-13-februar-2020-in-dresden-gegruendet-nazi-aufmarsch-zum-13-februar-soll-verhindert-werden\/\"]}]},{\"@type\":\"BreadcrumbList\",\"@id\":\"https:\/\/dresden-nazifrei.com\/kampa\/13februar-dresden\/13februar-2020\/presse-aktionswoche-13-februar-2020\/aktionsbuendnis-13-februar-2020-in-dresden-gegruendet-nazi-aufmarsch-zum-13-februar-soll-verhindert-werden\/#breadcrumb\",\"itemListElement\":[{\"@type\":\"ListItem\",\"position\":1,\"name\":\"Startseite\",\"item\":\"https:\/\/dresden-nazifrei.com\/kampa\/\"},{\"@type\":\"ListItem\",\"position\":2,\"name\":\"Der 13. Februar in Dresden\",\"item\":\"https:\/\/dresden-nazifrei.com\/kampa\/13februar-dresden\/\"},{\"@type\":\"ListItem\",\"position\":3,\"name\":\"Der 13. Februar 2020\",\"item\":\"https:\/\/dresden-nazifrei.com\/kampa\/13februar-dresden\/13februar-2020\/\"},{\"@type\":\"ListItem\",\"position\":4,\"name\":\"Presse &#8222;Aktionswoche 13. Februar 2020&#8220;\",\"item\":\"https:\/\/dresden-nazifrei.com\/kampa\/13februar-dresden\/13februar-2020\/presse-aktionswoche-13-februar-2020\/\"},{\"@type\":\"ListItem\",\"position\":5,\"name\":\"\u201eAktionsb\u00fcndnis 13. Februar 2020\u201c in Dresden gegr\u00fcndet \u2013 Nazi-Aufmarsch zum 13. Februar soll verhindert werden\"}]},{\"@type\":\"WebSite\",\"@id\":\"https:\/\/dresden-nazifrei.com\/kampa\/#website\",\"url\":\"https:\/\/dresden-nazifrei.com\/kampa\/\",\"name\":\"Dresden WiEdersetzen\",\"description\":\"Dresden stellt sich quer\",\"publisher\":{\"@id\":\"https:\/\/dresden-nazifrei.com\/kampa\/#organization\"},\"potentialAction\":[{\"@type\":\"SearchAction\",\"target\":{\"@type\":\"EntryPoint\",\"urlTemplate\":\"https:\/\/dresden-nazifrei.com\/kampa\/?s={search_term_string}\"},\"query-input\":{\"@type\":\"PropertyValueSpecification\",\"valueRequired\":true,\"valueName\":\"search_term_string\"}}],\"inLanguage\":\"de\"},{\"@type\":\"Organization\",\"@id\":\"https:\/\/dresden-nazifrei.com\/kampa\/#organization\",\"name\":\"Dresden Nazifrei\",\"url\":\"https:\/\/dresden-nazifrei.com\/kampa\/\",\"logo\":{\"@type\":\"ImageObject\",\"inLanguage\":\"de\",\"@id\":\"https:\/\/dresden-nazifrei.com\/kampa\/#\/schema\/logo\/image\/\",\"url\":\"https:\/\/dresden-nazifrei.com\/kampa\/wp-content\/uploads\/2021\/03\/Logo-Schwarz-Rot.png\",\"contentUrl\":\"https:\/\/dresden-nazifrei.com\/kampa\/wp-content\/uploads\/2021\/03\/Logo-Schwarz-Rot.png\",\"width\":500,\"height\":500,\"caption\":\"Dresden Nazifrei\"},\"image\":{\"@id\":\"https:\/\/dresden-nazifrei.com\/kampa\/#\/schema\/logo\/image\/\"},\"sameAs\":[\"https:\/\/www.facebook.com\/dresden.stellt.sich.quer\/\",\"https:\/\/x.com\/dd_nazifrei\",\"https:\/\/www.instagram.com\/dd_nazifrei\/\",\"https:\/\/www.youtube.com\/channel\/UC2w1_etudyqY1XziVPgba8Q\"]}]}<\/script>\n<!-- \/ Yoast SEO plugin. -->","yoast_head_json":{"title":"\u201eAktionsb\u00fcndnis 13. Februar 2020\u201c in Dresden gegr\u00fcndet \u2013 Nazi-Aufmarsch zum 13. Februar soll verhindert werden - Dresden WiEdersetzen","robots":{"index":"index","follow":"follow","max-snippet":"max-snippet:-1","max-image-preview":"max-image-preview:large","max-video-preview":"max-video-preview:-1"},"canonical":"https:\/\/dresden-nazifrei.com\/kampa\/13februar-dresden\/13februar-2020\/presse-aktionswoche-13-februar-2020\/aktionsbuendnis-13-februar-2020-in-dresden-gegruendet-nazi-aufmarsch-zum-13-februar-soll-verhindert-werden\/","og_locale":"de_DE","og_type":"article","og_title":"\u201eAktionsb\u00fcndnis 13. Februar 2020\u201c in Dresden gegr\u00fcndet \u2013 Nazi-Aufmarsch zum 13. Februar soll verhindert werden - Dresden WiEdersetzen","og_description":"Auf Initiative der Gruppe \u201eDresden Nazifrei\u201c haben sich am vergangenen Wochenende zivilgesellschaftliche Initiativen zusammengefunden, um gemeinsam eine Aktionswoche rund um das brisante Datum der Bombardierung Dresdens zu gestalten. Das gemeinsame Ziel ist es, den&#46;&#46;&#46;","og_url":"https:\/\/dresden-nazifrei.com\/kampa\/13februar-dresden\/13februar-2020\/presse-aktionswoche-13-februar-2020\/aktionsbuendnis-13-februar-2020-in-dresden-gegruendet-nazi-aufmarsch-zum-13-februar-soll-verhindert-werden\/","og_site_name":"Dresden WiEdersetzen","article_publisher":"https:\/\/www.facebook.com\/dresden.stellt.sich.quer\/","article_modified_time":"2022-04-14T14:43:09+00:00","og_image":[{"width":1600,"height":900,"url":"https:\/\/dresden-nazifrei.com\/kampa\/wp-content\/uploads\/2021\/01\/Stadt-FB-Rot.png","type":"image\/png"}],"twitter_card":"summary_large_image","twitter_site":"@dd_nazifrei","twitter_misc":{"Gesch\u00e4tzte Lesezeit":"2\u00a0Minuten"},"schema":{"@context":"https:\/\/schema.org","@graph":[{"@type":"WebPage","@id":"https:\/\/dresden-nazifrei.com\/kampa\/13februar-dresden\/13februar-2020\/presse-aktionswoche-13-februar-2020\/aktionsbuendnis-13-februar-2020-in-dresden-gegruendet-nazi-aufmarsch-zum-13-februar-soll-verhindert-werden\/","url":"https:\/\/dresden-nazifrei.com\/kampa\/13februar-dresden\/13februar-2020\/presse-aktionswoche-13-februar-2020\/aktionsbuendnis-13-februar-2020-in-dresden-gegruendet-nazi-aufmarsch-zum-13-februar-soll-verhindert-werden\/","name":"\u201eAktionsb\u00fcndnis 13. Februar 2020\u201c in Dresden gegr\u00fcndet \u2013 Nazi-Aufmarsch zum 13. Februar soll verhindert werden - Dresden WiEdersetzen","isPartOf":{"@id":"https:\/\/dresden-nazifrei.com\/kampa\/#website"},"datePublished":"2020-01-11T16:56:32+00:00","dateModified":"2022-04-14T14:43:09+00:00","breadcrumb":{"@id":"https:\/\/dresden-nazifrei.com\/kampa\/13februar-dresden\/13februar-2020\/presse-aktionswoche-13-februar-2020\/aktionsbuendnis-13-februar-2020-in-dresden-gegruendet-nazi-aufmarsch-zum-13-februar-soll-verhindert-werden\/#breadcrumb"},"inLanguage":"de","potentialAction":[{"@type":"ReadAction","target":["https:\/\/dresden-nazifrei.com\/kampa\/13februar-dresden\/13februar-2020\/presse-aktionswoche-13-februar-2020\/aktionsbuendnis-13-februar-2020-in-dresden-gegruendet-nazi-aufmarsch-zum-13-februar-soll-verhindert-werden\/"]}]},{"@type":"BreadcrumbList","@id":"https:\/\/dresden-nazifrei.com\/kampa\/13februar-dresden\/13februar-2020\/presse-aktionswoche-13-februar-2020\/aktionsbuendnis-13-februar-2020-in-dresden-gegruendet-nazi-aufmarsch-zum-13-februar-soll-verhindert-werden\/#breadcrumb","itemListElement":[{"@type":"ListItem","position":1,"name":"Startseite","item":"https:\/\/dresden-nazifrei.com\/kampa\/"},{"@type":"ListItem","position":2,"name":"Der 13. Februar in Dresden","item":"https:\/\/dresden-nazifrei.com\/kampa\/13februar-dresden\/"},{"@type":"ListItem","position":3,"name":"Der 13. Februar 2020","item":"https:\/\/dresden-nazifrei.com\/kampa\/13februar-dresden\/13februar-2020\/"},{"@type":"ListItem","position":4,"name":"Presse &#8222;Aktionswoche 13. Februar 2020&#8220;","item":"https:\/\/dresden-nazifrei.com\/kampa\/13februar-dresden\/13februar-2020\/presse-aktionswoche-13-februar-2020\/"},{"@type":"ListItem","position":5,"name":"\u201eAktionsb\u00fcndnis 13. Februar 2020\u201c in Dresden gegr\u00fcndet \u2013 Nazi-Aufmarsch zum 13. Februar soll verhindert werden"}]},{"@type":"WebSite","@id":"https:\/\/dresden-nazifrei.com\/kampa\/#website","url":"https:\/\/dresden-nazifrei.com\/kampa\/","name":"Dresden WiEdersetzen","description":"Dresden stellt sich quer","publisher":{"@id":"https:\/\/dresden-nazifrei.com\/kampa\/#organization"},"potentialAction":[{"@type":"SearchAction","target":{"@type":"EntryPoint","urlTemplate":"https:\/\/dresden-nazifrei.com\/kampa\/?s={search_term_string}"},"query-input":{"@type":"PropertyValueSpecification","valueRequired":true,"valueName":"search_term_string"}}],"inLanguage":"de"},{"@type":"Organization","@id":"https:\/\/dresden-nazifrei.com\/kampa\/#organization","name":"Dresden Nazifrei","url":"https:\/\/dresden-nazifrei.com\/kampa\/","logo":{"@type":"ImageObject","inLanguage":"de","@id":"https:\/\/dresden-nazifrei.com\/kampa\/#\/schema\/logo\/image\/","url":"https:\/\/dresden-nazifrei.com\/kampa\/wp-content\/uploads\/2021\/03\/Logo-Schwarz-Rot.png","contentUrl":"https:\/\/dresden-nazifrei.com\/kampa\/wp-content\/uploads\/2021\/03\/Logo-Schwarz-Rot.png","width":500,"height":500,"caption":"Dresden Nazifrei"},"image":{"@id":"https:\/\/dresden-nazifrei.com\/kampa\/#\/schema\/logo\/image\/"},"sameAs":["https:\/\/www.facebook.com\/dresden.stellt.sich.quer\/","https:\/\/x.com\/dd_nazifrei","https:\/\/www.instagram.com\/dd_nazifrei\/","https:\/\/www.youtube.com\/channel\/UC2w1_etudyqY1XziVPgba8Q"]}]}},"_links":{"self":[{"href":"https:\/\/dresden-nazifrei.com\/kampa\/wp-json\/wp\/v2\/pages\/3172","targetHints":{"allow":["GET"]}}],"collection":[{"href":"https:\/\/dresden-nazifrei.com\/kampa\/wp-json\/wp\/v2\/pages"}],"about":[{"href":"https:\/\/dresden-nazifrei.com\/kampa\/wp-json\/wp\/v2\/types\/page"}],"author":[{"embeddable":true,"href":"https:\/\/dresden-nazifrei.com\/kampa\/wp-json\/wp\/v2\/users\/3"}],"replies":[{"embeddable":true,"href":"https:\/\/dresden-nazifrei.com\/kampa\/wp-json\/wp\/v2\/comments?post=3172"}],"version-history":[{"count":2,"href":"https:\/\/dresden-nazifrei.com\/kampa\/wp-json\/wp\/v2\/pages\/3172\/revisions"}],"predecessor-version":[{"id":3235,"href":"https:\/\/dresden-nazifrei.com\/kampa\/wp-json\/wp\/v2\/pages\/3172\/revisions\/3235"}],"up":[{"embeddable":true,"href":"https:\/\/dresden-nazifrei.com\/kampa\/wp-json\/wp\/v2\/pages\/3168"}],"wp:attachment":[{"href":"https:\/\/dresden-nazifrei.com\/kampa\/wp-json\/wp\/v2\/media?parent=3172"}],"curies":[{"name":"wp","href":"https:\/\/api.w.org\/{rel}","templated":true}]}}