{"id":3435,"date":"2020-02-08T12:05:24","date_gmt":"2020-02-08T11:05:24","guid":{"rendered":"https:\/\/dresden-nazifrei.com\/?page_id=3435"},"modified":"2022-04-14T14:44:18","modified_gmt":"2022-04-14T12:44:18","slug":"bettenboerse-fuer-die-aktionswoche","status":"publish","type":"page","link":"https:\/\/dresden-nazifrei.com\/kampa\/13februar-dresden\/13februar-2020\/bettenboerse-fuer-die-aktionswoche\/","title":{"rendered":"Bettenb\u00f6rse f\u00fcr die Aktionswoche"},"content":{"rendered":"\n<p>Wir m\u00f6chten Antifaschist*innen von \u00fcberall erm\u00f6glichen, sich den Nazis in der Woche vom 13. Februar entgegenzustellen (insb. am 15. Februar). Daf\u00fcr wollen wir Schlafpl\u00e4tze vermitteln:<\/p>\n\n\n\n<p>Wir freuen uns auf Menschen, die sich vorstellen k\u00f6nnen, Aktivist*innen von weiter her einen Schlafplatz anzubieten.<br>Dasselbe gilt f\u00fcr Schlafplatzgesuche.<\/p>\n\n\n\n<h3 class=\"wp-block-heading\">DU M\u00d6CHTEST EINEN SCHLAFPLATZ ANBIETEN?<\/h3>\n\n\n\n<p>Dann schreib uns:<\/p>\n\n\n\n<ul class=\"wp-block-list\"><li>WANN&nbsp;\u2013 In welchem Zeitraum k\u00f6nntest du einen Schlafplatz anbieten?<\/li><li>WIE&nbsp;VIELE&nbsp;\u2013 F\u00fcr wie viele Menschen k\u00f6nntest du einen Schlafplatz anbieten?<\/li><li>BESONDERE&nbsp;BED\u00dcRFNISSE \u2013 Ist dein Schlafplatz barrierearm, wohnst du nur mit FLINT*-Personen oder m\u00f6chtest nur welche beherbergen, ist der Ort kindertauglich, ist die K\u00fcche frei von Tierprodukten oder Alkohol etc.<\/li><li>KONTAKT&nbsp;\u2013 \u00dcber welche Kontaktm\u00f6glichkeit\/Mailadresse\/\u2026 m\u00f6chtest du von uns mit Schlafplatzsucher*innen vermittelt werden? F\u00fcr verschl\u00fcsselte Kommunikation, schickt uns einen&nbsp;GPG&nbsp;key im Anhang. Wenn ihr mit der vermittelten Person nur verschl\u00fcsselt kommunizieren wollt, schreibt das bitte dazu.<\/li><\/ul>\n\n\n\n<h3 class=\"wp-block-heading\">DU&nbsp;SUCHST&nbsp;EINEN&nbsp;SCHLAFPLATZ?<\/h3>\n\n\n\n<p>Dann schreib uns:<\/p>\n\n\n\n<ul class=\"wp-block-list\"><li>WANN&nbsp;\u2013 F\u00fcr welchen Zeitraum suchst du einen Schlafplatz?<\/li><li>WIE&nbsp;VIELE&nbsp;\u2013 F\u00fcr wie viele Menschen suchst du einen Schlafpatz?<\/li><li>BESONDERE&nbsp;BED\u00dcRFNISSE \u2013 ben\u00f6tigst du einen barrierearmen Zugang, w\u00fcnschst du dir einen Ort nur mit FLINT*-Personen, bringst du Kinder mit oder w\u00fcnschst dir eine K\u00fcche ohne Tierprodukte, Alkohol etc.<\/li><li>KONTAKT&nbsp;\u2013 \u00dcber welche Kontaktm\u00f6glichkeit\/Mailadresse\/\u2026 m\u00f6chtest du von uns mit Schlafplatzanbieter*innen vermittelt werden? F\u00fcr verschl\u00fcsselte Kommunikation, schickt uns einen&nbsp;GPG&nbsp;key im Anhang. Wenn ihr mit der vermittelten Person nur verschl\u00fcsselt kommunizieren wollt, schreibt das bitte dazu.<\/li><\/ul>\n\n\n\n<p><strong>Wenn nicht anders vereinbart, werden wir das Bettengesuch einer suchenden Person direkt an zun\u00e4chst eine passende anbietende Person weiterleiten und die suchende Person kurz dar\u00fcber informieren.<\/strong><\/p>\n\n\n\n<p>Damit \u00fcberlassen wir den anbietenden Personen die Einsch\u00e4tzung, ob sich vorstellen k\u00f6nnen, die suchenden Personen zu beherbergen und geben den suchenden Personen eine R\u00fcckmeldung \u00fcber den Stand der Dinge.<\/p>\n\n\n\n<p><strong>Wir bitten euch, euch so schnell wie m\u00f6glich zur\u00fcckzumelden und klar miteinander zu kommunizieren.<\/strong><\/p>\n\n\n\n<p><strong>Unser Mailkontakt f\u00fcr die neue Bettenb\u00f6rse:<\/strong><\/p>\n\n\n\n<h2 class=\"wp-block-heading\"><strong>schlafplatzdd@riseup.net<\/strong><\/h2>\n\n\n\n<p>Teilt unsere Adresse+PGP-Key gerne \u00fcber eure Kan\u00e4le, Mailinglisten, Social-Media-Accounts!<\/p>\n\n\n\n<p>Alerta.<\/p>\n\n\n\n<figure class=\"wp-block-image size-large\"><img loading=\"lazy\" decoding=\"async\" width=\"1024\" height=\"482\" src=\"https:\/\/dresden-nazifrei.com\/kampa\/wp-content\/uploads\/2020\/02\/Bettenb\u00f6rse.jpg_1280-1024x482.jpg\" alt=\"\" class=\"wp-image-3436\" srcset=\"https:\/\/dresden-nazifrei.com\/kampa\/wp-content\/uploads\/2020\/02\/Bettenb\u00f6rse.jpg_1280-1024x482.jpg 1024w, https:\/\/dresden-nazifrei.com\/kampa\/wp-content\/uploads\/2020\/02\/Bettenb\u00f6rse.jpg_1280-300x141.jpg 300w, https:\/\/dresden-nazifrei.com\/kampa\/wp-content\/uploads\/2020\/02\/Bettenb\u00f6rse.jpg_1280-150x71.jpg 150w, https:\/\/dresden-nazifrei.com\/kampa\/wp-content\/uploads\/2020\/02\/Bettenb\u00f6rse.jpg_1280-768x362.jpg 768w, https:\/\/dresden-nazifrei.com\/kampa\/wp-content\/uploads\/2020\/02\/Bettenb\u00f6rse.jpg_1280-520x245.jpg 520w, https:\/\/dresden-nazifrei.com\/kampa\/wp-content\/uploads\/2020\/02\/Bettenb\u00f6rse.jpg_1280-720x340.jpg 720w, https:\/\/dresden-nazifrei.com\/kampa\/wp-content\/uploads\/2020\/02\/Bettenb\u00f6rse.jpg_1280.jpg 1280w\" sizes=\"auto, (max-width: 1024px) 100vw, 1024px\" \/><\/figure>\n\n\n\n<pre class=\"wp-block-verse has-text-align-left\">-----BEGIN PGP PUBLIC KEY BLOCK-----<br>mQINBF4+ib8BEACzoR0MHsFJ1WHc59eXFnheMeK\/UECl\/MAdmeCScROZKyru2PmQ L3lruFN9cXnvkZPI6YxHVVst8bHQw7bamKxh0O1uJOWPljJxpbMhYU1sesAOsNFE 7M8QRI9DOUXbNMjlM837vJloFLZqekF+i0kpjySJ7MLg096RIknL1HAd5hXrmrar +aIvNyidOus8wyhNcHireZPIz0sr6d2rFfr89VfX\/kehhdO6tM2hB7k\/mxomgnc6 +L\/o+sEal13uq\/kbFgo\/qTsJv46OtTMkUn2jCuVdZESy6CBXEneq\/ReZJTUgRMhV p33d32VDU2wGjXthjjc4Eu1h1Zfvky1ma5qlV1d8lWH2lhtPda\/P1Wuu1Gv58JDi 9WphV3zzUd9OmdB5ALyyt6sb9XZKT+UMLuEHf1synj3VIBnvV1NO6Vsm1SbIJIgg \/etFaYScBNc9TSKh6Z1ge+bRB2KUT8KrClVbhr355LR3CP7j3we\/zrWOJK\/QH5Ab hQdIyILy7fBVHSOfVWGKvvDc9vD+JIDZ+Q1RuYsV4y9d5qaitHlFOMOru5kuoQgR kjfRN1EJtQdlVz\/JGOEkT9vyBmVlDAYEXRYHxJk5cQHVbZufQjyeWhtrigwq89md ZWJLCbIR6Bozw4Uq1DjShm4PONiovUF3Nhieqr4yDg1DjT+\/B1Csqv+KWwARAQAB tClTY2hsYWZwbGF0eiBERCA8c2NobGFmcGxhdHpkZEByaXNldXAubmV0PokCVAQT AQgAPhYhBCznLNg0UsfTS1jee+EuygDDyiY9BQJePom\/AhsDBQkAG6+ABQsJCAcD BRUKCQgLBRYCAwEAAh4BAheAAAoJEOEuygDDyiY9SwYP\/2zLLHSjAEkv8jiZIKnj Vy2l9Wero0JzDfAvJde9kr6MfJU0RzopgvnfPbcZZkRIfA21Nry4v8T2dw5uwWR+ 3KA6qaWUVeFBMM\/Q\/3MPgog6Oxd2769d4rt1jRgblAfk4FyUev+rT+86OG\/DjEQO 3FGlJcQAQqjk56IpMYSft8VKbPeSi+7Ikymv3+slBhG8jgLDD1Mm9UjzXXxQphUl s1sFIHuqja1jPhto3wACBpfYN9SUjz1DWDZS13jYhLWtmmijmSSpeJ3VhWH\/bk7P 03piMXY4xJecMEfIKbc3uKN0XGgCF2z9z8+3JE8PD+w85BAsJTgrPTAde3uFjS3c 8h0iD9IX50cxQDyViLwMm5Q+KrBLzZ+K+zX6skZsOxuhPmmaKILTQbPSqQsq7B4j R3P6BDvHkVVLp9JO+vQS5Glv7p5FDKJcxVdAc\/LiBT2NatOUm85fQN4q8fhezEkv 5y2ppCNHrhDS3aquQfZSb4CAIKtm0ElYIZMMKt9JSd7RejDNv+87jAMHd+lblhWm YeMAp2ZGiqOpSDsNSTYNI6yX8yqPytNgOAkAEpLX66n0pjkaNyif\/bYb0mdhexCl bdXe2xqsRuLbYtTk5XLcBBSRnS80vMwaqXPG+4eRXBxeHSSHgwqpwwJZP4mpDjeS W18h5FTKKgzf1G60fv9Jt8rSuQINBF4+ib8BEACyNoUwsul58fY1eoFSNTjIEUat 4X6nBaA4bMO+PjTGggtNSoNrAYkLlIh5hnuqaaiWOM+cwxs7\/bjBQyqWgHKiz9Af NowWGOalmchGNNdJR01h\/K+Mm8rzS43VCP0VdZOza8vm1QjsNRH3WXr9uu078V7+ zBQ1HTkNJhdq4JTIDlmEcFIJwfX1+MqCk4qoau\/aP2dQknOJ6z6YANW\/RYKPkaWQ jQZxXSkKr+gqNTQdnQLAP1\/2s0J3OaD49XCDbVWxlDSGyabhsFqW+IYBW+XNJmxI yCh5agOuOBVufFo7SIRNb6EYKeZiGhvCKe9JDTdGPmv6ttIJsxMVbMY09R5kGluT Ii\/Rd3UGEkEMpj7eIOf0pOO3QCz6b70WpL9+luoVqdFQSXSHeV8PlBF2mGwemWqS QGYW271NkXhAhw7c3xB7b8OVAL6alVFYmZsK0Rt3+0dgqnz6QiqKCjzEDzcu1QEf tROExq+dhJBrCtiMIAuR6uTQ832CjbAp5yJAyXMwTcyhaoJ22JYUO1FXOtm9cOl5 GG6dWpxgq+i+tFUAncMakeswQl38ifNKt\/vBJblg36GaHWCGYPvts4rHynVXrBLA K5v4B36IQtg6m2MjEIHk6SnN38wQ695eyd3dPaxsxVswxcM6\/Vp\/HoLvHSTdT+7U 6JIXJNWKwYgwo9HZxwARAQABiQI8BBgBCAAmFiEELOcs2DRSx9NLWN574S7KAMPK Jj0FAl4+ib8CGwwFCQAbr4AACgkQ4S7KAMPKJj0vMQ\/\/agIZ8wAyM7\/BYOGgk59b 00jT8Cd3DMVrXeS73QRbBuj8W1gLiGm4AY+z\/T4eXsYLsJncZOIRqtd1MNnUnjYo spHviKXqpyOCH0phPD3JkUj\/KVsgvpi36hVGjS+ChIGgFe93n2UngJnOylAF8R6m 3HqF8BQrfC9rOuoiXW99CYgRuNw90RitdpA19ycBg4HbfIT5SE9NB2hiefyyMpRT kPRk3MFXyIztdS5BJMl2Xefe7j9chT\/x2R2uJALM3jrDrd0i\/d7npMVLjM9abc85 fltKSwQme8TSQ6bU9f8scuDAXGPVTCG89NvjBTIhSn9sVOCfLW1Lk81YyOukKH8x HFQPBWeF+SuIaSf0c5uEYGFeF1RkDB9+FORRPL\/sGkW4Dsop6OFWheKvsWlr77ag MqFsplMWp1zHYplXWyIJJYoyBY3w2fnUVsBIzDYgKbSu1Ldbki\/XVXDsi9hLDktL 0HiaMx\/JO4ZKHdNE4o0DRLoOQ\/p+k6uvpVecbhYlBiuIngmPknLS5udxtJbsSuTA J7YnZGPQUBycZVpPiANRaJ\/Ml6E2dbTnZHPdoT8fEov9zxce\/x99uTga40pCZ58p BbawCHmht2K0ldyopuyQM\/3HkssFzJqsR4n5Z+XfDDO8NYrbRTAWm0JViCW6Vw3Q<br>q5xb8z\/JoHoUadwbNZpYcoA= =NGIF<br>-----END PGP PUBLIC KEY BLOCK----- <\/pre>\n","protected":false},"excerpt":{"rendered":"<p>Wir m\u00f6chten Antifaschist*innen von \u00fcberall erm\u00f6glichen, sich den Nazis in der Woche vom 13. Februar entgegenzustellen (insb. am 15. Februar). Daf\u00fcr wollen wir Schlafpl\u00e4tze vermitteln: Wir freuen uns auf Menschen, die sich vorstellen k\u00f6nnen,&#46;&#46;&#46;<\/p>\n","protected":false},"author":3,"featured_media":3436,"parent":8791,"menu_order":0,"comment_status":"closed","ping_status":"closed","template":"","meta":{"_monsterinsights_skip_tracking":false,"_monsterinsights_sitenote_active":false,"_monsterinsights_sitenote_note":"","_monsterinsights_sitenote_category":0,"footnotes":""},"class_list":["post-3435","page","type-page","status-publish","has-post-thumbnail","hentry"],"yoast_head":"<!-- This site is optimized with the Yoast SEO plugin v27.2 - https:\/\/yoast.com\/product\/yoast-seo-wordpress\/ -->\n<title>Bettenb\u00f6rse f\u00fcr die Aktionswoche - Dresden WiEdersetzen<\/title>\n<meta name=\"robots\" content=\"index, follow, max-snippet:-1, max-image-preview:large, max-video-preview:-1\" \/>\n<link rel=\"canonical\" href=\"https:\/\/dresden-nazifrei.com\/kampa\/13februar-dresden\/13februar-2020\/bettenboerse-fuer-die-aktionswoche\/\" \/>\n<meta property=\"og:locale\" content=\"de_DE\" \/>\n<meta property=\"og:type\" content=\"article\" \/>\n<meta property=\"og:title\" content=\"Bettenb\u00f6rse f\u00fcr die Aktionswoche - Dresden WiEdersetzen\" \/>\n<meta property=\"og:description\" content=\"Wir m\u00f6chten Antifaschist*innen von \u00fcberall erm\u00f6glichen, sich den Nazis in der Woche vom 13. Februar entgegenzustellen (insb. am 15. Februar). Daf\u00fcr wollen wir Schlafpl\u00e4tze vermitteln: Wir freuen uns auf Menschen, die sich vorstellen k\u00f6nnen,&#046;&#046;&#046;\" \/>\n<meta property=\"og:url\" content=\"https:\/\/dresden-nazifrei.com\/kampa\/13februar-dresden\/13februar-2020\/bettenboerse-fuer-die-aktionswoche\/\" \/>\n<meta property=\"og:site_name\" content=\"Dresden WiEdersetzen\" \/>\n<meta property=\"article:publisher\" content=\"https:\/\/www.facebook.com\/dresden.stellt.sich.quer\/\" \/>\n<meta property=\"article:modified_time\" content=\"2022-04-14T12:44:18+00:00\" \/>\n<meta property=\"og:image\" content=\"https:\/\/dresden-nazifrei.com\/kampa\/wp-content\/uploads\/2020\/02\/Bettenb\u00f6rse.jpg_1280.jpg\" \/>\n\t<meta property=\"og:image:width\" content=\"1280\" \/>\n\t<meta property=\"og:image:height\" content=\"603\" \/>\n\t<meta property=\"og:image:type\" content=\"image\/jpeg\" \/>\n<meta name=\"twitter:card\" content=\"summary_large_image\" \/>\n<meta name=\"twitter:site\" content=\"@dd_nazifrei\" \/>\n<meta name=\"twitter:label1\" content=\"Gesch\u00e4tzte Lesezeit\" \/>\n\t<meta name=\"twitter:data1\" content=\"4\u00a0Minuten\" \/>\n<script type=\"application\/ld+json\" class=\"yoast-schema-graph\">{\"@context\":\"https:\/\/schema.org\",\"@graph\":[{\"@type\":\"WebPage\",\"@id\":\"https:\/\/dresden-nazifrei.com\/kampa\/13februar-dresden\/13februar-2020\/bettenboerse-fuer-die-aktionswoche\/\",\"url\":\"https:\/\/dresden-nazifrei.com\/kampa\/13februar-dresden\/13februar-2020\/bettenboerse-fuer-die-aktionswoche\/\",\"name\":\"Bettenb\u00f6rse f\u00fcr die Aktionswoche - Dresden WiEdersetzen\",\"isPartOf\":{\"@id\":\"https:\/\/dresden-nazifrei.com\/kampa\/#website\"},\"primaryImageOfPage\":{\"@id\":\"https:\/\/dresden-nazifrei.com\/kampa\/13februar-dresden\/13februar-2020\/bettenboerse-fuer-die-aktionswoche\/#primaryimage\"},\"image\":{\"@id\":\"https:\/\/dresden-nazifrei.com\/kampa\/13februar-dresden\/13februar-2020\/bettenboerse-fuer-die-aktionswoche\/#primaryimage\"},\"thumbnailUrl\":\"https:\/\/dresden-nazifrei.com\/kampa\/wp-content\/uploads\/2020\/02\/Bettenb\u00f6rse.jpg_1280.jpg\",\"datePublished\":\"2020-02-08T11:05:24+00:00\",\"dateModified\":\"2022-04-14T12:44:18+00:00\",\"breadcrumb\":{\"@id\":\"https:\/\/dresden-nazifrei.com\/kampa\/13februar-dresden\/13februar-2020\/bettenboerse-fuer-die-aktionswoche\/#breadcrumb\"},\"inLanguage\":\"de\",\"potentialAction\":[{\"@type\":\"ReadAction\",\"target\":[\"https:\/\/dresden-nazifrei.com\/kampa\/13februar-dresden\/13februar-2020\/bettenboerse-fuer-die-aktionswoche\/\"]}]},{\"@type\":\"ImageObject\",\"inLanguage\":\"de\",\"@id\":\"https:\/\/dresden-nazifrei.com\/kampa\/13februar-dresden\/13februar-2020\/bettenboerse-fuer-die-aktionswoche\/#primaryimage\",\"url\":\"https:\/\/dresden-nazifrei.com\/kampa\/wp-content\/uploads\/2020\/02\/Bettenb\u00f6rse.jpg_1280.jpg\",\"contentUrl\":\"https:\/\/dresden-nazifrei.com\/kampa\/wp-content\/uploads\/2020\/02\/Bettenb\u00f6rse.jpg_1280.jpg\",\"width\":1280,\"height\":603},{\"@type\":\"BreadcrumbList\",\"@id\":\"https:\/\/dresden-nazifrei.com\/kampa\/13februar-dresden\/13februar-2020\/bettenboerse-fuer-die-aktionswoche\/#breadcrumb\",\"itemListElement\":[{\"@type\":\"ListItem\",\"position\":1,\"name\":\"Startseite\",\"item\":\"https:\/\/dresden-nazifrei.com\/kampa\/\"},{\"@type\":\"ListItem\",\"position\":2,\"name\":\"Der 13. Februar in Dresden\",\"item\":\"https:\/\/dresden-nazifrei.com\/kampa\/13februar-dresden\/\"},{\"@type\":\"ListItem\",\"position\":3,\"name\":\"Der 13. Februar 2020\",\"item\":\"https:\/\/dresden-nazifrei.com\/kampa\/13februar-dresden\/13februar-2020\/\"},{\"@type\":\"ListItem\",\"position\":4,\"name\":\"Bettenb\u00f6rse f\u00fcr die Aktionswoche\"}]},{\"@type\":\"WebSite\",\"@id\":\"https:\/\/dresden-nazifrei.com\/kampa\/#website\",\"url\":\"https:\/\/dresden-nazifrei.com\/kampa\/\",\"name\":\"Dresden WiEdersetzen\",\"description\":\"Dresden stellt sich quer\",\"publisher\":{\"@id\":\"https:\/\/dresden-nazifrei.com\/kampa\/#organization\"},\"potentialAction\":[{\"@type\":\"SearchAction\",\"target\":{\"@type\":\"EntryPoint\",\"urlTemplate\":\"https:\/\/dresden-nazifrei.com\/kampa\/?s={search_term_string}\"},\"query-input\":{\"@type\":\"PropertyValueSpecification\",\"valueRequired\":true,\"valueName\":\"search_term_string\"}}],\"inLanguage\":\"de\"},{\"@type\":\"Organization\",\"@id\":\"https:\/\/dresden-nazifrei.com\/kampa\/#organization\",\"name\":\"Dresden Nazifrei\",\"url\":\"https:\/\/dresden-nazifrei.com\/kampa\/\",\"logo\":{\"@type\":\"ImageObject\",\"inLanguage\":\"de\",\"@id\":\"https:\/\/dresden-nazifrei.com\/kampa\/#\/schema\/logo\/image\/\",\"url\":\"https:\/\/dresden-nazifrei.com\/kampa\/wp-content\/uploads\/2021\/03\/Logo-Schwarz-Rot.png\",\"contentUrl\":\"https:\/\/dresden-nazifrei.com\/kampa\/wp-content\/uploads\/2021\/03\/Logo-Schwarz-Rot.png\",\"width\":500,\"height\":500,\"caption\":\"Dresden Nazifrei\"},\"image\":{\"@id\":\"https:\/\/dresden-nazifrei.com\/kampa\/#\/schema\/logo\/image\/\"},\"sameAs\":[\"https:\/\/www.facebook.com\/dresden.stellt.sich.quer\/\",\"https:\/\/x.com\/dd_nazifrei\",\"https:\/\/www.instagram.com\/dd_nazifrei\/\",\"https:\/\/www.youtube.com\/channel\/UC2w1_etudyqY1XziVPgba8Q\"]}]}<\/script>\n<!-- \/ Yoast SEO plugin. -->","yoast_head_json":{"title":"Bettenb\u00f6rse f\u00fcr die Aktionswoche - Dresden WiEdersetzen","robots":{"index":"index","follow":"follow","max-snippet":"max-snippet:-1","max-image-preview":"max-image-preview:large","max-video-preview":"max-video-preview:-1"},"canonical":"https:\/\/dresden-nazifrei.com\/kampa\/13februar-dresden\/13februar-2020\/bettenboerse-fuer-die-aktionswoche\/","og_locale":"de_DE","og_type":"article","og_title":"Bettenb\u00f6rse f\u00fcr die Aktionswoche - Dresden WiEdersetzen","og_description":"Wir m\u00f6chten Antifaschist*innen von \u00fcberall erm\u00f6glichen, sich den Nazis in der Woche vom 13. Februar entgegenzustellen (insb. am 15. Februar). Daf\u00fcr wollen wir Schlafpl\u00e4tze vermitteln: Wir freuen uns auf Menschen, die sich vorstellen k\u00f6nnen,&#46;&#46;&#46;","og_url":"https:\/\/dresden-nazifrei.com\/kampa\/13februar-dresden\/13februar-2020\/bettenboerse-fuer-die-aktionswoche\/","og_site_name":"Dresden WiEdersetzen","article_publisher":"https:\/\/www.facebook.com\/dresden.stellt.sich.quer\/","article_modified_time":"2022-04-14T12:44:18+00:00","og_image":[{"width":1280,"height":603,"url":"https:\/\/dresden-nazifrei.com\/kampa\/wp-content\/uploads\/2020\/02\/Bettenb\u00f6rse.jpg_1280.jpg","type":"image\/jpeg"}],"twitter_card":"summary_large_image","twitter_site":"@dd_nazifrei","twitter_misc":{"Gesch\u00e4tzte Lesezeit":"4\u00a0Minuten"},"schema":{"@context":"https:\/\/schema.org","@graph":[{"@type":"WebPage","@id":"https:\/\/dresden-nazifrei.com\/kampa\/13februar-dresden\/13februar-2020\/bettenboerse-fuer-die-aktionswoche\/","url":"https:\/\/dresden-nazifrei.com\/kampa\/13februar-dresden\/13februar-2020\/bettenboerse-fuer-die-aktionswoche\/","name":"Bettenb\u00f6rse f\u00fcr die Aktionswoche - Dresden WiEdersetzen","isPartOf":{"@id":"https:\/\/dresden-nazifrei.com\/kampa\/#website"},"primaryImageOfPage":{"@id":"https:\/\/dresden-nazifrei.com\/kampa\/13februar-dresden\/13februar-2020\/bettenboerse-fuer-die-aktionswoche\/#primaryimage"},"image":{"@id":"https:\/\/dresden-nazifrei.com\/kampa\/13februar-dresden\/13februar-2020\/bettenboerse-fuer-die-aktionswoche\/#primaryimage"},"thumbnailUrl":"https:\/\/dresden-nazifrei.com\/kampa\/wp-content\/uploads\/2020\/02\/Bettenb\u00f6rse.jpg_1280.jpg","datePublished":"2020-02-08T11:05:24+00:00","dateModified":"2022-04-14T12:44:18+00:00","breadcrumb":{"@id":"https:\/\/dresden-nazifrei.com\/kampa\/13februar-dresden\/13februar-2020\/bettenboerse-fuer-die-aktionswoche\/#breadcrumb"},"inLanguage":"de","potentialAction":[{"@type":"ReadAction","target":["https:\/\/dresden-nazifrei.com\/kampa\/13februar-dresden\/13februar-2020\/bettenboerse-fuer-die-aktionswoche\/"]}]},{"@type":"ImageObject","inLanguage":"de","@id":"https:\/\/dresden-nazifrei.com\/kampa\/13februar-dresden\/13februar-2020\/bettenboerse-fuer-die-aktionswoche\/#primaryimage","url":"https:\/\/dresden-nazifrei.com\/kampa\/wp-content\/uploads\/2020\/02\/Bettenb\u00f6rse.jpg_1280.jpg","contentUrl":"https:\/\/dresden-nazifrei.com\/kampa\/wp-content\/uploads\/2020\/02\/Bettenb\u00f6rse.jpg_1280.jpg","width":1280,"height":603},{"@type":"BreadcrumbList","@id":"https:\/\/dresden-nazifrei.com\/kampa\/13februar-dresden\/13februar-2020\/bettenboerse-fuer-die-aktionswoche\/#breadcrumb","itemListElement":[{"@type":"ListItem","position":1,"name":"Startseite","item":"https:\/\/dresden-nazifrei.com\/kampa\/"},{"@type":"ListItem","position":2,"name":"Der 13. Februar in Dresden","item":"https:\/\/dresden-nazifrei.com\/kampa\/13februar-dresden\/"},{"@type":"ListItem","position":3,"name":"Der 13. Februar 2020","item":"https:\/\/dresden-nazifrei.com\/kampa\/13februar-dresden\/13februar-2020\/"},{"@type":"ListItem","position":4,"name":"Bettenb\u00f6rse f\u00fcr die Aktionswoche"}]},{"@type":"WebSite","@id":"https:\/\/dresden-nazifrei.com\/kampa\/#website","url":"https:\/\/dresden-nazifrei.com\/kampa\/","name":"Dresden WiEdersetzen","description":"Dresden stellt sich quer","publisher":{"@id":"https:\/\/dresden-nazifrei.com\/kampa\/#organization"},"potentialAction":[{"@type":"SearchAction","target":{"@type":"EntryPoint","urlTemplate":"https:\/\/dresden-nazifrei.com\/kampa\/?s={search_term_string}"},"query-input":{"@type":"PropertyValueSpecification","valueRequired":true,"valueName":"search_term_string"}}],"inLanguage":"de"},{"@type":"Organization","@id":"https:\/\/dresden-nazifrei.com\/kampa\/#organization","name":"Dresden Nazifrei","url":"https:\/\/dresden-nazifrei.com\/kampa\/","logo":{"@type":"ImageObject","inLanguage":"de","@id":"https:\/\/dresden-nazifrei.com\/kampa\/#\/schema\/logo\/image\/","url":"https:\/\/dresden-nazifrei.com\/kampa\/wp-content\/uploads\/2021\/03\/Logo-Schwarz-Rot.png","contentUrl":"https:\/\/dresden-nazifrei.com\/kampa\/wp-content\/uploads\/2021\/03\/Logo-Schwarz-Rot.png","width":500,"height":500,"caption":"Dresden Nazifrei"},"image":{"@id":"https:\/\/dresden-nazifrei.com\/kampa\/#\/schema\/logo\/image\/"},"sameAs":["https:\/\/www.facebook.com\/dresden.stellt.sich.quer\/","https:\/\/x.com\/dd_nazifrei","https:\/\/www.instagram.com\/dd_nazifrei\/","https:\/\/www.youtube.com\/channel\/UC2w1_etudyqY1XziVPgba8Q"]}]}},"_links":{"self":[{"href":"https:\/\/dresden-nazifrei.com\/kampa\/wp-json\/wp\/v2\/pages\/3435","targetHints":{"allow":["GET"]}}],"collection":[{"href":"https:\/\/dresden-nazifrei.com\/kampa\/wp-json\/wp\/v2\/pages"}],"about":[{"href":"https:\/\/dresden-nazifrei.com\/kampa\/wp-json\/wp\/v2\/types\/page"}],"author":[{"embeddable":true,"href":"https:\/\/dresden-nazifrei.com\/kampa\/wp-json\/wp\/v2\/users\/3"}],"replies":[{"embeddable":true,"href":"https:\/\/dresden-nazifrei.com\/kampa\/wp-json\/wp\/v2\/comments?post=3435"}],"version-history":[{"count":9,"href":"https:\/\/dresden-nazifrei.com\/kampa\/wp-json\/wp\/v2\/pages\/3435\/revisions"}],"predecessor-version":[{"id":3448,"href":"https:\/\/dresden-nazifrei.com\/kampa\/wp-json\/wp\/v2\/pages\/3435\/revisions\/3448"}],"up":[{"embeddable":true,"href":"https:\/\/dresden-nazifrei.com\/kampa\/wp-json\/wp\/v2\/pages\/8791"}],"wp:featuredmedia":[{"embeddable":true,"href":"https:\/\/dresden-nazifrei.com\/kampa\/wp-json\/wp\/v2\/media\/3436"}],"wp:attachment":[{"href":"https:\/\/dresden-nazifrei.com\/kampa\/wp-json\/wp\/v2\/media?parent=3435"}],"curies":[{"name":"wp","href":"https:\/\/api.w.org\/{rel}","templated":true}]}}