{"id":3454,"date":"2020-02-08T14:26:32","date_gmt":"2020-02-08T13:26:32","guid":{"rendered":"https:\/\/dresden-nazifrei.com\/?page_id=3454"},"modified":"2022-04-14T14:44:02","modified_gmt":"2022-04-14T12:44:02","slug":"awareness-konzept-des-aktionsbuendnis-13-februar-2020-kurz-zusammengefasst","status":"publish","type":"page","link":"https:\/\/dresden-nazifrei.com\/kampa\/13februar-dresden\/13februar-2020\/awareness-konzept-des-aktionsbuendnis-13-februar-2020-kurz-zusammengefasst\/","title":{"rendered":"Awareness-Konzept des \u201eAktionsb\u00fcndnis 13. Februar 2020\u201c \u2013 kurz zusammengefasst"},"content":{"rendered":"\n<p><strong>Was steckt dahinter?<\/strong><\/p>\n\n\n\n<p>\n<em><strong>Auf\nunseren Veranstaltungen\u2026<\/strong><\/em><\/p>\n\n\n\n<p> <em><strong>.<\/strong><\/em><strong>..<\/strong>soll niemand diskriminierendem Verhalten schutzlos ausgesetzt sein. Es kommt leider oft vor, dass Menschen diskriminierendem Verhalten ausgesetzt sind. Dagegen m\u00f6chten wir etwas tun! Wir bitten euch, mit uns gemeinsam eine Atmosph\u00e4re zu schaffen, in der alle sich m\u00f6glichst gut f\u00fchlen k\u00f6nnen.<\/p>\n\n\n\n<p><em><strong>Awareness-Teams wird das Aktionsb\u00fcndnis f\u00fcr den Mahngang T\u00e4terspuren am 9. Februar, f\u00fcr die von HOPE organisierten Kundgebung am 13. Februar und f\u00fcr das Demogeschehen am 15. Februar bereit stellen.<\/strong><\/em><\/p>\n\n\n\n<p>Deswegen gibt es auf unseren Veranstaltungen ein <strong>AwarenessTeam<\/strong>, welches genau daf\u00fcr sorgen soll. Wenn ihr euch unwohl f\u00fchlt, wenn euch jemand bel\u00e4stigt usw. kommt gerne auf uns zu. <strong>Ihr erkennt das Awareness-Team an <\/strong><em><strong>bunten Warnwesten mit der Aufschrift \u201eAwareness Team<\/strong><\/em><em>\u201c<\/em>.<\/p>\n\n\n\n<figure class=\"wp-block-image size-large\"><img loading=\"lazy\" decoding=\"async\" width=\"1024\" height=\"595\" src=\"https:\/\/dresden-nazifrei.com\/kampa\/wp-content\/uploads\/2020\/02\/image-1024x595.png\" alt=\"\" class=\"wp-image-3455\" srcset=\"https:\/\/dresden-nazifrei.com\/kampa\/wp-content\/uploads\/2020\/02\/image-1024x595.png 1024w, https:\/\/dresden-nazifrei.com\/kampa\/wp-content\/uploads\/2020\/02\/image-300x174.png 300w, https:\/\/dresden-nazifrei.com\/kampa\/wp-content\/uploads\/2020\/02\/image-150x87.png 150w, https:\/\/dresden-nazifrei.com\/kampa\/wp-content\/uploads\/2020\/02\/image-768x446.png 768w, https:\/\/dresden-nazifrei.com\/kampa\/wp-content\/uploads\/2020\/02\/image.png 1239w\" sizes=\"auto, (max-width: 1024px) 100vw, 1024px\" \/><figcaption>Unser Awareness-Team erkennt ihr an den bunten Westen mit der Aufschrift \u201eAwareness\u201c<\/figcaption><\/figure>\n\n\n\n<p>\n<em><strong>Hintergrund\nAwareness<\/strong><\/em><\/p>\n\n\n\n<p>Awareness bedeutet \u201eAchtsamkeit\u201c \u2013 und f\u00fcr uns das Ziel, einen m\u00f6glichst barriere- &amp; diskriminierungsarmen Raum f\u00fcr alle zu schaffen. Wir m\u00f6chten versuchen, eine Atmosph\u00e4re zu schaffen, bei der alle aufeinander R\u00fccksicht nehmen. Im Klartext hei\u00dft das: Sexistische, rassistische, homo-, transphobe oder anderer diskriminierender Mist hat bei uns keinen Platz, eigene (<em>wei\u00dfe, m\u00e4nnliche<\/em>) Privilegien sollten aktiv wahrgenommen und reflektiert werden. Nur in der Auseinandersetzung mit Machtverh\u00e4ltnissen\/ Diskriminierenden Verhalten, k\u00f6nnen wir diesen etwas entgegensetzen, sie ver\u00e4ndern und nach und nach abbauen.<em> <\/em><\/p>\n\n\n\n<p><a href=\"https:\/\/dresden-nazifrei.com\/ausfuehrliches-awareness-konzept-des-aktionsbuendnis-13-februar-2020\/\" target=\"_blank\" rel=\"noreferrer noopener\" aria-label=\"Zum ausf\u00fchrlichen Konzept geht es hier (\u00f6ffnet in neuem Tab)\">Zum ausf\u00fchrlichen Konzept geht es hier<\/a>.<\/p>\n\n\n\n<p>\n<em><strong>Was\nk\u00f6nnt ihr tun?<\/strong><\/em><\/p>\n\n\n\n<p>\nGeht\nrespektvoll miteinander um. Nehmt die Signale der Menschen um euch\nwar. Wenn eine Person signalisiert, dass sie nicht mit euch reden\nm\u00f6chte respektiert das, und zieht euch zur\u00fcck. Wenn euch eine\nPerson zu nahe kommt, k\u00f6rperlich aber <strong>auch<\/strong>\nin anderer Weise, versucht eure Grenzen aufzuzeigen und\/oder holt\neuch Unterst\u00fctzung beim AwarenessTeam.<\/p>\n\n\n\n<p>\n<em><strong>Das\nAwarenessTeam\u2026<\/strong><\/em><\/p>\n\n\n\n<p>\n\u2026 unterst\u00fctzt\neuch wenn ihr euch w\u00e4hrend einer Demo oder anderen Veranstaltung\nunwohl f\u00fchlt, sprecht uns einfach an. Auch wenn ihr \u00fcbergriffiges\nVerhalten bei Anderen bemerkt k\u00f6nnt ihr uns darauf aufmerksam\nmachen. Selbst wenn es nur \u00fcbergriffig wirkt, fragen wir lieber\neinmal zu oft bei betroffenen Personen nach, als jemanden allein zu\nlassen.<\/p>\n\n\n\n<p>\n\u2026 handelt\nnach dem Prinzip der <em>Solidarischen\nParteilichkeit<\/em>:\nDie erlebte Verletzung der betroffenen Person ist f\u00fcr uns Ma\u00dfstab\ndes Handelns. Ziel ist es, diese wieder zu erm\u00e4chtigen und\nhandlungsf\u00e4hig zu machen. Die Verantwortung f\u00fcr das Vorgehen wird\ndabei nicht einfach auf die betroffene Person abgeschoben, sondern es\nwird gemeinsam ein Umgang gefunden und versucht einen gesch\u00fctzteren\nRaum zu schaffen.<\/p>\n\n\n\n<p><strong>Helft uns, einen m\u00f6glichst barriere- &amp; diskriminierungsarmen Raum f\u00fcr alle zu schaffen!<\/strong> <strong>Awareness geht uns alle an!<\/strong><\/p>\n\n\n\n<p>\n<strong>Kontaktstellen\nau\u00dferhalb der Veranstaltungen:<\/strong><\/p>\n\n\n\n<p>Psychische Folgen von Repression und Gewalt im Kontext von linkem politischen Widerstand:&nbsp;<\/p>\n\n\n\n<figure class=\"wp-block-embed-wordpress wp-block-embed is-type-wp-embed is-provider-out-of-action\"><div class=\"wp-block-embed__wrapper\">\nhttps:\/\/outofaction.blackblogs.org\/\n<\/div><\/figure>\n\n\n\n<p><strong>Innerhalb\nvon Dresden <\/strong>\n<\/p>\n\n\n\n<ul class=\"wp-block-list\"><li>\n\tPsychosozialer\n\tKrisendienst des Gesundheitsamts Dresden (0351 4 88 53 41)\n\t<\/li><li>\n\tDresdner\n\tKrisentelefon \u201eTelefon des Vertrauens\u201c (0351 8 04 16 16)\n\t<\/li><li>\n\tOpferhilfe\n\tDresden e. V (0351 8 01 01 39) \n\t\n\t<\/li><li>\n\tOpferberatung\n\t(Beratungsstelle f\u00fcr Betroffene rechter und fremdenfeindlicher\n\tGewalt) der Regionalen Arbeitsstellen f\u00fcr Bildung, Integration und\n\tDemokratie e. V. (RAA) (0351 8 89 41 74 oder 0172 9 74 12 68)\n<\/li><\/ul>\n\n\n\n<p><strong>Wir machen sicherlich nicht alles perfekt, deswegen freuen wir uns \u00fcber Feedback im Anschluss an die Aktionswoche unter:<\/strong><\/p>\n\n\n\n<p class=\"has-text-align-center\"> <a href=\"mailto:awareness@dresden-nazifrei.com\">awareness@dresden-nazifrei.com<\/a><\/p>\n\n\n\n<p><a rel=\"noreferrer noopener\" aria-label=\" Zum ausf\u00fchrlichen Konzept geht es hier (\u00f6ffnet in neuem Tab)\" href=\"https:\/\/dresden-nazifrei.com\/ausfuehrliches-awareness-konzept-des-aktionsbuendnis-13-februar-2020\/\" target=\"_blank\">Zum ausf\u00fchrlichen Konzept geht es hier<\/a>.<\/p>\n\n\n\n<h2 class=\"wp-block-heading\">E-Mail-Verschl\u00fcsselung<\/h2>\n\n\n\n<p>Zum \u00dcberpr\u00fcfen nach dem Import, hier zun\u00e4chst der <strong>Fingerprint<\/strong> zum Schl\u00fcssel :<\/p>\n\n\n\n<pre class=\"wp-block-verse has-text-align-center\"> 57C1 59D0 B899 8C83 AD9C 1CA9 A612 A97B DFC8 2957 <\/pre>\n\n\n\n<h4 class=\"wp-block-heading\">\u00d6ffentlicher Schl\u00fcssel (Public Key)<\/h4>\n\n\n\n<pre class=\"wp-block-verse\">\u2014\u2013BEGIN PGP PUBLIC KEY BLOCK\u2014\u2013<br> mQINBF4+qygBEAC3M3rs92PtG5n75nV22pXdoc6WT6BTXPQXB6qutNJbBArvjE8L<br> 2m\/AVMg4LyNqrIZ2\/DsJbmHcx9csb\/A41rPAjCqVNP+X3BnoYrqFi5JOGWVW54Qw<br> 7nxIeFNZxUPVkQNhRMesaIhzMFvFcdA2SoSZQRfxS39RHflfeGdXC8Uw5ML3pqD3<br> fO7Bdgob5BzrjIl1lz7h1QC2euyC2VR6rgXqEghxkOWbg\/8KFdWEiROCRR3aNB4U<br> d1yAnYmQBkdlDh5P6E3\/PwnM2E1ZdCHWAdAHzMiYheilbW9xz2gvw5YjsQ5LwN1u<br> SbCkv98mxaFAhxRq2de9yBrpNnqzVYpSJLAhMzdVo+4w98rGidNyh2q\/vubo9Xwr<br> uRmCj4pD6pp1NKb40SJGIjqOEcCM+tNSy2gviD0dz+fUt3qSDkZ\/5qqfzKh1FmIq<br> tFzIo9sF29A7QLXBCa4PkL8B+981YoI7GTk7LyBXM35ebu5nGEQZbT9KeQXH6Kn5<br> pJw0mCRgyRsLYHGUsnFshijxmKnuOEiodTEYU1DGmpE68XdL4JeZHZJqQwvNUe+t<br> lW4Y+PsbY\/KXL5liUmp+rcNgTxsupT82eRsTyMrONs86P8y04Nr2AujfYbfkGV7C<br> ZHrXWpQFsOb5WCu542WJ6GIckMB7hWjxzBgAsyxHgCRwI8QDqwXIHD8yqQARAQAB<br> tC9Bd2FyZW5lc3MtVGVhbSA8YXdhcmVuZXNzQGRyZXNkZW4tbmF6aWZyZWkuY29t<br> PokCVAQTAQgAPhYhBFfBWdC4mYyDrZwcqaYSqXvfyClXBQJePqsoAhsDBQkDw6II<br> BQsJCAcCBhUKCQgLAgQWAgMBAh4BAheAAAoJEKYSqXvfyClXuisP\/iBM1ZTcsvSg<br> 68pUjimdc6qVK8Ksjntj3Gecv+xIpTjJTAdP1iaOEiq7EzpsEORAaPvqJN4Ywn4r<br> +gtTpZfnkcn4eaUkpQbpzS0frUroNGuzUckJLaoFOEMd0Q13S2B5ja3RFcHc35OF<br> sZLNhLyuzTO\/lZAwBaKhRbuE3Iv2A3+Xd0NRYl7gmfNTBNtVurZ80tZejALjm8f5<br> 4e8nmeAtiwh8j1kdHBF3U4EAxQQpwjGKJvk\/R5Jv3M2pFczJCUE8PRpgH8mnMHTp<br> Rigg2mu8u1WwF7kNFCm5kVEndR+wKa2Giv98BP7V+PU67D2GELQviX96JeNStSAX<br> iRhl2Q5YS+ckZunRG4pQaClWtbPlQb9ycZZysnH58odQE0d7ysyHBhSJbkpGQk25<br> c00BO4i9SAiIJ20ZNrbO0nFNb68Ylz4nIiluAOAqw6l7HQ5G3Z3Pdytx7\/Obbh\/\/<br> oxsTA1Ve5iCuRwFzqymCB\/9WFAqgv+oeoj7HIsd3oT5RqB9ijUPGyrT9Ng73ftko<br> IyX90r+UZkYs8Q9YVNePhv\/qpZnANSlwYjinJmYxKXPvcw\/SFGCTvOhuXvadGtLW<br> xlSjurODuxklb1tG43eR8xm6cjTwB\/lM0022UYhCVfS7eo\/pJRbfydDuCsQDupvO<br> cbMgT3V7BelbNPf2\/81A2S2STUrk86dkuQINBF4+qygBEADQz7znelueYpG9A9N2<br> lgM9V4oAxHmUaXaTOD7j+ds107Rn81sPTOwdhEzrLUZ\/ZzPiXej94\/FpMHvxBjS1<br> nXyasjjymiHIRPvBxs\/g2F\/TskVb2hWo9yydi5Nx3FPgThszP9eUOrQGW7iistFh<br> +UUYbgcYe1Pmr\/EMTKWFU0o8bl2OKpNf8VBNhM7JDN2Ppgxf9q+PDYwY3+yf28su<br> rnyYrynPBGkV0nofwKdxM\/KCEvG7Othm6qLRbaFMmisQ50INoWSzxKknFIKzYISp<br> o+aX+sECdqikcE0cigxXmoYtEneQdiIvD\/Kr+L76Xe+k3Fa8K+oE2XhE69HegUGk<br> 3vXIKs\/gTF8uwvLcUFqH2VVLKlTIzn8FZaE5CcrXKbOy3W03TqX02d4+1wPfI54C<br> 0RnRYQX9LG+YLfVOPVI6KPHODwXtPA2YNZgSxOmtkBHYsbUCSOJKRQO7EHcoqiaI<br> 72bWQQk7pDazFlIAseMk7BD25ntCF6RPy8jWC0GCiA2Rc\/fvRWMhWM6sPkYRFmr2<br> ef9nqybcYORFeelpEGA7jeYEaREITWTZvTWpVdu3QNGupy5f\/rFCWTf0PCgxQ+cz<br> YODmakQpdBtRcBtoPP\/xtO0SFL+afrMH4QGqAbMx4n5qyLyWk61VsIqYGiZ4v8f+<br> bEJrwxMh2hCsLPuZZV\/d83hSvwARAQABiQI8BBgBCAAmFiEEV8FZ0LiZjIOtnByp<br> phKpe9\/IKVcFAl4+qygCGwwFCQPDoggACgkQphKpe9\/IKVf0YRAAlXshZCqafqe3<br> W6nB8bMEb\/R7jruvrgDwD3GABOYrLJUTWheBhB9PkFBw2cB81vwi9DLIFiDFedGx<br> BJ9vXV6vldLSuOWhD73I5RCDnhk2SVJh7hd1mqhDCELbbfYUKA3xAo7hXmxfX\/Om<br> xSxtibZsx6kwDP\/gfZIz9Zd3SEUubJGf4qreL3PPEhRYUjfuGpU5k7s2KVd0obDR<br> bxGbGGxICt4CoiysjEp3x5zUfK32OLeeYhQxCYjS47UGe9SkvJ5uawNMa4wyRhQq<br> scJDaeXIAZbhe5LFtqPwdPaBJtjXt\/9AQ3ibpcBNDiNn2iKZ9qk4iMDhfP0TmGCL<br> F8qHMrNmAidAm\/MkaY3hM4fq6Ac93mv14zI54UkhaOeCSuYWelnZVSFAp6W8L5eN<br> HUyzD2IG4D8JJzOXVesFLt1lRYkx88W0mMixsXY9zaDZ+ARCaI4u2OBNrRicjFzY<br> 4jmEhnUv8L58dAmmv7WGcGLavJQdXVhF9\/eEYpms7hv7OujxFMrSjRrBqHwFMid5<br> lmHyumMVSTaf3p\/A8RGN3hYWY7DXyjSKB0Q1p3+duk4uWboUJfeAQwjPI51O7V+0<br> sIygWgC6iVjw73Fe3fe9pn+ilU\/499lf2nK+UmF0sV9HpCfnBSIFh9+NMyS8TD54<br> vV1HYCxj581Msqq\/ABUJ0Cg9tOYn5Sw=<br> =kT1V<br> \u2014\u2013END PGP PUBLIC KEY BLOCK\u2014\u2013<\/pre>\n","protected":false},"excerpt":{"rendered":"<p>Was steckt dahinter? Auf unseren Veranstaltungen\u2026 &#8230;soll niemand diskriminierendem Verhalten schutzlos ausgesetzt sein. Es kommt leider oft vor, dass Menschen diskriminierendem Verhalten ausgesetzt sind. Dagegen m\u00f6chten wir etwas tun! Wir bitten euch, mit uns&#46;&#46;&#46;<\/p>\n","protected":false},"author":3,"featured_media":3455,"parent":8791,"menu_order":0,"comment_status":"closed","ping_status":"closed","template":"","meta":{"_monsterinsights_skip_tracking":false,"_monsterinsights_sitenote_active":false,"_monsterinsights_sitenote_note":"","_monsterinsights_sitenote_category":0,"footnotes":""},"class_list":["post-3454","page","type-page","status-publish","has-post-thumbnail","hentry"],"yoast_head":"<!-- This site is optimized with the Yoast SEO plugin v27.2 - https:\/\/yoast.com\/product\/yoast-seo-wordpress\/ -->\n<title>Awareness-Konzept des \u201eAktionsb\u00fcndnis 13. Februar 2020\u201c \u2013 kurz zusammengefasst - Dresden WiEdersetzen<\/title>\n<meta name=\"robots\" content=\"index, follow, max-snippet:-1, max-image-preview:large, max-video-preview:-1\" \/>\n<link rel=\"canonical\" href=\"https:\/\/dresden-nazifrei.com\/kampa\/13februar-dresden\/13februar-2020\/awareness-konzept-des-aktionsbuendnis-13-februar-2020-kurz-zusammengefasst\/\" \/>\n<meta property=\"og:locale\" content=\"de_DE\" \/>\n<meta property=\"og:type\" content=\"article\" \/>\n<meta property=\"og:title\" content=\"Awareness-Konzept des \u201eAktionsb\u00fcndnis 13. Februar 2020\u201c \u2013 kurz zusammengefasst - Dresden WiEdersetzen\" \/>\n<meta property=\"og:description\" content=\"Was steckt dahinter? Auf unseren Veranstaltungen\u2026 ...soll niemand diskriminierendem Verhalten schutzlos ausgesetzt sein. Es kommt leider oft vor, dass Menschen diskriminierendem Verhalten ausgesetzt sind. Dagegen m\u00f6chten wir etwas tun! Wir bitten euch, mit uns&#046;&#046;&#046;\" \/>\n<meta property=\"og:url\" content=\"https:\/\/dresden-nazifrei.com\/kampa\/13februar-dresden\/13februar-2020\/awareness-konzept-des-aktionsbuendnis-13-februar-2020-kurz-zusammengefasst\/\" \/>\n<meta property=\"og:site_name\" content=\"Dresden WiEdersetzen\" \/>\n<meta property=\"article:publisher\" content=\"https:\/\/www.facebook.com\/dresden.stellt.sich.quer\/\" \/>\n<meta property=\"article:modified_time\" content=\"2022-04-14T12:44:02+00:00\" \/>\n<meta property=\"og:image\" content=\"https:\/\/dresden-nazifrei.com\/kampa\/wp-content\/uploads\/2020\/02\/image.png\" \/>\n\t<meta property=\"og:image:width\" content=\"1239\" \/>\n\t<meta property=\"og:image:height\" content=\"720\" \/>\n\t<meta property=\"og:image:type\" content=\"image\/png\" \/>\n<meta name=\"twitter:card\" content=\"summary_large_image\" \/>\n<meta name=\"twitter:site\" content=\"@dd_nazifrei\" \/>\n<meta name=\"twitter:label1\" content=\"Gesch\u00e4tzte Lesezeit\" \/>\n\t<meta name=\"twitter:data1\" content=\"5\u00a0Minuten\" \/>\n<script type=\"application\/ld+json\" class=\"yoast-schema-graph\">{\"@context\":\"https:\/\/schema.org\",\"@graph\":[{\"@type\":\"WebPage\",\"@id\":\"https:\/\/dresden-nazifrei.com\/kampa\/13februar-dresden\/13februar-2020\/awareness-konzept-des-aktionsbuendnis-13-februar-2020-kurz-zusammengefasst\/\",\"url\":\"https:\/\/dresden-nazifrei.com\/kampa\/13februar-dresden\/13februar-2020\/awareness-konzept-des-aktionsbuendnis-13-februar-2020-kurz-zusammengefasst\/\",\"name\":\"Awareness-Konzept des \u201eAktionsb\u00fcndnis 13. Februar 2020\u201c \u2013 kurz zusammengefasst - Dresden WiEdersetzen\",\"isPartOf\":{\"@id\":\"https:\/\/dresden-nazifrei.com\/kampa\/#website\"},\"primaryImageOfPage\":{\"@id\":\"https:\/\/dresden-nazifrei.com\/kampa\/13februar-dresden\/13februar-2020\/awareness-konzept-des-aktionsbuendnis-13-februar-2020-kurz-zusammengefasst\/#primaryimage\"},\"image\":{\"@id\":\"https:\/\/dresden-nazifrei.com\/kampa\/13februar-dresden\/13februar-2020\/awareness-konzept-des-aktionsbuendnis-13-februar-2020-kurz-zusammengefasst\/#primaryimage\"},\"thumbnailUrl\":\"https:\/\/dresden-nazifrei.com\/kampa\/wp-content\/uploads\/2020\/02\/image.png\",\"datePublished\":\"2020-02-08T13:26:32+00:00\",\"dateModified\":\"2022-04-14T12:44:02+00:00\",\"breadcrumb\":{\"@id\":\"https:\/\/dresden-nazifrei.com\/kampa\/13februar-dresden\/13februar-2020\/awareness-konzept-des-aktionsbuendnis-13-februar-2020-kurz-zusammengefasst\/#breadcrumb\"},\"inLanguage\":\"de\",\"potentialAction\":[{\"@type\":\"ReadAction\",\"target\":[\"https:\/\/dresden-nazifrei.com\/kampa\/13februar-dresden\/13februar-2020\/awareness-konzept-des-aktionsbuendnis-13-februar-2020-kurz-zusammengefasst\/\"]}]},{\"@type\":\"ImageObject\",\"inLanguage\":\"de\",\"@id\":\"https:\/\/dresden-nazifrei.com\/kampa\/13februar-dresden\/13februar-2020\/awareness-konzept-des-aktionsbuendnis-13-februar-2020-kurz-zusammengefasst\/#primaryimage\",\"url\":\"https:\/\/dresden-nazifrei.com\/kampa\/wp-content\/uploads\/2020\/02\/image.png\",\"contentUrl\":\"https:\/\/dresden-nazifrei.com\/kampa\/wp-content\/uploads\/2020\/02\/image.png\",\"width\":1239,\"height\":720},{\"@type\":\"BreadcrumbList\",\"@id\":\"https:\/\/dresden-nazifrei.com\/kampa\/13februar-dresden\/13februar-2020\/awareness-konzept-des-aktionsbuendnis-13-februar-2020-kurz-zusammengefasst\/#breadcrumb\",\"itemListElement\":[{\"@type\":\"ListItem\",\"position\":1,\"name\":\"Startseite\",\"item\":\"https:\/\/dresden-nazifrei.com\/kampa\/\"},{\"@type\":\"ListItem\",\"position\":2,\"name\":\"Der 13. Februar in Dresden\",\"item\":\"https:\/\/dresden-nazifrei.com\/kampa\/13februar-dresden\/\"},{\"@type\":\"ListItem\",\"position\":3,\"name\":\"Der 13. Februar 2020\",\"item\":\"https:\/\/dresden-nazifrei.com\/kampa\/13februar-dresden\/13februar-2020\/\"},{\"@type\":\"ListItem\",\"position\":4,\"name\":\"Awareness-Konzept des \u201eAktionsb\u00fcndnis 13. Februar 2020\u201c \u2013 kurz zusammengefasst\"}]},{\"@type\":\"WebSite\",\"@id\":\"https:\/\/dresden-nazifrei.com\/kampa\/#website\",\"url\":\"https:\/\/dresden-nazifrei.com\/kampa\/\",\"name\":\"Dresden WiEdersetzen\",\"description\":\"Dresden stellt sich quer\",\"publisher\":{\"@id\":\"https:\/\/dresden-nazifrei.com\/kampa\/#organization\"},\"potentialAction\":[{\"@type\":\"SearchAction\",\"target\":{\"@type\":\"EntryPoint\",\"urlTemplate\":\"https:\/\/dresden-nazifrei.com\/kampa\/?s={search_term_string}\"},\"query-input\":{\"@type\":\"PropertyValueSpecification\",\"valueRequired\":true,\"valueName\":\"search_term_string\"}}],\"inLanguage\":\"de\"},{\"@type\":\"Organization\",\"@id\":\"https:\/\/dresden-nazifrei.com\/kampa\/#organization\",\"name\":\"Dresden Nazifrei\",\"url\":\"https:\/\/dresden-nazifrei.com\/kampa\/\",\"logo\":{\"@type\":\"ImageObject\",\"inLanguage\":\"de\",\"@id\":\"https:\/\/dresden-nazifrei.com\/kampa\/#\/schema\/logo\/image\/\",\"url\":\"https:\/\/dresden-nazifrei.com\/kampa\/wp-content\/uploads\/2021\/03\/Logo-Schwarz-Rot.png\",\"contentUrl\":\"https:\/\/dresden-nazifrei.com\/kampa\/wp-content\/uploads\/2021\/03\/Logo-Schwarz-Rot.png\",\"width\":500,\"height\":500,\"caption\":\"Dresden Nazifrei\"},\"image\":{\"@id\":\"https:\/\/dresden-nazifrei.com\/kampa\/#\/schema\/logo\/image\/\"},\"sameAs\":[\"https:\/\/www.facebook.com\/dresden.stellt.sich.quer\/\",\"https:\/\/x.com\/dd_nazifrei\",\"https:\/\/www.instagram.com\/dd_nazifrei\/\",\"https:\/\/www.youtube.com\/channel\/UC2w1_etudyqY1XziVPgba8Q\"]}]}<\/script>\n<!-- \/ Yoast SEO plugin. -->","yoast_head_json":{"title":"Awareness-Konzept des \u201eAktionsb\u00fcndnis 13. Februar 2020\u201c \u2013 kurz zusammengefasst - Dresden WiEdersetzen","robots":{"index":"index","follow":"follow","max-snippet":"max-snippet:-1","max-image-preview":"max-image-preview:large","max-video-preview":"max-video-preview:-1"},"canonical":"https:\/\/dresden-nazifrei.com\/kampa\/13februar-dresden\/13februar-2020\/awareness-konzept-des-aktionsbuendnis-13-februar-2020-kurz-zusammengefasst\/","og_locale":"de_DE","og_type":"article","og_title":"Awareness-Konzept des \u201eAktionsb\u00fcndnis 13. Februar 2020\u201c \u2013 kurz zusammengefasst - Dresden WiEdersetzen","og_description":"Was steckt dahinter? Auf unseren Veranstaltungen\u2026 ...soll niemand diskriminierendem Verhalten schutzlos ausgesetzt sein. Es kommt leider oft vor, dass Menschen diskriminierendem Verhalten ausgesetzt sind. Dagegen m\u00f6chten wir etwas tun! Wir bitten euch, mit uns&#46;&#46;&#46;","og_url":"https:\/\/dresden-nazifrei.com\/kampa\/13februar-dresden\/13februar-2020\/awareness-konzept-des-aktionsbuendnis-13-februar-2020-kurz-zusammengefasst\/","og_site_name":"Dresden WiEdersetzen","article_publisher":"https:\/\/www.facebook.com\/dresden.stellt.sich.quer\/","article_modified_time":"2022-04-14T12:44:02+00:00","og_image":[{"width":1239,"height":720,"url":"https:\/\/dresden-nazifrei.com\/kampa\/wp-content\/uploads\/2020\/02\/image.png","type":"image\/png"}],"twitter_card":"summary_large_image","twitter_site":"@dd_nazifrei","twitter_misc":{"Gesch\u00e4tzte Lesezeit":"5\u00a0Minuten"},"schema":{"@context":"https:\/\/schema.org","@graph":[{"@type":"WebPage","@id":"https:\/\/dresden-nazifrei.com\/kampa\/13februar-dresden\/13februar-2020\/awareness-konzept-des-aktionsbuendnis-13-februar-2020-kurz-zusammengefasst\/","url":"https:\/\/dresden-nazifrei.com\/kampa\/13februar-dresden\/13februar-2020\/awareness-konzept-des-aktionsbuendnis-13-februar-2020-kurz-zusammengefasst\/","name":"Awareness-Konzept des \u201eAktionsb\u00fcndnis 13. Februar 2020\u201c \u2013 kurz zusammengefasst - Dresden WiEdersetzen","isPartOf":{"@id":"https:\/\/dresden-nazifrei.com\/kampa\/#website"},"primaryImageOfPage":{"@id":"https:\/\/dresden-nazifrei.com\/kampa\/13februar-dresden\/13februar-2020\/awareness-konzept-des-aktionsbuendnis-13-februar-2020-kurz-zusammengefasst\/#primaryimage"},"image":{"@id":"https:\/\/dresden-nazifrei.com\/kampa\/13februar-dresden\/13februar-2020\/awareness-konzept-des-aktionsbuendnis-13-februar-2020-kurz-zusammengefasst\/#primaryimage"},"thumbnailUrl":"https:\/\/dresden-nazifrei.com\/kampa\/wp-content\/uploads\/2020\/02\/image.png","datePublished":"2020-02-08T13:26:32+00:00","dateModified":"2022-04-14T12:44:02+00:00","breadcrumb":{"@id":"https:\/\/dresden-nazifrei.com\/kampa\/13februar-dresden\/13februar-2020\/awareness-konzept-des-aktionsbuendnis-13-februar-2020-kurz-zusammengefasst\/#breadcrumb"},"inLanguage":"de","potentialAction":[{"@type":"ReadAction","target":["https:\/\/dresden-nazifrei.com\/kampa\/13februar-dresden\/13februar-2020\/awareness-konzept-des-aktionsbuendnis-13-februar-2020-kurz-zusammengefasst\/"]}]},{"@type":"ImageObject","inLanguage":"de","@id":"https:\/\/dresden-nazifrei.com\/kampa\/13februar-dresden\/13februar-2020\/awareness-konzept-des-aktionsbuendnis-13-februar-2020-kurz-zusammengefasst\/#primaryimage","url":"https:\/\/dresden-nazifrei.com\/kampa\/wp-content\/uploads\/2020\/02\/image.png","contentUrl":"https:\/\/dresden-nazifrei.com\/kampa\/wp-content\/uploads\/2020\/02\/image.png","width":1239,"height":720},{"@type":"BreadcrumbList","@id":"https:\/\/dresden-nazifrei.com\/kampa\/13februar-dresden\/13februar-2020\/awareness-konzept-des-aktionsbuendnis-13-februar-2020-kurz-zusammengefasst\/#breadcrumb","itemListElement":[{"@type":"ListItem","position":1,"name":"Startseite","item":"https:\/\/dresden-nazifrei.com\/kampa\/"},{"@type":"ListItem","position":2,"name":"Der 13. Februar in Dresden","item":"https:\/\/dresden-nazifrei.com\/kampa\/13februar-dresden\/"},{"@type":"ListItem","position":3,"name":"Der 13. Februar 2020","item":"https:\/\/dresden-nazifrei.com\/kampa\/13februar-dresden\/13februar-2020\/"},{"@type":"ListItem","position":4,"name":"Awareness-Konzept des \u201eAktionsb\u00fcndnis 13. Februar 2020\u201c \u2013 kurz zusammengefasst"}]},{"@type":"WebSite","@id":"https:\/\/dresden-nazifrei.com\/kampa\/#website","url":"https:\/\/dresden-nazifrei.com\/kampa\/","name":"Dresden WiEdersetzen","description":"Dresden stellt sich quer","publisher":{"@id":"https:\/\/dresden-nazifrei.com\/kampa\/#organization"},"potentialAction":[{"@type":"SearchAction","target":{"@type":"EntryPoint","urlTemplate":"https:\/\/dresden-nazifrei.com\/kampa\/?s={search_term_string}"},"query-input":{"@type":"PropertyValueSpecification","valueRequired":true,"valueName":"search_term_string"}}],"inLanguage":"de"},{"@type":"Organization","@id":"https:\/\/dresden-nazifrei.com\/kampa\/#organization","name":"Dresden Nazifrei","url":"https:\/\/dresden-nazifrei.com\/kampa\/","logo":{"@type":"ImageObject","inLanguage":"de","@id":"https:\/\/dresden-nazifrei.com\/kampa\/#\/schema\/logo\/image\/","url":"https:\/\/dresden-nazifrei.com\/kampa\/wp-content\/uploads\/2021\/03\/Logo-Schwarz-Rot.png","contentUrl":"https:\/\/dresden-nazifrei.com\/kampa\/wp-content\/uploads\/2021\/03\/Logo-Schwarz-Rot.png","width":500,"height":500,"caption":"Dresden Nazifrei"},"image":{"@id":"https:\/\/dresden-nazifrei.com\/kampa\/#\/schema\/logo\/image\/"},"sameAs":["https:\/\/www.facebook.com\/dresden.stellt.sich.quer\/","https:\/\/x.com\/dd_nazifrei","https:\/\/www.instagram.com\/dd_nazifrei\/","https:\/\/www.youtube.com\/channel\/UC2w1_etudyqY1XziVPgba8Q"]}]}},"_links":{"self":[{"href":"https:\/\/dresden-nazifrei.com\/kampa\/wp-json\/wp\/v2\/pages\/3454","targetHints":{"allow":["GET"]}}],"collection":[{"href":"https:\/\/dresden-nazifrei.com\/kampa\/wp-json\/wp\/v2\/pages"}],"about":[{"href":"https:\/\/dresden-nazifrei.com\/kampa\/wp-json\/wp\/v2\/types\/page"}],"author":[{"embeddable":true,"href":"https:\/\/dresden-nazifrei.com\/kampa\/wp-json\/wp\/v2\/users\/3"}],"replies":[{"embeddable":true,"href":"https:\/\/dresden-nazifrei.com\/kampa\/wp-json\/wp\/v2\/comments?post=3454"}],"version-history":[{"count":8,"href":"https:\/\/dresden-nazifrei.com\/kampa\/wp-json\/wp\/v2\/pages\/3454\/revisions"}],"predecessor-version":[{"id":3470,"href":"https:\/\/dresden-nazifrei.com\/kampa\/wp-json\/wp\/v2\/pages\/3454\/revisions\/3470"}],"up":[{"embeddable":true,"href":"https:\/\/dresden-nazifrei.com\/kampa\/wp-json\/wp\/v2\/pages\/8791"}],"wp:featuredmedia":[{"embeddable":true,"href":"https:\/\/dresden-nazifrei.com\/kampa\/wp-json\/wp\/v2\/media\/3455"}],"wp:attachment":[{"href":"https:\/\/dresden-nazifrei.com\/kampa\/wp-json\/wp\/v2\/media?parent=3454"}],"curies":[{"name":"wp","href":"https:\/\/api.w.org\/{rel}","templated":true}]}}