{"id":3493,"date":"2020-02-10T13:28:22","date_gmt":"2020-02-10T12:28:22","guid":{"rendered":"https:\/\/dresden-nazifrei.com\/?page_id=3493"},"modified":"2022-04-14T16:46:31","modified_gmt":"2022-04-14T14:46:31","slug":"aktionstag-15-februar-2020","status":"publish","type":"page","link":"https:\/\/dresden-nazifrei.com\/kampa\/13februar-dresden\/13februar-2020\/aktionstag-15-februar-2020\/","title":{"rendered":"Aktionstag 15. Februar 2020 \u2013 Nazi-Aufmarsch verhindern"},"content":{"rendered":"\n<p><em>Damit ihr seht, was neu ist, haben wir erg\u00e4nzte und ver\u00e4nderte Infos kursiv geschrieben.<\/em><\/p>\n\n\n\n<h4 class=\"wp-block-heading\">Die Planungen der Nazis<\/h4>\n\n\n\n<p>Die Nazis mobilisieren f\u00fcr den 15. Februar bundesweit und wollen unbedingt durch die Innenstadt Dresdens laufen. Damit sie das k\u00f6nnen und einem starken Gegenprotest entgehen, ist auch mit kurzfristigen Plan\u00e4nderungen (zeitlich und\/oder r\u00e4umlich) durch diese zu rechnen! Auch die Polizei m\u00f6chte nach ihren Ank\u00fcndigungen den Nazis anscheinende den Weg bereiten und setzt u.a. auf flexible Routenf\u00fchrung (Danke Polizei!).<\/p>\n\n\n\n<p>Haltet euch daher bitte auf dem Laufenden!<\/p>\n\n\n\n<h4 class=\"wp-block-heading\">Aktueller Sachstand<\/h4>\n\n\n\n<p><strong><em>Die Nazis mobilisieren derzeit f\u00fcr 14 Uhr zum \u201eSkaterpark\u201c in  Lingnerallee in der Dresdner Innenstadt (in etwa zwischen Neuem Rathaus [Dr.-K\u00fclz-Ring] und Hygienemuseum, siehe Aktionskarten unten).<\/em><\/strong> Die Polizei rechnet mit 1.500 Nazis, die durch die Innenstadt Dresdens laufen wollen. Wir weisen nochmal auf kurzfristige zeitlich und r\u00e4umliche \u00c4nderungen von Seiten der Nazis hin!<\/p>\n\n\n\n<h4 class=\"wp-block-heading\">Aktuelle Informationen \u00fcber \u2026<\/h4>\n\n\n\n<ul class=\"wp-block-list\"><li><strong><a rel=\"noreferrer noopener\" href=\"https:\/\/twitter.com\/dd_nazifrei\" target=\"_blank\">Twitter<\/a>, <a rel=\"noreferrer noopener\" aria-label=\" (\u00f6ffnet in neuem Tab)\" href=\"https:\/\/twitter.com\/search?q=%23DD1502&amp;src=typed_query&amp;f=live\" target=\"_blank\">#DD1502<\/a>, <a href=\"https:\/\/twitter.com\/search?q=%23NazisSt%C3%B6ren&amp;src=typed_query&amp;f=live\">#NazisSt\u00f6ren<\/a><\/strong>, \u2026<\/li><li><a rel=\"noreferrer noopener\" href=\"https:\/\/t.me\/s\/DDNF2020\" target=\"_blank\"><strong>Telegram-Kanal<\/strong><\/a><\/li><\/ul>\n\n\n\n<h4 class=\"wp-block-heading\">Planungen des Aktionsb\u00fcndnis gegen den Nazi-Aufmarsch<\/h4>\n\n\n\n<p>Es gibt zwei Demonstrationsz\u00fcge. Der erste startet am Alaunplatz (Alaunpark) in der Neustadt (f\u00fcr Ausw\u00e4rtige erreichbar \u00fcber den in der N\u00e4he gelegenen Bahnhof Dresden-Neustadt). Der zweite Demonstrationszug hat seinen Auftaktort direkt am Hauptbahnhof in der Dresdner Innenstadt. Beide Versammlungen starten nach derzeitiger Planung mit ihren Auftaktveranstaltungen um 11 Uhr! Auch wenn die Nazis erst sp\u00e4ter erwartet werden, wollen wir f\u00fcr eventuelle spontane Plan\u00e4nderungen ger\u00fcstet sein.<\/p>\n\n\n\n<p><a rel=\"noreferrer noopener\" aria-label=\"Demonstrationszug 1 (\u00f6ffnet in neuem Tab)\" href=\"https:\/\/dresden-nazifrei.com\/veranstaltungen\/auftakt-kundgebung-nazisstoeren-am-alaunpark-dresden\/\" target=\"_blank\"><strong>Demonstrationszug 1<\/strong><\/a> vom Alaunpark<br>Darunter der Klimablock mit FFF, ER und Ende Gel\u00e4nde<\/p>\n\n\n\n<p><a rel=\"noreferrer noopener\" aria-label=\"Demonstrationszug 2 (\u00f6ffnet in neuem Tab)\" href=\"https:\/\/dresden-nazifrei.com\/veranstaltungen\/demonstrationszug-2-auftakt-kundgebung-nazisstoeren-am-hauptbahnhof-dresden\/\" target=\"_blank\"><strong>Demonstrationszug 2<\/strong><\/a> vom Hauptbahnhof<br>Darunter der femBlock von Furia<\/p>\n\n\n\n<p><strong>Aktionskarten<\/strong> mit den unseren beiden Demostartpunkten, den Routen und dem angek\u00fcndigten Auftaktort der Nazis. Ihr k\u00f6nnt euch die Karten hier herunter laden. In gedruckter Form wir des sie Morgen auch bei den Auftatkundgebungen an den Lautis geben:<\/p>\n\n\n\n<figure class=\"wp-block-gallery columns-2 is-cropped wp-block-gallery-1 is-layout-flex wp-block-gallery-is-layout-flex\"><ul class=\"blocks-gallery-grid\"><li class=\"blocks-gallery-item\"><figure><a href=\"https:\/\/dresden-nazifrei.com\/kampa\/wp-content\/uploads\/2020\/02\/AktionskarteStand1502.png\"><img loading=\"lazy\" decoding=\"async\" width=\"1024\" height=\"724\" src=\"https:\/\/dresden-nazifrei.com\/kampa\/wp-content\/uploads\/2020\/02\/AktionskarteStand1502-1024x724.png\" alt=\"\" data-id=\"3625\" data-full-url=\"https:\/\/dresden-nazifrei.com\/kampa\/wp-content\/uploads\/2020\/02\/AktionskarteStand1502.png\" data-link=\"https:\/\/dresden-nazifrei.com\/aktionstag-15-februar-2020\/aktionskartestand1502\/\" class=\"wp-image-3625\" srcset=\"https:\/\/dresden-nazifrei.com\/kampa\/wp-content\/uploads\/2020\/02\/AktionskarteStand1502-1024x724.png 1024w, https:\/\/dresden-nazifrei.com\/kampa\/wp-content\/uploads\/2020\/02\/AktionskarteStand1502-300x212.png 300w, https:\/\/dresden-nazifrei.com\/kampa\/wp-content\/uploads\/2020\/02\/AktionskarteStand1502-150x106.png 150w, https:\/\/dresden-nazifrei.com\/kampa\/wp-content\/uploads\/2020\/02\/AktionskarteStand1502-768x543.png 768w, https:\/\/dresden-nazifrei.com\/kampa\/wp-content\/uploads\/2020\/02\/AktionskarteStand1502-1536x1086.png 1536w, https:\/\/dresden-nazifrei.com\/kampa\/wp-content\/uploads\/2020\/02\/AktionskarteStand1502-2048x1448.png 2048w\" sizes=\"auto, (max-width: 1024px) 100vw, 1024px\" \/><\/a><figcaption class=\"blocks-gallery-item__caption\">Aktionskarte \u00dcbersicht<\/figcaption><\/figure><\/li><li class=\"blocks-gallery-item\"><figure><a href=\"https:\/\/dresden-nazifrei.com\/kampa\/wp-content\/uploads\/2020\/02\/AktionskarteStand1502-Detail.png\"><img loading=\"lazy\" decoding=\"async\" width=\"1024\" height=\"724\" src=\"https:\/\/dresden-nazifrei.com\/kampa\/wp-content\/uploads\/2020\/02\/AktionskarteStand1502-Detail-1024x724.png\" alt=\"\" data-id=\"3626\" data-full-url=\"https:\/\/dresden-nazifrei.com\/kampa\/wp-content\/uploads\/2020\/02\/AktionskarteStand1502-Detail.png\" data-link=\"https:\/\/dresden-nazifrei.com\/aktionstag-15-februar-2020\/aktionskartestand1502-detail\/\" class=\"wp-image-3626\" srcset=\"https:\/\/dresden-nazifrei.com\/kampa\/wp-content\/uploads\/2020\/02\/AktionskarteStand1502-Detail-1024x724.png 1024w, https:\/\/dresden-nazifrei.com\/kampa\/wp-content\/uploads\/2020\/02\/AktionskarteStand1502-Detail-300x212.png 300w, https:\/\/dresden-nazifrei.com\/kampa\/wp-content\/uploads\/2020\/02\/AktionskarteStand1502-Detail-150x106.png 150w, https:\/\/dresden-nazifrei.com\/kampa\/wp-content\/uploads\/2020\/02\/AktionskarteStand1502-Detail-768x543.png 768w, https:\/\/dresden-nazifrei.com\/kampa\/wp-content\/uploads\/2020\/02\/AktionskarteStand1502-Detail-1536x1086.png 1536w, https:\/\/dresden-nazifrei.com\/kampa\/wp-content\/uploads\/2020\/02\/AktionskarteStand1502-Detail-2048x1448.png 2048w\" sizes=\"auto, (max-width: 1024px) 100vw, 1024px\" \/><\/a><figcaption class=\"blocks-gallery-item__caption\">Aktionskarte Innenstadtbereich<\/figcaption><\/figure><\/li><\/ul><figcaption class=\"blocks-gallery-caption\">Unsere Aktionskarten f\u00fcr den 15. Februar 2020<\/figcaption><\/figure>\n\n\n\n<h4 class=\"wp-block-heading\">Anreise<\/h4>\n\n\n\n<p>Beide Orte der Auftaktkundgebungen f\u00fcr Demonstrationsz\u00fcge sind gut mit \u00f6ffentlichen Verkehrsmitteln zu erreichen. Eine Demo startet direkt am Hauptbahnhof. Der Alaunplatz ist von Bahnhof Dresden-Neustadt gut zu erreichen.<\/p>\n\n\n\n<h5 class=\"wp-block-heading\"><strong>Gemeinsame Anreisen<\/strong><\/h5>\n\n\n\n<ul class=\"wp-block-list\"><li>aus <strong><a rel=\"noreferrer noopener\" aria-label=\" (\u00f6ffnet in neuem Tab)\" href=\"https:\/\/www.facebook.com\/events\/2771149916275081\/\" target=\"_blank\">Leipzig<\/a><\/strong><\/li><li>aus <a rel=\"noreferrer noopener\" aria-label=\"Chemnitz (\u00f6ffnet in neuem Tab)\" href=\"https:\/\/www.facebook.com\/events\/140620140315584\/\" target=\"_blank\"><strong>Chemnitz<\/strong><\/a><\/li><li>aus <a href=\"https:\/\/twitter.com\/SeebrueckeMD\/status\/1227539829703036928\" target=\"_blank\" rel=\"noreferrer noopener\" aria-label=\"Magdeburg (\u00f6ffnet in neuem Tab)\"><strong>Magdeburg<\/strong><\/a> <\/li><\/ul>\n\n\n\n<p>Bitte gebt uns Bescheid wenn euch weitere Anreisem\u00f6glichkeiten bekannt sind.<\/p>\n\n\n\n<h4 class=\"wp-block-heading\">Ermittlungsausschuss<\/h4>\n\n\n\n<p>Wer Probleme mit der Polizei bekommt und juristische Unterst\u00fctzung ben\u00f6tigt, kann sich an den <a href=\"https:\/\/ea-dresden.site36.net\/\" target=\"_blank\" rel=\"noreferrer noopener\" aria-label=\"Ermittlungsausschuss (\u00f6ffnet in neuem Tab)\">Ermittlungsausschuss<\/a> (EA) wenden. Die Telefonnummer wird auch auf unseren Aktionskarten stehen:<\/p>\n\n\n\n<p><strong>EA: 0351\/899 60 456<\/strong> (Zeiten, in denen die Nummer geschaltet ist, folgen noch) <\/p>\n\n\n\n<h4 class=\"wp-block-heading\">Out of Action<\/h4>\n\n\n\n<p><em>Wer emotionale Unterst\u00fctzung braucht, kann sich bei  \u201e<a href=\"https:\/\/outofaction.blackblogs.org\/?page_id=396\" target=\"_blank\" rel=\"noreferrer noopener\" aria-label=\"Out of Action (\u00f6ffnet in neuem Tab)\">Out of Action<\/a>\u201c melden. Die Nummer 0151 71516555 ist ab 13 Uhr erreichbar.<\/em><\/p>\n\n\n\n<h4 class=\"wp-block-heading\">Awareness-Teams<\/h4>\n\n\n\n<p>Unsere Veranstaltungen werden von Awarness-Teams begleitet. Was sich dahinter verbirgt, k\u00f6nnt ihr <a rel=\"noreferrer noopener\" aria-label=\"hier (\u00f6ffnet in neuem Tab)\" href=\"https:\/\/dresden-nazifrei.com\/awareness-konzept-des-aktionsbuendnis-13-februar-2020-kurz-zusammengefasst\/\" target=\"_blank\"><strong>hier<\/strong><\/a> nachlesen. Sprecht die Mensche in den bunten Westen mit der Aufschrift \u201eAwareness\u201c einfach an. Sie helfen euch weiter.<\/p>\n\n\n\n<h4 class=\"wp-block-heading\">Demosanis<\/h4>\n\n\n\n<p><em>Demosanis begleiten beide Demoz\u00fcge. Sie stehen f\u00fcr euch zur Verf\u00fcgung, falls ihr deren Hilfe ben\u00f6tigt.<\/em><\/p>\n\n\n\n<h4 class=\"wp-block-heading\">Bettenb\u00f6rse<\/h4>\n\n\n\n<p>F\u00fcr Menschen von au\u00dferhalb, die nach \u00dcbernachtungsm\u00f6glichkeiten suchen, gibt es eine <a rel=\"noreferrer noopener\" aria-label=\"Bettenb\u00f6rse (\u00f6ffnet in neuem Tab)\" href=\"https:\/\/dresden-nazifrei.com\/bettenboerse-fuer-die-aktionswoche\/\" target=\"_blank\"><strong>Bettenb\u00f6rse<\/strong><\/a>. Hier k\u00f6nnt ihr anfragen und bekommt einen Unterkunft vermittelt.<\/p>\n\n\n\n<h4 class=\"wp-block-heading\">Spenden<\/h4>\n\n\n\n<p>Unsere Aktionen kosten eine ganze Stange Geld. Wer uns hier unterst\u00fctzen m\u00f6chte, hat <strong><a rel=\"noreferrer noopener\" aria-label=\"hier (\u00f6ffnet in neuem Tab)\" href=\"https:\/\/dresden-nazifrei.com\/spenden\/\" target=\"_blank\">hier<\/a> <\/strong>die M\u00f6glichkeit uns einen selbst gew\u00e4hlten Betrag zu \u00fcberweisen.<\/p>\n","protected":false},"excerpt":{"rendered":"<p>Damit ihr seht, was neu ist, haben wir erg\u00e4nzte und ver\u00e4nderte Infos kursiv geschrieben. Die Planungen der Nazis Die Nazis mobilisieren f\u00fcr den 15. Februar bundesweit und wollen unbedingt durch die Innenstadt Dresdens laufen.&#46;&#46;&#46;<\/p>\n","protected":false},"author":3,"featured_media":3239,"parent":8791,"menu_order":2,"comment_status":"closed","ping_status":"closed","template":"","meta":{"_monsterinsights_skip_tracking":false,"_monsterinsights_sitenote_active":false,"_monsterinsights_sitenote_note":"","_monsterinsights_sitenote_category":0,"footnotes":""},"class_list":["post-3493","page","type-page","status-publish","has-post-thumbnail","hentry"],"yoast_head":"<!-- This site is optimized with the Yoast SEO plugin v27.2 - https:\/\/yoast.com\/product\/yoast-seo-wordpress\/ -->\n<title>Aktionstag 15. Februar 2020 \u2013 Nazi-Aufmarsch verhindern - Dresden WiEdersetzen<\/title>\n<meta name=\"robots\" content=\"index, follow, max-snippet:-1, max-image-preview:large, max-video-preview:-1\" \/>\n<link rel=\"canonical\" href=\"https:\/\/dresden-nazifrei.com\/kampa\/13februar-dresden\/13februar-2020\/aktionstag-15-februar-2020\/\" \/>\n<meta property=\"og:locale\" content=\"de_DE\" \/>\n<meta property=\"og:type\" content=\"article\" \/>\n<meta property=\"og:title\" content=\"Aktionstag 15. Februar 2020 \u2013 Nazi-Aufmarsch verhindern - Dresden WiEdersetzen\" \/>\n<meta property=\"og:description\" content=\"Damit ihr seht, was neu ist, haben wir erg\u00e4nzte und ver\u00e4nderte Infos kursiv geschrieben. Die Planungen der Nazis Die Nazis mobilisieren f\u00fcr den 15. Februar bundesweit und wollen unbedingt durch die Innenstadt Dresdens laufen.&#046;&#046;&#046;\" \/>\n<meta property=\"og:url\" content=\"https:\/\/dresden-nazifrei.com\/kampa\/13februar-dresden\/13februar-2020\/aktionstag-15-februar-2020\/\" \/>\n<meta property=\"og:site_name\" content=\"Dresden WiEdersetzen\" \/>\n<meta property=\"article:publisher\" content=\"https:\/\/www.facebook.com\/dresden.stellt.sich.quer\/\" \/>\n<meta property=\"article:modified_time\" content=\"2022-04-14T14:46:31+00:00\" \/>\n<meta property=\"og:image\" content=\"https:\/\/dresden-nazifrei.com\/kampa\/wp-content\/uploads\/2020\/01\/DD-NF-Web-3-mit-Text.png\" \/>\n\t<meta property=\"og:image:width\" content=\"1366\" \/>\n\t<meta property=\"og:image:height\" content=\"768\" \/>\n\t<meta property=\"og:image:type\" content=\"image\/png\" \/>\n<meta name=\"twitter:card\" content=\"summary_large_image\" \/>\n<meta name=\"twitter:site\" content=\"@dd_nazifrei\" \/>\n<meta name=\"twitter:label1\" content=\"Gesch\u00e4tzte Lesezeit\" \/>\n\t<meta name=\"twitter:data1\" content=\"3\u00a0Minuten\" \/>\n<script type=\"application\/ld+json\" class=\"yoast-schema-graph\">{\"@context\":\"https:\/\/schema.org\",\"@graph\":[{\"@type\":\"WebPage\",\"@id\":\"https:\/\/dresden-nazifrei.com\/kampa\/13februar-dresden\/13februar-2020\/aktionstag-15-februar-2020\/\",\"url\":\"https:\/\/dresden-nazifrei.com\/kampa\/13februar-dresden\/13februar-2020\/aktionstag-15-februar-2020\/\",\"name\":\"Aktionstag 15. Februar 2020 \u2013 Nazi-Aufmarsch verhindern - Dresden WiEdersetzen\",\"isPartOf\":{\"@id\":\"https:\/\/dresden-nazifrei.com\/kampa\/#website\"},\"primaryImageOfPage\":{\"@id\":\"https:\/\/dresden-nazifrei.com\/kampa\/13februar-dresden\/13februar-2020\/aktionstag-15-februar-2020\/#primaryimage\"},\"image\":{\"@id\":\"https:\/\/dresden-nazifrei.com\/kampa\/13februar-dresden\/13februar-2020\/aktionstag-15-februar-2020\/#primaryimage\"},\"thumbnailUrl\":\"https:\/\/dresden-nazifrei.com\/kampa\/wp-content\/uploads\/2020\/01\/DD-NF-Web-3-mit-Text.png\",\"datePublished\":\"2020-02-10T12:28:22+00:00\",\"dateModified\":\"2022-04-14T14:46:31+00:00\",\"breadcrumb\":{\"@id\":\"https:\/\/dresden-nazifrei.com\/kampa\/13februar-dresden\/13februar-2020\/aktionstag-15-februar-2020\/#breadcrumb\"},\"inLanguage\":\"de\",\"potentialAction\":[{\"@type\":\"ReadAction\",\"target\":[\"https:\/\/dresden-nazifrei.com\/kampa\/13februar-dresden\/13februar-2020\/aktionstag-15-februar-2020\/\"]}]},{\"@type\":\"ImageObject\",\"inLanguage\":\"de\",\"@id\":\"https:\/\/dresden-nazifrei.com\/kampa\/13februar-dresden\/13februar-2020\/aktionstag-15-februar-2020\/#primaryimage\",\"url\":\"https:\/\/dresden-nazifrei.com\/kampa\/wp-content\/uploads\/2020\/01\/DD-NF-Web-3-mit-Text.png\",\"contentUrl\":\"https:\/\/dresden-nazifrei.com\/kampa\/wp-content\/uploads\/2020\/01\/DD-NF-Web-3-mit-Text.png\",\"width\":1366,\"height\":768},{\"@type\":\"BreadcrumbList\",\"@id\":\"https:\/\/dresden-nazifrei.com\/kampa\/13februar-dresden\/13februar-2020\/aktionstag-15-februar-2020\/#breadcrumb\",\"itemListElement\":[{\"@type\":\"ListItem\",\"position\":1,\"name\":\"Startseite\",\"item\":\"https:\/\/dresden-nazifrei.com\/kampa\/\"},{\"@type\":\"ListItem\",\"position\":2,\"name\":\"Der 13. Februar in Dresden\",\"item\":\"https:\/\/dresden-nazifrei.com\/kampa\/13februar-dresden\/\"},{\"@type\":\"ListItem\",\"position\":3,\"name\":\"Der 13. Februar 2020\",\"item\":\"https:\/\/dresden-nazifrei.com\/kampa\/13februar-dresden\/13februar-2020\/\"},{\"@type\":\"ListItem\",\"position\":4,\"name\":\"Aktionstag 15. Februar 2020 \u2013 Nazi-Aufmarsch verhindern\"}]},{\"@type\":\"WebSite\",\"@id\":\"https:\/\/dresden-nazifrei.com\/kampa\/#website\",\"url\":\"https:\/\/dresden-nazifrei.com\/kampa\/\",\"name\":\"Dresden WiEdersetzen\",\"description\":\"Dresden stellt sich quer\",\"publisher\":{\"@id\":\"https:\/\/dresden-nazifrei.com\/kampa\/#organization\"},\"potentialAction\":[{\"@type\":\"SearchAction\",\"target\":{\"@type\":\"EntryPoint\",\"urlTemplate\":\"https:\/\/dresden-nazifrei.com\/kampa\/?s={search_term_string}\"},\"query-input\":{\"@type\":\"PropertyValueSpecification\",\"valueRequired\":true,\"valueName\":\"search_term_string\"}}],\"inLanguage\":\"de\"},{\"@type\":\"Organization\",\"@id\":\"https:\/\/dresden-nazifrei.com\/kampa\/#organization\",\"name\":\"Dresden Nazifrei\",\"url\":\"https:\/\/dresden-nazifrei.com\/kampa\/\",\"logo\":{\"@type\":\"ImageObject\",\"inLanguage\":\"de\",\"@id\":\"https:\/\/dresden-nazifrei.com\/kampa\/#\/schema\/logo\/image\/\",\"url\":\"https:\/\/dresden-nazifrei.com\/kampa\/wp-content\/uploads\/2021\/03\/Logo-Schwarz-Rot.png\",\"contentUrl\":\"https:\/\/dresden-nazifrei.com\/kampa\/wp-content\/uploads\/2021\/03\/Logo-Schwarz-Rot.png\",\"width\":500,\"height\":500,\"caption\":\"Dresden Nazifrei\"},\"image\":{\"@id\":\"https:\/\/dresden-nazifrei.com\/kampa\/#\/schema\/logo\/image\/\"},\"sameAs\":[\"https:\/\/www.facebook.com\/dresden.stellt.sich.quer\/\",\"https:\/\/x.com\/dd_nazifrei\",\"https:\/\/www.instagram.com\/dd_nazifrei\/\",\"https:\/\/www.youtube.com\/channel\/UC2w1_etudyqY1XziVPgba8Q\"]}]}<\/script>\n<!-- \/ Yoast SEO plugin. -->","yoast_head_json":{"title":"Aktionstag 15. Februar 2020 \u2013 Nazi-Aufmarsch verhindern - Dresden WiEdersetzen","robots":{"index":"index","follow":"follow","max-snippet":"max-snippet:-1","max-image-preview":"max-image-preview:large","max-video-preview":"max-video-preview:-1"},"canonical":"https:\/\/dresden-nazifrei.com\/kampa\/13februar-dresden\/13februar-2020\/aktionstag-15-februar-2020\/","og_locale":"de_DE","og_type":"article","og_title":"Aktionstag 15. Februar 2020 \u2013 Nazi-Aufmarsch verhindern - Dresden WiEdersetzen","og_description":"Damit ihr seht, was neu ist, haben wir erg\u00e4nzte und ver\u00e4nderte Infos kursiv geschrieben. Die Planungen der Nazis Die Nazis mobilisieren f\u00fcr den 15. Februar bundesweit und wollen unbedingt durch die Innenstadt Dresdens laufen.&#46;&#46;&#46;","og_url":"https:\/\/dresden-nazifrei.com\/kampa\/13februar-dresden\/13februar-2020\/aktionstag-15-februar-2020\/","og_site_name":"Dresden WiEdersetzen","article_publisher":"https:\/\/www.facebook.com\/dresden.stellt.sich.quer\/","article_modified_time":"2022-04-14T14:46:31+00:00","og_image":[{"width":1366,"height":768,"url":"https:\/\/dresden-nazifrei.com\/kampa\/wp-content\/uploads\/2020\/01\/DD-NF-Web-3-mit-Text.png","type":"image\/png"}],"twitter_card":"summary_large_image","twitter_site":"@dd_nazifrei","twitter_misc":{"Gesch\u00e4tzte Lesezeit":"3\u00a0Minuten"},"schema":{"@context":"https:\/\/schema.org","@graph":[{"@type":"WebPage","@id":"https:\/\/dresden-nazifrei.com\/kampa\/13februar-dresden\/13februar-2020\/aktionstag-15-februar-2020\/","url":"https:\/\/dresden-nazifrei.com\/kampa\/13februar-dresden\/13februar-2020\/aktionstag-15-februar-2020\/","name":"Aktionstag 15. Februar 2020 \u2013 Nazi-Aufmarsch verhindern - Dresden WiEdersetzen","isPartOf":{"@id":"https:\/\/dresden-nazifrei.com\/kampa\/#website"},"primaryImageOfPage":{"@id":"https:\/\/dresden-nazifrei.com\/kampa\/13februar-dresden\/13februar-2020\/aktionstag-15-februar-2020\/#primaryimage"},"image":{"@id":"https:\/\/dresden-nazifrei.com\/kampa\/13februar-dresden\/13februar-2020\/aktionstag-15-februar-2020\/#primaryimage"},"thumbnailUrl":"https:\/\/dresden-nazifrei.com\/kampa\/wp-content\/uploads\/2020\/01\/DD-NF-Web-3-mit-Text.png","datePublished":"2020-02-10T12:28:22+00:00","dateModified":"2022-04-14T14:46:31+00:00","breadcrumb":{"@id":"https:\/\/dresden-nazifrei.com\/kampa\/13februar-dresden\/13februar-2020\/aktionstag-15-februar-2020\/#breadcrumb"},"inLanguage":"de","potentialAction":[{"@type":"ReadAction","target":["https:\/\/dresden-nazifrei.com\/kampa\/13februar-dresden\/13februar-2020\/aktionstag-15-februar-2020\/"]}]},{"@type":"ImageObject","inLanguage":"de","@id":"https:\/\/dresden-nazifrei.com\/kampa\/13februar-dresden\/13februar-2020\/aktionstag-15-februar-2020\/#primaryimage","url":"https:\/\/dresden-nazifrei.com\/kampa\/wp-content\/uploads\/2020\/01\/DD-NF-Web-3-mit-Text.png","contentUrl":"https:\/\/dresden-nazifrei.com\/kampa\/wp-content\/uploads\/2020\/01\/DD-NF-Web-3-mit-Text.png","width":1366,"height":768},{"@type":"BreadcrumbList","@id":"https:\/\/dresden-nazifrei.com\/kampa\/13februar-dresden\/13februar-2020\/aktionstag-15-februar-2020\/#breadcrumb","itemListElement":[{"@type":"ListItem","position":1,"name":"Startseite","item":"https:\/\/dresden-nazifrei.com\/kampa\/"},{"@type":"ListItem","position":2,"name":"Der 13. Februar in Dresden","item":"https:\/\/dresden-nazifrei.com\/kampa\/13februar-dresden\/"},{"@type":"ListItem","position":3,"name":"Der 13. Februar 2020","item":"https:\/\/dresden-nazifrei.com\/kampa\/13februar-dresden\/13februar-2020\/"},{"@type":"ListItem","position":4,"name":"Aktionstag 15. Februar 2020 \u2013 Nazi-Aufmarsch verhindern"}]},{"@type":"WebSite","@id":"https:\/\/dresden-nazifrei.com\/kampa\/#website","url":"https:\/\/dresden-nazifrei.com\/kampa\/","name":"Dresden WiEdersetzen","description":"Dresden stellt sich quer","publisher":{"@id":"https:\/\/dresden-nazifrei.com\/kampa\/#organization"},"potentialAction":[{"@type":"SearchAction","target":{"@type":"EntryPoint","urlTemplate":"https:\/\/dresden-nazifrei.com\/kampa\/?s={search_term_string}"},"query-input":{"@type":"PropertyValueSpecification","valueRequired":true,"valueName":"search_term_string"}}],"inLanguage":"de"},{"@type":"Organization","@id":"https:\/\/dresden-nazifrei.com\/kampa\/#organization","name":"Dresden Nazifrei","url":"https:\/\/dresden-nazifrei.com\/kampa\/","logo":{"@type":"ImageObject","inLanguage":"de","@id":"https:\/\/dresden-nazifrei.com\/kampa\/#\/schema\/logo\/image\/","url":"https:\/\/dresden-nazifrei.com\/kampa\/wp-content\/uploads\/2021\/03\/Logo-Schwarz-Rot.png","contentUrl":"https:\/\/dresden-nazifrei.com\/kampa\/wp-content\/uploads\/2021\/03\/Logo-Schwarz-Rot.png","width":500,"height":500,"caption":"Dresden Nazifrei"},"image":{"@id":"https:\/\/dresden-nazifrei.com\/kampa\/#\/schema\/logo\/image\/"},"sameAs":["https:\/\/www.facebook.com\/dresden.stellt.sich.quer\/","https:\/\/x.com\/dd_nazifrei","https:\/\/www.instagram.com\/dd_nazifrei\/","https:\/\/www.youtube.com\/channel\/UC2w1_etudyqY1XziVPgba8Q"]}]}},"_links":{"self":[{"href":"https:\/\/dresden-nazifrei.com\/kampa\/wp-json\/wp\/v2\/pages\/3493","targetHints":{"allow":["GET"]}}],"collection":[{"href":"https:\/\/dresden-nazifrei.com\/kampa\/wp-json\/wp\/v2\/pages"}],"about":[{"href":"https:\/\/dresden-nazifrei.com\/kampa\/wp-json\/wp\/v2\/types\/page"}],"author":[{"embeddable":true,"href":"https:\/\/dresden-nazifrei.com\/kampa\/wp-json\/wp\/v2\/users\/3"}],"replies":[{"embeddable":true,"href":"https:\/\/dresden-nazifrei.com\/kampa\/wp-json\/wp\/v2\/comments?post=3493"}],"version-history":[{"count":29,"href":"https:\/\/dresden-nazifrei.com\/kampa\/wp-json\/wp\/v2\/pages\/3493\/revisions"}],"predecessor-version":[{"id":3645,"href":"https:\/\/dresden-nazifrei.com\/kampa\/wp-json\/wp\/v2\/pages\/3493\/revisions\/3645"}],"up":[{"embeddable":true,"href":"https:\/\/dresden-nazifrei.com\/kampa\/wp-json\/wp\/v2\/pages\/8791"}],"wp:featuredmedia":[{"embeddable":true,"href":"https:\/\/dresden-nazifrei.com\/kampa\/wp-json\/wp\/v2\/media\/3239"}],"wp:attachment":[{"href":"https:\/\/dresden-nazifrei.com\/kampa\/wp-json\/wp\/v2\/media?parent=3493"}],"curies":[{"name":"wp","href":"https:\/\/api.w.org\/{rel}","templated":true}]}}