{"id":4713,"date":"2021-02-06T09:30:58","date_gmt":"2021-02-06T08:30:58","guid":{"rendered":"https:\/\/dresden-nazifrei.com\/?p=4713"},"modified":"2022-03-04T11:02:18","modified_gmt":"2022-03-04T10:02:18","slug":"station-2-der-theaterplatz-ein-ort-der-massen-im-nationalsozialismus","status":"publish","type":"page","link":"https:\/\/dresden-nazifrei.com\/kampa\/erinnerungskultur\/mahngang-taeterspuren-2021\/station-2-der-theaterplatz-ein-ort-der-massen-im-nationalsozialismus\/","title":{"rendered":"Station 2: Der Theaterplatz \u2013 Ein Ort der Massen im Nationalsozialismus"},"content":{"rendered":"\n<p><em>\u201eUnser Volkskanzler war k\u00fcrzlich zur \u201aReichstheaterwoche\u2018 in Dresden. Auf mehrere Tage. Vorschriftsm\u00e4\u00dfig hingen die ganze Woche \u00fcber W\u00e4lder von Hakenkreuzfahnen in den Stra\u00dfen, brachten die Zeitungen Artikel: \u201aDas Erlebnis von Dresden\u2018 und so. Und: der Jubel der Hunderttausende und so. Aber die SA, soweit sie nicht aufmarschiert war, lag st\u00e4ndig in Bereitschaft, [&#8230;] und der F\u00fchrer erschien, verschwand, bewegte sich, schlief immerfort anderw\u00e4rts und zu anderer Stunde, als offiziell angegeben war. Wie der Zar, wie ein Sultan und noch angstvoller\u201c.<\/em><span class=\"footnote_referrer\"><a role=\"button\" tabindex=\"0\" onclick=\"footnote_moveToReference_4713_1('footnote_plugin_reference_4713_1_1');\" onkeypress=\"footnote_moveToReference_4713_1('footnote_plugin_reference_4713_1_1');\" ><sup id=\"footnote_plugin_tooltip_4713_1_1\" class=\"footnote_plugin_tooltip_text\">[1]<\/sup><\/a><span id=\"footnote_plugin_tooltip_text_4713_1_1\" class=\"footnote_tooltip\"> Victor Klemperer: Ich will Zeugnis ablegen bis zum letzten. Tageb\u00fccher 1933-1945. Eine Auswahl, 2007, Berlin, S. 29<\/span><\/span><script type=\"text\/javascript\"> jQuery('#footnote_plugin_tooltip_4713_1_1').tooltip({ tip: '#footnote_plugin_tooltip_text_4713_1_1', tipClass: 'footnote_tooltip', effect: 'fade', predelay: 0, fadeInSpeed: 200, delay: 400, fadeOutSpeed: 200, position: 'top center', relative: true, offset: [-7, 0], });<\/script><\/p>\n\n\n\n<figure class=\"wp-block-embed is-type-video is-provider-youtube wp-block-embed-youtube wp-embed-aspect-16-9 wp-has-aspect-ratio\"><div class=\"wp-block-embed__wrapper\">\n<div class=\"video-container\"><iframe loading=\"lazy\" title=\"Mahngang T\u00e4ter*innenspuren 2021 Station 2: Theaterplatz\" width=\"500\" height=\"281\" src=\"https:\/\/www.youtube.com\/embed\/5D3WHwouupw?feature=oembed&#038;wmode=opaque\" frameborder=\"0\" allow=\"accelerometer; autoplay; clipboard-write; encrypted-media; gyroscope; picture-in-picture; web-share\" referrerpolicy=\"strict-origin-when-cross-origin\" allowfullscreen><\/iframe><\/div>\n<\/div><figcaption>Video von der zweiten Station des Mahngangs vom 7. Februar 2021 &#8211; Theaterplatz<\/figcaption><\/figure>\n\n\n\n<p>Dieser Tagebucheintrag vom 13. Juni 1934 stammt vom Dresdner Literaturwissenschaftler Victor Klemperer. Mit Sorge und Distanzbeobachtete er die Inszenierungen der sogenannten Volksgemeinschaft. Zu den genannten Hundertausenden geh\u00f6rte er jedoch offenkundig nicht dazu. Die j\u00fcdische Bev\u00f6lkerung wurde zu dieser Zeit immer weiter aus der Gesellschaft vertrieben. Die NSDAP kontrollierte nun viele Organisationen, Vereine und Institutionen. Es sollte in der Gesellschaft alles an die nationalsozialistische Ideologieangepasst werden. So auch die Presse, die Kunst und das Theater. <span class=\"footnote_referrer\"><a role=\"button\" tabindex=\"0\" onclick=\"footnote_moveToReference_4713_1('footnote_plugin_reference_4713_1_2');\" onkeypress=\"footnote_moveToReference_4713_1('footnote_plugin_reference_4713_1_2');\" ><sup id=\"footnote_plugin_tooltip_4713_1_2\" class=\"footnote_plugin_tooltip_text\">[2]<\/sup><\/a><span id=\"footnote_plugin_tooltip_text_4713_1_2\" class=\"footnote_tooltip\">Bajohr, F.; Wildt, M. (Hg.): Volksgemeinschaft. Neue Forschungen zur Gesellschaft des Nationalsozialismus, 2009, Frankfurt am Main, S. 76<\/span><\/span><script type=\"text\/javascript\"> jQuery('#footnote_plugin_tooltip_4713_1_2').tooltip({ tip: '#footnote_plugin_tooltip_text_4713_1_2', tipClass: 'footnote_tooltip', effect: 'fade', predelay: 0, fadeInSpeed: 200, delay: 400, fadeOutSpeed: 200, position: 'top center', relative: true, offset: [-7, 0], });<\/script><\/p>\n\n\n\n<p>Es war an einem Montag, den 28. Mai 1934. In Dresden fand eine gro\u00dfe Veranstaltung f\u00fcr die Er\u00f6ffnung der \u201eReichstheaterwoche\u201c statt. Ein Artikel der s\u00e4chsischen NSDAP-Zeitung \u201eDer Freiheitskampf\u201c beschrieb das Ereignis mit einem \u201eMeer von Jubel und Begeisterung\u201c.<span class=\"footnote_referrer\"><a role=\"button\" tabindex=\"0\" onclick=\"footnote_moveToReference_4713_1('footnote_plugin_reference_4713_1_3');\" onkeypress=\"footnote_moveToReference_4713_1('footnote_plugin_reference_4713_1_3');\" ><sup id=\"footnote_plugin_tooltip_4713_1_3\" class=\"footnote_plugin_tooltip_text\">[3]<\/sup><\/a><span id=\"footnote_plugin_tooltip_text_4713_1_3\" class=\"footnote_tooltip\">Der Freiheitskampf,28.05.1934<\/span><\/span><script type=\"text\/javascript\"> jQuery('#footnote_plugin_tooltip_4713_1_3').tooltip({ tip: '#footnote_plugin_tooltip_text_4713_1_3', tipClass: 'footnote_tooltip', effect: 'fade', predelay: 0, fadeInSpeed: 200, delay: 400, fadeOutSpeed: 200, position: 'top center', relative: true, offset: [-7, 0], });<\/script> F\u00fcr diese Gro\u00dfveranstaltung in der Dresdner Innenstadtwurde bereits zuvor geworben. Es sollte aus Propagandazwecken Spannung in der Bev\u00f6lkerung erzeugt werden. Deshalb wurden Zeitpl\u00e4ne f\u00fcr Versammlungen auch spontan ver\u00e4ndert. Die Zeitungen berichteten im Anschluss von einer \u201eRiesenkundgebung des F\u00fchrers\u201c und von \u201eZehntausenden vor dem Opernhause\u201c. Zu dieser Zeit hie\u00df der Theaterplatz in Dresden bereits \u201eAdolf-Hitler-Platz\u201c. Die sogenannte Volksgemeinschaft war nicht grunds\u00e4tzlich und von vornher eingegeben. Sie musste in der Praxis durch Massenereignisse, wie diese, erzeugt und inszeniert werden. Die Volksgemeinschaft hatte einen instrumentellen Charakter und beruhte nicht nur auf der<\/p>\n\n\n\n<p>Ausgrenzung, sondern auch auf der Mobilisierung. Es entstand immer mehr eine kulturelle Vereinnahmung durch Feste und Veranstaltungen. Der geplante Zweck der \u201eReichstheaterwoche\u201c war es die politische Ideologie der NSDAP auch in den Theatern und Spielst\u00e4tten zu manifestieren. Es war die Rede von einer \u201eerzieherischen Aufgabe\u201c im Sinne des Nationalsozialismus. Die Ideologie sollte auf diesem Wege immer mehr in das Theaterpublikum und somit in die Gesellschaft transportiert werden. Es fanden daher Verdr\u00e4ngungen von als fremd betrachteten K\u00fcnstlerinnen und K\u00fcnstlern statt.<\/p>\n\n\n\n<p>Auch viele Kunstformen und Inszenierungsweisen wurden entfernt und verboten. <span class=\"footnote_referrer\"><a role=\"button\" tabindex=\"0\" onclick=\"footnote_moveToReference_4713_1('footnote_plugin_reference_4713_1_4');\" onkeypress=\"footnote_moveToReference_4713_1('footnote_plugin_reference_4713_1_4');\" ><sup id=\"footnote_plugin_tooltip_4713_1_4\" class=\"footnote_plugin_tooltip_text\">[4]<\/sup><\/a><span id=\"footnote_plugin_tooltip_text_4713_1_4\" class=\"footnote_tooltip\">Hermann, K. (Hg.): F\u00fchrerschule, Thingplatz, \u201eJudenhaus\u201c. Topografien der NS-Herrschaft in Sachsen, 2014, Dresden, S. 74 f.<\/span><\/span><script type=\"text\/javascript\"> jQuery('#footnote_plugin_tooltip_4713_1_4').tooltip({ tip: '#footnote_plugin_tooltip_text_4713_1_4', tipClass: 'footnote_tooltip', effect: 'fade', predelay: 0, fadeInSpeed: 200, delay: 400, fadeOutSpeed: 200, position: 'top center', relative: true, offset: [-7, 0], });<\/script> Die Gleichschaltung und Einschr\u00e4nkung von Kunst und Theater waren ein Angriff des nationalsozialistischen Regimes auf die Kunstfreiheit der demokratischen Gesellschaft. Wissenschaft, Kunst und Pressewurden auf die nationalsozialistischen Ideen verpflichtet. Das Ideal der Volksgemeinschaft in der NS-Diktatur war so strukturiert, dass nur ideologisch passende Menschen akzeptiert und integriert wurden. Die Mobilisierungskraft der Massen war ein wichtiger Teil der politischen Propaganda.<\/p>\n\n\n\n<p>In der Alltagspraxiswurden zahlreiche sogenannte \u201eGemeinschaftsfremde\u201c und \u201eVolksfeinde\u201c gewaltsam vertrieben und ermordet. Hierzu z\u00e4hlten Menschen mitabweichenden politischen Einstellungen, Menschen aus verschiedenen Glaubens-und Kulturkreisen, Menschen, die nicht in das rassistische Weltbild passten und Menschen mit Beeintr\u00e4chtigungen.<span class=\"footnote_referrer\"><a role=\"button\" tabindex=\"0\" onclick=\"footnote_moveToReference_4713_1('footnote_plugin_reference_4713_1_5');\" onkeypress=\"footnote_moveToReference_4713_1('footnote_plugin_reference_4713_1_5');\" ><sup id=\"footnote_plugin_tooltip_4713_1_5\" class=\"footnote_plugin_tooltip_text\">[5]<\/sup><\/a><span id=\"footnote_plugin_tooltip_text_4713_1_5\" class=\"footnote_tooltip\">Wildt, M.: Geschichte des Nationalsozialismus, 2008, G\u00f6ttingen, S. 109-110<\/span><\/span><script type=\"text\/javascript\"> jQuery('#footnote_plugin_tooltip_4713_1_5').tooltip({ tip: '#footnote_plugin_tooltip_text_4713_1_5', tipClass: 'footnote_tooltip', effect: 'fade', predelay: 0, fadeInSpeed: 200, delay: 400, fadeOutSpeed: 200, position: 'top center', relative: true, offset: [-7, 0], });<\/script> Vor dem Hintergrund der deutschen Geschichte m\u00fcssen die Grundrechte der Menschen in einem demokratischen Staat besonders gesch\u00fctzt werden. Die Kunst-und Pressefreiheit sind in einer Gesellschaft mit unterschiedlichen Lebenswelten zentral. Diversit\u00e4t ist hier erw\u00fcnscht und notwendig. In diesem Rahmen sind kritische Diskussionen und freie Entfaltung m\u00f6glich. Die Verteidigung dieser Werte vor demokratiefeindlichen Entwicklungen verlangt auch in Zukunft ein verantwortungsvolles und pflichtbewusstes Handeln.<\/p>\n\n\n\n<p><strong>Quellenverzeichnis<\/strong><\/p>\n\n\n\n<p>Der Freiheitskampf, Amtliche Tageszeitung der N.S.D.A.P. Gau Sachsen, Nr. 147, 28.05.1934<\/p>\n\n\n\n<p>Victor Klemperer: Ich will Zeugnis ablegen bis zum letzten. Tageb\u00fccher 1933-1945. Eine Auswahl, 2007, Berlin, S. 29<\/p>\n\n\n\n<p><strong>Literaturverzeichnis<\/strong><\/p>\n\n\n\n<p>Bajohr, F.; Wildt, M. (Hg.): Volksgemeinschaft. Neue Forschungen zur Gesellschaft des Nationalsozialismus, 2009, Frankfurt am Main, S. 76<\/p>\n\n\n\n<p>Hermann, K. (Hg.): F\u00fchrerschule, Thingplatz, \u201eJudenhaus\u201c. Topografien der NS-Herrschaft in Sachsen, 2014, Dresden, S. 74 f.<\/p>\n\n\n\n<p>Wildt, M.: Geschichte des Nationalsozialismus, 2008, G\u00f6ttingen, S. 109-110<\/p>\n<div class=\"speaker-mute footnotes_reference_container\"> <div class=\"footnote_container_prepare\"><h4><span role=\"button\" tabindex=\"0\" class=\"footnote_reference_container_label pointer\" onclick=\"footnote_expand_collapse_reference_container_4713_1();\">Quellenangaben<\/span><span role=\"button\" tabindex=\"0\" class=\"footnote_reference_container_collapse_button\" style=\"display: none;\" onclick=\"footnote_expand_collapse_reference_container_4713_1();\">[<a id=\"footnote_reference_container_collapse_button_4713_1\">+<\/a>]<\/span><\/h4><\/div> <div id=\"footnote_references_container_4713_1\" style=\"\"><table class=\"footnotes_table footnote-reference-container\"><caption class=\"accessibility\">Quellenangaben<\/caption> <tbody> \r\n\r\n<tr class=\"footnotes_plugin_reference_row\"> <th scope=\"row\" class=\"footnote_plugin_index_combi pointer\"  onclick=\"footnote_moveToAnchor_4713_1('footnote_plugin_tooltip_4713_1_1');\"><a id=\"footnote_plugin_reference_4713_1_1\" class=\"footnote_backlink\"><span class=\"footnote_index_arrow\">&#8593;<\/span>1<\/a><\/th> <td class=\"footnote_plugin_text\"> Victor Klemperer: Ich will Zeugnis ablegen bis zum letzten. Tageb\u00fccher 1933-1945. Eine Auswahl, 2007, Berlin, S. 29<\/td><\/tr>\r\n\r\n<tr class=\"footnotes_plugin_reference_row\"> <th scope=\"row\" class=\"footnote_plugin_index_combi pointer\"  onclick=\"footnote_moveToAnchor_4713_1('footnote_plugin_tooltip_4713_1_2');\"><a id=\"footnote_plugin_reference_4713_1_2\" class=\"footnote_backlink\"><span class=\"footnote_index_arrow\">&#8593;<\/span>2<\/a><\/th> <td class=\"footnote_plugin_text\">Bajohr, F.; Wildt, M. (Hg.): Volksgemeinschaft. Neue Forschungen zur Gesellschaft des Nationalsozialismus, 2009, Frankfurt am Main, S. 76<\/td><\/tr>\r\n\r\n<tr class=\"footnotes_plugin_reference_row\"> <th scope=\"row\" class=\"footnote_plugin_index_combi pointer\"  onclick=\"footnote_moveToAnchor_4713_1('footnote_plugin_tooltip_4713_1_3');\"><a id=\"footnote_plugin_reference_4713_1_3\" class=\"footnote_backlink\"><span class=\"footnote_index_arrow\">&#8593;<\/span>3<\/a><\/th> <td class=\"footnote_plugin_text\">Der Freiheitskampf,28.05.1934<\/td><\/tr>\r\n\r\n<tr class=\"footnotes_plugin_reference_row\"> <th scope=\"row\" class=\"footnote_plugin_index_combi pointer\"  onclick=\"footnote_moveToAnchor_4713_1('footnote_plugin_tooltip_4713_1_4');\"><a id=\"footnote_plugin_reference_4713_1_4\" class=\"footnote_backlink\"><span class=\"footnote_index_arrow\">&#8593;<\/span>4<\/a><\/th> <td class=\"footnote_plugin_text\">Hermann, K. (Hg.): F\u00fchrerschule, Thingplatz, \u201eJudenhaus\u201c. Topografien der NS-Herrschaft in Sachsen, 2014, Dresden, S. 74 f.<\/td><\/tr>\r\n\r\n<tr class=\"footnotes_plugin_reference_row\"> <th scope=\"row\" class=\"footnote_plugin_index_combi pointer\"  onclick=\"footnote_moveToAnchor_4713_1('footnote_plugin_tooltip_4713_1_5');\"><a id=\"footnote_plugin_reference_4713_1_5\" class=\"footnote_backlink\"><span class=\"footnote_index_arrow\">&#8593;<\/span>5<\/a><\/th> <td class=\"footnote_plugin_text\">Wildt, M.: Geschichte des Nationalsozialismus, 2008, G\u00f6ttingen, S. 109-110<\/td><\/tr>\r\n\r\n <\/tbody> <\/table> <\/div><\/div><script type=\"text\/javascript\"> function footnote_expand_reference_container_4713_1() { jQuery('#footnote_references_container_4713_1').show(); jQuery('#footnote_reference_container_collapse_button_4713_1').text('\u2212'); } function footnote_collapse_reference_container_4713_1() { jQuery('#footnote_references_container_4713_1').hide(); jQuery('#footnote_reference_container_collapse_button_4713_1').text('+'); } function footnote_expand_collapse_reference_container_4713_1() { if (jQuery('#footnote_references_container_4713_1').is(':hidden')) { footnote_expand_reference_container_4713_1(); } else { footnote_collapse_reference_container_4713_1(); } } function footnote_moveToReference_4713_1(p_str_TargetID) { footnote_expand_reference_container_4713_1(); var l_obj_Target = jQuery('#' + p_str_TargetID); if (l_obj_Target.length) { jQuery( 'html, body' ).delay( 0 ); jQuery('html, body').animate({ scrollTop: l_obj_Target.offset().top - window.innerHeight * 0.2 }, 380); } } function footnote_moveToAnchor_4713_1(p_str_TargetID) { footnote_expand_reference_container_4713_1(); var l_obj_Target = jQuery('#' + p_str_TargetID); if (l_obj_Target.length) { jQuery( 'html, body' ).delay( 0 ); jQuery('html, body').animate({ scrollTop: l_obj_Target.offset().top - window.innerHeight * 0.2 }, 380); } }<\/script>","protected":false},"excerpt":{"rendered":"<p>\u201eUnser Volkskanzler war k\u00fcrzlich zur \u201aReichstheaterwoche\u2018 in Dresden. Auf mehrere Tage. Vorschriftsm\u00e4\u00dfig hingen die ganze Woche \u00fcber W\u00e4lder von Hakenkreuzfahnen in den Stra\u00dfen, brachten die Zeitungen Artikel: \u201aDas Erlebnis von Dresden\u2018 und so. Und:&#46;&#46;&#46;<\/p>\n","protected":false},"author":3,"featured_media":0,"parent":4718,"menu_order":2,"comment_status":"closed","ping_status":"closed","template":"","meta":{"_monsterinsights_skip_tracking":false,"_monsterinsights_sitenote_active":false,"_monsterinsights_sitenote_note":"","_monsterinsights_sitenote_category":0,"footnotes":""},"class_list":["post-4713","page","type-page","status-publish","hentry"],"yoast_head":"<!-- This site is optimized with the Yoast SEO plugin v27.2 - https:\/\/yoast.com\/product\/yoast-seo-wordpress\/ -->\n<title>Station 2: Der Theaterplatz \u2013 Ein Ort der Massen im Nationalsozialismus - Dresden WiEdersetzen<\/title>\n<meta name=\"robots\" content=\"index, follow, max-snippet:-1, max-image-preview:large, max-video-preview:-1\" \/>\n<link rel=\"canonical\" href=\"https:\/\/dresden-nazifrei.com\/kampa\/erinnerungskultur\/mahngang-taeterspuren-2021\/station-2-der-theaterplatz-ein-ort-der-massen-im-nationalsozialismus\/\" \/>\n<meta property=\"og:locale\" content=\"de_DE\" \/>\n<meta property=\"og:type\" content=\"article\" \/>\n<meta property=\"og:title\" content=\"Station 2: Der Theaterplatz \u2013 Ein Ort der Massen im Nationalsozialismus - Dresden WiEdersetzen\" \/>\n<meta property=\"og:description\" content=\"\u201eUnser Volkskanzler war k\u00fcrzlich zur \u201aReichstheaterwoche\u2018 in Dresden. Auf mehrere Tage. Vorschriftsm\u00e4\u00dfig hingen die ganze Woche \u00fcber W\u00e4lder von Hakenkreuzfahnen in den Stra\u00dfen, brachten die Zeitungen Artikel: \u201aDas Erlebnis von Dresden\u2018 und so. Und:&#046;&#046;&#046;\" \/>\n<meta property=\"og:url\" content=\"https:\/\/dresden-nazifrei.com\/kampa\/erinnerungskultur\/mahngang-taeterspuren-2021\/station-2-der-theaterplatz-ein-ort-der-massen-im-nationalsozialismus\/\" \/>\n<meta property=\"og:site_name\" content=\"Dresden WiEdersetzen\" \/>\n<meta property=\"article:publisher\" content=\"https:\/\/www.facebook.com\/dresden.stellt.sich.quer\/\" \/>\n<meta property=\"article:modified_time\" content=\"2022-03-04T10:02:18+00:00\" \/>\n<meta property=\"og:image\" content=\"https:\/\/dresden-nazifrei.com\/kampa\/wp-content\/uploads\/2021\/01\/Stadt-FB-Rot.png\" \/>\n\t<meta property=\"og:image:width\" content=\"1600\" \/>\n\t<meta property=\"og:image:height\" content=\"900\" \/>\n\t<meta property=\"og:image:type\" content=\"image\/png\" \/>\n<meta name=\"twitter:card\" content=\"summary_large_image\" \/>\n<meta name=\"twitter:site\" content=\"@dd_nazifrei\" \/>\n<meta name=\"twitter:label1\" content=\"Gesch\u00e4tzte Lesezeit\" \/>\n\t<meta name=\"twitter:data1\" content=\"4\u00a0Minuten\" \/>\n<script type=\"application\/ld+json\" class=\"yoast-schema-graph\">{\"@context\":\"https:\/\/schema.org\",\"@graph\":[{\"@type\":\"WebPage\",\"@id\":\"https:\/\/dresden-nazifrei.com\/kampa\/erinnerungskultur\/mahngang-taeterspuren-2021\/station-2-der-theaterplatz-ein-ort-der-massen-im-nationalsozialismus\/\",\"url\":\"https:\/\/dresden-nazifrei.com\/kampa\/erinnerungskultur\/mahngang-taeterspuren-2021\/station-2-der-theaterplatz-ein-ort-der-massen-im-nationalsozialismus\/\",\"name\":\"Station 2: Der Theaterplatz \u2013 Ein Ort der Massen im Nationalsozialismus - Dresden WiEdersetzen\",\"isPartOf\":{\"@id\":\"https:\/\/dresden-nazifrei.com\/kampa\/#website\"},\"datePublished\":\"2021-02-06T08:30:58+00:00\",\"dateModified\":\"2022-03-04T10:02:18+00:00\",\"breadcrumb\":{\"@id\":\"https:\/\/dresden-nazifrei.com\/kampa\/erinnerungskultur\/mahngang-taeterspuren-2021\/station-2-der-theaterplatz-ein-ort-der-massen-im-nationalsozialismus\/#breadcrumb\"},\"inLanguage\":\"de\",\"potentialAction\":[{\"@type\":\"ReadAction\",\"target\":[\"https:\/\/dresden-nazifrei.com\/kampa\/erinnerungskultur\/mahngang-taeterspuren-2021\/station-2-der-theaterplatz-ein-ort-der-massen-im-nationalsozialismus\/\"]}]},{\"@type\":\"BreadcrumbList\",\"@id\":\"https:\/\/dresden-nazifrei.com\/kampa\/erinnerungskultur\/mahngang-taeterspuren-2021\/station-2-der-theaterplatz-ein-ort-der-massen-im-nationalsozialismus\/#breadcrumb\",\"itemListElement\":[{\"@type\":\"ListItem\",\"position\":1,\"name\":\"Startseite\",\"item\":\"https:\/\/dresden-nazifrei.com\/kampa\/\"},{\"@type\":\"ListItem\",\"position\":2,\"name\":\"Erinnerungskultur\",\"item\":\"https:\/\/dresden-nazifrei.com\/kampa\/erinnerungskultur\/\"},{\"@type\":\"ListItem\",\"position\":3,\"name\":\"Mahngang T\u00e4ter*innenspuren 2021\",\"item\":\"https:\/\/dresden-nazifrei.com\/kampa\/erinnerungskultur\/mahngang-taeterspuren-2021\/\"},{\"@type\":\"ListItem\",\"position\":4,\"name\":\"Station 2: Der Theaterplatz \u2013 Ein Ort der Massen im Nationalsozialismus\"}]},{\"@type\":\"WebSite\",\"@id\":\"https:\/\/dresden-nazifrei.com\/kampa\/#website\",\"url\":\"https:\/\/dresden-nazifrei.com\/kampa\/\",\"name\":\"Dresden WiEdersetzen\",\"description\":\"Dresden stellt sich quer\",\"publisher\":{\"@id\":\"https:\/\/dresden-nazifrei.com\/kampa\/#organization\"},\"potentialAction\":[{\"@type\":\"SearchAction\",\"target\":{\"@type\":\"EntryPoint\",\"urlTemplate\":\"https:\/\/dresden-nazifrei.com\/kampa\/?s={search_term_string}\"},\"query-input\":{\"@type\":\"PropertyValueSpecification\",\"valueRequired\":true,\"valueName\":\"search_term_string\"}}],\"inLanguage\":\"de\"},{\"@type\":\"Organization\",\"@id\":\"https:\/\/dresden-nazifrei.com\/kampa\/#organization\",\"name\":\"Dresden Nazifrei\",\"url\":\"https:\/\/dresden-nazifrei.com\/kampa\/\",\"logo\":{\"@type\":\"ImageObject\",\"inLanguage\":\"de\",\"@id\":\"https:\/\/dresden-nazifrei.com\/kampa\/#\/schema\/logo\/image\/\",\"url\":\"https:\/\/dresden-nazifrei.com\/kampa\/wp-content\/uploads\/2021\/03\/Logo-Schwarz-Rot.png\",\"contentUrl\":\"https:\/\/dresden-nazifrei.com\/kampa\/wp-content\/uploads\/2021\/03\/Logo-Schwarz-Rot.png\",\"width\":500,\"height\":500,\"caption\":\"Dresden Nazifrei\"},\"image\":{\"@id\":\"https:\/\/dresden-nazifrei.com\/kampa\/#\/schema\/logo\/image\/\"},\"sameAs\":[\"https:\/\/www.facebook.com\/dresden.stellt.sich.quer\/\",\"https:\/\/x.com\/dd_nazifrei\",\"https:\/\/www.instagram.com\/dd_nazifrei\/\",\"https:\/\/www.youtube.com\/channel\/UC2w1_etudyqY1XziVPgba8Q\"]}]}<\/script>\n<!-- \/ Yoast SEO plugin. -->","yoast_head_json":{"title":"Station 2: Der Theaterplatz \u2013 Ein Ort der Massen im Nationalsozialismus - Dresden WiEdersetzen","robots":{"index":"index","follow":"follow","max-snippet":"max-snippet:-1","max-image-preview":"max-image-preview:large","max-video-preview":"max-video-preview:-1"},"canonical":"https:\/\/dresden-nazifrei.com\/kampa\/erinnerungskultur\/mahngang-taeterspuren-2021\/station-2-der-theaterplatz-ein-ort-der-massen-im-nationalsozialismus\/","og_locale":"de_DE","og_type":"article","og_title":"Station 2: Der Theaterplatz \u2013 Ein Ort der Massen im Nationalsozialismus - Dresden WiEdersetzen","og_description":"\u201eUnser Volkskanzler war k\u00fcrzlich zur \u201aReichstheaterwoche\u2018 in Dresden. Auf mehrere Tage. Vorschriftsm\u00e4\u00dfig hingen die ganze Woche \u00fcber W\u00e4lder von Hakenkreuzfahnen in den Stra\u00dfen, brachten die Zeitungen Artikel: \u201aDas Erlebnis von Dresden\u2018 und so. Und:&#46;&#46;&#46;","og_url":"https:\/\/dresden-nazifrei.com\/kampa\/erinnerungskultur\/mahngang-taeterspuren-2021\/station-2-der-theaterplatz-ein-ort-der-massen-im-nationalsozialismus\/","og_site_name":"Dresden WiEdersetzen","article_publisher":"https:\/\/www.facebook.com\/dresden.stellt.sich.quer\/","article_modified_time":"2022-03-04T10:02:18+00:00","og_image":[{"width":1600,"height":900,"url":"https:\/\/dresden-nazifrei.com\/kampa\/wp-content\/uploads\/2021\/01\/Stadt-FB-Rot.png","type":"image\/png"}],"twitter_card":"summary_large_image","twitter_site":"@dd_nazifrei","twitter_misc":{"Gesch\u00e4tzte Lesezeit":"4\u00a0Minuten"},"schema":{"@context":"https:\/\/schema.org","@graph":[{"@type":"WebPage","@id":"https:\/\/dresden-nazifrei.com\/kampa\/erinnerungskultur\/mahngang-taeterspuren-2021\/station-2-der-theaterplatz-ein-ort-der-massen-im-nationalsozialismus\/","url":"https:\/\/dresden-nazifrei.com\/kampa\/erinnerungskultur\/mahngang-taeterspuren-2021\/station-2-der-theaterplatz-ein-ort-der-massen-im-nationalsozialismus\/","name":"Station 2: Der Theaterplatz \u2013 Ein Ort der Massen im Nationalsozialismus - Dresden WiEdersetzen","isPartOf":{"@id":"https:\/\/dresden-nazifrei.com\/kampa\/#website"},"datePublished":"2021-02-06T08:30:58+00:00","dateModified":"2022-03-04T10:02:18+00:00","breadcrumb":{"@id":"https:\/\/dresden-nazifrei.com\/kampa\/erinnerungskultur\/mahngang-taeterspuren-2021\/station-2-der-theaterplatz-ein-ort-der-massen-im-nationalsozialismus\/#breadcrumb"},"inLanguage":"de","potentialAction":[{"@type":"ReadAction","target":["https:\/\/dresden-nazifrei.com\/kampa\/erinnerungskultur\/mahngang-taeterspuren-2021\/station-2-der-theaterplatz-ein-ort-der-massen-im-nationalsozialismus\/"]}]},{"@type":"BreadcrumbList","@id":"https:\/\/dresden-nazifrei.com\/kampa\/erinnerungskultur\/mahngang-taeterspuren-2021\/station-2-der-theaterplatz-ein-ort-der-massen-im-nationalsozialismus\/#breadcrumb","itemListElement":[{"@type":"ListItem","position":1,"name":"Startseite","item":"https:\/\/dresden-nazifrei.com\/kampa\/"},{"@type":"ListItem","position":2,"name":"Erinnerungskultur","item":"https:\/\/dresden-nazifrei.com\/kampa\/erinnerungskultur\/"},{"@type":"ListItem","position":3,"name":"Mahngang T\u00e4ter*innenspuren 2021","item":"https:\/\/dresden-nazifrei.com\/kampa\/erinnerungskultur\/mahngang-taeterspuren-2021\/"},{"@type":"ListItem","position":4,"name":"Station 2: Der Theaterplatz \u2013 Ein Ort der Massen im Nationalsozialismus"}]},{"@type":"WebSite","@id":"https:\/\/dresden-nazifrei.com\/kampa\/#website","url":"https:\/\/dresden-nazifrei.com\/kampa\/","name":"Dresden WiEdersetzen","description":"Dresden stellt sich quer","publisher":{"@id":"https:\/\/dresden-nazifrei.com\/kampa\/#organization"},"potentialAction":[{"@type":"SearchAction","target":{"@type":"EntryPoint","urlTemplate":"https:\/\/dresden-nazifrei.com\/kampa\/?s={search_term_string}"},"query-input":{"@type":"PropertyValueSpecification","valueRequired":true,"valueName":"search_term_string"}}],"inLanguage":"de"},{"@type":"Organization","@id":"https:\/\/dresden-nazifrei.com\/kampa\/#organization","name":"Dresden Nazifrei","url":"https:\/\/dresden-nazifrei.com\/kampa\/","logo":{"@type":"ImageObject","inLanguage":"de","@id":"https:\/\/dresden-nazifrei.com\/kampa\/#\/schema\/logo\/image\/","url":"https:\/\/dresden-nazifrei.com\/kampa\/wp-content\/uploads\/2021\/03\/Logo-Schwarz-Rot.png","contentUrl":"https:\/\/dresden-nazifrei.com\/kampa\/wp-content\/uploads\/2021\/03\/Logo-Schwarz-Rot.png","width":500,"height":500,"caption":"Dresden Nazifrei"},"image":{"@id":"https:\/\/dresden-nazifrei.com\/kampa\/#\/schema\/logo\/image\/"},"sameAs":["https:\/\/www.facebook.com\/dresden.stellt.sich.quer\/","https:\/\/x.com\/dd_nazifrei","https:\/\/www.instagram.com\/dd_nazifrei\/","https:\/\/www.youtube.com\/channel\/UC2w1_etudyqY1XziVPgba8Q"]}]}},"_links":{"self":[{"href":"https:\/\/dresden-nazifrei.com\/kampa\/wp-json\/wp\/v2\/pages\/4713","targetHints":{"allow":["GET"]}}],"collection":[{"href":"https:\/\/dresden-nazifrei.com\/kampa\/wp-json\/wp\/v2\/pages"}],"about":[{"href":"https:\/\/dresden-nazifrei.com\/kampa\/wp-json\/wp\/v2\/types\/page"}],"author":[{"embeddable":true,"href":"https:\/\/dresden-nazifrei.com\/kampa\/wp-json\/wp\/v2\/users\/3"}],"replies":[{"embeddable":true,"href":"https:\/\/dresden-nazifrei.com\/kampa\/wp-json\/wp\/v2\/comments?post=4713"}],"version-history":[{"count":4,"href":"https:\/\/dresden-nazifrei.com\/kampa\/wp-json\/wp\/v2\/pages\/4713\/revisions"}],"predecessor-version":[{"id":4994,"href":"https:\/\/dresden-nazifrei.com\/kampa\/wp-json\/wp\/v2\/pages\/4713\/revisions\/4994"}],"up":[{"embeddable":true,"href":"https:\/\/dresden-nazifrei.com\/kampa\/wp-json\/wp\/v2\/pages\/4718"}],"wp:attachment":[{"href":"https:\/\/dresden-nazifrei.com\/kampa\/wp-json\/wp\/v2\/media?parent=4713"}],"curies":[{"name":"wp","href":"https:\/\/api.w.org\/{rel}","templated":true}]}}