{"id":8343,"date":"2022-02-12T21:35:03","date_gmt":"2022-02-12T20:35:03","guid":{"rendered":"https:\/\/dresden-nazifrei.com\/?page_id=8343"},"modified":"2022-04-12T11:10:51","modified_gmt":"2022-04-12T09:10:51","slug":"mahngang-taeterspuren-2022","status":"publish","type":"page","link":"https:\/\/dresden-nazifrei.com\/kampa\/erinnerungskultur\/mahngang-taeterspuren-2022\/","title":{"rendered":"Mahngang T\u00e4ter*innenspuren 2022"},"content":{"rendered":"\n<p><em>Die Seite ist noch in der Bearbeitung &#8211; Die Beitr\u00e4ge an den Stationen sind nun vollst\u00e4ndig. Die Videos von den Stationen und andere Inhalte werden noch erg\u00e4nzt, so wie es unsere Zeit zul\u00e4sst (letzte Bearbeitung: 12.4.2022).<\/em><\/p>\n\n\n\n<p>Der Mahngang T\u00e4ter*innenspuren fand in Form einer Demonstration und zus\u00e4tzlich als Video-Livestream im Internet statt.<\/p>\n\n\n\n<ul class=\"wp-block-list\"><li><a href=\"http:\/\/youtu.be\/eV1oDY70k8M?t=850\" target=\"_blank\" rel=\"noreferrer noopener\">Link zur Aufzeichnung des Livestream auf YouTube<\/a> (Start bei 14:12)<\/li><\/ul>\n\n\n\n<p>Die Texte und sp\u00e4ter auch die Videos von den verschiedenen Stationen findet ihr auf folgenden Seiten:<\/p>\n\n\n\n<ul class=\"wp-block-list\"><li>Station 1: <a href=\"https:\/\/dresden-nazifrei.com\/erinnerungskultur\/mahngang-taeterspuren-2022\/frauen-im-ns\/\" target=\"_blank\" rel=\"noreferrer noopener\">Frauen im Nationalsozialismus<\/a> \/ <a href=\"https:\/\/dresden-nazifrei.com\/erinnerungskultur\/mahngang-taeterspuren-2022\/reichsmutterhaus-ns-schwesternschaft\/\" target=\"_blank\" rel=\"noreferrer noopener\">Das Reichsmutterhaus der NS-Schwesternschaft<\/a><\/li><li>Station 2: <a href=\"https:\/\/dresden-nazifrei.com\/erinnerungskultur\/mahngang-taeterspuren-2022\/reichwehrerziehung-sportplatz-hindenburgufer\/\" target=\"_blank\" rel=\"noreferrer noopener\">Wehrerziehung &#8211; der Sportplatz am Hindenburgufer<\/a><\/li><li>Station 3: <a href=\"https:\/\/dresden-nazifrei.com\/erinnerungskultur\/mahngang-taeterspuren-2022\/geschlechtsidentitaeten\/\" target=\"_blank\" rel=\"noreferrer noopener\">Umgang mit geschlechtlichen Identit\u00e4ten<\/a><\/li><li>Station 4: <a href=\"https:\/\/dresden-nazifrei.com\/erinnerungskultur\/mahngang-taeterspuren-2022\/horst-wessel-schule\/\" target=\"_blank\" rel=\"noreferrer noopener\">Knabenschule Horst Wessel<\/a><\/li><li>Station 5: <a href=\"https:\/\/dresden-nazifrei.com\/erinnerungskultur\/mahngang-taeterspuren-2022\/hohere-madchenschule-johannstadt\/\" target=\"_blank\" rel=\"noreferrer noopener\">H\u00f6here M\u00e4dchenschule in Dresden-Johannstadt<\/a><\/li><li>Station 6: <a href=\"https:\/\/dresden-nazifrei.com\/erinnerungskultur\/mahngang-taeterspuren-2022\/frauen-ns-justiz\/\" target=\"_blank\" rel=\"noreferrer noopener\">Frauen in der NS-Justiz<\/a><\/li><\/ul>\n\n\n\n<div style=\"height:51px\" aria-hidden=\"true\" class=\"wp-block-spacer\"><\/div>\n\n\n\n<h4 class=\"wp-block-heading\" id=\"flyer-mahngang-2022\">Flyer Mahngang 2022<\/h4>\n\n\n\n<figure class=\"wp-block-gallery has-nested-images columns-2 is-cropped wp-block-gallery-1 is-layout-flex wp-block-gallery-is-layout-flex\">\n<figure class=\"wp-block-image size-large\"><a href=\"https:\/\/dresden-nazifrei.com\/kampa\/wp-content\/uploads\/2022\/01\/Flyer-Mahngang-2022-Vorderseite.png\"><img loading=\"lazy\" decoding=\"async\" width=\"1024\" height=\"687\" data-id=\"6754\" src=\"https:\/\/dresden-nazifrei.com\/kampa\/wp-content\/uploads\/2022\/01\/Flyer-Mahngang-2022-Vorderseite-1024x687.png\" alt=\"Vorderseite des Flyers zum Mahngang T\u00e4ter*innenspuren 2022 in Dresden\" class=\"wp-image-6754\" srcset=\"https:\/\/dresden-nazifrei.com\/kampa\/wp-content\/uploads\/2022\/01\/Flyer-Mahngang-2022-Vorderseite-1024x687.png 1024w, https:\/\/dresden-nazifrei.com\/kampa\/wp-content\/uploads\/2022\/01\/Flyer-Mahngang-2022-Vorderseite-300x201.png 300w, https:\/\/dresden-nazifrei.com\/kampa\/wp-content\/uploads\/2022\/01\/Flyer-Mahngang-2022-Vorderseite-150x101.png 150w, https:\/\/dresden-nazifrei.com\/kampa\/wp-content\/uploads\/2022\/01\/Flyer-Mahngang-2022-Vorderseite-768x515.png 768w, https:\/\/dresden-nazifrei.com\/kampa\/wp-content\/uploads\/2022\/01\/Flyer-Mahngang-2022-Vorderseite-1536x1030.png 1536w, https:\/\/dresden-nazifrei.com\/kampa\/wp-content\/uploads\/2022\/01\/Flyer-Mahngang-2022-Vorderseite.png 1581w\" sizes=\"auto, (max-width: 1024px) 100vw, 1024px\" \/><\/a><\/figure>\n\n\n\n<figure class=\"wp-block-image size-large\"><a href=\"https:\/\/dresden-nazifrei.com\/kampa\/wp-content\/uploads\/2022\/01\/Flyer-Mahngang-2022-Rueckseite.png\"><img loading=\"lazy\" decoding=\"async\" width=\"1024\" height=\"687\" data-id=\"6755\" src=\"https:\/\/dresden-nazifrei.com\/kampa\/wp-content\/uploads\/2022\/01\/Flyer-Mahngang-2022-Rueckseite-1024x687.png\" alt=\"R\u00fcckseite des Flyers zum Mahngang T\u00e4ter*innenspuren 2022 in Dresden mit der Beschreibung der sechs Stationen.\" class=\"wp-image-6755\" srcset=\"https:\/\/dresden-nazifrei.com\/kampa\/wp-content\/uploads\/2022\/01\/Flyer-Mahngang-2022-Rueckseite-1024x687.png 1024w, https:\/\/dresden-nazifrei.com\/kampa\/wp-content\/uploads\/2022\/01\/Flyer-Mahngang-2022-Rueckseite-300x201.png 300w, https:\/\/dresden-nazifrei.com\/kampa\/wp-content\/uploads\/2022\/01\/Flyer-Mahngang-2022-Rueckseite-150x101.png 150w, https:\/\/dresden-nazifrei.com\/kampa\/wp-content\/uploads\/2022\/01\/Flyer-Mahngang-2022-Rueckseite-768x515.png 768w, https:\/\/dresden-nazifrei.com\/kampa\/wp-content\/uploads\/2022\/01\/Flyer-Mahngang-2022-Rueckseite-1536x1030.png 1536w, https:\/\/dresden-nazifrei.com\/kampa\/wp-content\/uploads\/2022\/01\/Flyer-Mahngang-2022-Rueckseite.png 1576w\" sizes=\"auto, (max-width: 1024px) 100vw, 1024px\" \/><\/a><\/figure>\n<\/figure>\n","protected":false},"excerpt":{"rendered":"<p>Die Seite ist noch in der Bearbeitung &#8211; Die Beitr\u00e4ge an den Stationen sind nun vollst\u00e4ndig. Die Videos von den Stationen und andere Inhalte werden noch erg\u00e4nzt, so wie es unsere Zeit zul\u00e4sst (letzte&#46;&#46;&#46;<\/p>\n","protected":false},"author":3,"featured_media":6755,"parent":6843,"menu_order":12,"comment_status":"closed","ping_status":"closed","template":"","meta":{"_monsterinsights_skip_tracking":false,"_monsterinsights_sitenote_active":false,"_monsterinsights_sitenote_note":"","_monsterinsights_sitenote_category":0,"footnotes":""},"class_list":["post-8343","page","type-page","status-publish","has-post-thumbnail","hentry"],"yoast_head":"<!-- This site is optimized with the Yoast SEO plugin v27.2 - https:\/\/yoast.com\/product\/yoast-seo-wordpress\/ -->\n<title>Mahngang T\u00e4ter*innenspuren 2022 - Dresden WiEdersetzen<\/title>\n<meta name=\"description\" content=\"In diesem Jahr findet der Mahngang T\u00e4ter*innenspuren wieder in Form einer Demonstration wie auch zus\u00e4tzlich als Video-Livestream statt.\" \/>\n<meta name=\"robots\" content=\"index, follow, max-snippet:-1, max-image-preview:large, max-video-preview:-1\" \/>\n<link rel=\"canonical\" href=\"https:\/\/dresden-nazifrei.com\/kampa\/erinnerungskultur\/mahngang-taeterspuren-2022\/\" \/>\n<meta property=\"og:locale\" content=\"de_DE\" \/>\n<meta property=\"og:type\" content=\"article\" \/>\n<meta property=\"og:title\" content=\"Mahngang T\u00e4ter*innenspuren 2022 - Dresden WiEdersetzen\" \/>\n<meta property=\"og:description\" content=\"In diesem Jahr findet der Mahngang T\u00e4ter*innenspuren wieder in Form einer Demonstration wie auch zus\u00e4tzlich als Video-Livestream statt.\" \/>\n<meta property=\"og:url\" content=\"https:\/\/dresden-nazifrei.com\/kampa\/erinnerungskultur\/mahngang-taeterspuren-2022\/\" \/>\n<meta property=\"og:site_name\" content=\"Dresden WiEdersetzen\" \/>\n<meta property=\"article:publisher\" content=\"https:\/\/www.facebook.com\/dresden.stellt.sich.quer\/\" \/>\n<meta property=\"article:modified_time\" content=\"2022-04-12T09:10:51+00:00\" \/>\n<meta property=\"og:image\" content=\"https:\/\/dresden-nazifrei.com\/kampa\/wp-content\/uploads\/2022\/01\/Flyer-Mahngang-2022-Rueckseite.png\" \/>\n\t<meta property=\"og:image:width\" content=\"1576\" \/>\n\t<meta property=\"og:image:height\" content=\"1057\" \/>\n\t<meta property=\"og:image:type\" content=\"image\/png\" \/>\n<meta name=\"twitter:card\" content=\"summary_large_image\" \/>\n<meta name=\"twitter:site\" content=\"@dd_nazifrei\" \/>\n<meta name=\"twitter:label1\" content=\"Gesch\u00e4tzte Lesezeit\" \/>\n\t<meta name=\"twitter:data1\" content=\"2\u00a0Minuten\" \/>\n<script type=\"application\/ld+json\" class=\"yoast-schema-graph\">{\"@context\":\"https:\/\/schema.org\",\"@graph\":[{\"@type\":\"WebPage\",\"@id\":\"https:\/\/dresden-nazifrei.com\/kampa\/erinnerungskultur\/mahngang-taeterspuren-2022\/\",\"url\":\"https:\/\/dresden-nazifrei.com\/kampa\/erinnerungskultur\/mahngang-taeterspuren-2022\/\",\"name\":\"Mahngang T\u00e4ter*innenspuren 2022 - Dresden WiEdersetzen\",\"isPartOf\":{\"@id\":\"https:\/\/dresden-nazifrei.com\/kampa\/#website\"},\"primaryImageOfPage\":{\"@id\":\"https:\/\/dresden-nazifrei.com\/kampa\/erinnerungskultur\/mahngang-taeterspuren-2022\/#primaryimage\"},\"image\":{\"@id\":\"https:\/\/dresden-nazifrei.com\/kampa\/erinnerungskultur\/mahngang-taeterspuren-2022\/#primaryimage\"},\"thumbnailUrl\":\"https:\/\/dresden-nazifrei.com\/kampa\/wp-content\/uploads\/2022\/01\/Flyer-Mahngang-2022-Rueckseite.png\",\"datePublished\":\"2022-02-12T20:35:03+00:00\",\"dateModified\":\"2022-04-12T09:10:51+00:00\",\"description\":\"In diesem Jahr findet der Mahngang T\u00e4ter*innenspuren wieder in Form einer Demonstration wie auch zus\u00e4tzlich als Video-Livestream statt.\",\"breadcrumb\":{\"@id\":\"https:\/\/dresden-nazifrei.com\/kampa\/erinnerungskultur\/mahngang-taeterspuren-2022\/#breadcrumb\"},\"inLanguage\":\"de\",\"potentialAction\":[{\"@type\":\"ReadAction\",\"target\":[\"https:\/\/dresden-nazifrei.com\/kampa\/erinnerungskultur\/mahngang-taeterspuren-2022\/\"]}]},{\"@type\":\"ImageObject\",\"inLanguage\":\"de\",\"@id\":\"https:\/\/dresden-nazifrei.com\/kampa\/erinnerungskultur\/mahngang-taeterspuren-2022\/#primaryimage\",\"url\":\"https:\/\/dresden-nazifrei.com\/kampa\/wp-content\/uploads\/2022\/01\/Flyer-Mahngang-2022-Rueckseite.png\",\"contentUrl\":\"https:\/\/dresden-nazifrei.com\/kampa\/wp-content\/uploads\/2022\/01\/Flyer-Mahngang-2022-Rueckseite.png\",\"width\":1576,\"height\":1057},{\"@type\":\"BreadcrumbList\",\"@id\":\"https:\/\/dresden-nazifrei.com\/kampa\/erinnerungskultur\/mahngang-taeterspuren-2022\/#breadcrumb\",\"itemListElement\":[{\"@type\":\"ListItem\",\"position\":1,\"name\":\"Startseite\",\"item\":\"https:\/\/dresden-nazifrei.com\/kampa\/\"},{\"@type\":\"ListItem\",\"position\":2,\"name\":\"Erinnerungskultur\",\"item\":\"https:\/\/dresden-nazifrei.com\/kampa\/erinnerungskultur\/\"},{\"@type\":\"ListItem\",\"position\":3,\"name\":\"Mahngang T\u00e4ter*innenspuren 2022\"}]},{\"@type\":\"WebSite\",\"@id\":\"https:\/\/dresden-nazifrei.com\/kampa\/#website\",\"url\":\"https:\/\/dresden-nazifrei.com\/kampa\/\",\"name\":\"Dresden WiEdersetzen\",\"description\":\"Dresden stellt sich quer\",\"publisher\":{\"@id\":\"https:\/\/dresden-nazifrei.com\/kampa\/#organization\"},\"potentialAction\":[{\"@type\":\"SearchAction\",\"target\":{\"@type\":\"EntryPoint\",\"urlTemplate\":\"https:\/\/dresden-nazifrei.com\/kampa\/?s={search_term_string}\"},\"query-input\":{\"@type\":\"PropertyValueSpecification\",\"valueRequired\":true,\"valueName\":\"search_term_string\"}}],\"inLanguage\":\"de\"},{\"@type\":\"Organization\",\"@id\":\"https:\/\/dresden-nazifrei.com\/kampa\/#organization\",\"name\":\"Dresden Nazifrei\",\"url\":\"https:\/\/dresden-nazifrei.com\/kampa\/\",\"logo\":{\"@type\":\"ImageObject\",\"inLanguage\":\"de\",\"@id\":\"https:\/\/dresden-nazifrei.com\/kampa\/#\/schema\/logo\/image\/\",\"url\":\"https:\/\/dresden-nazifrei.com\/kampa\/wp-content\/uploads\/2021\/03\/Logo-Schwarz-Rot.png\",\"contentUrl\":\"https:\/\/dresden-nazifrei.com\/kampa\/wp-content\/uploads\/2021\/03\/Logo-Schwarz-Rot.png\",\"width\":500,\"height\":500,\"caption\":\"Dresden Nazifrei\"},\"image\":{\"@id\":\"https:\/\/dresden-nazifrei.com\/kampa\/#\/schema\/logo\/image\/\"},\"sameAs\":[\"https:\/\/www.facebook.com\/dresden.stellt.sich.quer\/\",\"https:\/\/x.com\/dd_nazifrei\",\"https:\/\/www.instagram.com\/dd_nazifrei\/\",\"https:\/\/www.youtube.com\/channel\/UC2w1_etudyqY1XziVPgba8Q\"]}]}<\/script>\n<!-- \/ Yoast SEO plugin. -->","yoast_head_json":{"title":"Mahngang T\u00e4ter*innenspuren 2022 - Dresden WiEdersetzen","description":"In diesem Jahr findet der Mahngang T\u00e4ter*innenspuren wieder in Form einer Demonstration wie auch zus\u00e4tzlich als Video-Livestream statt.","robots":{"index":"index","follow":"follow","max-snippet":"max-snippet:-1","max-image-preview":"max-image-preview:large","max-video-preview":"max-video-preview:-1"},"canonical":"https:\/\/dresden-nazifrei.com\/kampa\/erinnerungskultur\/mahngang-taeterspuren-2022\/","og_locale":"de_DE","og_type":"article","og_title":"Mahngang T\u00e4ter*innenspuren 2022 - Dresden WiEdersetzen","og_description":"In diesem Jahr findet der Mahngang T\u00e4ter*innenspuren wieder in Form einer Demonstration wie auch zus\u00e4tzlich als Video-Livestream statt.","og_url":"https:\/\/dresden-nazifrei.com\/kampa\/erinnerungskultur\/mahngang-taeterspuren-2022\/","og_site_name":"Dresden WiEdersetzen","article_publisher":"https:\/\/www.facebook.com\/dresden.stellt.sich.quer\/","article_modified_time":"2022-04-12T09:10:51+00:00","og_image":[{"width":1576,"height":1057,"url":"https:\/\/dresden-nazifrei.com\/kampa\/wp-content\/uploads\/2022\/01\/Flyer-Mahngang-2022-Rueckseite.png","type":"image\/png"}],"twitter_card":"summary_large_image","twitter_site":"@dd_nazifrei","twitter_misc":{"Gesch\u00e4tzte Lesezeit":"2\u00a0Minuten"},"schema":{"@context":"https:\/\/schema.org","@graph":[{"@type":"WebPage","@id":"https:\/\/dresden-nazifrei.com\/kampa\/erinnerungskultur\/mahngang-taeterspuren-2022\/","url":"https:\/\/dresden-nazifrei.com\/kampa\/erinnerungskultur\/mahngang-taeterspuren-2022\/","name":"Mahngang T\u00e4ter*innenspuren 2022 - Dresden WiEdersetzen","isPartOf":{"@id":"https:\/\/dresden-nazifrei.com\/kampa\/#website"},"primaryImageOfPage":{"@id":"https:\/\/dresden-nazifrei.com\/kampa\/erinnerungskultur\/mahngang-taeterspuren-2022\/#primaryimage"},"image":{"@id":"https:\/\/dresden-nazifrei.com\/kampa\/erinnerungskultur\/mahngang-taeterspuren-2022\/#primaryimage"},"thumbnailUrl":"https:\/\/dresden-nazifrei.com\/kampa\/wp-content\/uploads\/2022\/01\/Flyer-Mahngang-2022-Rueckseite.png","datePublished":"2022-02-12T20:35:03+00:00","dateModified":"2022-04-12T09:10:51+00:00","description":"In diesem Jahr findet der Mahngang T\u00e4ter*innenspuren wieder in Form einer Demonstration wie auch zus\u00e4tzlich als Video-Livestream statt.","breadcrumb":{"@id":"https:\/\/dresden-nazifrei.com\/kampa\/erinnerungskultur\/mahngang-taeterspuren-2022\/#breadcrumb"},"inLanguage":"de","potentialAction":[{"@type":"ReadAction","target":["https:\/\/dresden-nazifrei.com\/kampa\/erinnerungskultur\/mahngang-taeterspuren-2022\/"]}]},{"@type":"ImageObject","inLanguage":"de","@id":"https:\/\/dresden-nazifrei.com\/kampa\/erinnerungskultur\/mahngang-taeterspuren-2022\/#primaryimage","url":"https:\/\/dresden-nazifrei.com\/kampa\/wp-content\/uploads\/2022\/01\/Flyer-Mahngang-2022-Rueckseite.png","contentUrl":"https:\/\/dresden-nazifrei.com\/kampa\/wp-content\/uploads\/2022\/01\/Flyer-Mahngang-2022-Rueckseite.png","width":1576,"height":1057},{"@type":"BreadcrumbList","@id":"https:\/\/dresden-nazifrei.com\/kampa\/erinnerungskultur\/mahngang-taeterspuren-2022\/#breadcrumb","itemListElement":[{"@type":"ListItem","position":1,"name":"Startseite","item":"https:\/\/dresden-nazifrei.com\/kampa\/"},{"@type":"ListItem","position":2,"name":"Erinnerungskultur","item":"https:\/\/dresden-nazifrei.com\/kampa\/erinnerungskultur\/"},{"@type":"ListItem","position":3,"name":"Mahngang T\u00e4ter*innenspuren 2022"}]},{"@type":"WebSite","@id":"https:\/\/dresden-nazifrei.com\/kampa\/#website","url":"https:\/\/dresden-nazifrei.com\/kampa\/","name":"Dresden WiEdersetzen","description":"Dresden stellt sich quer","publisher":{"@id":"https:\/\/dresden-nazifrei.com\/kampa\/#organization"},"potentialAction":[{"@type":"SearchAction","target":{"@type":"EntryPoint","urlTemplate":"https:\/\/dresden-nazifrei.com\/kampa\/?s={search_term_string}"},"query-input":{"@type":"PropertyValueSpecification","valueRequired":true,"valueName":"search_term_string"}}],"inLanguage":"de"},{"@type":"Organization","@id":"https:\/\/dresden-nazifrei.com\/kampa\/#organization","name":"Dresden Nazifrei","url":"https:\/\/dresden-nazifrei.com\/kampa\/","logo":{"@type":"ImageObject","inLanguage":"de","@id":"https:\/\/dresden-nazifrei.com\/kampa\/#\/schema\/logo\/image\/","url":"https:\/\/dresden-nazifrei.com\/kampa\/wp-content\/uploads\/2021\/03\/Logo-Schwarz-Rot.png","contentUrl":"https:\/\/dresden-nazifrei.com\/kampa\/wp-content\/uploads\/2021\/03\/Logo-Schwarz-Rot.png","width":500,"height":500,"caption":"Dresden Nazifrei"},"image":{"@id":"https:\/\/dresden-nazifrei.com\/kampa\/#\/schema\/logo\/image\/"},"sameAs":["https:\/\/www.facebook.com\/dresden.stellt.sich.quer\/","https:\/\/x.com\/dd_nazifrei","https:\/\/www.instagram.com\/dd_nazifrei\/","https:\/\/www.youtube.com\/channel\/UC2w1_etudyqY1XziVPgba8Q"]}]}},"_links":{"self":[{"href":"https:\/\/dresden-nazifrei.com\/kampa\/wp-json\/wp\/v2\/pages\/8343","targetHints":{"allow":["GET"]}}],"collection":[{"href":"https:\/\/dresden-nazifrei.com\/kampa\/wp-json\/wp\/v2\/pages"}],"about":[{"href":"https:\/\/dresden-nazifrei.com\/kampa\/wp-json\/wp\/v2\/types\/page"}],"author":[{"embeddable":true,"href":"https:\/\/dresden-nazifrei.com\/kampa\/wp-json\/wp\/v2\/users\/3"}],"replies":[{"embeddable":true,"href":"https:\/\/dresden-nazifrei.com\/kampa\/wp-json\/wp\/v2\/comments?post=8343"}],"version-history":[{"count":22,"href":"https:\/\/dresden-nazifrei.com\/kampa\/wp-json\/wp\/v2\/pages\/8343\/revisions"}],"predecessor-version":[{"id":8730,"href":"https:\/\/dresden-nazifrei.com\/kampa\/wp-json\/wp\/v2\/pages\/8343\/revisions\/8730"}],"up":[{"embeddable":true,"href":"https:\/\/dresden-nazifrei.com\/kampa\/wp-json\/wp\/v2\/pages\/6843"}],"wp:featuredmedia":[{"embeddable":true,"href":"https:\/\/dresden-nazifrei.com\/kampa\/wp-json\/wp\/v2\/media\/6755"}],"wp:attachment":[{"href":"https:\/\/dresden-nazifrei.com\/kampa\/wp-json\/wp\/v2\/media?parent=8343"}],"curies":[{"name":"wp","href":"https:\/\/api.w.org\/{rel}","templated":true}]}}