{"id":8701,"date":"2022-04-11T20:32:57","date_gmt":"2022-04-11T18:32:57","guid":{"rendered":"https:\/\/dresden-nazifrei.com\/?page_id=8701"},"modified":"2022-04-11T20:38:11","modified_gmt":"2022-04-11T18:38:11","slug":"reichwehrerziehung-sportplatz-hindenburgufer","status":"publish","type":"page","link":"https:\/\/dresden-nazifrei.com\/kampa\/erinnerungskultur\/mahngang-taeterspuren-2022\/reichwehrerziehung-sportplatz-hindenburgufer\/","title":{"rendered":"Reichwehrerziehung &#8211; der Sportplatz am Hindenburgufer"},"content":{"rendered":"\n<p>Wir stehen hier in der N\u00e4he des Luftbads und Sportplatz am ehemaligen Hindenburgufer, dem heutigen K\u00e4the-Kollwitz-Ufer. Um das Jahr 1922 wurden das Freibad und der Sportplatz sowie diverse Nebengeb\u00e4ude errichtet.<\/p>\n\n\n\n<p>Die k\u00f6rperliche Ert\u00fcchtigung war f\u00fcr Adolf Hitler ein wichtiger Charakterzug der Jugend. Das begr\u00fcndet sich im rassistischen Biologismus des NS-Regimes. Jeder Junge sollte darauf getrimmt werden, der Beste sein zu wollen, was zu einer rassischen Auslese f\u00fchren sollte. Diese Art der Ert\u00fcchtigung sollte bei den Jugendlichen das Gef\u00fchl der \u00dcberlegenheit gegen\u00fcber anderen erzeugen.<\/p>\n\n\n\n<p>Diese Ziele wurden schon von fr\u00fcher Jugend an verfolgt. Bereits im Alter von 10 Jahren wurden diese an die Kinder herangetragen. Ab dem Jahr 1936 waren die 10- bis 14-j\u00e4hrigen Jungen im \u201eJungvolk\u201c und die 14- bis 18-j\u00e4hrigen zwangsweise in der \u201eHitlerjugend\u201c (HJ) organisiert.<\/p>\n\n\n\n<p>Auf die jugendlichen M\u00e4nner wurde milit\u00e4rischer Drill ausge\u00fcbt. Im Gegensatz zu fr\u00fcheren Jugendorganisationen war die Hitlerjugend mit Appellen, Gel\u00e4ndesport und Luftgewehrschie\u00dfen stramm durchorganisiert. Zudem wurden Gel\u00e4ndekenntnisse vermittelt und weltanschauliche Vortr\u00e4ge gehalten. Die Erziehung zum nationalsozialistischen und damit politischen Soldaten war das erkl\u00e4rte Ziel der Hitlerjugend. Es sollte eine Ehre sein, f\u00fcr F\u00fchrer, Volk und Vaterland zu sterben. Das war auch die oberste Maxime der nationalsozialistischen P\u00e4dagogen.<\/p>\n\n\n\n<p>1933 griffen die Nationalsozialisten einschneidend in die Organisationsstruktur des Sports ein und zerschlugen sie bzw. formten sie um. 1935\/1936 wurden die b\u00fcrgerlichen Vereine v\u00f6llig gleichgeschaltet; sie mussten die demokratischen Strukturen aufgeben und sich dem F\u00fchrerprinzip beugen. Die Arbeitersportvereine wurden zum Teil gewaltsam aufgel\u00f6st. Mit der Gr\u00fcndung des Reichsbundes f\u00fcr Leibes\u00fcbungen war die Gleichschaltung im Sport abgeschlossen. Der Sport in Deutschland hatte seine ganz klare Zielsetzung erhalten: er sollte milit\u00e4rische Aufbauarbeit leisten. An der \u201eHeimatfront\u201c, wie der Stadt Dresden lief deshalb der Sportbetrieb trotz Kriegsbedingungen weiter, jedoch mussten immer mehr Sportler an die Front.<\/p>\n\n\n\n<p>Am 30. August 1941 wurde den Juden Sport aller Arten, alle Vereine und selbst die Dachverb\u00e4nde verboten.<\/p>\n\n\n\n<p>Ein wesentlicher Akteur bei der Umsetzung der Sportpolitik des Nationalsozialismus in Dresden und Sachsen war Kurt Gruber.<\/p>\n\n\n\n<p>Er wurde am 21.10.1904 in Syrau\/Plauen geboren. Bereits mit knapp 18 Jahren war er F\u00fchrer der Ortsgruppe <a href=\"https:\/\/de.wikipedia.org\/wiki\/Plauen\" target=\"_blank\" rel=\"noreferrer noopener\">Plauen<\/a> des <a href=\"https:\/\/de.wikipedia.org\/wiki\/Hitlerjugend#Vorl%C3%A4ufer\" target=\"_blank\" rel=\"noreferrer noopener\">Jugendbundes der NSDAP<\/a>. In dieser Zeit fungierte er auch als Landesleiter des Landesverbandes Sachsen, der sich am 10. Oktober 1922 als Teil der nationalsozialistischen Jugendbewegung konstituiert hatte und trat 1923 in die NSDAP ein.<\/p>\n\n\n\n<p>Nach dem reichsweiten Verbot der NSDAP 1923 war Gruber weiter in der Jugendarbeit t\u00e4tig. 1924 wurde er Leiter des Landesverbandes Sachsen der Gro\u00dfdeutschen Jugendbewegung (GDJB).<\/p>\n\n\n\n<p>Nach der der Neugr\u00fcndung der NSDAP im Februar 1925 trat er am 10. Juni 1925 wieder in die NSDAP ein.<\/p>\n\n\n\n<p>Seine Funktion hie\u00df nun F\u00fchrer des GDJB, die zur offiziellen Jugendorganisation der NSDAP wurde. Im Juli 1926 wurde sie in \u201eHitlerjugend, Bund deutscher Arbeiterjugend\u201c umbenannt. Im Juli 1927 wurde Kurt Gruber Reichsf\u00fchrer der HJ.<\/p>\n\n\n\n<p>Seine juristische Ausbildung schloss er 1927 in M\u00fcnchen mit dem juristischen Staatsexamen ab. Danach wirkte er als Referendar bei den Amtsgerichten Werdau und Plauen. Ende 1928 wurde er wegen politischer Bet\u00e4tigung f\u00fcr die NSDAP aus dem Staatsdienst entlassen.<\/p>\n\n\n\n<p>Seine Parteikarriere setzte er weiter fort, 1930 zog er als Abgeordneter der NSDAP in den deutschen Reichstag ein.<\/p>\n\n\n\n<p>Am 29. Oktober 1931 trat er nach seiner schrittweisen Entmachtung als Reichsf\u00fchrer der HJ. zur\u00fcck.<\/p>\n\n\n\n<p>F\u00fcr kurze Zeit arbeitete Gruber als Jugendberater bei der <a href=\"https:\/\/de.wikipedia.org\/wiki\/Reichsleitung_der_NSDAP\" target=\"_blank\" rel=\"noreferrer noopener\">Reichsleitung der NSDAP<\/a> in M\u00fcnchen. 1932 wurde er als Gauamtsleiter zun\u00e4chst Gesch\u00e4ftsf\u00fchrer im Amt f\u00fcr Kommunalpolitik der NSDAP-Gauleitung Sachsen. Anschlie\u00dfend begleitete er Partei\u00e4mter im Gau Sachsen auf dem Gebiet der Kommunalpolitik und der politischen Erziehung.<\/p>\n\n\n\n<p>Gruber war seit Mai 1935 Stadtrat von Dresden, ab 1936 Sportgauf\u00fchrer Sachsen und ab November 1940 Dezernent f\u00fcr staatliche Sportaufsicht.<\/p>\n\n\n\n<p>Im Alter von 39 Jahren starb Kurt Gruber an den Folgen eines <a href=\"https:\/\/de.wikipedia.org\/wiki\/Schlaganfall\" target=\"_blank\" rel=\"noreferrer noopener\">Schlaganfalls<\/a>. Auf Anordnung von Gauleiter <a href=\"https:\/\/de.wikipedia.org\/wiki\/Martin_Mutschmann\" target=\"_blank\" rel=\"noreferrer noopener\">Martin Mutschmann<\/a> erhielt er am 30. Dezember 1943 ein Parteibegr\u00e4bnis im Lichthof des <a href=\"https:\/\/de.wikipedia.org\/wiki\/Neues_Rathaus_(Dresden)\" target=\"_blank\" rel=\"noreferrer noopener\">Dresdner Rathauses<\/a>.<\/p>\n\n\n\n<p>In der Biografie von Kurt Gruber wird das strukturelle Zusammenspiel der Partei, des Staates und der Sportbewegung unter der Herrschaft der Nationalsozialisten besonders deutlich.<\/p>\n\n\n\n<h4 class=\"wp-block-heading\">Literatur<\/h4>\n\n\n\n<ul class=\"wp-block-list\"><li>Alexander Engel: Das Geschlechterverh\u00e4ltnis zu Zeiten des Nationalsozialismus, 2019 Hausarbeit<\/li><li><a href=\"https:\/\/de.wikipedia.org\/wiki\/Michael_Buddrus\">Michael Buddrus<\/a>: Totale Erziehung f\u00fcr den totalen Krieg. Hitlerjugend und nationalsozialistische Jugendpolitik. Saur, M\u00fcnchen 2003, <a href=\"https:\/\/de.wikipedia.org\/wiki\/Spezial:ISBN-Suche\/3598116152\">ISBN 3598116152<\/a>.<\/li><li><a href=\"https:\/\/de.wikipedia.org\/wiki\/Ernst_Klee\">Ernst Klee<\/a>: Das Personenlexikon zum Dritten Reich. Fischer, Frankfurt am Main 2007. <a href=\"https:\/\/de.wikipedia.org\/wiki\/Spezial:ISBN-Suche\/9783596160488\">ISBN 978-3-596-16048-8<\/a>. (Aktualisierte 2. Auflage)<\/li><li>Peter R\u00f6hrig, Sportwissenschaftliches Lexikon &#8211; Beitr\u00e4ge zur Lehre und Forschung im Sport. 7. Auflage. Hofmann Verlag. 2003<\/li><li><br>Peiffer, Lorenz: Sport im Nationalsozialismus: Zum aktuellen Stand der sporthistorischen Forschung: Eine kommentierte Bibliografie. 3. Auflage. Verlag die Werkstatt GmbH. 2015<\/li><li><a href=\"http:\/\/www.schlossbergmuseum.de\/templates\/archiv\/sportstadt\/c5-IIIreich.htm\">http:\/\/www.schlossbergmuseum.de\/templates\/archiv\/sportstadt\/c5-IIIreich.htm<\/a><\/li><li>Kurzbiographien ausgew\u00e4hlter HJ-F\u00fchrer und BDM-F\u00fchrerinnen &#8211; <a href=\"https:\/\/www.degruyter.com\/document\/doi\/10.1515\/9783110967951-021\/html\">https:\/\/www.degruyter.com\/document\/doi\/10.1515\/9783110967951-021\/html<\/a><\/li><\/ul>\n","protected":false},"excerpt":{"rendered":"<p>Wir stehen hier in der N\u00e4he des Luftbads und Sportplatz am ehemaligen Hindenburgufer, dem heutigen K\u00e4the-Kollwitz-Ufer. Um das Jahr 1922 wurden das Freibad und der Sportplatz sowie diverse Nebengeb\u00e4ude errichtet. Die k\u00f6rperliche Ert\u00fcchtigung war&#46;&#46;&#46;<\/p>\n","protected":false},"author":3,"featured_media":0,"parent":8343,"menu_order":3,"comment_status":"closed","ping_status":"closed","template":"","meta":{"_monsterinsights_skip_tracking":false,"_monsterinsights_sitenote_active":false,"_monsterinsights_sitenote_note":"","_monsterinsights_sitenote_category":0,"footnotes":""},"class_list":["post-8701","page","type-page","status-publish","hentry"],"yoast_head":"<!-- This site is optimized with the Yoast SEO plugin v27.2 - https:\/\/yoast.com\/product\/yoast-seo-wordpress\/ -->\n<title>Reichwehrerziehung - der Sportplatz am Hindenburgufer<\/title>\n<meta name=\"robots\" content=\"index, follow, max-snippet:-1, max-image-preview:large, max-video-preview:-1\" \/>\n<link rel=\"canonical\" href=\"https:\/\/dresden-nazifrei.com\/kampa\/erinnerungskultur\/mahngang-taeterspuren-2022\/reichwehrerziehung-sportplatz-hindenburgufer\/\" \/>\n<meta property=\"og:locale\" content=\"de_DE\" \/>\n<meta property=\"og:type\" content=\"article\" \/>\n<meta property=\"og:title\" content=\"Reichwehrerziehung - der Sportplatz am Hindenburgufer\" \/>\n<meta property=\"og:description\" content=\"Wir stehen hier in der N\u00e4he des Luftbads und Sportplatz am ehemaligen Hindenburgufer, dem heutigen K\u00e4the-Kollwitz-Ufer. Um das Jahr 1922 wurden das Freibad und der Sportplatz sowie diverse Nebengeb\u00e4ude errichtet. Die k\u00f6rperliche Ert\u00fcchtigung war&#046;&#046;&#046;\" \/>\n<meta property=\"og:url\" content=\"https:\/\/dresden-nazifrei.com\/kampa\/erinnerungskultur\/mahngang-taeterspuren-2022\/reichwehrerziehung-sportplatz-hindenburgufer\/\" \/>\n<meta property=\"og:site_name\" content=\"Dresden WiEdersetzen\" \/>\n<meta property=\"article:publisher\" content=\"https:\/\/www.facebook.com\/dresden.stellt.sich.quer\/\" \/>\n<meta property=\"article:modified_time\" content=\"2022-04-11T18:38:11+00:00\" \/>\n<meta property=\"og:image\" content=\"https:\/\/dresden-nazifrei.com\/kampa\/wp-content\/uploads\/2021\/01\/Stadt-FB-Rot.png\" \/>\n\t<meta property=\"og:image:width\" content=\"1600\" \/>\n\t<meta property=\"og:image:height\" content=\"900\" \/>\n\t<meta property=\"og:image:type\" content=\"image\/png\" \/>\n<meta name=\"twitter:card\" content=\"summary_large_image\" \/>\n<meta name=\"twitter:site\" content=\"@dd_nazifrei\" \/>\n<meta name=\"twitter:label1\" content=\"Gesch\u00e4tzte Lesezeit\" \/>\n\t<meta name=\"twitter:data1\" content=\"5\u00a0Minuten\" \/>\n<script type=\"application\/ld+json\" class=\"yoast-schema-graph\">{\"@context\":\"https:\/\/schema.org\",\"@graph\":[{\"@type\":\"WebPage\",\"@id\":\"https:\/\/dresden-nazifrei.com\/kampa\/erinnerungskultur\/mahngang-taeterspuren-2022\/reichwehrerziehung-sportplatz-hindenburgufer\/\",\"url\":\"https:\/\/dresden-nazifrei.com\/kampa\/erinnerungskultur\/mahngang-taeterspuren-2022\/reichwehrerziehung-sportplatz-hindenburgufer\/\",\"name\":\"Reichwehrerziehung - der Sportplatz am Hindenburgufer\",\"isPartOf\":{\"@id\":\"https:\/\/dresden-nazifrei.com\/kampa\/#website\"},\"datePublished\":\"2022-04-11T18:32:57+00:00\",\"dateModified\":\"2022-04-11T18:38:11+00:00\",\"breadcrumb\":{\"@id\":\"https:\/\/dresden-nazifrei.com\/kampa\/erinnerungskultur\/mahngang-taeterspuren-2022\/reichwehrerziehung-sportplatz-hindenburgufer\/#breadcrumb\"},\"inLanguage\":\"de\",\"potentialAction\":[{\"@type\":\"ReadAction\",\"target\":[\"https:\/\/dresden-nazifrei.com\/kampa\/erinnerungskultur\/mahngang-taeterspuren-2022\/reichwehrerziehung-sportplatz-hindenburgufer\/\"]}]},{\"@type\":\"BreadcrumbList\",\"@id\":\"https:\/\/dresden-nazifrei.com\/kampa\/erinnerungskultur\/mahngang-taeterspuren-2022\/reichwehrerziehung-sportplatz-hindenburgufer\/#breadcrumb\",\"itemListElement\":[{\"@type\":\"ListItem\",\"position\":1,\"name\":\"Startseite\",\"item\":\"https:\/\/dresden-nazifrei.com\/kampa\/\"},{\"@type\":\"ListItem\",\"position\":2,\"name\":\"Erinnerungskultur\",\"item\":\"https:\/\/dresden-nazifrei.com\/kampa\/erinnerungskultur\/\"},{\"@type\":\"ListItem\",\"position\":3,\"name\":\"Mahngang T\u00e4ter*innenspuren 2022\",\"item\":\"https:\/\/dresden-nazifrei.com\/kampa\/erinnerungskultur\/mahngang-taeterspuren-2022\/\"},{\"@type\":\"ListItem\",\"position\":4,\"name\":\"Reichwehrerziehung &#8211; der Sportplatz am Hindenburgufer\"}]},{\"@type\":\"WebSite\",\"@id\":\"https:\/\/dresden-nazifrei.com\/kampa\/#website\",\"url\":\"https:\/\/dresden-nazifrei.com\/kampa\/\",\"name\":\"Dresden WiEdersetzen\",\"description\":\"Dresden stellt sich quer\",\"publisher\":{\"@id\":\"https:\/\/dresden-nazifrei.com\/kampa\/#organization\"},\"potentialAction\":[{\"@type\":\"SearchAction\",\"target\":{\"@type\":\"EntryPoint\",\"urlTemplate\":\"https:\/\/dresden-nazifrei.com\/kampa\/?s={search_term_string}\"},\"query-input\":{\"@type\":\"PropertyValueSpecification\",\"valueRequired\":true,\"valueName\":\"search_term_string\"}}],\"inLanguage\":\"de\"},{\"@type\":\"Organization\",\"@id\":\"https:\/\/dresden-nazifrei.com\/kampa\/#organization\",\"name\":\"Dresden Nazifrei\",\"url\":\"https:\/\/dresden-nazifrei.com\/kampa\/\",\"logo\":{\"@type\":\"ImageObject\",\"inLanguage\":\"de\",\"@id\":\"https:\/\/dresden-nazifrei.com\/kampa\/#\/schema\/logo\/image\/\",\"url\":\"https:\/\/dresden-nazifrei.com\/kampa\/wp-content\/uploads\/2021\/03\/Logo-Schwarz-Rot.png\",\"contentUrl\":\"https:\/\/dresden-nazifrei.com\/kampa\/wp-content\/uploads\/2021\/03\/Logo-Schwarz-Rot.png\",\"width\":500,\"height\":500,\"caption\":\"Dresden Nazifrei\"},\"image\":{\"@id\":\"https:\/\/dresden-nazifrei.com\/kampa\/#\/schema\/logo\/image\/\"},\"sameAs\":[\"https:\/\/www.facebook.com\/dresden.stellt.sich.quer\/\",\"https:\/\/x.com\/dd_nazifrei\",\"https:\/\/www.instagram.com\/dd_nazifrei\/\",\"https:\/\/www.youtube.com\/channel\/UC2w1_etudyqY1XziVPgba8Q\"]}]}<\/script>\n<!-- \/ Yoast SEO plugin. -->","yoast_head_json":{"title":"Reichwehrerziehung - der Sportplatz am Hindenburgufer","robots":{"index":"index","follow":"follow","max-snippet":"max-snippet:-1","max-image-preview":"max-image-preview:large","max-video-preview":"max-video-preview:-1"},"canonical":"https:\/\/dresden-nazifrei.com\/kampa\/erinnerungskultur\/mahngang-taeterspuren-2022\/reichwehrerziehung-sportplatz-hindenburgufer\/","og_locale":"de_DE","og_type":"article","og_title":"Reichwehrerziehung - der Sportplatz am Hindenburgufer","og_description":"Wir stehen hier in der N\u00e4he des Luftbads und Sportplatz am ehemaligen Hindenburgufer, dem heutigen K\u00e4the-Kollwitz-Ufer. Um das Jahr 1922 wurden das Freibad und der Sportplatz sowie diverse Nebengeb\u00e4ude errichtet. Die k\u00f6rperliche Ert\u00fcchtigung war&#46;&#46;&#46;","og_url":"https:\/\/dresden-nazifrei.com\/kampa\/erinnerungskultur\/mahngang-taeterspuren-2022\/reichwehrerziehung-sportplatz-hindenburgufer\/","og_site_name":"Dresden WiEdersetzen","article_publisher":"https:\/\/www.facebook.com\/dresden.stellt.sich.quer\/","article_modified_time":"2022-04-11T18:38:11+00:00","og_image":[{"width":1600,"height":900,"url":"https:\/\/dresden-nazifrei.com\/kampa\/wp-content\/uploads\/2021\/01\/Stadt-FB-Rot.png","type":"image\/png"}],"twitter_card":"summary_large_image","twitter_site":"@dd_nazifrei","twitter_misc":{"Gesch\u00e4tzte Lesezeit":"5\u00a0Minuten"},"schema":{"@context":"https:\/\/schema.org","@graph":[{"@type":"WebPage","@id":"https:\/\/dresden-nazifrei.com\/kampa\/erinnerungskultur\/mahngang-taeterspuren-2022\/reichwehrerziehung-sportplatz-hindenburgufer\/","url":"https:\/\/dresden-nazifrei.com\/kampa\/erinnerungskultur\/mahngang-taeterspuren-2022\/reichwehrerziehung-sportplatz-hindenburgufer\/","name":"Reichwehrerziehung - der Sportplatz am Hindenburgufer","isPartOf":{"@id":"https:\/\/dresden-nazifrei.com\/kampa\/#website"},"datePublished":"2022-04-11T18:32:57+00:00","dateModified":"2022-04-11T18:38:11+00:00","breadcrumb":{"@id":"https:\/\/dresden-nazifrei.com\/kampa\/erinnerungskultur\/mahngang-taeterspuren-2022\/reichwehrerziehung-sportplatz-hindenburgufer\/#breadcrumb"},"inLanguage":"de","potentialAction":[{"@type":"ReadAction","target":["https:\/\/dresden-nazifrei.com\/kampa\/erinnerungskultur\/mahngang-taeterspuren-2022\/reichwehrerziehung-sportplatz-hindenburgufer\/"]}]},{"@type":"BreadcrumbList","@id":"https:\/\/dresden-nazifrei.com\/kampa\/erinnerungskultur\/mahngang-taeterspuren-2022\/reichwehrerziehung-sportplatz-hindenburgufer\/#breadcrumb","itemListElement":[{"@type":"ListItem","position":1,"name":"Startseite","item":"https:\/\/dresden-nazifrei.com\/kampa\/"},{"@type":"ListItem","position":2,"name":"Erinnerungskultur","item":"https:\/\/dresden-nazifrei.com\/kampa\/erinnerungskultur\/"},{"@type":"ListItem","position":3,"name":"Mahngang T\u00e4ter*innenspuren 2022","item":"https:\/\/dresden-nazifrei.com\/kampa\/erinnerungskultur\/mahngang-taeterspuren-2022\/"},{"@type":"ListItem","position":4,"name":"Reichwehrerziehung &#8211; der Sportplatz am Hindenburgufer"}]},{"@type":"WebSite","@id":"https:\/\/dresden-nazifrei.com\/kampa\/#website","url":"https:\/\/dresden-nazifrei.com\/kampa\/","name":"Dresden WiEdersetzen","description":"Dresden stellt sich quer","publisher":{"@id":"https:\/\/dresden-nazifrei.com\/kampa\/#organization"},"potentialAction":[{"@type":"SearchAction","target":{"@type":"EntryPoint","urlTemplate":"https:\/\/dresden-nazifrei.com\/kampa\/?s={search_term_string}"},"query-input":{"@type":"PropertyValueSpecification","valueRequired":true,"valueName":"search_term_string"}}],"inLanguage":"de"},{"@type":"Organization","@id":"https:\/\/dresden-nazifrei.com\/kampa\/#organization","name":"Dresden Nazifrei","url":"https:\/\/dresden-nazifrei.com\/kampa\/","logo":{"@type":"ImageObject","inLanguage":"de","@id":"https:\/\/dresden-nazifrei.com\/kampa\/#\/schema\/logo\/image\/","url":"https:\/\/dresden-nazifrei.com\/kampa\/wp-content\/uploads\/2021\/03\/Logo-Schwarz-Rot.png","contentUrl":"https:\/\/dresden-nazifrei.com\/kampa\/wp-content\/uploads\/2021\/03\/Logo-Schwarz-Rot.png","width":500,"height":500,"caption":"Dresden Nazifrei"},"image":{"@id":"https:\/\/dresden-nazifrei.com\/kampa\/#\/schema\/logo\/image\/"},"sameAs":["https:\/\/www.facebook.com\/dresden.stellt.sich.quer\/","https:\/\/x.com\/dd_nazifrei","https:\/\/www.instagram.com\/dd_nazifrei\/","https:\/\/www.youtube.com\/channel\/UC2w1_etudyqY1XziVPgba8Q"]}]}},"_links":{"self":[{"href":"https:\/\/dresden-nazifrei.com\/kampa\/wp-json\/wp\/v2\/pages\/8701","targetHints":{"allow":["GET"]}}],"collection":[{"href":"https:\/\/dresden-nazifrei.com\/kampa\/wp-json\/wp\/v2\/pages"}],"about":[{"href":"https:\/\/dresden-nazifrei.com\/kampa\/wp-json\/wp\/v2\/types\/page"}],"author":[{"embeddable":true,"href":"https:\/\/dresden-nazifrei.com\/kampa\/wp-json\/wp\/v2\/users\/3"}],"replies":[{"embeddable":true,"href":"https:\/\/dresden-nazifrei.com\/kampa\/wp-json\/wp\/v2\/comments?post=8701"}],"version-history":[{"count":4,"href":"https:\/\/dresden-nazifrei.com\/kampa\/wp-json\/wp\/v2\/pages\/8701\/revisions"}],"predecessor-version":[{"id":8707,"href":"https:\/\/dresden-nazifrei.com\/kampa\/wp-json\/wp\/v2\/pages\/8701\/revisions\/8707"}],"up":[{"embeddable":true,"href":"https:\/\/dresden-nazifrei.com\/kampa\/wp-json\/wp\/v2\/pages\/8343"}],"wp:attachment":[{"href":"https:\/\/dresden-nazifrei.com\/kampa\/wp-json\/wp\/v2\/media?parent=8701"}],"curies":[{"name":"wp","href":"https:\/\/api.w.org\/{rel}","templated":true}]}}