{"id":8723,"date":"2022-04-12T10:56:35","date_gmt":"2022-04-12T08:56:35","guid":{"rendered":"https:\/\/dresden-nazifrei.com\/?page_id=8723"},"modified":"2022-04-12T10:58:45","modified_gmt":"2022-04-12T08:58:45","slug":"frauen-ns-justiz","status":"publish","type":"page","link":"https:\/\/dresden-nazifrei.com\/kampa\/erinnerungskultur\/mahngang-taeterspuren-2022\/frauen-ns-justiz\/","title":{"rendered":"Frauen in der NS-Justiz"},"content":{"rendered":"\n<p>Der Mahngang besuchte schon mehrfach die \u201eMathilde\u201c, das in der Zeit der Nazis ber\u00fcchtigte Gef\u00e4ngnis, besonders f\u00fcr Menschen j\u00fcdischen Glaubens oder in der damaligen Tschechei Geborene. Von diesem Gef\u00e4ngnis zeugt davon seit 1975 der Gedenkstein in deutscher und tschechischer Sprache.<\/p>\n\n\n\n<p>Heute wollen wir auf den T\u00e4ter Otto Georg Thierack und die Diskriminierung von Frauen in der NS Justiz am Beispiel der Juristin Inge Hertwig, geborene Sternfeld, hinweisen.<\/p>\n\n\n\n<p>Nichts mehr deutet auf den ehemaligen \u201eJustizort Dresden\u201c hin. In dem Areal hinter dem Gedenkstein war auch das Oberlandesgericht, in dem auch verschiedene Sondergerichte untergebracht waren. Zu diesen Sondergerichten geh\u00f6rte der sogenannte \u201eVolksgerichtshof\u201c, dessen Pr\u00e4sident war ab 1936 Otto Georg Thierack war.<\/p>\n\n\n\n<p>Der am 19. April 1989 in Wurzen geborene Sohn eines Kaufmanns begann 1010 ein juristisches Studium in Marburg und M\u00fcnchen. Im Verlauf seines Studiums trat er in eine pflichtschlagende und farbentragende Studentenverbindung in Marburg ein. Im ersten Weltkrieg diente er als Kriegsfreiwilliger, zuletzt im Range eines Leutnants. Er erlitt im Krieg eine Gesichtsverletzung und wurde mit dem Eisernen Kreuz II. Klasse ausgezeichnet. Nach dem Krieg setzte er seine juristische Ausbildung fort und schloss sie 1920 mit dem Assessor Examen ab. Danach arbeitete er als Gerichtsassessor in Sachsen und ab dem 01. Oktober 1926 als Staatsanwalt beim Oberlandesgericht.<\/p>\n\n\n\n<p>Er erkannte die NSDAP als die neue politische Kraft in Deutschland und sie entsprach offenbar seinen politischen Vorstellungen. Am 1. August 1932 trat er in die NSDAP und nach der Machtergreifung am 15. Februar 1934 in die SA ein.<\/p>\n\n\n\n<p>Am 12. Mai 1933 wurde er zum s\u00e4chsischen Justizminister ernannt. Seine Aufgabe war die Vereinheitlichung und S\u00e4uberung der Justiz. Er erf\u00fcllt diese Aufgabe ebenso wie alle anderen Aufgaben der Partei mit H\u00e4rte und ohne Skrupel. Seine kompromisslose Durchsetzung des \u201eF\u00fchrerwillens\u201c brachte ihm im 30. Januar 1943 das Goldene Parteiabzeichen ein. Er entging dem N\u00fcrnberger Juristenprozess durch Selbstmord im Internierungslager Eselheide.<\/p>\n\n\n\n<p>Eines der Opfer von Thierack war die Anw\u00e4ltin Inge Hertwig, geborene Sternfeld. Sie wurde am 27.07.1906 in Berlin als Tochter eine assimilierten deutsch-j\u00fcdischen Kaufmannsfamilie geboren. Ihr Vater hatte sich, genau wie Otto Georg Thierack, im 1. Weltkrieg als Freiwilliger gemeldet.<\/p>\n\n\n\n<p>Inge Sternfeld war als Frau und J\u00fcdin gleich in doppelter Hinsicht von den \u201eS\u00e4uberungen\u201c in der Justiz betroffen. Unter der \u00dcberschrift \u201eEntlassung aus dem Justizdienst\u201c berichtete der \u201eDresdner Anzeiger\u201c am 21.04.1933 ein Vertretungsverbot f\u00fcr j\u00fcdische Rechtsanw\u00e4ltinnen, darunter auch von Inge Sternfeld. Der damalige Justizminister Thierack zog Ende April ihre Zulassung wegen \u201enichtarischer Abstammung\u201c zur\u00fcck. Er berief sich dabei auf das erst kurz vorher verabschiedete \u201eGesetz \u00fcber die Zulassung zur Rechtsanwaltschaft\u201c vom 07.04.1933.<\/p>\n\n\n\n<p>Die unbestrittene fachliche Kompetenz von Inge Sternfeld spielte keine Rolle. Sie passte nicht in das Frauenbild der Nazis. Nach 1935 durften Frauen keine juristischen Berufe mehr ergreifen. Die Rolle der Frauen beschrieb die Referentin f\u00fcr Frauenfragen im Reichsministerium des Innern, Paula Silber von Groote bereits 1933 so: \u201eDass \u2026 ist das Bekenntnis des Nationalsozialismus zur Frau, dass in ihrem Scho\u00dfe die Zukunft des Volkes ruht\u201c.<\/p>\n\n\n\n<p>Inge Sternfeld war nach dem Entzug ihrer Zulassung niemals wieder als Juristin t\u00e4tig. Sie litt danach unter erheblichen Repressionen. Die Firma \u00bbBergmann &amp; Selo\u00ab, bei der sie 1934 eine Anstellung als B\u00fcroangestellte hatte, entlie\u00df sie 1937 auf \u201eeigenen Wunsch und der besonderen Verh\u00e4ltnisse wegen\u201c, wie es in ihrem Zeugnis zu lesen ist.<\/p>\n\n\n\n<blockquote class=\"wp-block-quote is-layout-flow wp-block-quote-is-layout-flow\"><p>\u201eFr\u00e4ulein Dr. Inge Sternfeld, Dresden, ist vom 01.11.1934 bis heute, 27. Februar 1937 bei uns t\u00e4tig gewesen.<br><br>Sie hat dank ihrer Ausbildung und juristischen Kenntnisse alle ihr zugewiesenen Arbeiten verst\u00e4ndnisvoll ausgef\u00fchrt und uns bei Erledigung ihrer Obliegenheiten, die insbesondere in der Bearbeitung von Exportabrechnungen und \u00e4hnlichen bestanden, wertvolle Dienste geleistet.<br><br>Ihre Fertigkeiten und Fertigkeiten im Maschineschreiben konnte sie dabei mit verwenden.<br><br>Ihre angenehmen Umgangsformen und vertr\u00e4gliche Charaktereigenschaften machen Fr\u00e4ulein Dr. Sternfeld zur sch\u00e4tzenswerten Mitarbeiterin.<br><br>Bei ihrem heutigen Abgange, der auf eigenen Wunsch und besonderer Verh\u00e4ltnisse wegen erfolgt, begleiten sie unsere besten W\u00fcnsche auf ihrem zuk\u00fcnftigen Lebensweg.\u201c<\/p><\/blockquote>\n\n\n\n<p>\u201eBesondere Verh\u00e4ltnisse\u201c \u2013 so wurde die Nazi-Herrschaft umschrieben. Diese Verh\u00e4ltnisse waren von Nationalismus und Rassismus in unvorstellbar grausamer Form gepr\u00e4gt. T\u00e4ter wie Otto Georg Thierack waren f\u00fcr diese Verh\u00e4ltnisse mit verantwortlich.<\/p>\n\n\n\n<h4 class=\"wp-block-heading\">Quellen<\/h4>\n\n\n\n<p>Konstanze Braun: Dr. Otto Georg Thierack (1889\u20131946), zugl. Diss. Universit\u00e4t Kiel, Frankfurt am Main 2005, <a href=\"https:\/\/de.wikipedia.org\/wiki\/Spezial:ISBN-Suche\/363154457X\">ISBN 3-631-54457-X<\/a>. (<a href=\"http:\/\/www.sehepunkte.de\/2009\/04\/12543.html\">Rezension<\/a> von <a href=\"https:\/\/de.wikipedia.org\/wiki\/J%C3%BCrgen_Zarusky\">J\u00fcrgen Zarusky<\/a>, sehepunkte.de)<\/p>\n\n\n\n<p>Sarah Sch\u00e4dler: \u201eJustizkrise\u201c und \u201eJustizreform\u201c im Nationalsozialismus. Das Reichsjustizministerium unter Reichsjustizminister Thierack (1942\u20131945). Mohr Siebeck, T\u00fcbingen 2009, <a href=\"https:\/\/de.wikipedia.org\/wiki\/Spezial:ISBN-Suche\/9783161496752\">ISBN 978-3-16-149675-2<\/a><\/p>\n\n\n\n<p>Seiten aus Politische Justiz, Video-Interview mit Prof. Hans Sternfeld am 23. 6. 2010, Archiv GMPD, Privatbesitz Prof. Hans Sternfeld<\/p>\n\n\n\n<p>Dresdner Anzeiger, 21. 4. 1933<\/p>\n\n\n\n<p>Dresdner Hefte \u2013 Nr. 147 &#8211; S.50: Annett Dudek \u201eGlaube und Sch\u00f6nheit\u201c Frauen in der NS Zeit<\/p>\n\n\n\n<p>.<\/p>\n","protected":false},"excerpt":{"rendered":"<p>Der Mahngang besuchte schon mehrfach die \u201eMathilde\u201c, das in der Zeit der Nazis ber\u00fcchtigte Gef\u00e4ngnis, besonders f\u00fcr Menschen j\u00fcdischen Glaubens oder in der damaligen Tschechei Geborene. Von diesem Gef\u00e4ngnis zeugt davon seit 1975 der&#46;&#46;&#46;<\/p>\n","protected":false},"author":3,"featured_media":0,"parent":8343,"menu_order":7,"comment_status":"closed","ping_status":"closed","template":"","meta":{"_monsterinsights_skip_tracking":false,"_monsterinsights_sitenote_active":false,"_monsterinsights_sitenote_note":"","_monsterinsights_sitenote_category":0,"footnotes":""},"class_list":["post-8723","page","type-page","status-publish","hentry"],"yoast_head":"<!-- This site is optimized with the Yoast SEO plugin v27.2 - https:\/\/yoast.com\/product\/yoast-seo-wordpress\/ -->\n<title>Frauen in der NS-Justiz - Dresden WiEdersetzen<\/title>\n<meta name=\"description\" content=\"Wir wollen auf den T\u00e4ter Otto Georg Thierack und die Diskriminierung von Frauen in der NS-Justiz hinweisen. \u2026\" \/>\n<meta name=\"robots\" content=\"index, follow, max-snippet:-1, max-image-preview:large, max-video-preview:-1\" \/>\n<link rel=\"canonical\" href=\"https:\/\/dresden-nazifrei.com\/kampa\/erinnerungskultur\/mahngang-taeterspuren-2022\/frauen-ns-justiz\/\" \/>\n<meta property=\"og:locale\" content=\"de_DE\" \/>\n<meta property=\"og:type\" content=\"article\" \/>\n<meta property=\"og:title\" content=\"Frauen in der NS-Justiz - Dresden WiEdersetzen\" \/>\n<meta property=\"og:description\" content=\"Wir wollen auf den T\u00e4ter Otto Georg Thierack und die Diskriminierung von Frauen in der NS-Justiz hinweisen. \u2026\" \/>\n<meta property=\"og:url\" content=\"https:\/\/dresden-nazifrei.com\/kampa\/erinnerungskultur\/mahngang-taeterspuren-2022\/frauen-ns-justiz\/\" \/>\n<meta property=\"og:site_name\" content=\"Dresden WiEdersetzen\" \/>\n<meta property=\"article:publisher\" content=\"https:\/\/www.facebook.com\/dresden.stellt.sich.quer\/\" \/>\n<meta property=\"article:modified_time\" content=\"2022-04-12T08:58:45+00:00\" \/>\n<meta property=\"og:image\" content=\"https:\/\/dresden-nazifrei.com\/kampa\/wp-content\/uploads\/2021\/01\/Stadt-FB-Rot.png\" \/>\n\t<meta property=\"og:image:width\" content=\"1600\" \/>\n\t<meta property=\"og:image:height\" content=\"900\" \/>\n\t<meta property=\"og:image:type\" content=\"image\/png\" \/>\n<meta name=\"twitter:card\" content=\"summary_large_image\" \/>\n<meta name=\"twitter:site\" content=\"@dd_nazifrei\" \/>\n<meta name=\"twitter:label1\" content=\"Gesch\u00e4tzte Lesezeit\" \/>\n\t<meta name=\"twitter:data1\" content=\"5\u00a0Minuten\" \/>\n<script type=\"application\/ld+json\" class=\"yoast-schema-graph\">{\"@context\":\"https:\/\/schema.org\",\"@graph\":[{\"@type\":\"WebPage\",\"@id\":\"https:\/\/dresden-nazifrei.com\/kampa\/erinnerungskultur\/mahngang-taeterspuren-2022\/frauen-ns-justiz\/\",\"url\":\"https:\/\/dresden-nazifrei.com\/kampa\/erinnerungskultur\/mahngang-taeterspuren-2022\/frauen-ns-justiz\/\",\"name\":\"Frauen in der NS-Justiz - Dresden WiEdersetzen\",\"isPartOf\":{\"@id\":\"https:\/\/dresden-nazifrei.com\/kampa\/#website\"},\"datePublished\":\"2022-04-12T08:56:35+00:00\",\"dateModified\":\"2022-04-12T08:58:45+00:00\",\"description\":\"Wir wollen auf den T\u00e4ter Otto Georg Thierack und die Diskriminierung von Frauen in der NS-Justiz hinweisen. \u2026\",\"breadcrumb\":{\"@id\":\"https:\/\/dresden-nazifrei.com\/kampa\/erinnerungskultur\/mahngang-taeterspuren-2022\/frauen-ns-justiz\/#breadcrumb\"},\"inLanguage\":\"de\",\"potentialAction\":[{\"@type\":\"ReadAction\",\"target\":[\"https:\/\/dresden-nazifrei.com\/kampa\/erinnerungskultur\/mahngang-taeterspuren-2022\/frauen-ns-justiz\/\"]}]},{\"@type\":\"BreadcrumbList\",\"@id\":\"https:\/\/dresden-nazifrei.com\/kampa\/erinnerungskultur\/mahngang-taeterspuren-2022\/frauen-ns-justiz\/#breadcrumb\",\"itemListElement\":[{\"@type\":\"ListItem\",\"position\":1,\"name\":\"Startseite\",\"item\":\"https:\/\/dresden-nazifrei.com\/kampa\/\"},{\"@type\":\"ListItem\",\"position\":2,\"name\":\"Erinnerungskultur\",\"item\":\"https:\/\/dresden-nazifrei.com\/kampa\/erinnerungskultur\/\"},{\"@type\":\"ListItem\",\"position\":3,\"name\":\"Mahngang T\u00e4ter*innenspuren 2022\",\"item\":\"https:\/\/dresden-nazifrei.com\/kampa\/erinnerungskultur\/mahngang-taeterspuren-2022\/\"},{\"@type\":\"ListItem\",\"position\":4,\"name\":\"Frauen in der NS-Justiz\"}]},{\"@type\":\"WebSite\",\"@id\":\"https:\/\/dresden-nazifrei.com\/kampa\/#website\",\"url\":\"https:\/\/dresden-nazifrei.com\/kampa\/\",\"name\":\"Dresden WiEdersetzen\",\"description\":\"Dresden stellt sich quer\",\"publisher\":{\"@id\":\"https:\/\/dresden-nazifrei.com\/kampa\/#organization\"},\"potentialAction\":[{\"@type\":\"SearchAction\",\"target\":{\"@type\":\"EntryPoint\",\"urlTemplate\":\"https:\/\/dresden-nazifrei.com\/kampa\/?s={search_term_string}\"},\"query-input\":{\"@type\":\"PropertyValueSpecification\",\"valueRequired\":true,\"valueName\":\"search_term_string\"}}],\"inLanguage\":\"de\"},{\"@type\":\"Organization\",\"@id\":\"https:\/\/dresden-nazifrei.com\/kampa\/#organization\",\"name\":\"Dresden Nazifrei\",\"url\":\"https:\/\/dresden-nazifrei.com\/kampa\/\",\"logo\":{\"@type\":\"ImageObject\",\"inLanguage\":\"de\",\"@id\":\"https:\/\/dresden-nazifrei.com\/kampa\/#\/schema\/logo\/image\/\",\"url\":\"https:\/\/dresden-nazifrei.com\/kampa\/wp-content\/uploads\/2021\/03\/Logo-Schwarz-Rot.png\",\"contentUrl\":\"https:\/\/dresden-nazifrei.com\/kampa\/wp-content\/uploads\/2021\/03\/Logo-Schwarz-Rot.png\",\"width\":500,\"height\":500,\"caption\":\"Dresden Nazifrei\"},\"image\":{\"@id\":\"https:\/\/dresden-nazifrei.com\/kampa\/#\/schema\/logo\/image\/\"},\"sameAs\":[\"https:\/\/www.facebook.com\/dresden.stellt.sich.quer\/\",\"https:\/\/x.com\/dd_nazifrei\",\"https:\/\/www.instagram.com\/dd_nazifrei\/\",\"https:\/\/www.youtube.com\/channel\/UC2w1_etudyqY1XziVPgba8Q\"]}]}<\/script>\n<!-- \/ Yoast SEO plugin. -->","yoast_head_json":{"title":"Frauen in der NS-Justiz - Dresden WiEdersetzen","description":"Wir wollen auf den T\u00e4ter Otto Georg Thierack und die Diskriminierung von Frauen in der NS-Justiz hinweisen. \u2026","robots":{"index":"index","follow":"follow","max-snippet":"max-snippet:-1","max-image-preview":"max-image-preview:large","max-video-preview":"max-video-preview:-1"},"canonical":"https:\/\/dresden-nazifrei.com\/kampa\/erinnerungskultur\/mahngang-taeterspuren-2022\/frauen-ns-justiz\/","og_locale":"de_DE","og_type":"article","og_title":"Frauen in der NS-Justiz - Dresden WiEdersetzen","og_description":"Wir wollen auf den T\u00e4ter Otto Georg Thierack und die Diskriminierung von Frauen in der NS-Justiz hinweisen. \u2026","og_url":"https:\/\/dresden-nazifrei.com\/kampa\/erinnerungskultur\/mahngang-taeterspuren-2022\/frauen-ns-justiz\/","og_site_name":"Dresden WiEdersetzen","article_publisher":"https:\/\/www.facebook.com\/dresden.stellt.sich.quer\/","article_modified_time":"2022-04-12T08:58:45+00:00","og_image":[{"width":1600,"height":900,"url":"https:\/\/dresden-nazifrei.com\/kampa\/wp-content\/uploads\/2021\/01\/Stadt-FB-Rot.png","type":"image\/png"}],"twitter_card":"summary_large_image","twitter_site":"@dd_nazifrei","twitter_misc":{"Gesch\u00e4tzte Lesezeit":"5\u00a0Minuten"},"schema":{"@context":"https:\/\/schema.org","@graph":[{"@type":"WebPage","@id":"https:\/\/dresden-nazifrei.com\/kampa\/erinnerungskultur\/mahngang-taeterspuren-2022\/frauen-ns-justiz\/","url":"https:\/\/dresden-nazifrei.com\/kampa\/erinnerungskultur\/mahngang-taeterspuren-2022\/frauen-ns-justiz\/","name":"Frauen in der NS-Justiz - Dresden WiEdersetzen","isPartOf":{"@id":"https:\/\/dresden-nazifrei.com\/kampa\/#website"},"datePublished":"2022-04-12T08:56:35+00:00","dateModified":"2022-04-12T08:58:45+00:00","description":"Wir wollen auf den T\u00e4ter Otto Georg Thierack und die Diskriminierung von Frauen in der NS-Justiz hinweisen. \u2026","breadcrumb":{"@id":"https:\/\/dresden-nazifrei.com\/kampa\/erinnerungskultur\/mahngang-taeterspuren-2022\/frauen-ns-justiz\/#breadcrumb"},"inLanguage":"de","potentialAction":[{"@type":"ReadAction","target":["https:\/\/dresden-nazifrei.com\/kampa\/erinnerungskultur\/mahngang-taeterspuren-2022\/frauen-ns-justiz\/"]}]},{"@type":"BreadcrumbList","@id":"https:\/\/dresden-nazifrei.com\/kampa\/erinnerungskultur\/mahngang-taeterspuren-2022\/frauen-ns-justiz\/#breadcrumb","itemListElement":[{"@type":"ListItem","position":1,"name":"Startseite","item":"https:\/\/dresden-nazifrei.com\/kampa\/"},{"@type":"ListItem","position":2,"name":"Erinnerungskultur","item":"https:\/\/dresden-nazifrei.com\/kampa\/erinnerungskultur\/"},{"@type":"ListItem","position":3,"name":"Mahngang T\u00e4ter*innenspuren 2022","item":"https:\/\/dresden-nazifrei.com\/kampa\/erinnerungskultur\/mahngang-taeterspuren-2022\/"},{"@type":"ListItem","position":4,"name":"Frauen in der NS-Justiz"}]},{"@type":"WebSite","@id":"https:\/\/dresden-nazifrei.com\/kampa\/#website","url":"https:\/\/dresden-nazifrei.com\/kampa\/","name":"Dresden WiEdersetzen","description":"Dresden stellt sich quer","publisher":{"@id":"https:\/\/dresden-nazifrei.com\/kampa\/#organization"},"potentialAction":[{"@type":"SearchAction","target":{"@type":"EntryPoint","urlTemplate":"https:\/\/dresden-nazifrei.com\/kampa\/?s={search_term_string}"},"query-input":{"@type":"PropertyValueSpecification","valueRequired":true,"valueName":"search_term_string"}}],"inLanguage":"de"},{"@type":"Organization","@id":"https:\/\/dresden-nazifrei.com\/kampa\/#organization","name":"Dresden Nazifrei","url":"https:\/\/dresden-nazifrei.com\/kampa\/","logo":{"@type":"ImageObject","inLanguage":"de","@id":"https:\/\/dresden-nazifrei.com\/kampa\/#\/schema\/logo\/image\/","url":"https:\/\/dresden-nazifrei.com\/kampa\/wp-content\/uploads\/2021\/03\/Logo-Schwarz-Rot.png","contentUrl":"https:\/\/dresden-nazifrei.com\/kampa\/wp-content\/uploads\/2021\/03\/Logo-Schwarz-Rot.png","width":500,"height":500,"caption":"Dresden Nazifrei"},"image":{"@id":"https:\/\/dresden-nazifrei.com\/kampa\/#\/schema\/logo\/image\/"},"sameAs":["https:\/\/www.facebook.com\/dresden.stellt.sich.quer\/","https:\/\/x.com\/dd_nazifrei","https:\/\/www.instagram.com\/dd_nazifrei\/","https:\/\/www.youtube.com\/channel\/UC2w1_etudyqY1XziVPgba8Q"]}]}},"_links":{"self":[{"href":"https:\/\/dresden-nazifrei.com\/kampa\/wp-json\/wp\/v2\/pages\/8723","targetHints":{"allow":["GET"]}}],"collection":[{"href":"https:\/\/dresden-nazifrei.com\/kampa\/wp-json\/wp\/v2\/pages"}],"about":[{"href":"https:\/\/dresden-nazifrei.com\/kampa\/wp-json\/wp\/v2\/types\/page"}],"author":[{"embeddable":true,"href":"https:\/\/dresden-nazifrei.com\/kampa\/wp-json\/wp\/v2\/users\/3"}],"replies":[{"embeddable":true,"href":"https:\/\/dresden-nazifrei.com\/kampa\/wp-json\/wp\/v2\/comments?post=8723"}],"version-history":[{"count":2,"href":"https:\/\/dresden-nazifrei.com\/kampa\/wp-json\/wp\/v2\/pages\/8723\/revisions"}],"predecessor-version":[{"id":8726,"href":"https:\/\/dresden-nazifrei.com\/kampa\/wp-json\/wp\/v2\/pages\/8723\/revisions\/8726"}],"up":[{"embeddable":true,"href":"https:\/\/dresden-nazifrei.com\/kampa\/wp-json\/wp\/v2\/pages\/8343"}],"wp:attachment":[{"href":"https:\/\/dresden-nazifrei.com\/kampa\/wp-json\/wp\/v2\/media?parent=8723"}],"curies":[{"name":"wp","href":"https:\/\/api.w.org\/{rel}","templated":true}]}}